{"id":68049,"date":"2026-03-19T09:55:14","date_gmt":"2026-03-19T09:55:14","guid":{"rendered":"https:\/\/soydeaqui.ddns.net\/pachuca\/index.php\/producto\/microfono-de-solapa-de-2-cables-fibra-trenzada-serie-spm2300bf-con-conector-kenwood-de-2-pines\/"},"modified":"2026-03-19T09:55:16","modified_gmt":"2026-03-19T09:55:16","slug":"microfono-de-solapa-de-2-cables-fibra-trenzada-serie-spm2300bf-con-conector-kenwood-de-2-pines","status":"publish","type":"product","link":"https:\/\/soydeaqui.ddns.net\/pachuca\/index.php\/producto\/microfono-de-solapa-de-2-cables-fibra-trenzada-serie-spm2300bf-con-conector-kenwood-de-2-pines\/","title":{"rendered":"Micr\u00f3fono De Solapa de 2 Cables Fibra Trenzada Serie SPM2300BF Con Conector KENWOOD de 2 Pines"},"content":{"rendered":"<div style='width: 100%; max-width: 1200px; margin: 0 auto; font-family: sans-serif; line-height: 1.6; color: inherit; background-color: transparent;'>\n<div style='display: flex; flex-wrap: wrap; gap: 30px; margin-bottom: 30px;'>\n<div style='flex: 1 1 300px; min-width: 280px;'>\n<h3 style='font-size: 22px; border-bottom: 2px solid currentColor; padding-bottom: 5px; margin-top: 0; color: inherit; opacity: 0.8;'>Caracter\u00edsticas<\/h3>\n<ul style='padding-left: 20px; font-size: 15px; color: inherit;'>\n<li style='margin-bottom: 5px;'><span style='color: inherit;'>Cable de fibra trenzada&comma; suave&comma; confortable y resistente a enredos<\/span><\/li>\n<li style='margin-bottom: 5px;'><span style='color: inherit;'>Conexi\u00f3n TWIST CONNECT para tubo ac\u00fastico<\/span><\/li>\n<li style='margin-bottom: 5px;'><span style='color: inherit;'>Sistema de dos cables extremadamente robusto<\/span><\/li>\n<li style='margin-bottom: 5px;'><span style='color: inherit;'>La carcasa de micr\u00f3fono recientemente dise\u00f1ada utiliza una capacidad de transmisi\u00f3n de alta calidad<\/span><\/li>\n<li style='margin-bottom: 5px;'><span style='color: inherit;'>Clip reforzado para auricular que provee mejor retenci\u00f3n del cable<\/span><\/li>\n<li style='margin-bottom: 5px;'><span style='color: inherit;'>PTT con clip encubierto que se sostiene a la solapa&comma; saco&comma; manga o cuello<\/span><\/li>\n<li style='margin-bottom: 5px;'><span style='color: inherit;'>El cable de fibra trenzada hecho a la medida es suave&comma; c\u00f3modo y resistente al enredo<\/span><\/li>\n<li style='margin-bottom: 5px;'><span style='color: inherit;'>Montaje de tubo ac\u00fastico TWIST CONNECT (de 1\/4 de vuelta) para la higiene de m\u00faltiples usuarios y facil instalaci\u00f3n en campo<\/span><\/li>\n<li style='margin-bottom: 5px;'><span style='color: inherit;'>Este es un auricular de vigilancia de 2 cables con tubo ac\u00fastico extremadamente robusto de 2 cables (para un solo cable&comma; tenga en cuenta la serie SPM-1300)<\/span><\/li>\n<li style='margin-bottom: 5px;'><span style='color: inherit;'>La carcasa de micr\u00f3fono recientemente dise\u00f1ada utiliza una capacidad de transmisi\u00f3n de alta calidad<\/span><\/li>\n<li style='margin-bottom: 5px;'><span style='color: inherit;'>El clip reforzado para el micr\u00f3fono aud\u00edfono proporciona una excelente retenci\u00f3n del cable y elimina la tensi\u00f3n en los auriculares<\/span><\/li>\n<li style='margin-bottom: 5px;'><span style='color: inherit;'>El clip del PTT encubierto se une a la solapa&comma; capa&comma; manga&comma; seg\u00fan lo requiera el usuario<\/span><\/li>\n<\/ul>\n<\/div>\n<\/div>\n<\/div>\n<hr style='border: 0; border-top: 1px solid rgba(150&comma; 150&comma; 150&comma; 0.3); margin: 30px 0;'><\/div>\n","protected":false},"excerpt":{"rendered":"<p>Micr\u00f3fono De Solapa de 2 Cables Fibra Trenzada Serie SPM2300BF Con Conector KENWOOD de 2 Pines<\/p>\n","protected":false},"featured_media":68048,"comment_status":"open","ping_status":"closed","template":"","meta":[],"product_brand":[],"product_cat":[1586],"product_tag":[1579,1518,1730],"class_list":{"0":"post-68049","1":"product","2":"type-product","3":"status-publish","4":"has-post-thumbnail","6":"product_cat-microfono-audifono-accesorios-para-kenwood","7":"product_tag-accesorios-para-kenwood","8":"product_tag-microfono-audifono","9":"product_tag-pryme","11":"first","12":"outofstock","13":"sale","14":"shipping-taxable","15":"purchasable","16":"product-type-simple"},"_links":{"self":[{"href":"https:\/\/soydeaqui.ddns.net\/pachuca\/index.php\/wp-json\/wp\/v2\/product\/68049","targetHints":{"allow":["GET"]}}],"collection":[{"href":"https:\/\/soydeaqui.ddns.net\/pachuca\/index.php\/wp-json\/wp\/v2\/product"}],"about":[{"href":"https:\/\/soydeaqui.ddns.net\/pachuca\/index.php\/wp-json\/wp\/v2\/types\/product"}],"replies":[{"embeddable":true,"href":"https:\/\/soydeaqui.ddns.net\/pachuca\/index.php\/wp-json\/wp\/v2\/comments?post=68049"}],"wp:featuredmedia":[{"embeddable":true,"href":"https:\/\/soydeaqui.ddns.net\/pachuca\/index.php\/wp-json\/wp\/v2\/media\/68048"}],"wp:attachment":[{"href":"https:\/\/soydeaqui.ddns.net\/pachuca\/index.php\/wp-json\/wp\/v2\/media?parent=68049"}],"wp:term":[{"taxonomy":"product_brand","embeddable":true,"href":"https:\/\/soydeaqui.ddns.net\/pachuca\/index.php\/wp-json\/wp\/v2\/product_brand?post=68049"},{"taxonomy":"product_cat","embeddable":true,"href":"https:\/\/soydeaqui.ddns.net\/pachuca\/index.php\/wp-json\/wp\/v2\/product_cat?post=68049"},{"taxonomy":"product_tag","embeddable":true,"href":"https:\/\/soydeaqui.ddns.net\/pachuca\/index.php\/wp-json\/wp\/v2\/product_tag?post=68049"}],"curies":[{"name":"wp","href":"https:\/\/api.w.org\/{rel}","templated":true}]}}