{"id":68005,"date":"2026-03-19T09:53:40","date_gmt":"2026-03-19T09:53:40","guid":{"rendered":"https:\/\/soydeaqui.ddns.net\/pachuca\/index.php\/producto\/torre-autosoportada-de-24-metros-resistencia-al-viento-112-km-h-linea-ssv\/"},"modified":"2026-03-19T09:53:42","modified_gmt":"2026-03-19T09:53:42","slug":"torre-autosoportada-de-24-metros-resistencia-al-viento-112-km-h-linea-ssv","status":"publish","type":"product","link":"https:\/\/soydeaqui.ddns.net\/pachuca\/index.php\/producto\/torre-autosoportada-de-24-metros-resistencia-al-viento-112-km-h-linea-ssv\/","title":{"rendered":"Torre Autosoportada de 24 metros (Resistencia al viento 112 Km\/h). Linea SSV."},"content":{"rendered":"<div style='width: 100%; max-width: 1200px; margin: 0 auto; font-family: sans-serif; line-height: 1.6; color: inherit; background-color: transparent;'>\n<div style='display: flex; flex-wrap: wrap; gap: 30px; margin-bottom: 30px;'>\n<div style='flex: 1 1 300px; min-width: 280px;'>\n<h3 style='font-size: 22px; border-bottom: 2px solid currentColor; padding-bottom: 5px; margin-top: 0; color: inherit; opacity: 0.8;'>Descripci\u00f3n<\/h3>\n<p style='font-size: 15px; color: inherit; margin-bottom: 15px;'>Las torres ROHN SSV han estado en servicio por m\u00e1s de 50 a\u00f1os&comma; las piernas tubulares con brazos angulares en la parte inferior y s\u00f3lidos en la parte superior.<\/p>\n<p style='font-size: 15px; color: inherit; margin-bottom: 15px;'>Toda la l\u00ednea SSV&comma; est\u00e1ndar (70 mph) y servicio pesado (90 mph) est\u00e1 completamente galvanizada por inmersi\u00f3n en caliente por dentro y por fuera para alta protecci\u00f3n a la corrosi\u00f3n.<\/p>\n<p style='font-size: 15px; color: inherit; margin-bottom: 15px;'>Usadas para una amplia variedad de aplicaciones&comma; preferida en la industria&comma; incluyendo radiodifusi\u00f3n&comma; PCS&comma; seguridad&comma; iluminaci\u00f3n deportiva y muchas otras m\u00e1s.<\/p>\n<p style='font-size: 15px; color: inherit; margin-bottom: 15px;'>La pre-ingenier\u00eda de dise\u00f1o de sus partes hace que todas ellas sean est\u00e1ndar.<\/p>\n<\/p><\/div>\n<\/p><\/div>\n<div style='display: flex; flex-wrap: wrap; gap: 30px; margin-bottom: 30px;'>\n<div style='flex: 1 1 300px; min-width: 280px;'>\n<h3 style='font-size: 22px; border-bottom: 2px solid currentColor; padding-bottom: 5px; margin-top: 0; color: inherit; opacity: 0.8;'>Especificaciones<\/h3>\n<ul style='padding-left: 20px; font-size: 15px; color: inherit;'>\n<li style='margin-bottom: 5px;'><strong>Velocidad de viento:<\/strong> 112 KPH (70 MPH)<\/li>\n<li style='margin-bottom: 5px;'><strong>Altura de torre:<\/strong> 24.4m (80ft)<\/li>\n<li style='margin-bottom: 5px;'><strong>Modelo de la Torre:<\/strong> SS080D70<\/li>\n<li style='margin-bottom: 5px;'><strong>Peso de la torre:<\/strong> 1441 lbs<\/li>\n<li style='margin-bottom: 5px;'><strong>\u00c1rea Proyectada Efectiva:<\/strong><\/li>\n<ul style='padding-left: 25px; margin-top: 5px; margin-bottom: 10px; font-size: 14px; color: inherit;'>\n<li style='margin-bottom: 5px;'>En la cima de la torre Redondo \/ Plano: 13.8 \/ 8 ft\u00b2<\/li>\n<li style='margin-bottom: 5px;'>9m (30\u2019) abajo de la cima Redondo \/ Plano: 16.7 \/ 10 ft\u00b2<\/li>\n<\/ul>\n<li style='margin-bottom: 5px;'><strong>Secci\u00f3n superior:<\/strong> 2W<\/li>\n<li style='margin-bottom: 5px;'><strong>Secci\u00f3n inferior:<\/strong> 5N<\/li>\n<\/ul><\/div>\n<div style='flex: 1 1 300px; min-width: 280px;'>\n<h3 style='font-size: 22px; border-bottom: 2px solid currentColor; padding-bottom: 5px; margin-top: 0; color: inherit; opacity: 0.8;'>Notas de Dise\u00f1o<\/h3>\n<ol style='padding-left: 20px; font-size: 15px; color: inherit;'>\n<li style='margin-bottom: 8px;'>Los dise\u00f1os de las torres est\u00e1n de acuerdo con la aprobaci\u00f3n ANSI\/ EIA-222-F (no hielo).<\/li>\n<li style='margin-bottom: 8px;'>\u00c1reas de antenas de plato planas equivalentes a la EIA RS-222-C no deben exceder las \u00e1reas mostradas en las tablas.<\/li>\n<li style='margin-bottom: 8px;'>Las \u00e1reas proyectadas efectivas se asumen que son cargas sim\u00e9tricas sobre la torre.<\/li>\n<li style='margin-bottom: 8px;'>Los dise\u00f1os asumen una l\u00ednea de 7\/8 hasta la punta o 2 l\u00edneas de 7\/8 a 9m (30 ft) abajo de la punta&comma; una l\u00ednea para cada cara.<\/li>\n<li style='margin-bottom: 8px;'>Todas las torres incluyen placa superior con soportes c\u00f3nicos para tubo de 2 3\/8\u201d (6 cm) y 14\u201d (35.6 cm) de longitud libre.<\/li>\n<li style='margin-bottom: 8px;'>Detalles de cimentaci\u00f3n y diagramas de ensamble est\u00e1n incluidos con la torre.<\/li>\n<li style='margin-bottom: 8px;'>Dise\u00f1os personalizados para aplicaciones de sitio espec\u00edfico est\u00e1n disponibles bajo requerimiento.<\/li>\n<\/ol><\/div>\n<\/p><\/div>\n<div style='display: flex; flex-wrap: wrap; gap: 30px; margin-bottom: 30px;'>\n<div style='flex: 1 1 300px; min-width: 280px;'>\n<p style='font-size: 15px; color: inherit; margin: 0;'>Pregunte por tiempo de entrega<\/p>\n<\/p><\/div>\n<\/p><\/div>\n<\/p><\/div>\n","protected":false},"excerpt":{"rendered":"<p>Torre Autosoportada de 24 metros (Resistencia al viento 112 Km\/h). Linea SSV.<\/p>\n","protected":false},"featured_media":63657,"comment_status":"open","ping_status":"closed","template":"","meta":[],"product_brand":[],"product_cat":[1713],"product_tag":[1899,1714,246],"class_list":{"0":"post-68005","1":"product","2":"type-product","3":"status-publish","4":"has-post-thumbnail","6":"product_cat-torres-autosoportadas","7":"product_tag-rohn","8":"product_tag-torres-autosoportadas","9":"product_tag-torres-y-mastiles","11":"first","12":"outofstock","13":"sale","14":"shipping-taxable","15":"purchasable","16":"product-type-simple"},"_links":{"self":[{"href":"https:\/\/soydeaqui.ddns.net\/pachuca\/index.php\/wp-json\/wp\/v2\/product\/68005","targetHints":{"allow":["GET"]}}],"collection":[{"href":"https:\/\/soydeaqui.ddns.net\/pachuca\/index.php\/wp-json\/wp\/v2\/product"}],"about":[{"href":"https:\/\/soydeaqui.ddns.net\/pachuca\/index.php\/wp-json\/wp\/v2\/types\/product"}],"replies":[{"embeddable":true,"href":"https:\/\/soydeaqui.ddns.net\/pachuca\/index.php\/wp-json\/wp\/v2\/comments?post=68005"}],"wp:featuredmedia":[{"embeddable":true,"href":"https:\/\/soydeaqui.ddns.net\/pachuca\/index.php\/wp-json\/wp\/v2\/media\/63657"}],"wp:attachment":[{"href":"https:\/\/soydeaqui.ddns.net\/pachuca\/index.php\/wp-json\/wp\/v2\/media?parent=68005"}],"wp:term":[{"taxonomy":"product_brand","embeddable":true,"href":"https:\/\/soydeaqui.ddns.net\/pachuca\/index.php\/wp-json\/wp\/v2\/product_brand?post=68005"},{"taxonomy":"product_cat","embeddable":true,"href":"https:\/\/soydeaqui.ddns.net\/pachuca\/index.php\/wp-json\/wp\/v2\/product_cat?post=68005"},{"taxonomy":"product_tag","embeddable":true,"href":"https:\/\/soydeaqui.ddns.net\/pachuca\/index.php\/wp-json\/wp\/v2\/product_tag?post=68005"}],"curies":[{"name":"wp","href":"https:\/\/api.w.org\/{rel}","templated":true}]}}