{"id":67951,"date":"2026-03-19T09:51:43","date_gmt":"2026-03-19T09:51:43","guid":{"rendered":"https:\/\/soydeaqui.ddns.net\/pachuca\/index.php\/producto\/brazo-uso-rudo-para-torre-stz-galvanizado-por-inmersion-en-caliente-de-170-x-60-cm-tubo-2-ced-30\/"},"modified":"2026-03-19T09:51:43","modified_gmt":"2026-03-19T09:51:43","slug":"brazo-uso-rudo-para-torre-stz-galvanizado-por-inmersion-en-caliente-de-170-x-60-cm-tubo-2-ced-30","status":"publish","type":"product","link":"https:\/\/soydeaqui.ddns.net\/pachuca\/index.php\/producto\/brazo-uso-rudo-para-torre-stz-galvanizado-por-inmersion-en-caliente-de-170-x-60-cm-tubo-2-ced-30\/","title":{"rendered":"Brazo Uso Rudo para Torre STZ Galvanizado por Inmersi\u00f3n en Caliente de 170 x 60 cm Tubo 2&#8243; Ced 30."},"content":{"rendered":"<div style='width: 100%; max-width: 1200px; margin: 0 auto; font-family: sans-serif; line-height: 1.6; color: inherit; background-color: transparent;'>\n<div style='display: flex; flex-wrap: wrap; gap: 30px; margin-bottom: 30px;'>\n<div style='flex: 1 1 300px; min-width: 280px;'>\n<h3 style='font-size: 22px; border-bottom: 2px solid currentColor; padding-bottom: 5px; margin-top: 0; color: inherit; opacity: 0.8;'>Caracter\u00edsticas<\/h3>\n<ul style='padding-left: 20px; font-size: 15px; color: inherit;'>\n<li style='margin-bottom: 5px;'><strong>Uso:<\/strong> Ideal para antenas de plato<\/li>\n<li style='margin-bottom: 5px;'><strong>Material:<\/strong> Acero ASTM A-36<\/li>\n<li style='margin-bottom: 5px;'><strong>Di\u00e1metro tubo principal:<\/strong> \u00d8 2&#8242; Ced. 30<\/li>\n<li style='margin-bottom: 5px;'><strong>Altura tubo principal:<\/strong> 60 cm<\/li>\n<li style='margin-bottom: 5px;'><strong>Di\u00e1metro tubos laterales:<\/strong> \u00d8 1&#8242; Ced. 30<\/li>\n<li style='margin-bottom: 5px;'><strong>Largo tubos laterales:<\/strong> 170 cm<\/li>\n<li style='margin-bottom: 5px;'><strong>Peso:<\/strong> 11.350 kg<\/li>\n<li style='margin-bottom: 5px;'><strong>Protecci\u00f3n:<\/strong> Galvanizado por inmersi\u00f3n en caliente acorde a NMX-H-004-SCFI-2008<\/li>\n<li style='margin-bottom: 5px;'><strong>Compatibilidad:<\/strong> Compatible con torres STZ30G&comma; STZ35G&comma; STZ45G<\/li>\n<li style='margin-bottom: 5px;'><strong>Separaci\u00f3n ajustable:<\/strong> De 30 a 100 cm<\/li>\n<\/ul><\/div>\n<div style='flex: 1 1 300px; min-width: 280px;'>\n<h3 style='font-size: 22px; border-bottom: 2px solid currentColor; padding-bottom: 5px; margin-top: 0; color: inherit; opacity: 0.8;'>Recomendaciones<\/h3>\n<ul style='padding-left: 20px; font-size: 15px; color: inherit;'>\n<li style='margin-bottom: 5px;'>Ideal para evitar ruido entre antenas instaladas en una misma torre<\/li>\n<li style='margin-bottom: 5px;'>Debe de tenerse mucho cuidado para equipo que genere alta resistencia al viento<\/li>\n<li style='margin-bottom: 5px;'>En caso de uso de antenas de plato&comma; se deben instalar radomo y m\u00e1ximo di\u00e1metros de 2&#8242; (60 cm)<\/li>\n<li style='margin-bottom: 5px;'>El brazo debe quedar retra\u00eddo a la torre lo m\u00e1s posible en esta instalaci\u00f3n<\/li>\n<li style='margin-bottom: 5px;'>Se recomienda la instalaci\u00f3n de un estabilizador cuando se usen estos brazos con antenas de plato<\/li>\n<\/ul><\/div>\n<\/p><\/div>\n<div style='display: flex; flex-wrap: wrap; gap: 20px; margin-bottom: 30px;'>\n<div style='flex: 1 1 250px; border: 1px solid rgba(150&comma; 150&comma; 150&comma; 0.4); border-radius: 8px; overflow: hidden; display: flex; flex-direction: column;'>\n<div style='padding: 15px; border-bottom: 1px solid rgba(150&comma; 150&comma; 150&comma; 0.2); font-weight: bold; font-size: 18px; color: inherit;'>Incluye<\/div>\n<div style='padding: 15px; color: inherit;'>\n<ul style='padding-left: 20px; margin: 0; font-size: 14px; list-style-type: disc;'>\n<li style='margin-bottom: 5px;'>1 Brazo Principal Soldado<\/li>\n<li style='margin-bottom: 5px;'>1 Bolsa con Torniller\u00eda con:<\/li>\n<ul style='padding-left: 25px; margin-top: 5px; margin-bottom: 5px;'>\n<li style='margin-bottom: 5px;'>4 Contras de sujeci\u00f3n<\/li>\n<li style='margin-bottom: 5px;'>8 Abrazaderas tipo &#8216;U&#8217;<\/li>\n<\/ul>\n<\/ul><\/div>\n<\/p><\/div>\n<\/p><\/div>\n<hr style='border: 0; border-top: 1px solid rgba(150&comma; 150&comma; 150&comma; 0.3); margin: 30px 0;'>\n<div style='display: flex; flex-wrap: wrap; gap: 20px; justify-content: center;'> <img style='width: 100%; max-width: 600px; height: auto; border: 1px solid rgba(150&comma;150&comma;150&comma;0.3); border-radius: 8px;' src='http:\/\/ftp3.syscom.mx\/usuarios\/fotos\/SBLUE\/SBLUE.JPG' alt=''> <img style='width: 100%; max-width: 500px; height: auto; border: 1px solid rgba(150&comma;150&comma;150&comma;0.3); border-radius: 8px;' src='http:\/\/ftp3.syscom.mx\/usuarios\/dcarreon\/TORRES\/ARRIOSTRADAS\/PRODUCTOS\/SBLUE\/01.jpg' alt=''> <img style='width: 100%; max-width: 500px; height: auto; border: 1px solid rgba(150&comma;150&comma;150&comma;0.3); border-radius: 8px;' src='http:\/\/ftp3.syscom.mx\/usuarios\/dcarreon\/TORRES\/ARRIOSTRADAS\/PRODUCTOS\/SBLUE\/02.jpg' alt=''> <\/div>\n<\/p><\/div>\n","protected":false},"excerpt":{"rendered":"<p>Brazo Uso Rudo para Torre STZ Galvanizado por Inmersi\u00f3n en Caliente de 170 x 60 cm Tubo 2&#8243; Ced 30.<\/p>\n","protected":false},"featured_media":67950,"comment_status":"open","ping_status":"closed","template":"","meta":[],"product_brand":[],"product_cat":[589],"product_tag":[590,733,246],"class_list":{"0":"post-67951","1":"product","2":"type-product","3":"status-publish","4":"has-post-thumbnail","6":"product_cat-accesorios-para-torres-arriostradas","7":"product_tag-accesorios-para-torres-arriostradas","8":"product_tag-syscom-towers","9":"product_tag-torres-y-mastiles","11":"first","12":"instock","13":"sale","14":"shipping-taxable","15":"purchasable","16":"product-type-simple"},"_links":{"self":[{"href":"https:\/\/soydeaqui.ddns.net\/pachuca\/index.php\/wp-json\/wp\/v2\/product\/67951","targetHints":{"allow":["GET"]}}],"collection":[{"href":"https:\/\/soydeaqui.ddns.net\/pachuca\/index.php\/wp-json\/wp\/v2\/product"}],"about":[{"href":"https:\/\/soydeaqui.ddns.net\/pachuca\/index.php\/wp-json\/wp\/v2\/types\/product"}],"replies":[{"embeddable":true,"href":"https:\/\/soydeaqui.ddns.net\/pachuca\/index.php\/wp-json\/wp\/v2\/comments?post=67951"}],"wp:featuredmedia":[{"embeddable":true,"href":"https:\/\/soydeaqui.ddns.net\/pachuca\/index.php\/wp-json\/wp\/v2\/media\/67950"}],"wp:attachment":[{"href":"https:\/\/soydeaqui.ddns.net\/pachuca\/index.php\/wp-json\/wp\/v2\/media?parent=67951"}],"wp:term":[{"taxonomy":"product_brand","embeddable":true,"href":"https:\/\/soydeaqui.ddns.net\/pachuca\/index.php\/wp-json\/wp\/v2\/product_brand?post=67951"},{"taxonomy":"product_cat","embeddable":true,"href":"https:\/\/soydeaqui.ddns.net\/pachuca\/index.php\/wp-json\/wp\/v2\/product_cat?post=67951"},{"taxonomy":"product_tag","embeddable":true,"href":"https:\/\/soydeaqui.ddns.net\/pachuca\/index.php\/wp-json\/wp\/v2\/product_tag?post=67951"}],"curies":[{"name":"wp","href":"https:\/\/api.w.org\/{rel}","templated":true}]}}