{"id":67901,"date":"2026-03-19T09:49:54","date_gmt":"2026-03-19T09:49:54","guid":{"rendered":"https:\/\/soydeaqui.ddns.net\/pachuca\/index.php\/producto\/arnes-de-corriente-para-radios-motorola-gm-300-movil-y-m100-series-pro-3100-5100-7100-cdm-750-1250-1550\/"},"modified":"2026-03-19T09:49:55","modified_gmt":"2026-03-19T09:49:55","slug":"arnes-de-corriente-para-radios-motorola-gm-300-movil-y-m100-series-pro-3100-5100-7100-cdm-750-1250-1550","status":"publish","type":"product","link":"https:\/\/soydeaqui.ddns.net\/pachuca\/index.php\/producto\/arnes-de-corriente-para-radios-motorola-gm-300-movil-y-m100-series-pro-3100-5100-7100-cdm-750-1250-1550\/","title":{"rendered":"Arnes de corriente para radios Motorola GM-300 m\u00f3vil y M100 SERIES, PRO 3100\/ 5100\/ 7100\/ CDM-750\/ 1250\/ 1550"},"content":{"rendered":"<div style='width: 100%; max-width: 1200px; margin: 0 auto; font-family: sans-serif; line-height: 1.6; color: inherit; background-color: transparent;'>\n<h2 style='font-size: 2rem; line-height: 1.25; margin: 0 0 20px 0; color: inherit; opacity: 0.9;'>Cable de alimentaci\u00f3n para veh\u00edculo de radio m\u00f3vil<\/h2>\n<div style='display: flex; flex-wrap: wrap; gap: 30px; margin-bottom: 30px;'>\n<div style='flex: 1 1 300px; min-width: 280px;'>\n<h3 style='font-size: 22px; border-bottom: 2px solid currentColor; padding-bottom: 5px; margin-top: 0; color: inherit; opacity: 0.8;'>Caracter\u00edsticas principales<\/h3>\n<ul style='padding-left: 20px; font-size: 15px; color: inherit;'>\n<li style='margin-bottom: 5px;'><strong>Cable de corriente para radios Motorola:<\/strong> GM-300 m\u00f3vil y M100 serie&comma; PRO 3100\/5100\/7100\/CDM-750\/1250\/1550<\/li>\n<li style='margin-bottom: 5px;'><strong>Alternativa para modelo original:<\/strong> HKN4137<\/li>\n<li style='margin-bottom: 5px;'><strong>Material:<\/strong> Conductor de cobre<\/li>\n<li style='margin-bottom: 5px;'><strong>Color:<\/strong> Rojo y negro<\/li>\n<li style='margin-bottom: 5px;'><strong>Recubrimiento:<\/strong> PVC<\/li>\n<\/ul><\/div>\n<div style='flex: 1 1 300px; min-width: 280px;'>\n<h3 style='font-size: 22px; border-bottom: 2px solid currentColor; padding-bottom: 5px; margin-top: 0; color: inherit; opacity: 0.8;'>Especificaciones t\u00e9cnicas<\/h3>\n<ul style='padding-left: 20px; font-size: 15px; color: inherit;'>\n<li style='margin-bottom: 5px;'><strong>Carga:<\/strong> 25W-60W<\/li>\n<li style='margin-bottom: 5px;'><strong>Voltaje:<\/strong> 12 Volts<\/li>\n<li style='margin-bottom: 5px;'><strong>Longitud:<\/strong> 3.05 metros<\/li>\n<li style='margin-bottom: 5px;'><strong>Peso:<\/strong> 180 gramos<\/li>\n<li style='margin-bottom: 5px;'><strong>Temperatura de operaci\u00f3n:<\/strong> -20 a 105\u00b0C<\/li>\n<li style='margin-bottom: 5px;'><strong>Fusible:<\/strong> Incluye porta-fusible y fusible de 15A<\/li>\n<li style='margin-bottom: 5px;'><strong>Conector:<\/strong> Recto 4.0 con terminal macho<\/li>\n<\/ul><\/div>\n<\/p><\/div>\n<div style='display: flex; flex-wrap: wrap; gap: 20px; margin-bottom: 30px;'>\n<div style='flex: 1 1 250px; border: 1px solid rgba(150&comma; 150&comma; 150&comma; 0.4); border-radius: 8px; overflow: hidden; display: flex; flex-direction: column;'>\n<div style='padding: 15px; border-bottom: 1px solid rgba(150&comma; 150&comma; 150&comma; 0.2); font-weight: bold; font-size: 18px; color: inherit;'>Compatibilidad<\/div>\n<div style='padding: 15px; color: inherit;'>\n<ul style='padding-left: 20px; margin: 0; font-size: 14px; list-style-type: disc; color: inherit;'>\n<li style='margin-bottom: 5px;'>GM 3188\/3688\/1280\/140\/160\/300\/338\/340\/360\/380\/398\/640\/660<\/li>\n<li style='margin-bottom: 5px;'>MCX 760\/780<\/li>\n<li style='margin-bottom: 5px;'>M 100\/120\/130\/208\/1225LS\/216\/1225 Maxtrac<\/li>\n<li style='margin-bottom: 5px;'>CM 140\/160\/200\/300\/340\/360<\/li>\n<li style='margin-bottom: 5px;'>CDM 750\/1250\/1550\/1550LS\/1550LS+<\/li>\n<li style='margin-bottom: 5px;'>PM 400<\/li>\n<li style='margin-bottom: 5px;'>PRO 3100\/5100\/7100<\/li>\n<li style='margin-bottom: 5px;'>SM 50\/120<\/li>\n<li style='margin-bottom: 5px;'>EM 200\/400<\/li>\n<\/ul><\/div>\n<\/p><\/div>\n<\/p><\/div>\n<div style='display: flex; flex-wrap: wrap; gap: 30px; margin-bottom: 30px;'>\n<div style='flex: 1 1 300px; min-width: 280px;'>\n<h3 style='font-size: 22px; border-bottom: 2px solid currentColor; padding-bottom: 5px; margin-top: 0; color: inherit; opacity: 0.8;'>Detalles adicionales<\/h3>\n<ul style='padding-left: 20px; font-size: 15px; color: inherit;'>\n<li style='margin-bottom: 5px;'><strong>Cables de corriente:<\/strong> 15 amperios<\/li>\n<li style='margin-bottom: 5px;'><strong>Longitud de cables:<\/strong> 3.05 metros (10&#8242;) para alimentaci\u00f3n de bater\u00eda<\/li>\n<\/ul><\/div>\n<\/p><\/div>\n<div style='display: flex; flex-wrap: wrap; margin-bottom: 30px;'>\n<div style='flex: 1 1 300px; min-width: 280px;'>\n<h3 style='font-size: 22px; border-bottom: 2px solid currentColor; padding-bottom: 5px; margin-top: 0; color: inherit; opacity: 0.8;'>Imagen del producto<\/h3>\n<p> <img style='width: 100%; height: auto; border: 1px solid rgba(150&comma;150&comma;150&comma;0.3); border-radius: 8px;' src='https:\/\/ftp3.syscom.mx\/usuarios\/fotos\/PHM210\/70493-41tlv1vqenl._sy450_.jpg' alt=''> <\/div>\n<\/p><\/div>\n<hr style='border: 0; border-top: 1px solid rgba(150&comma; 150&comma; 150&comma; 0.3); margin: 30px 0;'> <\/div>\n","protected":false},"excerpt":{"rendered":"<p>Arnes de corriente para radios Motorola GM-300 m\u00f3vil y M100 SERIES, PRO 3100\/ 5100\/ 7100\/ CDM-750\/ 1250\/ 1550<\/p>\n","protected":false},"featured_media":67900,"comment_status":"open","ping_status":"closed","template":"","meta":[],"product_brand":[],"product_cat":[1613],"product_tag":[417,1614,1930],"class_list":{"0":"post-67901","1":"product","2":"type-product","3":"status-publish","4":"has-post-thumbnail","6":"product_cat-accesorios-generales-accesorios-para-motorola","7":"product_tag-accesorios-generales","8":"product_tag-accesorios-para-motorola","9":"product_tag-phox","11":"first","12":"outofstock","13":"sale","14":"shipping-taxable","15":"purchasable","16":"product-type-simple"},"_links":{"self":[{"href":"https:\/\/soydeaqui.ddns.net\/pachuca\/index.php\/wp-json\/wp\/v2\/product\/67901","targetHints":{"allow":["GET"]}}],"collection":[{"href":"https:\/\/soydeaqui.ddns.net\/pachuca\/index.php\/wp-json\/wp\/v2\/product"}],"about":[{"href":"https:\/\/soydeaqui.ddns.net\/pachuca\/index.php\/wp-json\/wp\/v2\/types\/product"}],"replies":[{"embeddable":true,"href":"https:\/\/soydeaqui.ddns.net\/pachuca\/index.php\/wp-json\/wp\/v2\/comments?post=67901"}],"wp:featuredmedia":[{"embeddable":true,"href":"https:\/\/soydeaqui.ddns.net\/pachuca\/index.php\/wp-json\/wp\/v2\/media\/67900"}],"wp:attachment":[{"href":"https:\/\/soydeaqui.ddns.net\/pachuca\/index.php\/wp-json\/wp\/v2\/media?parent=67901"}],"wp:term":[{"taxonomy":"product_brand","embeddable":true,"href":"https:\/\/soydeaqui.ddns.net\/pachuca\/index.php\/wp-json\/wp\/v2\/product_brand?post=67901"},{"taxonomy":"product_cat","embeddable":true,"href":"https:\/\/soydeaqui.ddns.net\/pachuca\/index.php\/wp-json\/wp\/v2\/product_cat?post=67901"},{"taxonomy":"product_tag","embeddable":true,"href":"https:\/\/soydeaqui.ddns.net\/pachuca\/index.php\/wp-json\/wp\/v2\/product_tag?post=67901"}],"curies":[{"name":"wp","href":"https:\/\/api.w.org\/{rel}","templated":true}]}}