{"id":67836,"date":"2026-03-19T09:47:32","date_gmt":"2026-03-19T09:47:32","guid":{"rendered":"https:\/\/soydeaqui.ddns.net\/pachuca\/index.php\/producto\/rack-de-2-postes-estandar-19-45-unidades-fabricado-en-acero-base-l-para-anclar-a-piso\/"},"modified":"2026-03-19T09:47:46","modified_gmt":"2026-03-19T09:47:46","slug":"rack-de-2-postes-estandar-19-45-unidades-fabricado-en-acero-base-l-para-anclar-a-piso","status":"publish","type":"product","link":"https:\/\/soydeaqui.ddns.net\/pachuca\/index.php\/producto\/rack-de-2-postes-estandar-19-45-unidades-fabricado-en-acero-base-l-para-anclar-a-piso\/","title":{"rendered":"Rack de 2 Postes, Est\u00e1ndar 19&#8243;, 45 Unidades, Fabricado en Acero, Base &#8220;L&#8221; para Anclar a Piso."},"content":{"rendered":"<div style='width: 100%; max-width: 1200px; margin: 0 auto; font-family: sans-serif; line-height: 1.6; color: inherit; background-color: transparent;'> <!-- Secci\u00f3n de caracter\u00edsticas destacadas --> <\/p>\n<div style='display: flex; flex-wrap: wrap; gap: 30px; margin-bottom: 30px;'>\n<div style='flex: 1 1 300px; min-width: 280px;'>\n<h3 style='font-size: 22px; border-bottom: 2px solid currentColor; padding-bottom: 5px; margin-top: 0; color: inherit; opacity: 0.8;'>Caracter\u00edsticas destacadas<\/h3>\n<ul style='padding-left: 20px; font-size: 15px; color: inherit;'>\n<li style='margin-bottom: 5px;'>Rack de dos postes con base tipo &#8216;L&#8217; para fijaci\u00f3n al piso (Fijaci\u00f3n necesaria para estabilidad).<\/li>\n<li style='margin-bottom: 5px;'>Liviano y f\u00e1cil de armar.<\/li>\n<li style='margin-bottom: 5px;'>Ancho est\u00e1ndar de 19&#8242; (EIA-310D).<\/li>\n<li style='margin-bottom: 5px;'>Tipo de perforaci\u00f3n: cuadrada para uso con tuerca enjaulada.<\/li>\n<\/ul><\/div>\n<\/p><\/div>\n<p> <!-- Secci\u00f3n de caracter\u00edsticas f\u00edsicas --> <\/p>\n<div style='display: flex; flex-wrap: wrap; gap: 20px; margin-bottom: 30px;'>\n<div style='flex: 1 1 250px; border: 1px solid rgba(150&comma; 150&comma; 150&comma; 0.4); border-radius: 8px; overflow: hidden; display: flex; flex-direction: column;'>\n<div style='padding: 15px; border-bottom: 1px solid rgba(150&comma; 150&comma; 150&comma; 0.2); font-weight: bold; font-size: 18px; color: inherit;'>Caracter\u00edsticas F\u00edsicas<\/div>\n<div style='padding: 15px; color: inherit;'>\n<ul style='padding-left: 20px; margin: 0; font-size: 14px; list-style-type: disc;'>\n<li style='margin-bottom: 5px;'><strong>Material:<\/strong> Acero al carbon Cal. 11 y 14.<\/li>\n<li style='margin-bottom: 5px;'><strong>Unidades rack:<\/strong> 45 UR.<\/li>\n<li style='margin-bottom: 5px;'><strong>Pintura:<\/strong> Aplicaci\u00f3n electrost\u00e1tica horneada.<\/li>\n<li style='margin-bottom: 5px;'><strong>Color:<\/strong> Negro semi mate.<\/li>\n<li style='margin-bottom: 5px;'><strong>Capacidad de carga:<\/strong> 460 Kg.<\/li>\n<li style='margin-bottom: 5px;'><strong>Peso:<\/strong> 15 Kg.<\/li>\n<li style='margin-bottom: 5px;'><strong>Dimensiones:<\/strong>\n<ul style='padding-left: 20px; margin: 5px 0; font-size: 14px;'>\n<li style='margin-bottom: 5px;'><strong>Ancho:<\/strong> 516 mm.<\/li>\n<li style='margin-bottom: 5px;'><strong>Alto:<\/strong> 2128 mm.<\/li>\n<li style='margin-bottom: 5px;'><strong>Profundidad:<\/strong> 346 mm.<\/li>\n<\/ul>\n<\/li>\n<li style='margin-bottom: 5px;'><strong>Env\u00edo desarmado y empacado en caja de cart\u00f3n.<\/strong><\/li>\n<\/ul><\/div>\n<\/p><\/div>\n<\/p><\/div>\n<p> <!-- Secci\u00f3n de aplicaciones --> <\/p>\n<div style='display: flex; flex-wrap: wrap; gap: 30px; margin-bottom: 30px;'>\n<div style='flex: 1 1 300px; min-width: 280px;'>\n<h3 style='font-size: 22px; border-bottom: 2px solid currentColor; padding-bottom: 5px; margin-top: 0; color: inherit; opacity: 0.8;'>Aplicaciones<\/h3>\n<ul style='padding-left: 20px; font-size: 15px; color: inherit;'>\n<li style='margin-bottom: 5px;'>Estaciones de monitoreo de seguridad&comma; para grabadoras y switcheras.<\/li>\n<li style='margin-bottom: 5px;'>Equipo de radiocomunicaci\u00f3n como repetidoras y fuentes.<\/li>\n<li style='margin-bottom: 5px;'>Centros de control de transmisi\u00f3n de datos via aire.<\/li>\n<li style='margin-bottom: 5px;'>Administraci\u00f3n cable de cobre y cables de parcheo de fibra.<\/li>\n<\/ul><\/div>\n<\/p><\/div>\n<p> <!-- Secci\u00f3n de contenido incluido --> <\/p>\n<div style='display: flex; flex-wrap: wrap; gap: 20px; margin-bottom: 30px;'>\n<div style='flex: 1 1 250px; border: 1px solid rgba(150&comma; 150&comma; 150&comma; 0.4); border-radius: 8px; overflow: hidden; display: flex; flex-direction: column;'>\n<div style='padding: 15px; border-bottom: 1px solid rgba(150&comma; 150&comma; 150&comma; 0.2); font-weight: bold; font-size: 18px; color: inherit;'>El equipo incluye<\/div>\n<div style='padding: 15px; color: inherit;'>\n<ul style='padding-left: 20px; margin: 0; font-size: 14px; list-style-type: disc;'>\n<li style='margin-bottom: 5px;'>2 Postes rack.<\/li>\n<li style='margin-bottom: 5px;'>2 Secciones L superiores.<\/li>\n<li style='margin-bottom: 5px;'>2 Secciones L inferiores.<\/li>\n<li style='margin-bottom: 5px;'>Torniller\u00eda para armado.<\/li>\n<li style='margin-bottom: 5px;'>32 Tuercas enjauladas con tornillo para instalaci\u00f3n de 8 equipos.<\/li>\n<\/ul><\/div>\n<\/p><\/div>\n<\/p><\/div>\n<p> <!-- Secci\u00f3n de im\u00e1genes --> <\/p>\n<div style='display: flex; flex-wrap: wrap; gap: 30px; margin-bottom: 30px;'>\n<div style='flex: 1 1 400px; min-width: 300px;'>\n<h3 style='font-size: 22px; border-bottom: 2px solid currentColor; padding-bottom: 5px; margin-top: 0; color: inherit; opacity: 0.8;'>Instalaci\u00f3n de Organizadores<\/h3>\n<p> <img style='width: 100%; height: auto; border: 1px solid rgba(150&comma;150&comma;150&comma;0.3); border-radius: 8px;' src='http:\/\/ftp3.syscom.mx\/usuarios\/dcarreon\/EPCOM%20INDUSTRIAL\/PRODUCTOS2\/EIRL5524\/EIRL5524%20(8).JPG' alt='Instalacion de Equipo en el Rack'> <\/div>\n<div style='flex: 1 1 400px; min-width: 300px;'>\n<h3 style='font-size: 22px; border-bottom: 2px solid currentColor; padding-bottom: 5px; margin-top: 0; color: inherit; opacity: 0.8;'>Instalaci\u00f3n de Tierra F\u00edsica para Rack de Telecomunicaciones<\/h3>\n<p> <img style='width: 100%; height: auto; border: 1px solid rgba(150&comma;150&comma;150&comma;0.3); border-radius: 8px;' src='http:\/\/ftp3.syscom.mx\/usuarios\/dcarreon\/EPCOM%20INDUSTRIAL\/PRODUCTOS2\/EIRL5524\/Tierra%20F%c3%adsica%20para%20Rack.png' alt=''> <\/div>\n<\/p><\/div>\n<p> <!-- Separador --> <\/p>\n<hr style='border: 0; border-top: 1px solid rgba(150&comma; 150&comma; 150&comma; 0.3); margin: 30px 0;'> <\/div>\n","protected":false},"excerpt":{"rendered":"<p>Rack de 2 Postes, Est\u00e1ndar 19&#8243;, 45 Unidades, Fabricado en Acero, Base &#8220;L&#8221; para Anclar a Piso.<\/p>\n","protected":false},"featured_media":67835,"comment_status":"open","ping_status":"closed","template":"","meta":[],"product_brand":[],"product_cat":[680],"product_tag":[435,660,605],"class_list":{"0":"post-67836","1":"product","2":"type-product","3":"status-publish","4":"has-post-thumbnail","6":"product_cat-racks-abiertos-racks-y-gabinetes","7":"product_tag-linkedpro-by-epcom","8":"product_tag-racks-abiertos","9":"product_tag-racks-y-gabinetes","11":"first","12":"instock","13":"sale","14":"shipping-taxable","15":"purchasable","16":"product-type-simple"},"_links":{"self":[{"href":"https:\/\/soydeaqui.ddns.net\/pachuca\/index.php\/wp-json\/wp\/v2\/product\/67836","targetHints":{"allow":["GET"]}}],"collection":[{"href":"https:\/\/soydeaqui.ddns.net\/pachuca\/index.php\/wp-json\/wp\/v2\/product"}],"about":[{"href":"https:\/\/soydeaqui.ddns.net\/pachuca\/index.php\/wp-json\/wp\/v2\/types\/product"}],"replies":[{"embeddable":true,"href":"https:\/\/soydeaqui.ddns.net\/pachuca\/index.php\/wp-json\/wp\/v2\/comments?post=67836"}],"wp:featuredmedia":[{"embeddable":true,"href":"https:\/\/soydeaqui.ddns.net\/pachuca\/index.php\/wp-json\/wp\/v2\/media\/67835"}],"wp:attachment":[{"href":"https:\/\/soydeaqui.ddns.net\/pachuca\/index.php\/wp-json\/wp\/v2\/media?parent=67836"}],"wp:term":[{"taxonomy":"product_brand","embeddable":true,"href":"https:\/\/soydeaqui.ddns.net\/pachuca\/index.php\/wp-json\/wp\/v2\/product_brand?post=67836"},{"taxonomy":"product_cat","embeddable":true,"href":"https:\/\/soydeaqui.ddns.net\/pachuca\/index.php\/wp-json\/wp\/v2\/product_cat?post=67836"},{"taxonomy":"product_tag","embeddable":true,"href":"https:\/\/soydeaqui.ddns.net\/pachuca\/index.php\/wp-json\/wp\/v2\/product_tag?post=67836"}],"curies":[{"name":"wp","href":"https:\/\/api.w.org\/{rel}","templated":true}]}}