{"id":67825,"date":"2026-03-19T09:47:04","date_gmt":"2026-03-19T09:47:04","guid":{"rendered":"https:\/\/soydeaqui.ddns.net\/pachuca\/index.php\/producto\/136-174-mhz-512-canales-5-w-con-dtmf-solo-radio-sin-accesorios\/"},"modified":"2026-03-19T09:47:15","modified_gmt":"2026-03-19T09:47:15","slug":"136-174-mhz-512-canales-5-w-con-dtmf-solo-radio-sin-accesorios","status":"publish","type":"product","link":"https:\/\/soydeaqui.ddns.net\/pachuca\/index.php\/producto\/136-174-mhz-512-canales-5-w-con-dtmf-solo-radio-sin-accesorios\/","title":{"rendered":"136-174 MHz, 512 Canales, 5 W. Con DTMF. S\u00f3lo Radio, sin accesorios"},"content":{"rendered":"<div style='width: 100%; max-width: 1200px; margin: 0 auto; font-family: sans-serif; line-height: 1.6; color: inherit; background-color: transparent;'> <!-- Secci\u00f3n de contenido con flex\/grid --> <\/p>\n<div style='display: flex; flex-wrap: wrap; gap: 30px; margin-bottom: 30px;'>\n<div style='flex: 1 1 300px; min-width: 280px;'>\n<h3 style='font-size: 22px; border-bottom: 2px solid currentColor; padding-bottom: 5px; margin-top: 0; color: inherit; opacity: 0.8;'>Notas importantes<\/h3>\n<ul style='padding-left: 20px; font-size: 15px; color: inherit;'>\n<li style='margin-bottom: 5px;'>S\u00f3lo radio (sin accesorios)<\/li>\n<li style='margin-bottom: 5px;'>Requiere antena&comma; bater\u00eda y cargador<\/li>\n<li style='margin-bottom: 5px;'>Solicite con su ejecutivo de ventas el modelo de antena de acuerdo al rango de frecuencias de operaci\u00f3n<\/li>\n<\/ul><\/div>\n<div style='flex: 1 1 300px; min-width: 280px;'>\n<h3 style='font-size: 22px; border-bottom: 2px solid currentColor; padding-bottom: 5px; margin-top: 0; color: inherit; opacity: 0.8;'>Accesorios requeridos<\/h3>\n<ul style='padding-left: 20px; font-size: 15px; color: inherit;'>\n<li style='margin-bottom: 5px;'>Antena<\/li>\n<li style='margin-bottom: 5px;'>Bater\u00eda (KNB47L)<\/li>\n<li style='margin-bottom: 5px;'>Cargador (KSC-32)<\/li>\n<\/ul><\/div>\n<\/p><\/div>\n<p> <!-- Secci\u00f3n de cards con especificaciones --> <\/p>\n<div style='display: flex; flex-wrap: wrap; gap: 20px; margin-bottom: 30px;'>\n<div style='flex: 1 1 300px; border: 1px solid rgba(150&comma; 150&comma; 150&comma; 0.4); border-radius: 8px; overflow: hidden; display: flex; flex-direction: column;'>\n<div style='padding: 15px; border-bottom: 1px solid rgba(150&comma; 150&comma; 150&comma; 0.2); font-weight: bold; font-size: 18px; color: inherit;'>Caracter\u00edsticas Generales<\/div>\n<div style='padding: 15px; color: inherit;'>\n<ul style='padding-left: 20px; margin: 0; font-size: 14px; list-style-type: disc;'>\n<li style='margin-bottom: 5px;'>Opera en modo digital con y sin repetidor<\/li>\n<li style='margin-bottom: 5px;'>14 caracteres alfanum\u00e9ricos en pantalla<\/li>\n<li style='margin-bottom: 5px;'>Teclado DTMF<\/li>\n<li style='margin-bottom: 5px;'>Iconos de funciones y estatus en pantalla<\/li>\n<li style='margin-bottom: 5px;'>Tonos de alerta programables<\/li>\n<li style='margin-bottom: 5px;'>Memoria flash<\/li>\n<li style='margin-bottom: 5px;'>Opci\u00f3n para tarjeta VGS-1 \/ grabaci\u00f3n de voz<\/li>\n<li style='margin-bottom: 5px;'>Scan sencillo \/ multizona y con doble prioridad<\/li>\n<li style='margin-bottom: 5px;'>Digital NEXEDGE 6.25 \/ 12.5 kHz<\/li>\n<li style='margin-bottom: 5px;'>Fabricado en ambiente ISO 9001:2000<\/li>\n<li style='margin-bottom: 5px;'>Aprobado por la FCC (Federal Communications Commission)<\/li>\n<li style='margin-bottom: 5px;'>Cumple norma IP54 \/ 55<\/li>\n<li style='margin-bottom: 5px;'>Cumple con est\u00e1ndares militares MIL-STD 810 C&comma; D&comma; E y F<\/li>\n<\/ul><\/div>\n<\/p><\/div>\n<div style='flex: 1 1 300px; border: 1px solid rgba(150&comma; 150&comma; 150&comma; 0.4); border-radius: 8px; overflow: hidden; display: flex; flex-direction: column;'>\n<div style='padding: 15px; border-bottom: 1px solid rgba(150&comma; 150&comma; 150&comma; 0.2); font-weight: bold; font-size: 18px; color: inherit;'>Modo Digital<\/div>\n<div style='padding: 15px; color: inherit;'>\n<ul style='padding-left: 20px; margin: 0; font-size: 14px; list-style-type: disc;'>\n<li style='margin-bottom: 5px;'>NXDN interfaz digital<\/li>\n<li style='margin-bottom: 5px;'>Vocoder AMBE +2<\/li>\n<li style='margin-bottom: 5px;'>Canales de 6.25 y 12.5 kHz<\/li>\n<li style='margin-bottom: 5px;'>Alias en pantalla (no n\u00fameros)<\/li>\n<li style='margin-bottom: 5px;'>Llamada de b\u00fasqueda<\/li>\n<li style='margin-bottom: 5px;'>Llamada de emergencia<\/li>\n<li style='margin-bottom: 5px; font-weight: bold;'>Encripci\u00f3n NXDN 32&comma;767 c\u00f3digos diferentes<\/li>\n<li style='margin-bottom: 5px;'>Env\u00edo y recepci\u00f3n de hasta 207 mensajes de texto pregrabados de 16 caracteres<\/li>\n<li style='margin-bottom: 5px;'>Desactivaci\u00f3n de radio v\u00eda aire (desde software de despacho)<\/li>\n<li style='margin-bottom: 5px; font-weight: bold;'>Env\u00edo y recepci\u00f3n de mensajes cortos de texto&comma; 100 caracteres editables<\/li>\n<li style='margin-bottom: 5px;'>Reportes GPS con PTT ID y EMERGENCIA<\/li>\n<li style='margin-bottom: 5px;'>Reporte GPS con mensajes de estatus<\/li>\n<li style='margin-bottom: 5px;'>Historial GPS con tarjeta VGS-1<\/li>\n<li style='margin-bottom: 5px; font-weight: bold;'>GPS interconstruido (No requiere licencia)<\/li>\n<li style='margin-bottom: 5px;'>63 N\u00fameros de acceso de radio a repetidor (RAN)<\/li>\n<li style='margin-bottom: 5px; font-weight: bold;'>Operaci\u00f3n en modo mixto de FM anal\u00f3gico \/ digital. Modo Digital &#8211; Troncal<\/li>\n<li style='margin-bottom: 5px;'>ID de monitor prioritario 1 y 2<\/li>\n<li style='margin-bottom: 5px;'>Entrada tard\u00eda &#8216;Late entry&#8217;<\/li>\n<li style='margin-bottom: 5px;'>Llamada general &#8216;Broadcast&#8217;<\/li>\n<li style='margin-bottom: 5px;'>Capacidad de 30 canales por sitio<\/li>\n<li style='margin-bottom: 5px; font-weight: bold;'>Operaci\u00f3n en modo mixto de FM anal\u00f3gico \/ troncal digital<\/li>\n<li style='margin-bottom: 5px;'>Compatible con sistemas multisitio<\/li>\n<li style='margin-bottom: 5px;'>Reagrupamiento din\u00e1mico<\/li>\n<\/ul><\/div>\n<\/p><\/div>\n<div style='flex: 1 1 300px; border: 1px solid rgba(150&comma; 150&comma; 150&comma; 0.4); border-radius: 8px; overflow: hidden; display: flex; flex-direction: column;'>\n<div style='padding: 15px; border-bottom: 1px solid rgba(150&comma; 150&comma; 150&comma; 0.2); font-weight: bold; font-size: 18px; color: inherit;'>Modo FM (Anal\u00f3gico)<\/div>\n<div style='padding: 15px; color: inherit;'>\n<ul style='padding-left: 20px; margin: 0; font-size: 14px; list-style-type: disc;'>\n<li style='margin-bottom: 5px;'>Canales de 25 y 12.5 kHz<\/li>\n<li style='margin-bottom: 5px;'>Fleetsync I \/ II<\/li>\n<li style='margin-bottom: 5px;'>Se\u00f1alizaci\u00f3n DTMF<\/li>\n<li style='margin-bottom: 5px;'>Compensaci\u00f3n de Audio<\/li>\n<li style='margin-bottom: 5px;'>Encripci\u00f3n de inversi\u00f3n de voz<\/li>\n<li style='margin-bottom: 5px;'>Puerto plug-in para tarjeta ANI o encripci\u00f3n<\/li>\n<\/ul><\/div>\n<\/p><\/div>\n<div style='flex: 1 1 300px; border: 1px solid rgba(150&comma; 150&comma; 150&comma; 0.4); border-radius: 8px; overflow: hidden; display: flex; flex-direction: column;'>\n<div style='padding: 15px; border-bottom: 1px solid rgba(150&comma; 150&comma; 150&comma; 0.2); font-weight: bold; font-size: 18px; color: inherit;'>FM modo troncal LTR<\/div>\n<div style='padding: 15px; color: inherit;'>\n<ul style='padding-left: 20px; margin: 0; font-size: 14px; list-style-type: disc;'>\n<li style='margin-bottom: 5px;'>Caracter\u00edsticas KENWOOD LTR<\/li>\n<\/ul><\/div>\n<\/p><\/div>\n<div style='flex: 1 1 300px; border: 1px solid rgba(150&comma; 150&comma; 150&comma; 0.4); border-radius: 8px; overflow: hidden; display: flex; flex-direction: column;'>\n<div style='padding: 15px; border-bottom: 1px solid rgba(150&comma; 150&comma; 150&comma; 0.2); font-weight: bold; font-size: 18px; color: inherit;'>FleetSync I \/ II (S\u00f3lo FM&comma; anal\u00f3gico)<\/div>\n<div style='padding: 15px; color: inherit;'>\n<ul style='padding-left: 20px; margin: 0; font-size: 14px; list-style-type: disc;'>\n<li style='margin-bottom: 5px;'>PTT-ID digital ANI<\/li>\n<li style='margin-bottom: 5px;'>Llamada selectiva y de grupo<\/li>\n<li style='margin-bottom: 5px;'>Mensajes de estatus<\/li>\n<li style='margin-bottom: 5px;'>Estado de emergencia<\/li>\n<li style='margin-bottom: 5px;'>Desplegado de ID en pantalla<\/li>\n<li style='margin-bottom: 5px;'>Mensajes de texto cortos<\/li>\n<li style='margin-bottom: 5px;'>Mensajes de estatus encendido \/ apagado<\/li>\n<li style='margin-bottom: 5px;'>Mensajes de entradas \/ salidas<\/li>\n<li style='margin-bottom: 5px;'>Funci\u00f3n de enviar y desplegar GPS en pantalla<\/li>\n<li style='margin-bottom: 5px;'>Reportes GPS con PTT-ID y Emergencia<\/li>\n<li style='margin-bottom: 5px;'>Reporte GPS con mensajes de estatus<\/li>\n<li style='margin-bottom: 5px;'>Reporte GPS con sensor de ignici\u00f3n<\/li>\n<li style='margin-bottom: 5px;'>Historial GPS con tarjeta VGS-1<\/li>\n<\/ul><\/div>\n<\/p><\/div>\n<div style='flex: 1 1 300px; border: 1px solid rgba(150&comma; 150&comma; 150&comma; 0.4); border-radius: 8px; overflow: hidden; display: flex; flex-direction: column;'>\n<div style='padding: 15px; border-bottom: 1px solid rgba(150&comma; 150&comma; 150&comma; 0.2); font-weight: bold; font-size: 18px; color: inherit;'>Se\u00f1alizaci\u00f3n MDC-1200<\/div>\n<div style='padding: 15px; color: inherit;'>\n<ul style='padding-left: 20px; margin: 0; font-size: 14px; list-style-type: disc;'>\n<li style='margin-bottom: 5px;'>Codifica PTT-ID (ANI)<\/li>\n<li style='margin-bottom: 5px;'>Decodifica PTT-ID en pantalla (Alias)<\/li>\n<li style='margin-bottom: 5px;'>Codifica y decodifica llamada de emergencia<\/li>\n<li style='margin-bottom: 5px;'>Radio Check<\/li>\n<li style='margin-bottom: 5px;'>Radio kill&comma; habilitaci\u00f3n y deshabilitaci\u00f3n v\u00eda aire<\/li>\n<\/ul><\/div>\n<\/p><\/div>\n<div style='flex: 1 1 300px; border: 1px solid rgba(150&comma; 150&comma; 150&comma; 0.4); border-radius: 8px; overflow: hidden; display: flex; flex-direction: column;'>\n<div style='padding: 15px; border-bottom: 1px solid rgba(150&comma; 150&comma; 150&comma; 0.2); font-weight: bold; font-size: 18px; color: inherit;'>GPS interconstruido<\/div>\n<div style='padding: 15px; color: inherit;'>\n<ul style='padding-left: 20px; margin: 0; font-size: 14px; list-style-type: disc;'>\n<li style='margin-bottom: 5px;'>Obtenga la posici\u00f3n del radio en un sistema LAV&comma; utilizando la antena KRA43GM&comma; seg\u00fan su banda de operaci\u00f3n<\/li>\n<\/ul><\/div>\n<\/p><\/div>\n<\/p><\/div>\n<\/p><\/div>\n","protected":false},"excerpt":{"rendered":"<p>136-174 MHz, 512 Canales, 5 W. Con DTMF. S\u00f3lo Radio, sin accesorios<\/p>\n","protected":false},"featured_media":67824,"comment_status":"open","ping_status":"closed","template":"","meta":[],"product_brand":[],"product_cat":[1761],"product_tag":[1580,1762,1626],"class_list":{"0":"post-67825","1":"product","2":"type-product","3":"status-publish","4":"has-post-thumbnail","6":"product_cat-portatiles-digitales-vhf","7":"product_tag-kenwood","8":"product_tag-portatiles-digitales-vhf","9":"product_tag-radios-comerciales-icom-kenwood-txpro","11":"first","12":"outofstock","13":"sale","14":"shipping-taxable","15":"purchasable","16":"product-type-simple"},"_links":{"self":[{"href":"https:\/\/soydeaqui.ddns.net\/pachuca\/index.php\/wp-json\/wp\/v2\/product\/67825","targetHints":{"allow":["GET"]}}],"collection":[{"href":"https:\/\/soydeaqui.ddns.net\/pachuca\/index.php\/wp-json\/wp\/v2\/product"}],"about":[{"href":"https:\/\/soydeaqui.ddns.net\/pachuca\/index.php\/wp-json\/wp\/v2\/types\/product"}],"replies":[{"embeddable":true,"href":"https:\/\/soydeaqui.ddns.net\/pachuca\/index.php\/wp-json\/wp\/v2\/comments?post=67825"}],"wp:featuredmedia":[{"embeddable":true,"href":"https:\/\/soydeaqui.ddns.net\/pachuca\/index.php\/wp-json\/wp\/v2\/media\/67824"}],"wp:attachment":[{"href":"https:\/\/soydeaqui.ddns.net\/pachuca\/index.php\/wp-json\/wp\/v2\/media?parent=67825"}],"wp:term":[{"taxonomy":"product_brand","embeddable":true,"href":"https:\/\/soydeaqui.ddns.net\/pachuca\/index.php\/wp-json\/wp\/v2\/product_brand?post=67825"},{"taxonomy":"product_cat","embeddable":true,"href":"https:\/\/soydeaqui.ddns.net\/pachuca\/index.php\/wp-json\/wp\/v2\/product_cat?post=67825"},{"taxonomy":"product_tag","embeddable":true,"href":"https:\/\/soydeaqui.ddns.net\/pachuca\/index.php\/wp-json\/wp\/v2\/product_tag?post=67825"}],"curies":[{"name":"wp","href":"https:\/\/api.w.org\/{rel}","templated":true}]}}