{"id":67819,"date":"2026-03-19T09:46:54","date_gmt":"2026-03-19T09:46:54","guid":{"rendered":"https:\/\/soydeaqui.ddns.net\/pachuca\/index.php\/producto\/tensor-de-1-2-x-12-ojo-quijada\/"},"modified":"2026-03-19T09:46:56","modified_gmt":"2026-03-19T09:46:56","slug":"tensor-de-1-2-x-12-ojo-quijada","status":"publish","type":"product","link":"https:\/\/soydeaqui.ddns.net\/pachuca\/index.php\/producto\/tensor-de-1-2-x-12-ojo-quijada\/","title":{"rendered":"Tensor de 1\/2&#8243; X 12&#8243; Ojo &#8211; Quijada"},"content":{"rendered":"<div style='width: 100%; max-width: 1200px; margin: 0 auto; font-family: sans-serif; line-height: 1.6; color: inherit; background-color: transparent;'>\n<div style='display: flex; justify-content: center; margin-bottom: 20px;'> <img style='width: 280px; height: 100px; border: 1px solid rgba(150&comma;150&comma;150&comma;0.3); border-radius: 8px;' src='http:\/\/ftp3.syscom.mx\/usuarios\/dcarreon\/TORRES\/ROHN\/ROHN_LLC_LOGO_JPG-423x166.jpg' alt='LOGO ROHN'> <\/div>\n<div style='display: flex; flex-direction: column; gap: 20px;'>\n<div style='text-align: center;'> <span style='color: #b40404; font-size: 17px; display: inline-block; margin: 20px 0;'>L\u00edder Mundial en Dise\u00f1o y Fabricaci\u00f3n de Torres y M\u00e1stiles<\/span> <\/div>\n<div style='border: 1px solid rgba(150&comma; 150&comma; 150&comma; 0.4); border-radius: 8px; padding: 15px;'> <span style='font-weight: bold; font-size: 13px; display: block; margin-bottom: 10px;'>Caracter\u00edsticas:<\/span> <\/p>\n<div style='font-size: 13px; line-height: 20px;'>\n<p style='margin: 5px 0;'>Permite tensar libremente el cable de retenida.<\/p>\n<p style='margin: 5px 0;'>Facilita el mantenimiento e instalaci\u00f3n de la torre.<\/p>\n<\/p><\/div>\n<\/p><\/div>\n<div style='display: flex; justify-content: center;'> <img style='width: 520px; height: 120px; border: 1px solid rgba(150&comma;150&comma;150&comma;0.3); border-radius: 8px;' src='http:\/\/ftp3.syscom.mx\/usuarios\/dcarreon\/TORRES\/ROHN\/G%20SERIES\/25G\/LOGO%2025G.jpg' alt='LOGO ROHN'> <\/div>\n<div style='text-align: center; margin: 30px 0;'> <span style='font-weight: bold; font-size: 19px; display: inline-block; color: inherit;'>Amarre de seguridad en Retenidas<\/span> <\/div>\n<div style='display: flex; justify-content: center;'> <img style='width: 700px; height: 650px; border: 1px solid rgba(150&comma;150&comma;150&comma;0.3); border-radius: 8px;' src='http:\/\/ftp3.syscom.mx\/usuarios\/dcarreon\/TORRES\/ROHN\/G%20SERIES\/25G\/TB%20SAFETY%20DESCRIPCI%C3%93N.jpg' alt='LOGO ROHN'> <\/div>\n<div style='display: flex; justify-content: center; margin: 20px 0;'>\n<div class='issuuembed' style='width: 525px; height: 335px;' data-configid='0\/1073254'> <\/div>\n<\/p><\/div>\n<\/p><\/div>\n<\/p><\/div>\n","protected":false},"excerpt":{"rendered":"<p>Tensor de 1\/2&#8243; X 12&#8243; Ojo &#8211; Quijada<\/p>\n","protected":false},"featured_media":67818,"comment_status":"open","ping_status":"closed","template":"","meta":[],"product_brand":[],"product_cat":[1539],"product_tag":[590,1899,246],"class_list":{"0":"post-67819","1":"product","2":"type-product","3":"status-publish","4":"has-post-thumbnail","6":"product_cat-accesorios-para-torres-arriostradas-torres-y-mastiles","7":"product_tag-accesorios-para-torres-arriostradas","8":"product_tag-rohn","9":"product_tag-torres-y-mastiles","11":"first","12":"outofstock","13":"sale","14":"shipping-taxable","15":"purchasable","16":"product-type-simple"},"_links":{"self":[{"href":"https:\/\/soydeaqui.ddns.net\/pachuca\/index.php\/wp-json\/wp\/v2\/product\/67819","targetHints":{"allow":["GET"]}}],"collection":[{"href":"https:\/\/soydeaqui.ddns.net\/pachuca\/index.php\/wp-json\/wp\/v2\/product"}],"about":[{"href":"https:\/\/soydeaqui.ddns.net\/pachuca\/index.php\/wp-json\/wp\/v2\/types\/product"}],"replies":[{"embeddable":true,"href":"https:\/\/soydeaqui.ddns.net\/pachuca\/index.php\/wp-json\/wp\/v2\/comments?post=67819"}],"wp:featuredmedia":[{"embeddable":true,"href":"https:\/\/soydeaqui.ddns.net\/pachuca\/index.php\/wp-json\/wp\/v2\/media\/67818"}],"wp:attachment":[{"href":"https:\/\/soydeaqui.ddns.net\/pachuca\/index.php\/wp-json\/wp\/v2\/media?parent=67819"}],"wp:term":[{"taxonomy":"product_brand","embeddable":true,"href":"https:\/\/soydeaqui.ddns.net\/pachuca\/index.php\/wp-json\/wp\/v2\/product_brand?post=67819"},{"taxonomy":"product_cat","embeddable":true,"href":"https:\/\/soydeaqui.ddns.net\/pachuca\/index.php\/wp-json\/wp\/v2\/product_cat?post=67819"},{"taxonomy":"product_tag","embeddable":true,"href":"https:\/\/soydeaqui.ddns.net\/pachuca\/index.php\/wp-json\/wp\/v2\/product_tag?post=67819"}],"curies":[{"name":"wp","href":"https:\/\/api.w.org\/{rel}","templated":true}]}}