{"id":678,"date":"2026-03-18T05:42:39","date_gmt":"2026-03-18T05:42:39","guid":{"rendered":"https:\/\/soydeaqui.ddns.net\/pachuca\/index.php\/producto\/mini-camara-ip-pt-4-megapixel-wi-fi-seguimiento-inteligente-deteccion-de-mascotas-audio-bidireccional-notificacion-push-ranura-para-memoria-uso-en-interior-angulo-de-vision-102\/"},"modified":"2026-03-18T05:42:42","modified_gmt":"2026-03-18T05:42:42","slug":"mini-camara-ip-pt-4-megapixel-wi-fi-seguimiento-inteligente-deteccion-de-mascotas-audio-bidireccional-notificacion-push-ranura-para-memoria-uso-en-interior-angulo-de-vision-102","status":"publish","type":"product","link":"https:\/\/soydeaqui.ddns.net\/pachuca\/index.php\/producto\/mini-camara-ip-pt-4-megapixel-wi-fi-seguimiento-inteligente-deteccion-de-mascotas-audio-bidireccional-notificacion-push-ranura-para-memoria-uso-en-interior-angulo-de-vision-102\/","title":{"rendered":"Mini C\u00e1mara IP PT 4 Megap\u00edxel | Wi-Fi | Seguimiento Inteligente |  Detecci\u00f3n de mascotas |  Audio Bidireccional | Notificaci\u00f3n Push | Ranura para Memoria | Uso en Interior | \u00c1ngulo de vision: 102\u00b0"},"content":{"rendered":"<div style=\"width: 100%; max-width: 1200px; margin: 0 auto; font-family: sans-serif; line-height: 1.6; color: inherit; background-color: transparent;\"><!-- Imagen principal --><\/p>\n<div style=\"width: 100%; text-align: center; margin-bottom: 30px;\"><img decoding=\"async\" style=\"width: 100%; max-width: 300px; height: auto; border: 1px solid rgba(150&comma; 150&comma; 150&comma; 0.3); border-radius: 8px;\" src=\"https:\/\/ftp3.syscom.mx\/usuarios\/albamaria\/albamaria\/smarthomepoweredbyepcom\/smarthome-by-epcom.jpg\" alt=\"Logo SmartHome by Epcom\" class=\"fr-fic fr-dii\"><\/div>\n<p><!-- T\u00edtulo --><\/p>\n<div style=\"width: 100%; text-align: center; margin-bottom: 30px;\">\n<h1 style=\"font-size: 24px; color: #5a97a7; margin: 0; padding: 0;\">Especificaciones<\/h1>\n<\/div>\n<p><!-- Secci\u00f3n de caracter\u00edsticas con grid --><\/p>\n<div style=\"display: grid; grid-template-columns: repeat(auto-fit&comma; minmax(280px&comma; 1fr)); gap: 30px; margin-bottom: 30px;\"><!-- Caracter\u00edsticas Principales --><\/p>\n<div style=\"border: 1px solid rgba(150&comma; 150&comma; 150&comma; 0.4); border-radius: 8px; overflow: hidden; background-color: #f8f9fa;\">\n<div style=\"padding: 15px; background-color: #5a97a7; color: white; font-weight: bold; font-size: 18px; border-bottom: 1px solid rgba(150&comma;150&comma;150&comma;0.2);\">Caracter&iacute;sticas Principales:<\/div>\n<ul style=\"padding: 15px; margin: 0; font-size: 15px; list-style-type: none; padding-left: 20px; color: inherit;\">\n<li style=\"margin-bottom: 5px;\">Resoluci&oacute;n: 4MP (2560 x 1440).<\/li>\n<li style=\"margin-bottom: 5px;\">Visualizaci&oacute;n nocturna: 10 mts.<\/li>\n<li style=\"margin-bottom: 5px;\">Audio bidireccional.<\/li>\n<li style=\"margin-bottom: 5px;\">Soporta detecci&oacute;n de movimiento.<\/li>\n<li style=\"margin-bottom: 5px;\">Soporta detecci&oacute;n de humanos y mascotas.<\/li>\n<li style=\"margin-bottom: 5px;\">Soporta fast forward 0.5X&comma; 1X&comma; 2X&comma; 4X.<\/li>\n<li style=\"margin-bottom: 5px;\">Configuraci&oacute;n inicial a traves de la aplicaci&oacute;n <strong>Epcom Smart Home.<\/strong><\/li>\n<li style=\"margin-bottom: 5px;\"><strong>No soporta interfaz WEB.<\/strong><\/li>\n<li style=\"margin-bottom: 5px;\">Soporta almacenamiento la nube directo en la aplicaci&oacute;n<strong>&nbsp;EpcomSmart Home.<\/strong><\/li>\n<li style=\"margin-bottom: 5px;\"><span style=\"color: #e74c3c;\"><strong>Soporta protocolo ONVIF. (<a title=\"Configuraci\u00f3n de protocolo Onvif \" href=\"https:\/\/soporte.syscom.mx\/es\/articles\/10458413-smarthome-by-epcom-como-activar-protocolo-onvif\" style=\"color: #e74c3c; text-decoration: underline;\">Activaci&oacute;n y configuraci&oacute;n de protocolo Onvif<\/a>)<\/strong><\/span><\/li>\n<\/ul>\n<\/div>\n<p><!-- Caracter\u00edsticas F\u00edsicas y El\u00e9ctricas --><\/p>\n<div style=\"border: 1px solid rgba(150&comma; 150&comma; 150&comma; 0.4); border-radius: 8px; overflow: hidden; background-color: #f8f9fa;\">\n<div style=\"padding: 15px; background-color: #5a97a7; color: white; font-weight: bold; font-size: 18px; border-bottom: 1px solid rgba(150&comma;150&comma;150&comma;0.2);\">Caracter&iacute;sticas F&iacute;sicas y El&eacute;ctricas:<\/div>\n<ul style=\"padding: 15px; margin: 0; font-size: 15px; list-style-type: none; padding-left: 20px; color: inherit;\">\n<li style=\"margin-bottom: 5px;\">Alimentaci&oacute;n: 5 Volts&comma; 1A (Eliminador incluido).<\/li>\n<li style=\"margin-bottom: 5px;\">Almacenamiento: <strong>MicroSD hasta 128GB<\/strong> Clase 10 Especializada para Videovigilancia.<\/li>\n<li style=\"margin-bottom: 5px;\">Temperatura de operaci&oacute;n: -10&deg;C ~ 45&deg;C.<\/li>\n<li style=\"margin-bottom: 5px;\">Humedad: Menos del 95%.<\/li>\n<li style=\"margin-bottom: 5px;\">Wi-Fi: 2.4GHz (802.11 b\/g\/n).<\/li>\n<\/ul>\n<\/div>\n<p><!-- Caracter\u00edsticas Destacadas --><\/p>\n<div style=\"border: 1px solid rgba(150&comma; 150&comma; 150&comma; 0.4); border-radius: 8px; overflow: hidden; background-color: #f8f9fa;\">\n<div style=\"padding: 15px; background-color: #5a97a7; color: white; font-weight: bold; font-size: 18px; border-bottom: 1px solid rgba(150&comma;150&comma;150&comma;0.2);\">Caracter&iacute;sticas Destacadas:<\/div>\n<ul style=\"padding: 15px; margin: 0; font-size: 15px; list-style-type: none; padding-left: 20px; color: inherit;\">\n<li style=\"margin-bottom: 5px;\">Lente de 4 mm.<\/li>\n<li style=\"margin-bottom: 5px;\">&Aacute;ngulo de visualizaci&oacute;n: Horizontal: 87&deg;&comma; Vertical: 46&deg;&comma; Diagonal: 102&deg;.<\/li>\n<li style=\"margin-bottom: 5px;\">Reducci&oacute;n de ruido: DNR 3D.<\/li>\n<li style=\"margin-bottom: 5px;\">Modo D&iacute;a\/Noche: Auto (ICR) \/ Color \/ Blanco y Negro.<\/li>\n<li style=\"margin-bottom: 5px;\">Alarma con sirena: Soporta sirena de alarma y volumen de dispositivo personalizado.<\/li>\n<li style=\"margin-bottom: 5px;\">Funciones PTZ: Control PTZ desde la aplicaci&oacute;n&comma; Preset y Autoseguimiento.<\/li>\n<li style=\"margin-bottom: 5px;\"><strong>Soporta Grabaci&oacute;n continua.<\/strong><\/li>\n<\/ul>\n<\/div>\n<\/div>\n<p><!-- Banner 1 --><\/p>\n<div style=\"width: 100%; text-align: center; margin: 30px 0;\"><img decoding=\"async\" style=\"width: 100%; height: auto; border: 1px solid rgba(150&comma; 150&comma; 150&comma; 0.3); border-radius: 8px;\" src=\"https:\/\/ftp3.syscom.mx\/usuarios\/albamaria\/albamaria\/smarthomepoweredbyepcom\/banner%20epcomSmart%20home.jpg\" alt=\"Banner Epcom Smart Home\" class=\"fr-fic fr-dii\"><\/div>\n<p><!-- Separador --><\/p>\n<hr style=\"border: 0; border-top: 1px solid rgba(150&comma; 150&comma; 150&comma; 0.3); margin: 30px 0;\"><!-- Diagrama --><\/p>\n<div style=\"width: 100%; text-align: center; margin: 30px 0;\"><img decoding=\"async\" style=\"width: 100%; max-width: 600px; height: auto; border: 1px solid rgba(150&comma; 150&comma; 150&comma; 0.3); border-radius: 8px;\" src=\"http:\/\/ftp3.syscom.mx\/usuarios\/mbarrio\/bll\/DiagramaSHS.JPG\" alt=\"Diagrama de instalaci\u00f3n\" class=\"fr-fic fr-dii\"><\/div>\n<\/div>\n","protected":false},"excerpt":{"rendered":"<p>Mini C\u00e1mara IP PT 4 Megap\u00edxel | Wi-Fi | Seguimiento Inteligente |  Detecci\u00f3n de mascotas |  Audio Bidireccional | Notificaci\u00f3n Push | Ranura para Memoria | Uso en Interior | \u00c1ngulo de vision: 102\u00b0<\/p>\n","protected":false},"featured_media":677,"comment_status":"open","ping_status":"closed","template":"","meta":[],"product_brand":[],"product_cat":[121],"product_tag":[122,187,123],"class_list":{"0":"post-678","1":"product","2":"type-product","3":"status-publish","4":"has-post-thumbnail","6":"product_cat-wifi-4g-inalambricas","7":"product_tag-camaras-ip-y-nvrs","8":"product_tag-smarthome-by-epcom","9":"product_tag-wifi-4g-inalambricas","11":"first","12":"instock","13":"sale","14":"shipping-taxable","15":"purchasable","16":"product-type-simple"},"_links":{"self":[{"href":"https:\/\/soydeaqui.ddns.net\/pachuca\/index.php\/wp-json\/wp\/v2\/product\/678","targetHints":{"allow":["GET"]}}],"collection":[{"href":"https:\/\/soydeaqui.ddns.net\/pachuca\/index.php\/wp-json\/wp\/v2\/product"}],"about":[{"href":"https:\/\/soydeaqui.ddns.net\/pachuca\/index.php\/wp-json\/wp\/v2\/types\/product"}],"replies":[{"embeddable":true,"href":"https:\/\/soydeaqui.ddns.net\/pachuca\/index.php\/wp-json\/wp\/v2\/comments?post=678"}],"wp:featuredmedia":[{"embeddable":true,"href":"https:\/\/soydeaqui.ddns.net\/pachuca\/index.php\/wp-json\/wp\/v2\/media\/677"}],"wp:attachment":[{"href":"https:\/\/soydeaqui.ddns.net\/pachuca\/index.php\/wp-json\/wp\/v2\/media?parent=678"}],"wp:term":[{"taxonomy":"product_brand","embeddable":true,"href":"https:\/\/soydeaqui.ddns.net\/pachuca\/index.php\/wp-json\/wp\/v2\/product_brand?post=678"},{"taxonomy":"product_cat","embeddable":true,"href":"https:\/\/soydeaqui.ddns.net\/pachuca\/index.php\/wp-json\/wp\/v2\/product_cat?post=678"},{"taxonomy":"product_tag","embeddable":true,"href":"https:\/\/soydeaqui.ddns.net\/pachuca\/index.php\/wp-json\/wp\/v2\/product_tag?post=678"}],"curies":[{"name":"wp","href":"https:\/\/api.w.org\/{rel}","templated":true}]}}