{"id":67795,"date":"2026-03-19T09:46:06","date_gmt":"2026-03-19T09:46:06","guid":{"rendered":"https:\/\/soydeaqui.ddns.net\/pachuca\/index.php\/producto\/cargador-rapido-de-escritorio-para-radios-kenwood-serie-nx5000-nx410-tk-2180-3180\/"},"modified":"2026-03-19T09:46:18","modified_gmt":"2026-03-19T09:46:18","slug":"cargador-rapido-de-escritorio-para-radios-kenwood-serie-nx5000-nx410-tk-2180-3180","status":"publish","type":"product","link":"https:\/\/soydeaqui.ddns.net\/pachuca\/index.php\/producto\/cargador-rapido-de-escritorio-para-radios-kenwood-serie-nx5000-nx410-tk-2180-3180\/","title":{"rendered":"Cargador r\u00e1pido de escritorio para radios Kenwood SERIE NX5000, NX410, TK-2180\/3180"},"content":{"rendered":"<div style='width: 100%; max-width: 1200px; margin: 0 auto; font-family: sans-serif; line-height: 1.6; color: inherit; background-color: transparent;'>\n<div style='display: flex; flex-wrap: wrap; gap: 30px; margin-bottom: 30px;'>\n<div style='flex: 1 1 300px; min-width: 280px;'>\n<h3 style='font-size: 22px; border-bottom: 2px solid currentColor; padding-bottom: 5px; margin-top: 0; color: inherit; opacity: 0.8;'>Cargador r\u00e1pido de escritorio para radios Kenwood:<\/h3>\n<ul style='padding-left: 20px; font-size: 15px; color: inherit;'>\n<li>NX5200K2<\/li>\n<li>NX5200K3<\/li>\n<li>NX5300K2<\/li>\n<li>NX5300K3<\/li>\n<li>NX5300K5<\/li>\n<li>NX5300K6<\/li>\n<li>NX5400K2<\/li>\n<li>NX5400K3<\/li>\n<li>NX410<\/li>\n<li>TK2180<\/li>\n<li>TK3180<\/li>\n<\/ul><\/div>\n<div style='flex: 1 1 300px; min-width: 280px;'>\n<h3 style='font-size: 22px; border-bottom: 2px solid currentColor; padding-bottom: 5px; margin-top: 0; color: inherit; opacity: 0.8;'>Carga las siguientes bater\u00edas:<\/h3>\n<ul style='padding-left: 20px; font-size: 15px; color: inherit;'>\n<li>KNBL2M<\/li>\n<li>KNBL3M<\/li>\n<li>KNB31A<\/li>\n<li>KNB32N<\/li>\n<li>KNB33L<\/li>\n<li>KNB43L<\/li>\n<li>KNB47L<\/li>\n<li>KNB50NC<\/li>\n<\/ul><\/div>\n<\/p><\/div>\n<div style='margin-bottom: 30px;'>\n<p>Cargador de alta calidad&comma; con el que puede contar para cargar correctamente la bater\u00eda del radio de 2 v\u00edas cada vez que sea necesario.<\/p>\n<p>Los cargadores TXPRO son inteligentes porque evitan la sobrecarga&comma; mientras que proveen una recarga autom\u00e1tica cuando una radio permanece apagada.<\/p>\n<p>Son vers\u00e1tiles por que cargan las bater\u00edas originales y gen\u00e9ricas de cualquier marca.<\/p>\n<p>Los cargadores TXPRO son confiables como lo demuestra su fuerte aceptaci\u00f3n y popularidad entre los profesionales de la comunicaci\u00f3n.<\/p>\n<p>Cargador r\u00e1pido recomendaci\u00f3n ideal para cargar bater\u00edas de alta capacidad (arriba de 1200 mAh).<\/p>\n<\/p><\/div>\n<div style='display: flex; flex-wrap: wrap; gap: 20px; margin-bottom: 30px;'>\n<div style='flex: 1 1 250px; border: 1px solid rgba(150&comma; 150&comma; 150&comma; 0.4); border-radius: 8px; overflow: hidden; display: flex; flex-direction: column;'>\n<div style='padding: 15px; border-bottom: 1px solid rgba(150&comma; 150&comma; 150&comma; 0.2); font-weight: bold; font-size: 18px; color: inherit;'>Caracter\u00edsticas del producto<\/div>\n<div style='padding: 15px; color: inherit;'>\n<ul style='padding-left: 20px; margin: 0; font-size: 14px; list-style-type: disc;'>\n<li>Carga bater\u00edas con o sin radio<\/li>\n<li>Interrumpe la carga al detectar: Incremento de temperatura&comma; tensi\u00f3n m\u00e1xima&comma; temperatura m\u00e1xima y tiempo de carga m\u00e1ximo.<\/li>\n<li>LED indicador de estado de carga de la bater\u00eda<\/li>\n<li>Para cada posici\u00f3n confirma carga en curso&comma; falla de bater\u00eda&comma; y completamente cargada<\/li>\n<li>Dise\u00f1o robusto&comma; y vers\u00e1til que ocupa poco espacio<\/li>\n<\/ul><\/div>\n<\/p><\/div>\n<div style='flex: 1 1 250px; border: 1px solid rgba(150&comma; 150&comma; 150&comma; 0.4); border-radius: 8px; overflow: hidden; display: flex; flex-direction: column;'>\n<div style='padding: 15px; border-bottom: 1px solid rgba(150&comma; 150&comma; 150&comma; 0.2); font-weight: bold; font-size: 18px; color: inherit;'>Especificaciones<\/div>\n<div style='padding: 15px; color: inherit;'>\n<ul style='padding-left: 20px; margin: 0; font-size: 14px; list-style-type: disc;'>\n<li>Incluye fuente de poder de 120 VCA a 15 Vcc<\/li>\n<li>Corriente de carga: 800 mA<\/li>\n<li>Temperatura de funcionamiento: -20 \u00b0C ~ 45 \u00b0C<\/li>\n<li>Temperatura de almacenamiento: -20 \u00b0C ~ 70 \u00b0C<\/li>\n<li>Compatible con adaptador con encendedor de cigarros para conectarlo en el veh\u00edculo<\/li>\n<\/ul><\/div>\n<\/p><\/div>\n<div style='flex: 1 1 250px; border: 1px solid rgba(150&comma; 150&comma; 150&comma; 0.4); border-radius: 8px; overflow: hidden; display: flex; flex-direction: column;'>\n<div style='padding: 15px; border-bottom: 1px solid rgba(150&comma; 150&comma; 150&comma; 0.2); font-weight: bold; font-size: 18px; color: inherit;'>Funcionamiento del LED<\/div>\n<div style='padding: 15px; color: inherit;'>\n<ul style='padding-left: 20px; margin: 0; font-size: 14px; list-style-type: disc;'>\n<li>LED verde: Detecta bater\u00eda<\/li>\n<li>LED rojo: Carga en proceso<\/li>\n<li>LED verde: Carga completa<\/li>\n<li>LED rojo parpadeante: Bater\u00eda abierta<\/li>\n<\/ul><\/div>\n<\/p><\/div>\n<\/p><\/div>\n<hr style='border: 0; border-top: 1px solid rgba(150&comma; 150&comma; 150&comma; 0.3); margin: 30px 0;'>\n<div style='margin-bottom: 30px;'>\n<p>Los accesorios disponibles para la instalaci\u00f3n en el veh\u00edculo se venden por separado. Pregunte a su ejecutivo de ventas o al departamento de ingenier\u00eda.<\/p>\n<\/p><\/div>\n<\/p><\/div>\n","protected":false},"excerpt":{"rendered":"<p>Cargador r\u00e1pido de escritorio para radios Kenwood SERIE NX5000, NX410, TK-2180\/3180<\/p>\n","protected":false},"featured_media":67794,"comment_status":"open","ping_status":"closed","template":"","meta":[],"product_brand":[],"product_cat":[1702],"product_tag":[1579,1109,560],"class_list":{"0":"post-67795","1":"product","2":"type-product","3":"status-publish","4":"has-post-thumbnail","6":"product_cat-cargadores-de-baterias-accesorios-para-kenwood","7":"product_tag-accesorios-para-kenwood","8":"product_tag-cargadores-de-baterias","9":"product_tag-txpro","11":"first","12":"instock","13":"sale","14":"shipping-taxable","15":"purchasable","16":"product-type-simple"},"_links":{"self":[{"href":"https:\/\/soydeaqui.ddns.net\/pachuca\/index.php\/wp-json\/wp\/v2\/product\/67795","targetHints":{"allow":["GET"]}}],"collection":[{"href":"https:\/\/soydeaqui.ddns.net\/pachuca\/index.php\/wp-json\/wp\/v2\/product"}],"about":[{"href":"https:\/\/soydeaqui.ddns.net\/pachuca\/index.php\/wp-json\/wp\/v2\/types\/product"}],"replies":[{"embeddable":true,"href":"https:\/\/soydeaqui.ddns.net\/pachuca\/index.php\/wp-json\/wp\/v2\/comments?post=67795"}],"wp:featuredmedia":[{"embeddable":true,"href":"https:\/\/soydeaqui.ddns.net\/pachuca\/index.php\/wp-json\/wp\/v2\/media\/67794"}],"wp:attachment":[{"href":"https:\/\/soydeaqui.ddns.net\/pachuca\/index.php\/wp-json\/wp\/v2\/media?parent=67795"}],"wp:term":[{"taxonomy":"product_brand","embeddable":true,"href":"https:\/\/soydeaqui.ddns.net\/pachuca\/index.php\/wp-json\/wp\/v2\/product_brand?post=67795"},{"taxonomy":"product_cat","embeddable":true,"href":"https:\/\/soydeaqui.ddns.net\/pachuca\/index.php\/wp-json\/wp\/v2\/product_cat?post=67795"},{"taxonomy":"product_tag","embeddable":true,"href":"https:\/\/soydeaqui.ddns.net\/pachuca\/index.php\/wp-json\/wp\/v2\/product_tag?post=67795"}],"curies":[{"name":"wp","href":"https:\/\/api.w.org\/{rel}","templated":true}]}}