{"id":6776,"date":"2026-03-18T06:47:26","date_gmt":"2026-03-18T06:47:26","guid":{"rendered":"https:\/\/soydeaqui.ddns.net\/pachuca\/index.php\/producto\/comunicador-gsm-3g-compatible-con-paneles-lynx-touch-l5200-y-l7000\/"},"modified":"2026-03-18T06:47:28","modified_gmt":"2026-03-18T06:47:28","slug":"comunicador-gsm-3g-compatible-con-paneles-lynx-touch-l5200-y-l7000","status":"publish","type":"product","link":"https:\/\/soydeaqui.ddns.net\/pachuca\/index.php\/producto\/comunicador-gsm-3g-compatible-con-paneles-lynx-touch-l5200-y-l7000\/","title":{"rendered":"Comunicador GSM 3G Compatible con Paneles Lynx Touch L5200 y L7000"},"content":{"rendered":"<div style='width: 100%; max-width: 1200px; margin: 0 auto; font-family: sans-serif; line-height: 1.6; color: inherit; background-color: transparent;'>\n<div style='display: flex; flex-wrap: wrap; gap: 30px; margin-bottom: 30px;'>\n<div style='flex: 1 1 300px; min-width: 280px;'>\n<h3 style='font-size: 22px; border-bottom: 2px solid currentColor; padding-bottom: 5px; margin-top: 0; color: inherit; opacity: 0.8;'>Equipo Listo para Honeywell Total Connect (Casa Inteligente) y Monitoreo de Alarma de Alta Seguridad con ALARMNET (4G)<\/h3>\n<\/p><\/div>\n<\/p><\/div>\n<div style='display: flex; flex-wrap: wrap; gap: 30px; margin-bottom: 30px;'>\n<div style='flex: 1 1 300px; min-width: 280px;'> <img style='width: 100%; height: auto; border: 1px solid rgba(150&comma;150&comma;150&comma;0.3); border-radius: 8px;' src='https:\/\/ftp3.syscom.mx\/usuarios\/ftp\/single_page\/total_connect\/hontc-01.jpg' alt=''> <\/div>\n<div style='flex: 1 1 300px; min-width: 280px;'>\n<h3 style='font-size: 18px; margin-top: 0; color: inherit;'>Extremo Alta Seguridad<\/h3>\n<p style='color: inherit;'>ALARMNET segura que su se\u00f1al SIEMPRE LLEGUE. Su informaci\u00f3n es enviada encriptada&comma; servidores en U.S.A. de alta redundancia y respaldo por 4G<\/p>\n<\/p><\/div>\n<\/p><\/div>\n<div style='display: flex; flex-wrap: wrap; gap: 30px; margin-bottom: 30px;'>\n<div style='flex: 1 1 300px; min-width: 280px;'> <img style='width: 100%; height: auto; border: 1px solid rgba(150&comma;150&comma;150&comma;0.3); border-radius: 8px;' src='https:\/\/ftp3.syscom.mx\/usuarios\/ftp\/single_page\/total_connect\/hontc-02x.jpg' alt=''> <img style='width: 100%; height: auto; border: 1px solid rgba(150&comma;150&comma;150&comma;0.3); border-radius: 8px; margin-top: 10px;' src='https:\/\/ftp3.syscom.mx\/usuarios\/ftp\/single_page\/total_connect\/hontc-02c.jpg' alt=''> <\/div>\n<div style='flex: 1 1 300px; min-width: 280px;'>\n<h3 style='font-size: 18px; margin-top: 0; color: inherit;'>Casa Inteligente con Total Connect<\/h3>\n<p style='color: inherit;'>Administre su Panel y otros dispositivos (Termostatos&comma; Puertas&comma; Sensores&comma; Iluminaci\u00f3n) con Total Connect&comma; la aplicaci\u00f3n l\u00edder en U.S.A. para casas inteligentes.<\/p>\n<p style='color: inherit;'>En esta imagen vemos el estado de la puerta principal&comma; iluminaci\u00f3n en sala \/ comedor&comma; puerta de garage&comma; alertas por sensores y grabaci\u00f3n de c\u00e1maras nube.<\/p>\n<p> <img style='width: 100%; height: auto; border: 1px solid rgba(150&comma;150&comma;150&comma;0.3); border-radius: 8px;' src='https:\/\/ftp3.syscom.mx\/usuarios\/ftp\/single_page\/total_connect\/hontc-03b.jpg' alt=''> <\/div>\n<\/p><\/div>\n<hr style='border: 0; border-top: 1px solid rgba(150&comma; 150&comma; 150&comma; 0.3); margin: 30px 0;'>\n<div style='display: flex; flex-wrap: wrap; gap: 30px; margin-bottom: 30px;'>\n<div style='flex: 1 1 300px; min-width: 280px;'>\n<h3 style='font-size: 18px; margin-top: 0; color: inherit;'>Grabaci\u00f3n de Video Nube de Alta Seguridad<\/h3>\n<p style='color: inherit;'>Acceda a video nube&comma; extremo fluido y alta seguridad en servidores de Honeywell U.S.A. desde su m\u00f3vil o v\u00eda Web.<\/p>\n<p style='color: inherit;'>C\u00e1maras compatibles: <a style='color: inherit; text-decoration: underline;' href='producto\/IPCAM-WIC1-HONEYWELL-163872.html' target='_blank' rel='noopener'>IPCAMWIC1<\/a>&comma; <a style='color: inherit; text-decoration: underline;' href='producto\/IPCAM-WIC2-HONEYWELL-162976.html' target='_blank' rel='noopener'>IPCAMWIC2<\/a> y <a style='color: inherit; text-decoration: underline;' href='producto\/IPCAMWOC1-HONEYWELL-163828.html' target='_blank' rel='noopener'>IPCAMWOC1<\/a><\/p>\n<p> <img style='width: 100%; height: auto; border: 1px solid rgba(150&comma;150&comma;150&comma;0.3); border-radius: 8px; margin-top: 10px;' src='https:\/\/ftp3.syscom.mx\/usuarios\/ftp\/single_page\/total_connect\/hontc-04.jpg' alt=''> <\/div>\n<div style='flex: 1 1 300px; min-width: 280px;'>\n<h3 style='font-size: 18px; margin-top: 0; color: inherit;'>Armado Remoto de Alta Seguridad<\/h3>\n<p style='color: inherit;'>Controle remotamente particiones de seguridad para su negocio.<\/p>\n<p style='color: inherit;'>Maneje seguridad&comma; control de acceso&comma; y administraci\u00f3n de usuarios con particiones Honeywell Total Connect VISTA\u00ae.<\/p>\n<p> <img style='width: 100%; height: auto; border: 1px solid rgba(150&comma;150&comma;150&comma;0.3); border-radius: 8px; margin-top: 10px;' src='https:\/\/ftp3.syscom.mx\/usuarios\/ftp\/single_page\/total_connect\/hontc-05.jpg' alt=''> <\/div>\n<\/p><\/div>\n<hr style='border: 0; border-top: 1px solid rgba(150&comma; 150&comma; 150&comma; 0.3); margin: 30px 0;'>\n<div style='display: flex; flex-wrap: wrap; gap: 30px; margin-bottom: 30px;'>\n<div style='flex: 1 1 300px; min-width: 280px;'>\n<h3 style='font-size: 18px; margin-top: 0; color: inherit;'>Convierte tu Casa en una Casa Inteligente<\/h3>\n<p style='color: inherit;'>Total Connect de Honeywell permite administrar todos los dispositivos con alta seguridad en cualquier dispositivo m\u00f3vil.<\/p>\n<p> <img style='width: 100%; height: auto; border: 1px solid rgba(150&comma;150&comma;150&comma;0.3); border-radius: 8px; margin-top: 10px;' src='https:\/\/ftp3.syscom.mx\/usuarios\/ftp\/single_page\/total_connect\/hontc-06.jpg' alt=''> <\/div>\n<div style='flex: 1 1 300px; min-width: 280px;'>\n<h3 style='font-size: 18px; margin-top: 0; color: inherit;'>Compatible con Google Home y Alexa<\/h3>\n<p style='color: inherit;'>&#8216;Alexa&comma; p\u00eddele a Honeywell que encienda las luces&#8217;<br \/>&#8216;Alexa&comma; p\u00eddele a Honeywell que cierre la puerta&#8217;<br \/>&#8216;Alexa&comma; p\u00eddele a Honeywell que arme la casa&#8217;<\/p>\n<p> <img style='width: 100%; height: auto; border: 1px solid rgba(150&comma;150&comma;150&comma;0.3); border-radius: 8px; margin-top: 10px;' src='https:\/\/ftp3.syscom.mx\/usuarios\/ftp\/single_page\/total_connect\/hontc-07.jpg' alt=''> <\/div>\n<\/p><\/div>\n<hr style='border: 0; border-top: 1px solid rgba(150&comma; 150&comma; 150&comma; 0.3); margin: 30px 0;'>\n<div style='margin-bottom: 30px;'>\n<div style='position: relative; padding-bottom: 56.25%; height: 0; overflow: hidden; margin-bottom: 30px;'>   <\/div>\n<\/p><\/div>\n<div style='margin-bottom: 30px;'>\n<p style='color: inherit;'>El comunicador Honeywell 3GL es el nuevo comunicador de Honeywell. Teclados LYNX Touch&comma; el L5200 y el L7000. El 3GL&comma; por el contrario trabajar\u00e1 con ambas unidades y se comunica atra vez de la red 4G.<\/p>\n<\/p><\/div>\n<div style='margin-bottom: 30px;'>\n<p style='color: inherit;'>Instalaci\u00f3n del comunicador es muy simple. Basta con abrir el sistema LYNX Touch del sistema desde la parte superior presionando las leng\u00fcetas y tirando de ella abierta. Inserte la tarjeta de circuito incluido en el 3GL (no importa qu\u00e9 camino tan largo como los dientes de metal se empujan con fuerza en el propio comunicador). En el lado izquierdo de la placa de circuito del panel de hay una peque\u00f1a inserci\u00f3n en el otro lado de los dientes del comunicador puede encajar. Simplemente alinear los dientes&comma; inserte la unidad y utilizar los tornillos incluidos para apretar hacia abajo.<\/p>\n<\/p><\/div>\n<div style='margin-bottom: 30px;'>\n<p style='color: inherit;'>Esta unidad se puede instalar junto con el L5100-WIFI que encaja en el conector de borde en la parte derecha&comma; seg\u00fan se mira el panel&comma; as\u00ed como con la unidad L5100-ZWave que encaja en el conector de borde a la izquierda&comma; que&comma; en el caso de que est\u00e9 instalado el 3GL&comma; encajar\u00eda debajo de la unidad en el lado izquierdo de la placa de circuito. Esta unidad no se puede instalar junto con el comunicador el cableado ethernet iLP5.<\/p>\n<\/p><\/div>\n<div style='margin-bottom: 30px;'>\n<h3 style='font-size: 18px; margin-top: 0; color: inherit;'>Notas<\/h3>\n<p style='color: inherit;'><strong>El funcionamiento del equipo depende de la estabilidad de la comunicacion del proveedor de servicio.<\/strong><\/p>\n<ul style='padding-left: 20px; font-size: 15px; color: inherit;'>\n<li style='margin-bottom: 5px;'><strong>Incluye SIMCARD<\/strong><\/li>\n<li style='margin-bottom: 5px;'><strong>Requiere pago de anualidad de Total Connect\u2122.<\/strong><\/li>\n<li style='margin-bottom: 5px;'><strong>Compatible con AlarmNet\u2122 y TotalConnect\u2122.<\/strong><\/li>\n<li style='margin-bottom: 5px;'><strong>Compatible con la receptora 7810iRENT o software 7810PCAM<\/strong><\/li>\n<\/ul><\/div>\n<\/p><\/div>\n","protected":false},"excerpt":{"rendered":"<p>Comunicador GSM 3G Compatible con Paneles Lynx Touch L5200 y L7000<\/p>\n","protected":false},"featured_media":6775,"comment_status":"open","ping_status":"closed","template":"","meta":[],"product_brand":[],"product_cat":[206],"product_tag":[207,45,180],"class_list":{"0":"post-6776","1":"product","2":"type-product","3":"status-publish","4":"has-post-thumbnail","6":"product_cat-comunicadores","7":"product_tag-comunicadores","8":"product_tag-honeywell-home-resideo","9":"product_tag-total-connect-honeywell","11":"first","12":"instock","13":"sale","14":"shipping-taxable","15":"purchasable","16":"product-type-simple"},"_links":{"self":[{"href":"https:\/\/soydeaqui.ddns.net\/pachuca\/index.php\/wp-json\/wp\/v2\/product\/6776","targetHints":{"allow":["GET"]}}],"collection":[{"href":"https:\/\/soydeaqui.ddns.net\/pachuca\/index.php\/wp-json\/wp\/v2\/product"}],"about":[{"href":"https:\/\/soydeaqui.ddns.net\/pachuca\/index.php\/wp-json\/wp\/v2\/types\/product"}],"replies":[{"embeddable":true,"href":"https:\/\/soydeaqui.ddns.net\/pachuca\/index.php\/wp-json\/wp\/v2\/comments?post=6776"}],"wp:featuredmedia":[{"embeddable":true,"href":"https:\/\/soydeaqui.ddns.net\/pachuca\/index.php\/wp-json\/wp\/v2\/media\/6775"}],"wp:attachment":[{"href":"https:\/\/soydeaqui.ddns.net\/pachuca\/index.php\/wp-json\/wp\/v2\/media?parent=6776"}],"wp:term":[{"taxonomy":"product_brand","embeddable":true,"href":"https:\/\/soydeaqui.ddns.net\/pachuca\/index.php\/wp-json\/wp\/v2\/product_brand?post=6776"},{"taxonomy":"product_cat","embeddable":true,"href":"https:\/\/soydeaqui.ddns.net\/pachuca\/index.php\/wp-json\/wp\/v2\/product_cat?post=6776"},{"taxonomy":"product_tag","embeddable":true,"href":"https:\/\/soydeaqui.ddns.net\/pachuca\/index.php\/wp-json\/wp\/v2\/product_tag?post=6776"}],"curies":[{"name":"wp","href":"https:\/\/api.w.org\/{rel}","templated":true}]}}