{"id":6774,"date":"2026-03-18T06:47:25","date_gmt":"2026-03-18T06:47:25","guid":{"rendered":"https:\/\/soydeaqui.ddns.net\/pachuca\/index.php\/producto\/comunicador-ethernet-para-intranet-compatible-con-receptora-7810irent-para-aplicaciones-de-alta-seguridad-sin-pago-de-servicios\/"},"modified":"2026-03-18T06:47:25","modified_gmt":"2026-03-18T06:47:25","slug":"comunicador-ethernet-para-intranet-compatible-con-receptora-7810irent-para-aplicaciones-de-alta-seguridad-sin-pago-de-servicios","status":"publish","type":"product","link":"https:\/\/soydeaqui.ddns.net\/pachuca\/index.php\/producto\/comunicador-ethernet-para-intranet-compatible-con-receptora-7810irent-para-aplicaciones-de-alta-seguridad-sin-pago-de-servicios\/","title":{"rendered":"Comunicador Ethernet para Intranet compatible con receptora 7810IRENT para aplicaciones de Alta Seguridad, Sin pago de Servicios"},"content":{"rendered":"<div style='width: 100%; max-width: 1200px; margin: 0 auto; font-family: sans-serif; line-height: 1.6; color: inherit; background-color: transparent;'>\n<div style='display: flex; flex-wrap: wrap; gap: 30px; margin-bottom: 30px;'>\n<div style='flex: 1 1 300px; min-width: 280px;'>\n<h3 style='font-size: 22px; border-bottom: 2px solid currentColor; padding-bottom: 5px; margin-top: 0; color: inherit; opacity: 0.8;'>Descripci\u00f3n<\/h3>\n<p style='font-size: 15px; color: inherit; margin-top: 10px;'>Honeywell 7847i-E es nuestro nuevo comunicador IP y est\u00e1 dise\u00f1ado para satisfacer la demanda actual de alternativas de comunicaci\u00f3n. El 7847i-E es adecuado para aplicaciones de redes privadas empresariales utilizando LAN locales o conexiones punto a punto. Este f\u00e1cil de instalar proporciona seguridad de datos sofisticada y comunica directamente a un receptor Intranet 7810PC o 7810iR-ent en una red privada aplicaci\u00f3n de red.<\/p>\n<\/div>\n<\/div>\n<div style='display: flex; flex-wrap: wrap; gap: 20px; margin-bottom: 30px;'>\n<div style='flex: 1 1 250px; border: 1px solid rgba(150&comma; 150&comma; 150&comma; 0.4); border-radius: 8px; overflow: hidden; display: flex; flex-direction: column;'>\n<div style='padding: 15px; border-bottom: 1px solid rgba(150&comma; 150&comma; 150&comma; 0.2); font-weight: bold; font-size: 18px; color: inherit;'>Caracter\u00edsticas Principales<\/div>\n<div style='padding: 15px; color: inherit;'>\n<ul style='padding-left: 20px; margin: 0; font-size: 14px; list-style-type: disc;'>\n<li style='margin-bottom: 5px;'>Comunicador IP para redes empresariales privadas<\/li>\n<li style='margin-bottom: 5px;'>Compatible con LAN y conexiones punto a punto<\/li>\n<li style='margin-bottom: 5px;'>Seguridad de datos sofisticada integrada<\/li>\n<li style='margin-bottom: 5px;'>Instalaci\u00f3n sencilla para aplicaciones de red privada<\/li>\n<li style='margin-bottom: 5px;'>Comunicaci\u00f3n directa con receptor intranet 7810PC<\/li>\n<\/ul>\n<\/div>\n<\/div>\n<\/div>\n<hr style='border: 0; border-top: 1px solid rgba(150&comma; 150&comma; 150&comma; 0.3); margin: 30px 0;'><\/div>\n","protected":false},"excerpt":{"rendered":"<p>Comunicador Ethernet para Intranet compatible con receptora 7810IRENT para aplicaciones de Alta Seguridad, Sin pago de Servicios<\/p>\n","protected":false},"featured_media":6773,"comment_status":"open","ping_status":"closed","template":"","meta":[],"product_brand":[],"product_cat":[386],"product_tag":[40,207,45],"class_list":{"0":"post-6774","1":"product","2":"type-product","3":"status-publish","4":"has-post-thumbnail","6":"product_cat-comunicadores-centrales-de-monitoreo","7":"product_tag-centrales-de-monitoreo","8":"product_tag-comunicadores","9":"product_tag-honeywell-home-resideo","11":"first","12":"outofstock","13":"sale","14":"shipping-taxable","15":"purchasable","16":"product-type-simple"},"_links":{"self":[{"href":"https:\/\/soydeaqui.ddns.net\/pachuca\/index.php\/wp-json\/wp\/v2\/product\/6774","targetHints":{"allow":["GET"]}}],"collection":[{"href":"https:\/\/soydeaqui.ddns.net\/pachuca\/index.php\/wp-json\/wp\/v2\/product"}],"about":[{"href":"https:\/\/soydeaqui.ddns.net\/pachuca\/index.php\/wp-json\/wp\/v2\/types\/product"}],"replies":[{"embeddable":true,"href":"https:\/\/soydeaqui.ddns.net\/pachuca\/index.php\/wp-json\/wp\/v2\/comments?post=6774"}],"wp:featuredmedia":[{"embeddable":true,"href":"https:\/\/soydeaqui.ddns.net\/pachuca\/index.php\/wp-json\/wp\/v2\/media\/6773"}],"wp:attachment":[{"href":"https:\/\/soydeaqui.ddns.net\/pachuca\/index.php\/wp-json\/wp\/v2\/media?parent=6774"}],"wp:term":[{"taxonomy":"product_brand","embeddable":true,"href":"https:\/\/soydeaqui.ddns.net\/pachuca\/index.php\/wp-json\/wp\/v2\/product_brand?post=6774"},{"taxonomy":"product_cat","embeddable":true,"href":"https:\/\/soydeaqui.ddns.net\/pachuca\/index.php\/wp-json\/wp\/v2\/product_cat?post=6774"},{"taxonomy":"product_tag","embeddable":true,"href":"https:\/\/soydeaqui.ddns.net\/pachuca\/index.php\/wp-json\/wp\/v2\/product_tag?post=6774"}],"curies":[{"name":"wp","href":"https:\/\/api.w.org\/{rel}","templated":true}]}}