{"id":67727,"date":"2026-03-19T09:43:24","date_gmt":"2026-03-19T09:43:24","guid":{"rendered":"https:\/\/soydeaqui.ddns.net\/pachuca\/index.php\/producto\/torre-autosoportada-de-18-metros-linea-rsl-secciones-4-a-9\/"},"modified":"2026-03-19T09:43:25","modified_gmt":"2026-03-19T09:43:25","slug":"torre-autosoportada-de-18-metros-linea-rsl-secciones-4-a-9","status":"publish","type":"product","link":"https:\/\/soydeaqui.ddns.net\/pachuca\/index.php\/producto\/torre-autosoportada-de-18-metros-linea-rsl-secciones-4-a-9\/","title":{"rendered":"Torre Autosoportada de 18 metros Linea RSL. Secciones 4 a 9."},"content":{"rendered":"<div style='width: 100%; max-width: 1200px; margin: 0 auto; font-family: sans-serif; line-height: 1.6; color: inherit; background-color: transparent;'>\n<div style='display: flex; flex-direction: column; align-items: center; margin-bottom: 30px;'> <img style='width: 250px; height: auto; border: 1px solid rgba(150&comma;150&comma;150&comma;0.3); border-radius: 8px;' src='http:\/\/ftp3.syscom.mx\/usuarios\/dcarreon\/TORRES\/ROHN\/ROHN_LLC_LOGO_JPG-423x166.jpg' alt='LOGO ROHN' \/> <span style='font-size: 17px; color: #b40404; margin-top: 15px;'>L\u00edder Mundial en Dise\u00f1o y Fabricaci\u00f3n de Torres y M\u00e1stiles<\/span> <\/div>\n<div style='margin-bottom: 30px;'>\n<h3 style='font-size: 22px; border-bottom: 2px solid currentColor; padding-bottom: 5px; margin-top: 0; color: inherit; opacity: 0.8;'>Aplicaciones<\/h3>\n<ul style='padding-left: 20px; font-size: 15px; color: inherit;'>\n<li style='margin-bottom: 5px;'>Sistemas de Telecomunicaciones<\/li>\n<li style='margin-bottom: 5px;'>Redes Inal\u00e1mbricas<\/li>\n<li style='margin-bottom: 5px;'>Videovigilancia<\/li>\n<li style='margin-bottom: 5px;'>Enlaces punto a punto<\/li>\n<li style='margin-bottom: 5px;'>Radiodifusi\u00f3n<\/li>\n<li style='margin-bottom: 5px;'>Seguridad p\u00fablica o privada&comma; etc.<\/li>\n<\/ul><\/div>\n<div style='margin-bottom: 30px;'>\n<p style='color: inherit;'>Tambi\u00e9n para mejorar la comunicaci\u00f3n al alcanzar objetivos librando obst\u00e1culos como edificios&comma; desniveles de suelo y copas de \u00e1rboles&comma; entre otras.<\/p>\n<\/p><\/div>\n<div style='margin-bottom: 30px;'>\n<h3 style='font-size: 22px; border-bottom: 2px solid currentColor; padding-bottom: 5px; margin-top: 0; color: inherit; opacity: 0.8;'>Caracter\u00edsticas<\/h3>\n<ul style='padding-left: 20px; font-size: 15px; color: inherit;'>\n<li style='margin-bottom: 5px;'>Disponible en alturas de 6 a 30 m<\/li>\n<li style='margin-bottom: 5px;'>Galvanizado por inmersi\u00f3n en caliente (Hot Dip)<\/li>\n<li style='margin-bottom: 5px;'>Altura: 60 Pies (18.28 metros)<\/li>\n<li style='margin-bottom: 5px;'>Incluye secciones 4 a 9<\/li>\n<li style='margin-bottom: 5px;'>Dise\u00f1o \u00fanico en Piernas Tipo &#8216;U&#8217; para f\u00e1cil instalaci\u00f3n<\/li>\n<li style='margin-bottom: 5px;'>Disponible en modelos Est\u00e1ndar y Uso Rudo<\/li>\n<li style='margin-bottom: 5px;'>Orificios troquelados para la fijaci\u00f3n de sistemas de seguridad de ascenso&comma; kits de montaje&comma; etc.<\/li>\n<li style='margin-bottom: 5px;'>Los brazos de apoyo de cada secci\u00f3n son del mismo tama\u00f1o&comma; mientras que los pernos son est\u00e1ndar<\/li>\n<li style='margin-bottom: 5px;'>Diagramas de montaje se incluyen con la torre<\/li>\n<li style='margin-bottom: 5px;'>\u00c1ngulo de cierre superior est\u00e1ndar con cada paquete de torre<\/li>\n<\/ul><\/div>\n<div style='margin-bottom: 30px;'>\n<h3 style='font-size: 22px; border-bottom: 2px solid currentColor; padding-bottom: 5px; margin-top: 0; color: inherit; opacity: 0.8;'>Accesorios<\/h3>\n<p style='color: inherit;'>Las bases de cimentaci\u00f3n y todos los accesorios deben pedirse por separado&comma; incluyendo kits de pernos para escalar&comma; sistemas de seguridad para ascender&comma; arn\u00e9s de escalada con corredera&comma; kits de puesta a tierra&comma; pararrayos&comma; placa superior&comma; m\u00e1stil superior&comma; kits de montaje&comma; soportes gu\u00eda de onda&comma; ensambles antiascenso&comma; etc.<\/p>\n<p style='color: inherit;'>Las 3 patas de la torre de cada secci\u00f3n tienen la disposici\u00f3n para instalarles sistemas de seguridad y pernos de escalada de ascenso&comma; debiendo ordenarse en juegos de 10 por cada secci\u00f3n de torre.<\/p>\n<\/p><\/div>\n<\/p><\/div>\n","protected":false},"excerpt":{"rendered":"<p>Torre Autosoportada de 18 metros Linea RSL. Secciones 4 a 9.<\/p>\n","protected":false},"featured_media":63540,"comment_status":"open","ping_status":"closed","template":"","meta":[],"product_brand":[],"product_cat":[1713],"product_tag":[1899,1714,246],"class_list":{"0":"post-67727","1":"product","2":"type-product","3":"status-publish","4":"has-post-thumbnail","6":"product_cat-torres-autosoportadas","7":"product_tag-rohn","8":"product_tag-torres-autosoportadas","9":"product_tag-torres-y-mastiles","11":"first","12":"outofstock","13":"sale","14":"shipping-taxable","15":"purchasable","16":"product-type-simple"},"_links":{"self":[{"href":"https:\/\/soydeaqui.ddns.net\/pachuca\/index.php\/wp-json\/wp\/v2\/product\/67727","targetHints":{"allow":["GET"]}}],"collection":[{"href":"https:\/\/soydeaqui.ddns.net\/pachuca\/index.php\/wp-json\/wp\/v2\/product"}],"about":[{"href":"https:\/\/soydeaqui.ddns.net\/pachuca\/index.php\/wp-json\/wp\/v2\/types\/product"}],"replies":[{"embeddable":true,"href":"https:\/\/soydeaqui.ddns.net\/pachuca\/index.php\/wp-json\/wp\/v2\/comments?post=67727"}],"wp:featuredmedia":[{"embeddable":true,"href":"https:\/\/soydeaqui.ddns.net\/pachuca\/index.php\/wp-json\/wp\/v2\/media\/63540"}],"wp:attachment":[{"href":"https:\/\/soydeaqui.ddns.net\/pachuca\/index.php\/wp-json\/wp\/v2\/media?parent=67727"}],"wp:term":[{"taxonomy":"product_brand","embeddable":true,"href":"https:\/\/soydeaqui.ddns.net\/pachuca\/index.php\/wp-json\/wp\/v2\/product_brand?post=67727"},{"taxonomy":"product_cat","embeddable":true,"href":"https:\/\/soydeaqui.ddns.net\/pachuca\/index.php\/wp-json\/wp\/v2\/product_cat?post=67727"},{"taxonomy":"product_tag","embeddable":true,"href":"https:\/\/soydeaqui.ddns.net\/pachuca\/index.php\/wp-json\/wp\/v2\/product_tag?post=67727"}],"curies":[{"name":"wp","href":"https:\/\/api.w.org\/{rel}","templated":true}]}}