{"id":67724,"date":"2026-03-19T09:43:19","date_gmt":"2026-03-19T09:43:19","guid":{"rendered":"https:\/\/soydeaqui.ddns.net\/pachuca\/index.php\/producto\/certificacion-en-amplificadores-de-senal-celular-para-mejorar-la-cobertura-celular-2g-3g-4g-5g-y-llamadas-volte-y-convencionales\/"},"modified":"2026-03-19T09:43:20","modified_gmt":"2026-03-19T09:43:20","slug":"certificacion-en-amplificadores-de-senal-celular-para-mejorar-la-cobertura-celular-2g-3g-4g-5g-y-llamadas-volte-y-convencionales","status":"publish","type":"product","link":"https:\/\/soydeaqui.ddns.net\/pachuca\/index.php\/producto\/certificacion-en-amplificadores-de-senal-celular-para-mejorar-la-cobertura-celular-2g-3g-4g-5g-y-llamadas-volte-y-convencionales\/","title":{"rendered":"Certificaci\u00f3n en Amplificadores de Se\u00f1al Celular para Mejorar la Cobertura Celular 2G, 3G, 4G, 5G y llamadas VoLTE y convencionales."},"content":{"rendered":"<div style='width: 100%; max-width: 1200px; margin: 0 auto; font-family: sans-serif; line-height: 1.6; color: inherit; background-color: transparent;'> <!-- Secci\u00f3n de t\u00edtulo --> <\/p>\n<div style='margin-bottom: 30px; text-align: center;'>\n<h2 style='font-size: 24px; color: inherit; opacity: 0.9; margin: 0; padding: 0;'> Certificaci\u00f3n en amplificadores de se\u00f1al celular para mejorar la cobertura celular 2G&comma; 3G&comma; 4G&comma; 5G y llamadas VoLTE y convencionales. <\/h2>\n<\/p><\/div>\n<p> <!-- Secci\u00f3n de enlace --> <\/p>\n<div style='margin-bottom: 30px; text-align: center;'> <a href='https:\/\/www.syscom.mx\/calendario\/info\/programa\/191365' style='font-weight: bold; color: inherit; text-decoration: underline;'> FECHAS DISPONIBLES Y REGISTRO AQU\u00cd <\/a> <\/div>\n<p> <!-- Secci\u00f3n de contenido --> <\/p>\n<div style='display: flex; flex-wrap: wrap; gap: 30px;'>\n<div style='flex: 1 1 300px; min-width: 280px;'>\n<h3 style='font-size: 22px; border-bottom: 2px solid currentColor; padding-bottom: 5px; margin-top: 0; color: inherit; opacity: 0.8;'>Descripci\u00f3n<\/h3>\n<p style='font-size: 15px; color: inherit; margin: 15px 0;'> Reuni\u00f3n especializada para la capacitaci\u00f3n y aprendizaje en el tema de soluciones para mejorar la cobertura celular. Certificaci\u00f3n en el conocimiento de especificaciones para la venta&comma; instalaci\u00f3n y resultado. <\/p>\n<\/p><\/div>\n<div style='flex: 1 1 300px; min-width: 280px;'>\n<h3 style='font-size: 22px; border-bottom: 2px solid currentColor; padding-bottom: 5px; margin-top: 0; color: inherit; opacity: 0.8;'>A qui\u00e9n va dirigido<\/h3>\n<p style='font-size: 15px; color: inherit; margin: 15px 0;'> A integradores especializados en ventas y proyectos especiales que desean agregar m\u00e1s clientes a su cartera y que buscan innovar su empresa. <\/p>\n<\/p><\/div>\n<div style='flex: 1 1 300px; min-width: 280px;'>\n<h3 style='font-size: 22px; border-bottom: 2px solid currentColor; padding-bottom: 5px; margin-top: 0; color: inherit; opacity: 0.8;'>Objetivo<\/h3>\n<p style='font-size: 15px; color: inherit; margin: 15px 0;'> Que el asistente obtenga conocimientos sobre los amplificadores de se\u00f1al celular y la red de los operadores para que pueda ofrecer las soluciones para mejorar la cobertura celular y sean instalados correctamente para su \u00f3ptimo funcionamiento. <\/p>\n<\/p><\/div>\n<\/p><\/div>\n<p> <!-- Secci\u00f3n de temario --> <\/p>\n<div style='margin-top: 40px;'>\n<h3 style='font-size: 22px; border-bottom: 2px solid currentColor; padding-bottom: 5px; margin-top: 0; color: inherit; opacity: 0.8;'>Temario<\/h3>\n<div style='margin-top: 20px;'>\n<p style='margin: 10px 0; font-size: 15px; color: inherit;'><strong>1. Introducci\u00f3n a Cobertura Celular<\/strong><\/p>\n<p style='margin: 10px 0; font-size: 15px; color: inherit;'><strong>2. Conceptos b\u00e1sicos de RF<\/strong><\/p>\n<ul style='padding-left: 20px; font-size: 14px; color: inherit;'>\n<li style='margin-bottom: 5px;'>Frecuencia y banda de frecuencia.<\/li>\n<li style='margin-bottom: 5px;'>dB&comma; dBi&comma; dBm.<\/li>\n<\/ul>\n<p style='margin: 10px 0; font-size: 15px; color: inherit;'><strong>3. Red celular<\/strong><\/p>\n<ul style='padding-left: 20px; font-size: 14px; color: inherit;'>\n<li style='margin-bottom: 5px;'>Radio Base.<\/li>\n<li style='margin-bottom: 5px;'>Bandas de frecuencias.<\/li>\n<li style='margin-bottom: 5px;'>Tecnolog\u00edas 2G&comma; 3G&comma; 4G y 5G.<\/li>\n<li style='margin-bottom: 5px;'>Tel\u00e9fono m\u00f3vil celular.<\/li>\n<li style='margin-bottom: 5px;'>Dispositivos celulares IoT.<\/li>\n<li style='margin-bottom: 5px;'>Por qu\u00e9 hay problemas con la se\u00f1al.<\/li>\n<\/ul>\n<p style='margin: 10px 0; font-size: 15px; color: inherit;'><strong>4. Amplificador de se\u00f1al celular (ADSC)<\/strong><\/p>\n<ul style='padding-left: 20px; font-size: 14px; color: inherit;'>\n<li style='margin-bottom: 5px;'>Amplificador.<\/li>\n<li style='margin-bottom: 5px;'>Antenas.<\/li>\n<li style='margin-bottom: 5px;'>Cable.<\/li>\n<li style='margin-bottom: 5px;'>Funcionamiento.<\/li>\n<\/ul>\n<p style='margin: 10px 0; font-size: 15px; color: inherit;'><strong>5. Presentaci\u00f3n de amplificadores y soluciones<\/strong><\/p>\n<ul style='padding-left: 20px; font-size: 14px; color: inherit;'>\n<li style='margin-bottom: 5px;'>Para router celular.<\/li>\n<li style='margin-bottom: 5px;'>Para veh\u00edculo.<\/li>\n<li style='margin-bottom: 5px;'>Para edificio.<\/li>\n<li style='margin-bottom: 5px;'>Para pueblo.<\/li>\n<\/ul>\n<p style='margin: 10px 0; font-size: 15px; color: inherit;'><strong>6. Accesorios y su aplicaci\u00f3n<\/strong><\/p>\n<ul style='padding-left: 20px; font-size: 14px; color: inherit;'>\n<li style='margin-bottom: 5px;'>Antenas.<\/li>\n<li style='margin-bottom: 5px;'>Cables&comma; conectores y adaptadores.<\/li>\n<li style='margin-bottom: 5px;'>Divisores de potencia.<\/li>\n<li style='margin-bottom: 5px;'>Separadores.<\/li>\n<\/ul>\n<p style='margin: 10px 0; font-size: 15px; color: inherit;'><strong>7. Levantamiento en sitio (site survey)<\/strong><\/p>\n<ul style='padding-left: 20px; font-size: 14px; color: inherit;'>\n<li style='margin-bottom: 5px;'>Requerimiento del cliente.<\/li>\n<li style='margin-bottom: 5px;'>Niveles de se\u00f1al&comma; tecnolog\u00edas y bandas de frecuencia.<\/li>\n<li style='margin-bottom: 5px;'>\u00c1rea(s) a cubrir.<\/li>\n<li style='margin-bottom: 5px;'>Obstrucciones.<\/li>\n<\/ul>\n<p style='margin: 10px 0; font-size: 15px; color: inherit;'><strong>8. Dise\u00f1o de sistema<\/strong><\/p>\n<ul style='padding-left: 20px; font-size: 14px; color: inherit;'>\n<li style='margin-bottom: 5px;'>Rendimiento del amplificador.<\/li>\n<li style='margin-bottom: 5px;'>Ubicaci\u00f3n de amplificador y antenas.<\/li>\n<li style='margin-bottom: 5px;'>Ganancias y p\u00e9rdidas en componentes.<\/li>\n<li style='margin-bottom: 5px;'>C\u00e1lculo de cobertura.<\/li>\n<li style='margin-bottom: 5px;'>Dise\u00f1os complejos.<\/li>\n<li style='margin-bottom: 5px;'>Lista de materiales.<\/li>\n<\/ul>\n<p style='margin: 10px 0; font-size: 15px; color: inherit;'><strong>9. Instalaci\u00f3n<\/strong><\/p>\n<ul style='padding-left: 20px; font-size: 14px; color: inherit;'>\n<li style='margin-bottom: 5px;'>Mejores pr\u00e1cticas.<\/li>\n<li style='margin-bottom: 5px;'>Tips de instalaci\u00f3n.<\/li>\n<li style='margin-bottom: 5px;'>Estado del amplificador.<\/li>\n<li style='margin-bottom: 5px;'>Resultados.<\/li>\n<\/ul>\n<p style='margin: 10px 0; font-size: 15px; color: inherit;'><strong>10. Problemas comunes<\/strong><\/p>\n<ul style='padding-left: 20px; font-size: 14px; color: inherit;'>\n<li style='margin-bottom: 5px;'>Alarmas (oscilaci\u00f3n y ALC).<\/li>\n<li style='margin-bottom: 5px;'>No hay mejor\u00eda.<\/li>\n<li style='margin-bottom: 5px;'>Baja cobertura.<\/li>\n<\/ul>\n<p style='margin: 10px 0; font-size: 15px; color: inherit;'><strong>11. Instalaci\u00f3n de conectores<\/strong><\/p>\n<ul style='padding-left: 20px; font-size: 14px; color: inherit;'>\n<li style='margin-bottom: 5px;'>Conectores N macho a cable LMR400.<\/li>\n<\/ul><\/div>\n<\/p><\/div>\n<p> <!-- Secci\u00f3n de incluye --> <\/p>\n<div style='margin-top: 40px;'>\n<h3 style='font-size: 22px; border-bottom: 2px solid currentColor; padding-bottom: 5px; margin-top: 0; color: inherit; opacity: 0.8;'>Incluye<\/h3>\n<ul style='padding-left: 20px; margin-top: 20px; font-size: 15px; color: inherit;'>\n<li style='margin-bottom: 5px;'>1 m &#8211; LP400<\/li>\n<li style='margin-bottom: 5px;'>1 &#8211; RFN10063I<\/li>\n<li style='margin-bottom: 5px;'>1 &#8211; RFN100649I<\/li>\n<\/ul><\/div>\n<p> <!-- Separador final --> <\/p>\n<hr style='border: 0; border-top: 1px solid rgba(150&comma; 150&comma; 150&comma; 0.3); margin: 40px 0;'> <\/div>\n","protected":false},"excerpt":{"rendered":"<p>Certificaci\u00f3n en Amplificadores de Se\u00f1al Celular para Mejorar la Cobertura Celular 2G, 3G, 4G, 5G y llamadas VoLTE y convencionales.<\/p>\n","protected":false},"featured_media":67723,"comment_status":"open","ping_status":"closed","template":"","meta":[],"product_brand":[],"product_cat":[1570,1552],"product_tag":[1535,1571,1553,63],"class_list":{"0":"post-67724","1":"product","2":"type-product","3":"status-publish","4":"has-post-thumbnail","6":"product_cat-amplificadores-de-senal-celular-adsc","7":"product_cat-cobertura-para-celular-4g-lte","8":"product_tag-3g-y-voz","9":"product_tag-amplificadores-de-senal-celular-adsc","10":"product_tag-cobertura-para-celular-4g-lte","11":"product_tag-syscom","13":"first","14":"instock","15":"sale","16":"shipping-taxable","17":"purchasable","18":"product-type-simple"},"_links":{"self":[{"href":"https:\/\/soydeaqui.ddns.net\/pachuca\/index.php\/wp-json\/wp\/v2\/product\/67724","targetHints":{"allow":["GET"]}}],"collection":[{"href":"https:\/\/soydeaqui.ddns.net\/pachuca\/index.php\/wp-json\/wp\/v2\/product"}],"about":[{"href":"https:\/\/soydeaqui.ddns.net\/pachuca\/index.php\/wp-json\/wp\/v2\/types\/product"}],"replies":[{"embeddable":true,"href":"https:\/\/soydeaqui.ddns.net\/pachuca\/index.php\/wp-json\/wp\/v2\/comments?post=67724"}],"wp:featuredmedia":[{"embeddable":true,"href":"https:\/\/soydeaqui.ddns.net\/pachuca\/index.php\/wp-json\/wp\/v2\/media\/67723"}],"wp:attachment":[{"href":"https:\/\/soydeaqui.ddns.net\/pachuca\/index.php\/wp-json\/wp\/v2\/media?parent=67724"}],"wp:term":[{"taxonomy":"product_brand","embeddable":true,"href":"https:\/\/soydeaqui.ddns.net\/pachuca\/index.php\/wp-json\/wp\/v2\/product_brand?post=67724"},{"taxonomy":"product_cat","embeddable":true,"href":"https:\/\/soydeaqui.ddns.net\/pachuca\/index.php\/wp-json\/wp\/v2\/product_cat?post=67724"},{"taxonomy":"product_tag","embeddable":true,"href":"https:\/\/soydeaqui.ddns.net\/pachuca\/index.php\/wp-json\/wp\/v2\/product_tag?post=67724"}],"curies":[{"name":"wp","href":"https:\/\/api.w.org\/{rel}","templated":true}]}}