{"id":67717,"date":"2026-03-19T09:43:04","date_gmt":"2026-03-19T09:43:04","guid":{"rendered":"https:\/\/soydeaqui.ddns.net\/pachuca\/index.php\/producto\/mosfet-de-potencia-de-canal-n-de-50-a-60-v-to-220ab\/"},"modified":"2026-03-19T09:43:05","modified_gmt":"2026-03-19T09:43:05","slug":"mosfet-de-potencia-de-canal-n-de-50-a-60-v-to-220ab","status":"publish","type":"product","link":"https:\/\/soydeaqui.ddns.net\/pachuca\/index.php\/producto\/mosfet-de-potencia-de-canal-n-de-50-a-60-v-to-220ab\/","title":{"rendered":"MOSFET de potencia de canal N de 50 A, 60 V, TO-220AB"},"content":{"rendered":"<p><img style='display: block; margin-left: auto; margin-right: auto;' src='data:image\/png;base64&comma;iVBORw0KGgoAAAANSUhEUgAAAT4AAACJCAIAAAA64sMeAAAU1ElEQVR4Ae2de1iU1b7H3xFxAIESNY107xIEQXYcORTe2KFmCqKlu+SIbUvPxjQNPY+l2276eO1JQ+midlMetdpq1vPs3TEthjsoV5GLSEAMZiiM3IZhmBtw6rzt5dtai5k1A45r8DfP\/LHe9X7Xb\/3m83u\/814HhB54AQEg4IAEBAfMGVIGAkCgB6wLGwEQcEgCYF2HLBskDQTAurANAAGHJADWdciyQdJAAKwL2wAQcEgCYF2HLBskDQTAurANAAGHJADWdciyQdJAwJx1u7q6TCaTEV5AAAjYnYDJZOrq6jLzDUW3bnd3N5jW7sWCCYEATsBkMnV3d1MNTLcu+BZHCMtA4A4RMJlMrNbt6uq6Q0nCtEAACFAIUI+cKXtd2OVS4EEXELhzBKg7Xop171yGMDMQAAJ0AuQxM1iXTgp6gQBXBMC6XJUDkgECrATAuqykQAcEuCIA1uWqHJAMEGAlANZlJQU6IMAVAbAuV+WAZIAAKwGwLisp0AEBrgiAdbkqByQDBFgJgHVZSYEOCHBFAKzLVTkgGSDASgCsy0oKdECAKwJgXa7KAckAAVYCYF1WUqADAlwRAOtyVQ5IBgiwEgDrspICHRDgigBYl6tyQDJAgJUAWJeVFOiAAFcEwLpclQOSAQKsBMC6rKRABwS4IgDW5aockAwQYCUA1mUlBTogwBUBsC5X5YBkgAArAbAuKynQAQGuCIB1uSoHJAMEWAmAdVlJgQ4IcEUArMtVOSAZIMBKAKzLSgp0QIArAmBdrsoByQABVgJgXVZSoAMCXBEA63JVDkgGCLASAOuykgIdEOCKAFiXq3JAMkCAlQBYl5UU6IAAVwTAulyVA5IBAqwE7jrr1tXVrVixIigoaJz1r8DAQLVabTQaT5482dvol19+2Qz7tWvXUgc++uijzc3N2MCPP\/54+vTpfn5+1CHmO0+cOIFFExdbW1u3bds2adIkX19f8xGwtZGRkdSARUVFMTExgYGBmN7i4sSJE9esWaPT6ciwarXa4vC+CIKCgjZv3qzX69HUq1evnjFjRnh4eGlpKerkvHEXWbe6unrWrFmDBg0SbH2lpKSI5WxsbHR2dqaGGTFiBHVz1Ov1S5YsoQ556KGHKisrpRvKjh077rvvPqqYpXPGjBnS7VKMrNVq16xZ4+npyRIB0zg7O+fl5UkzNBqNOTk5YWFhMpkME1u16O3tfePGDSxyaWmpVUFsE0+YMEGj0RiNxi1btrz33nsxMTEJCQmxsbEkOiw9ThbvFut+\/vnn9957r201Fkc9+eST0qI+\/fTTvUX78ssvsepqtdro6GiqPjg4WKlUIn1ra2tERARVydjp6up6+fJlFFBsVFRUTJgwgTECKYuPj8cC7tmzx9XVlVTa0LNo0SIseGxsrA1xbBgSExNjMBi8vLyysrLWrl27evXqffv2lZeXY\/nwuXhXWDcpKcnJycmG0qIhHh4enZ2d0hKePHkSrcUa2LbY0tIybdo0TCMuTps27fr16yisSqUKDAykKtk79+7diwKKjerq6pEjR7JHwJT+\/v7iaQIK+8Ybb\/RxZ4tN0dbWhoI3NDRga2\/fore3t9FonDlzZnJy8qlTpxITE1988cWmpiaUDM+NgW\/dwsLCPu4fnJycvvrqK6yKKpVqyJAh1K3Ky8tLq9WK+oaGhoCAAKosIiKitbUVhdVqtXPnzqUq2TtDQ0OxrxidTjdq1Cj2CJhy0KBB33\/\/PUrSaDSeOXOmj9+D2BSCIDQ2NqIpvvnmG1Jwm3pGjhxpNBrb2trmz5+fkJCwatWqDz74AGXCeWPgW7eioiKvb6\/i4mJqFc1ERrupysrK3ibHTonVanVvSvZ+co\/R3NzMPpxUkpdtCgsLSVkfe6RnIkqlso\/R2IcXFRWhymJfeaif28bAty636CExINAXAmDdvtCDsUDgjhEY4NYtKCjIsulVXFyMzlfNFKe+vt6q8OLdCDLgzZs3rYqDxNnZ2dILXdLIBoMByaSNixcvSmXs7fb2dmkc1K6vr2cJkp+fj4agxvnz56VjL1y4gFahRklJiVQjtpVKJRJIGx0dHZhYp9NJBah96dIlTOlYiwPcupMnT7b5CoeLi0tERERDQ4OZipaUlLDHP3z4cG+hcnJy2ONgSplM5u3tnZSUhAWvrKzElOLiCy+8gCkZFzdu3EgGHDJkyM2bNy1GaGhoGDx4MDl8586daGx+fj4pEARh9+7dSIMaYWFhVLH0yp8o7u0uMTUsis9\/Y4BbV6lUPvHEE325IhoSEmKmihqNprdnM6Qb1qBBg06dOmUmjl6v371794gRI6SjrG1nZGRIp0hISCAjyGSyiooKqYyx3dra6uLiQgYMDw9nibBixQpy7ODBg1taWtBw6leDIAjkXlev17u7u5MBsdtyYuS4uDhS6e7uLp0a5eBAjQFuXbESTU1N6enpBw8e3LBhw4IFCyZOnOjm5kaWs7ee1NRUMxV97bXXehso9svl8u+++85MBLRKr9eXlZWdPHly+\/btzz\/\/fHh4+AMPPGA+uHTtpEmTUCitVjt69GjpWrEdGhqKNFY1MjIyyGiCILz\/\/vsscajfSmPHjjUYDOJwg8Hw4IMPklM88sgjZPzExERS6eTkdPXqVUysUqmo361z587FlA63eFdYl1qVurq65OTkffv2xcXFhYeHDx06lNwaxJ5t27ZRI4idDQ0NZh6uvOeeewoLC80Mt7iqra2toKDgs88+27x588KFC8eNG2fmcQh0Lp2ZmUn9OLt27bI4I1WwdOlSMqCHh4f0aQrqQKPRWF1dTUV05MgRNOTcuXNkfEEQjh8\/jjRiw2Aw3H\/\/\/aR4+PDh6IsADentLvHRo0eRxkEbd691sYK1tLT4+fmRG4QgCG+99RYmli7qdLphw4ZRB44cObKurk4q7pf2oUOHqNM5OTmhS2vr168nNc7OzrblU19fT\/VeTEwMyyeaPXs2mYynp6d07OLFi0mNTCYjd6Stra3UHem6deukAcU29flT6TMz5BBH6QHr3qrUjh07qFuPxd3mpk2byIEeHh7owYxbc\/RHS6\/XUw\/4Z86cKYZvb2+nCubNm2fb\/MeOHSM\/oCAI5ENmZPxffqtEtf3kyZORuLOzk3pEPWfOHKRBjQ0bNpDJDBkyhKRdV1dHKgVBiIuLQ9EctwHW\/a12arWa+vsEPz8\/89U1GAxjxowhN5Hp06ebH2jz2nfffZecThCEtLQ0Mebp06epgldeecW2SefMmUMNaPFJ\/V\/gfPLJJ+RYmUymUChQMocPHyY1giDk5uYijdjQaDRUZWBgIKY0Go0HDx6kihkvPZABueoZgNbt6Og4auUrMTFx+PDh1DJ\/+OGH5gvW2tpKve2B3bGkBsnJybEy06ORkZHUnZinpyc6Wl63bh31s\/xypX3r1q2MM6IbpO3t7b2dXQcHBx85cqS3gElJSdHR0dSx2HX73u7hkb9hrqqqon60\/fv3k4SpN5DGjBlDnhKTY\/nvGYDW3b59O7W6NnRGR0dLH6+llpO6xxg7dixVLO3s6Oiw7dez5AdxcnKqra1FwZ955hlSY1WP9NpvTU2NVWMtit3c3GpqalC2Op2O+vuQ5cuXIw1q9Ha1DH1tIWVxcTH1W8P8RUc0nP\/GQLNuXl4edR9ocXsiBVOnTrX4sEFnZyf1GtWyZcvM195gMFD3CWQaFnsGDx787bffSqeLj4+3OMq8QBpQrVb3F1JBEJydnc+ePSvNdufOnWQyMpmMvKLW2NhIPeKYPXu2NKDYpl6AEATB5ofJyCnubM+Asq5Wqw0JCSG3Axt6YmNjVSqVxdpQj99kMllZWZn5sV9\/\/TV1K7Q21eHDh2M\/yjMajcnJydbGkepdXFzQ0bL4Kfrrt+\/e3t7ohBzxod7OHTp0KPlTnrNnz0rzRO0vvvgCRUON8ePHIwFq\/PKnbSweRqEInDcGlHWpl4hR2RgbAQEBx48fZyww9eD84YcfNl\/1xsbGvu\/H3NzcVq1ade3aNepcb775JuPnJWVTpkzBYtbV1QUHB5NK9h65XB4fH0\/+LZvm5mbqnZ5XX30Vy8FoNM6aNYuccdSoUdjPJ41GY2pqKqkUBGEA3M5FWAaOddVq9aJFiyJtfS1YsOCll146d+4c+zUMg8GwePFickKLDxgdOHCAHMXeExsbm5iYSNoAFVVs5OXlrVy5Mioqij2yqCwoKMBCGY1GjUZz4MAB6uc1Ez8qKmrp0qUHDhwgHy0Wpzh+\/Dg5fN68eeS5a3NzM6mMjIykPmSyb98+qpi8S0x+UkfpGTjWdRTikCcQ6BcCYN1+wQhBgIC9CYB17U0c5gMC\/UIArNsvGCEIELA3AbCuvYnDfECgXwiAdfsFoxVBOlVNqcOCUu+daO0786EpRr2hemvC+aDH00YEWzW89p2PrNIjsfLdw+mjQ9Aie+PiguUX5y9n12c8EFrybLzh338E1wqgd6sUrGvvyjd+l66Q+9jwrt374aW\/rLRhYLb\/Y3lTn7JhoELuU7lxp40DN+1SuPhaO7Y8bqO96+Gw84F17V26oqhl1m7QCrlP2rCgxm\/TbDCDQu5z\/fSZNK8\/2TBpUdSygpkxNgxMvXdi9dYEGwZm+dyun1vZu8y3fz6w7u1nLJlBU3sV36Bdx6d5BaF3qmcALvj\/XfSF0HnZATOoqxRyn\/T7\/7O3VQrX8dXbE7G1aDqxga1Fiz8fO53i7o8WxUbasFvZpnkFpQ4LwgQKuU\/pc+tzwxaQ\/Snu\/tKpU4b6YZps\/wgJLWiaIwDWNUen39f9dPgf2MZaumy9Qdup12jEt0Gnq9y0C9Mo5D61ez8kO8We4qf+pm\/XkB4T114Iicz8Q5h0bOZDU40Gw60ZtZ0qRVbqPYFSjULuk+I6vnzl3\/FOd\/9OVZNeo\/k1QodWr9E0ZeZhGoXcp2bHu3ini2\/N9sTOphY0r17dnjVuGiYrfe5\/+p35QA0I1rVjZQ2GvClPYhurKjnr4oIVqLPg8SUGnT7F7Xe7owzv0KsHjiKNtFE091lNjdKg06eNeFja\/1vbxbf5wsWUob\/bc5YuW19\/4p9InOI2Xnu94UJoFOoRG2XLN+QEPY51\/rbo4qtR\/pT5x8nUtWlef7r84mvYqh82v3X9xL8sHvCrUrLtWA\/Hngqsa7\/6tV4swzZohYuvtkElNWr5ipeViZ9isqo39lyMfh7rVMh9Cuc821Z2JcXt17\/jUTDrv0jBhdAo1dk0rL8l\/1JO4EzUmeoZqLlWr3D9\/SUlV9+Oa\/X0rwO5T\/GT\/3399P+iCFjj6qFjRXOexTrbf\/ixeuu+7IAI8Z0+KgQTKOQ+2RPgaNmKrRGsawWsPkqr3tyLba+Vf99ds+u90qXxyv2fKvd\/ev3EvzQ1dVInK+Q+WeOmaW80Zo8Px8YWzo5tyb8kHuheP32m\/h+3dqRI2VZy+cr6LWhRIfe5EBLZVlKRPjqkZMnakiVry1a8rFH+RF6LuvziqzdTs1M9JkjHonZzblEhYU5xbfrokPbaq9kTIpD4t\/77Q6q3JtS+81HtOx8p93+qb1OfnxSJaape39NHwnfVcLCu\/cqd7f8YtrG2lV3JDZtfsfb1mu2JVa+9XfhELHmZKts\/onLTbmxg\/p+fbsopyAmceS3p1PXTZ1TJmQZtJ3666+J7M\/08NrBqyzu1ew4Wzo6t2Z5Ys+t9o96QGzYf0yjkPj9s3p3hHUr2iz2dN5vTRgRT12aMebR44d+oq1BnqseE9mol+UnbLuH\/0dt+tXHAmcC6diqaKjkTbbtiI33UpPbqWuxEFNMo5D7lL2zCDlzzpi1szi3K8rl1jSf1nkBDpy7zwSnS4TkTZ5Y8Gy\/tUch91FeqMv94S9ZWeuVa0ilMk+Lmp\/o+o7fz0vK4jXUfJGFD0GLdoWOY51Pc\/ZvPFzbnXkRvdUVV+arNaIjYyJv6lPHff07dTiVx8GnAunYqYPnKTdjGmvmHsPP\/MQfrJBd\/fOsDrDN\/+iLsorHC1bdo7l\/Tfn+f5vLqV7Ez2FTPgIIZv7tPm+UbXhT1HLa7zvAOzX0kGpsULeZNW5g+mnKmKgrIbFOG+hVFLSuKeu6399y\/ZvlMR9FQ4+pHn9mpEgNlGrCunSp56ZlVaDNlb+RNeap02Xp2PVKmegS0FpejRasatXsOYWZmHH4+eI4Zz5sL4uKr+RH\/nyN2KozDTgPWtVPpahM+Mrft9vJoZNWWd1I98TuuLHHyH3vG0NmZ7fdnFrFUk+YVdOOf30t7GNsp7v7qK9VpXpQnNCxGKIp+3k5lGEDTgHXtV8xLT7+Q4k6\/ZkvduFPcxle9\/jZ1lcVO5fu\/\/jsfjfKnXx97sOZZ4txHo7FzZotzpQz1O\/\/wE+or1T++fdCimCpQfZduvzIMlJnAunatpL6jo115lfGtuVavbVAxijGZQa9HH6zj5xvYWjOLWtVNM2upq9DPfTRXf6YKLHYadDqULTQYCYB1GUGBDAjwRQCsy1c9IBsgwEgArMsICmRAgC8CYF2+6gHZAAFGAmBdRlAgAwJ8EQDr8lUPyAYIMBIA6zKCAhkQ4IsAWJevekA2QICRAFiXERTIgABfBMC6fNUDsgECjATAuoygQAYE+CIA1uWrHpANEGAkANZlBAUyIMAXAbAuX\/WAbIAAIwGwLiMokAEBvgiAdfmqB2QDBBgJgHUZQYEMCPBFAKzLVz0gGyDASACsywgKZECALwJgXb7qAdkAAUYCYF1GUCADAnwRAOvyVQ\/IBggwEgDrMoICGRDgiwBYl696QDZAgJEAWJcRFMiAAF8EwLp81QOyAQKMBMC6jKBABgT4IgDW5asekA0QYCQA1mUEBTIgwBcBsC5f9YBsgAAjAbAuIyiQAQG+CIB1+aoHZAMEGAmAdRlBgQwI8EUArMtXPSAbIMBIgMm6JpOJMRzIgAAQsAMBk8nEZN2uri47ZANTAAEgwEigq6uLybo9PT2w42VkCjIgcLsJUHe5PT09Aunmnp6e7u5ucO\/tLgnEBwIWCZhMpu7ubqpJ6dYVpV1dXWBgi3BBAARuBwGTyUQ9TkY2NmddJIIGEAACvBEA6\/JWEcgHCDARAOsyYQIREOCNAFiXt4pAPkCAiQBYlwkTiIAAbwTAurxVBPIBAkwE\/g\/J8Qe2IUnaPwAAAABJRU5ErkJggg==' alt='' \/><\/p>\n<p><span style='font-family: helvetica&comma; arial&comma; sans-serif;'>Los MOSFET de potencia de canal N se fabrican mediante el proceso MegaFET. Este proceso&comma; que utiliza tama\u00f1os de caracter\u00edsticas similares a los de los circuitos integrados LSI&comma; ofrece una utilizaci\u00f3n \u00f3ptima del silicio&comma; lo que se traduce en un rendimiento excepcional. Se han dise\u00f1ado para su uso en aplicaciones como reguladores de conmutaci\u00f3n&comma; convertidores de conmutaci\u00f3n&comma; controladores de motores y controladores de rel\u00e9s. Estos transistores pueden funcionar directamente desde circuitos integrados.<\/span><\/p>\n<\/p>\n<p><img style='display: block; margin-left: auto; margin-right: auto;' src='data:image\/png;base64&comma;iVBORw0KGgoAAAANSUhEUgAAASQAAAC4CAIAAADFSAY3AAAgAElEQVR4Ae2de1gU1\/nHz7ALy3JdEWHxRhTJo0ZhxQsalRWRCpgLD7pEa7xStSYmm9jn6UPqo7ZeEjUxG0WbVE2NSuzqE6XmSWPTpiJuEevzKKmILVJgFUWNxhsXUVjmR31\/OR33MjuzN3bx3T\/gzDnvec873zOfPWfOzM4QFj+oACrgEQWIR1rBRlABVIBF2PAgQAU8pADC5iGhsRlUAGHDYwAV8JACT8BG8IMKoAKuU8AMYoTNddKiJ1TgSQXsw2ZmgZuoACogSgEgzrKKlZHN0ghzUAFUQLgCCJtwrdASFXBKAYTNKfmwMiogXAGETbhWaIkKOKUAwuaUfFgZFRCuAMImXCu0RAWcUgBhc0o+rIwKCFcAYROuFVqiAk4pgLA5JR9WRgWEK4CwCdcKLVEBpxRA2JySDyujAsIVQNiEa4WWqIBTCiBsTsmHlVEB4QogbMK1QktUwCkFXAzbgwcPLl++3NDQYDKZnIrLXuVz586Vl5dfunTJnqHN8mvXrpU\/\/rS3t9s0wgL3K9DU1PTuu+\/+5Cc\/SUlJWbp06cWLF4W0mcj5TJw4MSsra9WqVVevXhVS19ImMTFx06ZNlvmuzXEZbHv27ElKSvLz8wOPoaGhc+bMqa+vd2241Ft4eDghZN68eTRHbGL16tUQ6p07d8TWRXtXKdDW1jZ27FipVKrRaBYtWhQVFRUWFnbhwgW7\/gkhycnJqx9\/tFrtzJkzwx9\/SkpK7Na1NFCr1QUFBZb5rs1xDWy\/+tWvwFFERERGRsaoUaNgs0+fPjdu3HBtxOANYXOHqp73efjwYULIzp07oemamprAwMC5c+fajYQQotVquWbXr18fPHhwTExMS0sLN9970i6AraWlJSAggBAyZMiQxsZG2LedO3cGBQVFRUVt3rzZHXuLsLlDVc\/7PHr06IsvvvjDDz\/QpgcPHpySkkI3bSUsYWNZ9vjx44SQ3\/\/+9yzLHj16dNOmTfv27Zs0adK8efOuXbvW0dGh1+s1Gk1KSkpmZubWrVvpGYRWqz18+DDLstXV1Vqt9syZMxs3bkxLS8vMzNy9e7etGMTmuwC2q1evgpfJkydbbd5kMs2ePfvll1\/OyclpbW0Fm5qampcff\/bs2XPq1ClIl5WV7d69OzU1deDAgZmZmefPn793797KlStVKtXAgQPnzp179+5dqA6wzZ49e8uWLWPHjh0wYMDUqVP\/8pe\/cAO4ePHismXLRowYERsbm5CQsGjRooqKCmqA00gqhfckamtrpVJpXl6e3ZCswtbR0REeHv7qq692Vl+9enVQUFBoaOjixYsTExObmppWrlxJCJkyZcobb7wxcuRIQkjnJBQaot6Ki4s7ce3fv39SUtLrr78+ZMgQQsiuXbvsxiPEwAWwmUym\/v37g6P58+fX1NRYNqzVasEAvj9Ylv34448h5+jRo0VFRZAeMGAAJODvwIEDzXIWLlwIzgE2hmEIITKZDBIMw3z++edgUFxcHBQURAgJDAwcO3ZscHAwISQgIODIkSNggLBZdpOTOUaj0RkPzc3N48aNCwgI4H4n2nJI8TAzGDJkSFpaWmcm9O\/evXtZloXlOpVKRceDtra2mJiY1NRUqE69AWwvvfRSR0cHy7L3798PCwvLysoya8WxTTiqLeuKewbJsWPH4MgmhDAMo1ard+\/e3dzcTP3W1dVJJBJCyPTp0yFz5syZhJDg4ODW1lYKm0wm++CDD\/75z3\/CNwohpGfPnoWFhf\/4xz969uxJCOnduzdUB9jCwsIKCwvb29vr6upiY2MJIRERES0tLY8ePerXrx8hJDIysq6ujmXZa9euPfPMM+Cwqamp0wnCRnvHyURhYWF0dDR830ml0kmTJjngsLm5OTU1lRCyZ88eIdUpHmbGiYmJEydO7MyE\/r1y5YqZgclkqqmpOXDgQHR09OjRo6GUegPYCgsLaa2kpKTnn3+ebjqTcA1sLMsajcZXX30VTt7AaURExPbt2+EbgmXZGTNmwCgEU8E+ffoQQrKzs1mWpbDt2LEDdmbFihXgxGAwQM706dMJIRKJBDYtz9m2bt0KVb7++uu\/\/\/3vkF6zZg1VZ\/v27ZAJgxvCRpVxJlFWViaVSiMjI5csWbJixYqUlBSGYUaNGiXK561bt5KTk\/38\/OB0S0hdioeZcURExCuvvNKZCf3LXWouLy9PT08PCQmBOY5MJktMTITq1BvAVlRURN2q1WpqRjMdS8DhZ1lX3MhG69+4cWPjxo1xcXHglxBCD\/dTp05B5s6dO+vq6iANZ58UNrqTH374IRjAuMSy7Lx58yAH2rKE7dixY2CwZcuWXbt2QfrPf\/4zje306dOQCVdUEDaqjDOJ+Pj40NDQ2tpa6kSj0XTy9tVXX9Ec\/kR9ff2zzz4bGBhITzH47aGU4sE1Li8vJ4R89NFHnZlmsDU2NkZGRvbr1++9994rKSlpbGyEC3Vm3nwJNgjdZDJ9+umnMK8IDQ2lF7jHjx9PCJk8eXJhYSFMOL\/\/\/nvuyEZh0+l0AIZw2CjMGzZs+O1vfwvVi4uLaWdATxBC1q1bRzujs8+4X37UGBMCFQgKCpowYYKZsUQimTFjhlmm1c0HDx4899xzISEhYq+PWcLW3t6elZUVEhICV5vMYCspKSGE7N+\/H8JobGwMCQlJSEiATerN92CDHRgzZgwc8ffv34ecQ4cOwVQwNzeXEDJu3DjItxzZHIDtwIED0NyePXuoQ+60BC7p0KVhHNlAfCf\/OgkbTGFGjBih5XzozRwFBQU0bRYnIeSFF14o+vGzbdu25ORkQghdqTeDraKighCi0WiuXbtWWVmZkZHRaRwbGwtufQa2I0eO9O\/fPzg4eNGiRfQM7fLly6GhoYSQQYMGUZlMJhPMMGHQW79+PRRRNsSObMOGDYNLNB0dHZmZmQDbpUuXbt26JZPJCCGpqak0pKysLED98uXLne0ibLRfnEk4OY1MT0+HXuP+pedIPOdLXHtCSGhoaHp6OvfajxlsnYtkS5YsobVycnLmzJkjkUgaGhpYlvUZ2FpaWoYOHQq7MXLkSK1WO3\/+fDin8vf35541sSy7bds2usPnz593EjZYb1ywYMGECRPA7cyZM8EnXWLJzMwsKCjIyckBg7feegsMEDZnGKN16QJJbm7uihUrRo0axTDMyJEjqYFXJaqqqoqLi7lnmJ4MD45AyxbFLZDcvHlzzpw53KVIuABQVlZm5rqpqQnGnGeeeYYWOTyyPf\/886NHj4Z9YBgmNzcXlvVZlu3o6NiwYUOPHj2glBDSo0eP9evX05sGEDaqv5OJffv2wYWZzvUwPz8\/tVrtpMPuWt01sIE6TU1Np0+f\/tvf\/nby5EnuDThc7RoaGqDJN998k5vvTLq6urq0tPT69euWTtrb2ysrK0+cOFFRUdHW1mZpgDkuVIAQgqTx6OlK2HiaoUU7duyAJi0HPWqDCR9VAGHj7zgPwXb8+PHW1tbr16\/D7VeWi8X8UWKpTyiAsPF3kydga25uDg8PDwwM9Pf3J4SEh4fTpRH+4LDUtxRA2Pj7yxOwNTU1vf\/++9OmTUtLS9NqtfQ6NX9kWOpzCiBs\/F3mCdj4I8DSbqMAwsbflQgbvz5YKkIBhI1fLISNXx8sFaEAwsYvFsLGrw+WilAAYeMXC2Hj1wdLRSiAsPGLhbDx64OlIhRA2PjFQtj49cFSEQogbPxiIWz8+mCpCAUQNn6xEDZ+fbBUhAIIG79YCBu\/Plj6\/woYjUbd4092drZarVapVIofP0qlUv34QwiJi4vT6\/WomlUFEDarsmDmfxUwGo15eXlKpRJ+WQ\/HCjw8BkBTqVRKpVKhUMjlcloKCblcrlarETzukYSwcdXA9H8VMBgM2dnZCoWCYqNSqWBY438MK4xsOp0OEIXqUqlUpVLl5+ejuAgbHgP\/UyAvL4+OUQqFIjs7mz63839GtlOW52z5+flxcXEwMDIMExcXJ8qh7aZ8sgRh88luc3nQOp0OMFMoFHl5efwjmK3WLWGjlnq9XqVSMY8\/arXaMf\/Um48mEDYf7TiXha3T6WDGKJVKdTqdM355YAO3RqORPl7tKUQOYXPm6PLtugaDQalUdj61VuCLY+zurV3YwIPBYADkXNWu3cC8xABh85KO8HQY+fn5MKmD1y24pHmBsEFber0eRlSlUvmUzCoRNpccZj7mRK1Wdz4TX6FQuPYoFwUbSJaXl0cIkcvlT8NFAoTNxzhxMlyj0QhTx7i4OCddWVZ3ADaWZfV6PYyxTp4xWsbjbTkIm7f1iBvjMRgMsOQo5NWeDsThGGxw9RwCc+Gc1oH43V0FYXO3wt7inw4g7puwOQwbaASrJu4Ycr2kDxA2L+kI94ZhMBgYhpHL5a49STML2knYWJbNzs4mhKhUKjPP3WMTYese\/ci3F0ajUS6XMwzj7rs3nIeNZVmVSkUIcdNEl08m95chbO7XuKtbgBUR980e6f65BDaWZWE+2f3WSxA2eqh0z4QnBwpXwUaHYg98QXiy1xE2T6rt6bbgKpZn3iyzceNGQsiYMWNcspNGo9EDJ5kuCVW4E4RNuFY+ZqnX6+E3Lx6IG8ZP+KlbeXm5S1qE5VOFQuESb97gBGHzhl5wSwwKhUIqlQpffszLy3N42mb261I4qoT85d9zWJzsNidvCBt\/d\/tqqU6nE7um58wZFxe2vn37wi9N+f8CSHb1lUqlcrncrplPGCBsPtFNooN04Bh1Brb4+Hg4khiGOXjwoJBw4evArqUD3xp2fXaVAcLWVcq7sV1YFxE7+3IGNpZlFyxYQAgZPny4wB0TCBvLsmLnwwID8LwZwuZ5zd3botFolEqlDqwrOAkby7KiPAiHDVZ6PLOm6ta+QdjcKm8XOIefz\/AsdcCxa3k3iShUrO6YKA\/CYYPL3AzDCF\/ssRpel2cibF3eBS4OQCqV8t\/LC0e55SQTDgUn\/woff0TBZjAYCCG+\/psAhM3Fx3rXuoNRi\/+5cTywKRQKeNyqY39VKhXPiGqmjCjYWJZVKpW+viyJsJkdA769CU+w4t8HHtiEj0v8TQgpFQsbrPr49EwSYRNyYPiMjd05JMuyPgobzCR9+tcACJvPgGQ3UCFzSN+FjWVZuVyuVCrt6uC1Bgib13aN6MDgngy7Ey0fHdnoT0vt7qBo4TxVAWHzlNLub0fgF78t2PLz84Uvbzi\/N2LP2eAlBGLvQXM+Thd6QNhcKGYXuxJ4INqCzcPROwAbzCT5L2x4eC9ENYewiZLLe42FIyTc0q176xhsiscftwbmPucIm\/u09ahnOHYt7wuxDMIWbHq93pOnQ47BplarHbgTzVKELslB2LpEdtc3CpehhPi1BRvDMN58nQ12DW5GE7KbXmiDsHlhpzgSkvCj0BZsVu9srKqqEn4jv6i4HRvZhH+niArGM8YIm2d0dnsrwudXwmF77bXXAgICpFKpO6J3DDaoJWS27I6YnfSJsDkpoLdUF75yIAS2L7\/8sm\/fvnBwuAQ2eO0995ZLeF4dN0etVtu9QQQu3FveRe0t3cAbB8LGK4\/vFCoUCoFr4nZhmzZtmkQigSMD3t7mvAxSqZQ65EkIudWYEMJ\/p7Xz0brJA8LmJmE97RZu2BfSKg9sEomE+zQRSgUMm3b\/xsXFCb8sHh4eTgipqqoSEjPXxnd\/a4OwcfvRh9MumUZSuswSdjEDA6tLLFY1Xbx4MTQxdOhQqwa2Mo1GIyEEp5G29MF8TygQFxcn8AIUz8iWnJyckJBgNrgJP2cTCFtFRQV3Vrlq1SrhAtkKXriHLrTEka0LxXdl02q1WiAVto5Xisq6detCQ0Pp4CbQrfBnkPTv3586J4QEBQUJFwKC9+TFd+Gx2bVE2OxK5BsGLr\/ONnnyZD8\/P1ELJBRXHsnoBJLL27hx43iqcIuE7ya3lpekETYv6Qhnw4CvfCFe7I5s1Mnhw4djYmL8\/f1pDn\/CLmznz5\/39\/fnYgZphmEKCwv5nUOp8AFciDcP2yBsHhbcXc3ZQsiyPVuWKpXK6pL6rFmzLJ1YzbEL24ABAyxJg5yIiAirPs0yhZ+amlX0hk2EzRt6wQUxwFMDhCzT2YLN+SDswjZ+\/Pi0Hz\/wEOUft\/77\/9tvv7Ubg\/BFV7uuPG+AsHlec3e1yDCMkBfkdiFs3D2HMLg5QtIevltaSEjCbboVbI2NjSkpKceOHRO+\/3fu3Fm5cuWQIUNgMaB3797z58+vrq4W4qGjo+PEiRNCLD1jExcXJ2Tl0Hdhy8\/PJ4QIv27uGdmFt9J9YHv48OGLL75ICCkqKhK4\/zU1Nf369QsODl62bNkf\/vCHL774YtWqVZGRkWFhYd99951dJ3PmzElMTLRr5jEDgceiLdikUqmTT0G1O43kSuHAyCbw24TbileluwlsFy5cGDNmDOyMQNhMJlNSUlJUVNS\/\/\/1vbpfU19f36tVr4sSJ3EyrabVa7VWwwd0VdoGxBZsoVKwKIsqDA7AJnCdbjc0bMrsJbBKJZPjw4QUFBcJHtj\/96U+dL+bct2+fZTd89NFHubm5ra2tLMt2dHTo9XqNRpOSkpKZmbl169b29naWZQsKCvr06RMZGanValtaWliWffTo0bZt2zIyMtRq9dtvv33lyhVLzwJzHL5oK+SxwT4Km62wBUrqDWbdBLbdu3e3tbUVFxcLh23JkiUymay5uZm\/G1auXEkImTJlyhtvvDFy5EhCyOrVq1mW1Wq14eHhwcHBarW6sbHRZDJlZWUFBAS88sorS5cu7dOnT1RUVF1dHb9zs9KqqqpBgwbB2SPDMPHx8RcvXjSz4d+E31by\/9zL1lEralyyDEPsO7XFjmxCHvZsGZVX5XQT2EBTUbBNnjx58ODB3M5obGy8w\/k8evSIZVmVSjV58mQwa2tri4mJSU1NhU3uNPLzzz8nhNDF65s3b0ZHRwu\/QgUOFQqFTCbTaDSrVq3SaDQymaxHjx7cCO2mhcwk3QGbA+\/UFgubkIc929Wnaw2eXtjUavVzzz3HVR9uBQJFzEZIk8lUU1Nz4MCB6Ojo0aNHQy0ubLNmzYqMjCzifFJTUwVeqAVvM2bM8PPz47628+DBg35+fhqNhhuk3TS8OpDHjAc2eLGbwHv8uWZUNEJIcnIyT+u0SBRsMGILuYpI\/Xth4umFTaPRmMFQXl5e\/PgDxwEstJSXl6enp4eEhBBCAgICZDIZXRThwmYGKj34hHf5s88+GxUVZWYfGRnZq1cv\/pdTm5VCJCqVyiyfbtp6KzzcBslFSHia7i8hJCkpyWwvrG6Kgs2x1ztabbcLM59e2D7++GNCyKlTpyzVp9PRxsbGyMjIfv36vffeeyUlJY2NjYmPP1CFC1taWlpsbKylK+E58fHxlrBZvZOQe2Q7lmYYxvK8zplzNve9U5tlWfj68PVhDX4V0XnOb3lIPJFli0jLal2bQyEREkZjY2NUVNSYMWMs10jgBKyoqKikpIQQsn\/\/fnDY2NgYEhKSkJAAm1zY3n77bUIIdz1j\/\/79Am+uBW85OTlWp5EzZswQsjtcG7h1S+xz6ZyBzX3v1DYajQzDCHziA1cEL0zb4qibwFZdXa3Vas+dO2dV+r\/+9a9yuXzo0KGfffbZ5cuXb926ZTAYFi9eLJVKe\/fuXVlZWVFRQQjRaDTXrl2rrKzMyMgghNARLDU1tV+\/fleuXGlvb\/\/Xv\/4FM8wzZ87cvHlz586dUqnUgdMtmUw2derUVatWTZ061YEFErqbsGJhOXxRA8uEk7AJ\/z0bNC1wGunAjljumpfkdHPY7I51FRUV06ZNg9V20KJXr175+fm3b9+GHlqyZAnkE0JycnLmzJkjkUgaGhpYll27di0UXbhwgWXZL7\/8Mjo6mhpnZGRQJwI7u6qqKi4uDn4oDV\/nDjyiA9pyYEDwQtgcG6IFqu15Mzg2LNv1yZHNcjcE5ty9e7e0tLS4uLiystJkMpnVqqqqKi4urq2tNctnWfbs2bMnTpy4f\/8+FD18+PD06dMnTpy4dOmSpbGHc8Se6sjlcrt3n\/DsQlVVVedNAsLne0JGNoVC0Q3eW09FQ9ioFN0wIZfLGYbxwJ27Bw8epE+\/CwsLM3sapNVNeG4kj+hgYPdJkjwevK0IYfO2HnFlPDCZlMvlDt\/\/JTCahIQEOn8mhAi8ZsDzGlG4sCZ2jUdgtF1lhrB1lfIealev1zMMI\/DBWw7HNGzYMAobwzAO+4GKMMMUPiN1sjmPVUfYPCZ1lzUEo4Rbj929e\/fSRSYnX8QB3w4eGI093x8Im+c174IWYbHErec\/hw8fJoTExMQ4s3tGoxHOM90973UmSIfrImwOS+djFemLLNwXt5MXD\/R6vcdWdNwnAo9nhI1HnO5WBLwplUo3jRvOwJafn88wjFQq9cDaaVf1K8LWVcp3Tbtw\/iaXy0XdXCIwVodhg3uju+V5Glc6hI2rxlORhhUIhmFcfmuvA7AZjUYYb926fuMl\/YqweUlHeDQMWIdwgA3+KMU6hJM0QohbV274Y\/ZkKcLmSbW9qC2j0Qj3+EqlUlcd68JhMxgMMKBJpVKXD7BepPKToSBsT+rxlG3pdDqFQgE\/G3X+oBcCG503+vTjVh07TBA2x3TrVrV0Op1cLofbrJxBjh82o9GoVquZxx+1Wu2mFVFv7hiEzZt7x6Ox5eXlwTsK5XK5Wq12YAneKmxGozEvL0+pVMJPh+Li4tyxEOpRpRxtDGFzVLluWo8LhlQqtfVqG6t7z4XNYDBkZ2fDHJUQIpfLVSrVU4sZyIWwWT1sMJPNz8+Hx30TQuBWZqVSCT+Wyc\/P1+l0MPQZjUZ4lBC9VqZQKGBSCvPS7Ozsp5wxejAhbFQKTFhXQK\/Xq9VqpVLJpQiOG8u\/8BgslUqVl5f3FJ6VWVfwx1yE7Ucl8L8YBfR6PX02nk6nA66400gxzp4WW4TtaelpD+wnwsYvMsLGrw+WilAAYeMXC2Hj1wdLRSiAsPGLhbDx64OlIhRA2PjFQtj49cFSEQogbPxiIWz8+mCpCAUQNn6xEDZ+fbBUhAIIG79YCBu\/PlgqQgGEjV8shI1fHywVoQDCxi8WwsavD5aKUABh4xcLYePXB0tFKICw8YuFsPHrg6UiFEDY+MVC2Pj1wVIRCiBs\/GIhbPz6YKkIBRA2frEQNn59sFSEAggbv1gIG78+WGpfgcLCwujoaPp24kmTJtmv81RaIGxPZbe7bqfLysqkUmlkZOSSJUtWrFiRkpLCMMyoUaNc10L38YSwdZ++7JI9iY+PDw0N5b5wXKPRdPL21VdfdUk83twowubNveMDsQUFBU2YMMEsUIlEMmPGDLNMW5sPHjxYv379lMefX\/\/61\/fu3bNlaZZfVlaWkZERHBxMCImMjJw1a9bFixfNbLxqE2Hzqu7wvWCchK29vX3ChAl+fn4ajWbhwoVyuXzYsGFNTU12hTh58qS\/v\/+4ceN27Nhx6NAhnU7Xv3\/\/sLCw\/\/znP3brdpUBwtZVyneTdp2cRsL7Srdu3QpyfP3114SQXbt22VVn5syZPXv2fPDgAbWsra318\/N7\/fXXaY63JRA2b+sRH4uHLpDk5uauWLFi1KhRDMOMHDlS4G5UVlZu3rz57t27YH\/r1q3Ox1T+5je\/sVs9LS2tb9++7e3tXMstW7Z89tlnNGfv3r0vvPCCWq1+88036+vrIb+6ulqr1Z47d46aFRQUbNq0CTa1Wu233347e\/bsKVOm7Nmzh2XZq1ev\/vKXv0xLS5s6deqHH3746NEjsLx58+Y777yTmpqanp6+adOmlpYW6tBWAmGzpQzmC1Vg3759PXv2hCNJKpWq1WqhNZ+0a2tre+eddwghpaWlT5ZY2Vq3bh0hJCMj48iRI83NzZYWy5cv73SVnp7+85\/\/PPLxp66ujmXZ4uJiQkhRURGtolarExMTYZMQEhwcPHHixNzc3LVr19bU1ERGRkZERCxevHjatGmEkJ\/+9Kcsy16\/fj02NjYqKiovL2\/evHlyuXz8+PGUQ+rZLIGwmQmCm12jwMaNG6OjowkhdJDhj+Phw4cLFiyAw1cmk02aNGnz5s23b9+GWlVVVQzD\/OxnP6Obcrl81qxZQmCLj4+HAdNkMs2fPz8oKIiuuyxcuJAQUlVVtWjRol69ejU0NID\/EydOEEJ+97vf8ceMsPHrg6UeUuDQoUNbtmxRq9VSqfTQoUMCW62urt6wYQPUIoRERUV99913LMtu27aNEHL27Fnq5+WXX46IiBACG0WUZVmlUjl9+nTq5MaNG+fPn3\/06FFMTMykSZOKOJ9evXrl5ORQS6sJhM2qLJjZNQq0tbUNHz580KBB\/M23tbXduXOHO227d+\/eJ598EhgYOGbMmM66q1evJoTcunWL+lm2bBkhRAhsWq2W1iKEcDe5+UAO929KSgo1sJpA2KzKgpkeUqC5ufnMmTMPHz6k7b322mtABc2xTJw+fdrqouXChQv9\/PxYll27di0hhPuygfnz5wcGBlqFTaVScc\/ZuHRJJJKlS5dyA+jo6Oj0L5FI5s2bx80XkkbYhKiENu5SQKfTEUK++eYb2kB6enpUVBTdtJpobm4OCwtLSUkxmUxcg6ysrJiYGJZl\/\/jHPxJCDh48CKUdHR1DhgwZMWIEy7JwfgUrjSzLtra2BgcH24ItKSkpISEBAGNZ9uzZs8HBwbt27RoxYkRsbCwdWk0m0wcffHD8+HFuMJZphM1SE8zxnAL19fVBQUGJiYnnz5\/\/\/vvv33\/\/\/c53Dq9btw4i4C7Km8UEq5EvvfRSaWnp7du3q6ur33rrLULIu+++CwjFxsb26dOntLT0+vXrWq2WEPLJJ5\/AUj7DMMnJyTU1NbW1tbNmzWIYxhZsn376KSFk+fLlDQ0NlZWVEydOlMlktbW1u3fvJoTMnDmz81WP9fX1MEfdvn27WZBmmwibmSC46WkFvvnmG1iHJIRIJJLly5fTq2fcRXmzsDo6Ok+zGOkAAAHBSURBVDZu3EgvORBCwsLC1q9fT0ehc+fOxcfHw\/EdEBCQn59Pi9asWePn5wdFc+fOnTBhgi3YOhtdvXq1v78\/GEdERHzxxRcQyZo1a2QyGeRLpdJf\/OIX1L9ZqHQTjOkmTfz3VJJ+bBlRA0ygAs4o0NraWlZWdvz48Zs3b4ry097efu7cueLi4tOnT7e2tprVbW9vP3PmjMFgsHTb0NBQXFws8N6u27dvl5SUlJaWml25vnv3rsFgOHny5A8\/\/GDWtNVNWxwhbFblwkxUwHEFEDbHtcOaqIAoBRA2UXKhMSrguAIIm+PaYU1UQJQCCJsoudAYFXBcAYTNce2wJiogSgGETZRcaIwKOK4Awua4dlgTFRClAMImSi40RgUcVwBhc1w7rIkKiFIAYRMlFxqjAo4rgLA5rh3WRAVEKYCwiZILjVEBxxVA2BzXDmuiAqIUQNhEyYXGqIDjCoiADUzxLyqACjijgCWsVn7P5kwDWBcVQAVAATuwWRZjDiqACrhKgSdGNlc5RT+oACpgqQDCZqkJ5qACblEAYXOLrOgUFbBUAGGz1ARzUAG3KICwuUVWdIoKWCqAsFlqgjmogFsU+D8iydM1LzVtUgAAAABJRU5ErkJggg==' alt='' \/><\/p>\n","protected":false},"excerpt":{"rendered":"<p>MOSFET de potencia de canal N de 50 A, 60 V, TO-220AB<\/p>\n","protected":false},"featured_media":67716,"comment_status":"open","ping_status":"closed","template":"","meta":[],"product_brand":[],"product_cat":[1501],"product_tag":[1502,751,547],"class_list":{"0":"post-67717","1":"product","2":"type-product","3":"status-publish","4":"has-post-thumbnail","6":"product_cat-miscelaneo","7":"product_tag-miscelaneo","8":"product_tag-refacciones","9":"product_tag-syscom-parts","11":"first","12":"instock","13":"sale","14":"shipping-taxable","15":"purchasable","16":"product-type-simple"},"_links":{"self":[{"href":"https:\/\/soydeaqui.ddns.net\/pachuca\/index.php\/wp-json\/wp\/v2\/product\/67717","targetHints":{"allow":["GET"]}}],"collection":[{"href":"https:\/\/soydeaqui.ddns.net\/pachuca\/index.php\/wp-json\/wp\/v2\/product"}],"about":[{"href":"https:\/\/soydeaqui.ddns.net\/pachuca\/index.php\/wp-json\/wp\/v2\/types\/product"}],"replies":[{"embeddable":true,"href":"https:\/\/soydeaqui.ddns.net\/pachuca\/index.php\/wp-json\/wp\/v2\/comments?post=67717"}],"wp:featuredmedia":[{"embeddable":true,"href":"https:\/\/soydeaqui.ddns.net\/pachuca\/index.php\/wp-json\/wp\/v2\/media\/67716"}],"wp:attachment":[{"href":"https:\/\/soydeaqui.ddns.net\/pachuca\/index.php\/wp-json\/wp\/v2\/media?parent=67717"}],"wp:term":[{"taxonomy":"product_brand","embeddable":true,"href":"https:\/\/soydeaqui.ddns.net\/pachuca\/index.php\/wp-json\/wp\/v2\/product_brand?post=67717"},{"taxonomy":"product_cat","embeddable":true,"href":"https:\/\/soydeaqui.ddns.net\/pachuca\/index.php\/wp-json\/wp\/v2\/product_cat?post=67717"},{"taxonomy":"product_tag","embeddable":true,"href":"https:\/\/soydeaqui.ddns.net\/pachuca\/index.php\/wp-json\/wp\/v2\/product_tag?post=67717"}],"curies":[{"name":"wp","href":"https:\/\/api.w.org\/{rel}","templated":true}]}}