{"id":6768,"date":"2026-03-18T06:47:19","date_gmt":"2026-03-18T06:47:19","guid":{"rendered":"https:\/\/soydeaqui.ddns.net\/pachuca\/index.php\/producto\/botonera-de-sobremesa-portatil-seetouch-10-botones-retroiluminada-programe-escenas-diferentes-en-cada-boton\/"},"modified":"2026-03-18T06:47:19","modified_gmt":"2026-03-18T06:47:19","slug":"botonera-de-sobremesa-portatil-seetouch-10-botones-retroiluminada-programe-escenas-diferentes-en-cada-boton","status":"publish","type":"product","link":"https:\/\/soydeaqui.ddns.net\/pachuca\/index.php\/producto\/botonera-de-sobremesa-portatil-seetouch-10-botones-retroiluminada-programe-escenas-diferentes-en-cada-boton\/","title":{"rendered":"Botonera de Sobremesa Port\u00e1til SeeTouch, 10 Botones, Retroiluminada, Programe Escenas Diferentes en Cada Bot\u00f3n."},"content":{"rendered":"<div style='width: 100%; max-width: 1200px; margin: 0 auto; font-family: sans-serif; line-height: 1.6; color: inherit;'>\n<div style='display: flex; flex-direction: column; gap: 30px;'>\n<div style='display: flex; flex-direction: column; gap: 15px;'> <a class='boton-azul-gral btn btn-primary' href='https:\/\/www.syscom.mx\/singlepage\/lutron_radiora' target='_blank' rel='noopener' style='display: inline-block; text-decoration: none; color: #fff; background-color: #007bff; padding: 10px 20px; border-radius: 4px; font-weight: 400; text-align: center; vertical-align: middle; border: 1px solid transparent; width: max-content;'>Ver Single Page<\/a> <\/p>\n<p style='margin: 0; font-size: 16px; color: inherit;'>TECLADO SEETOUCH SOBRE MESA 10 BOTONES<\/p>\n<p style='margin: 0; font-size: 14px; color: inherit;'>Las botoneras seeTouch\u00ae de sobremesa funcionan con bater\u00edas AAA est\u00e1ndar o con el adaptador enchufable incluido. Las botoneras de sobremesa permiten un control port\u00e1til y conveniente del sistema y cuentan con botones retroiluminados y grabado personalizado.<\/p>\n<\/p><\/div>\n<div style='display: flex; flex-direction: column; gap: 15px;'>\n<h3 style='font-size: 22px; border-bottom: 2px solid currentColor; padding-bottom: 5px; margin-top: 0; margin-bottom: 15px; color: inherit; opacity: 0.8;'>\u00bfQu\u00e9 es RadioRA\u00ae 2?<\/h3>\n<p style='margin: 0; font-size: 14px; color: inherit;'>RadioRA 2 es un sistema inal\u00e1mbrico de control total del hogar que permite el control conveniente e intuitivo de luces&comma; cortinas&comma; electrodom\u00e9sticos y temperatura en una habitaci\u00f3n sencilla o en una casa entera. Se instala con facilidad&comma; se programa con rapidez y se opera de manera confiable gracias a la Tecnolog\u00eda RF Clear Connect\u2122.<\/p>\n<\/p><\/div>\n<div style='display: flex; flex-direction: column; gap: 15px;'>\n<h3 style='font-size: 22px; border-bottom: 2px solid currentColor; padding-bottom: 5px; margin-top: 0; margin-bottom: 15px; color: inherit; opacity: 0.8;'>\u00bfCu\u00e1les son algunos de los beneficios?<\/h3>\n<div style='display: flex; flex-direction: column; gap: 20px;'>\n<div style='display: flex; flex-direction: column; gap: 8px;'> <strong style='font-size: 14px; color: inherit;'>Ahorra energ\u00eda<\/strong> <\/p>\n<p style='margin: 0; font-size: 14px; color: inherit;'>Los propietarios de hoy quieren reducir los costos&comma; tener seguridad y proteger el planeta. Con RadioRA 2&comma; pueden lograr ambos objetivos.<\/p>\n<\/p><\/div>\n<div style='display: flex; flex-direction: column; gap: 8px;'> <strong style='font-size: 14px; color: inherit;'>Integraci\u00f3n abierta con terceros<\/strong> <\/p>\n<ul style='padding-left: 20px; margin: 0; font-size: 14px; color: inherit; list-style-type: disc;'>\n<li style='margin-bottom: 5px;'>M\u00e1n&#8230;<br \/>\n","protected":false},"excerpt":{"rendered":"<p>Botonera de Sobremesa Port\u00e1til SeeTouch, 10 Botones, Retroiluminada, Programe Escenas Diferentes en Cada Bot\u00f3n.<\/p>\n","protected":false},"featured_media":6767,"comment_status":"open","ping_status":"closed","template":"","meta":[],"product_brand":[],"product_cat":[47],"product_tag":[30,36,48],"class_list":{"0":"post-6768","1":"product","2":"type-product","3":"status-publish","4":"has-post-thumbnail","6":"product_cat-lutron-radiora3","7":"product_tag-automatizacion-casa-inteligente","8":"product_tag-lutron-electronics","9":"product_tag-lutron-radiora3","11":"first","12":"outofstock","13":"sale","14":"shipping-taxable","15":"purchasable","16":"product-type-simple"},"_links":{"self":[{"href":"https:\/\/soydeaqui.ddns.net\/pachuca\/index.php\/wp-json\/wp\/v2\/product\/6768","targetHints":{"allow":["GET"]}}],"collection":[{"href":"https:\/\/soydeaqui.ddns.net\/pachuca\/index.php\/wp-json\/wp\/v2\/product"}],"about":[{"href":"https:\/\/soydeaqui.ddns.net\/pachuca\/index.php\/wp-json\/wp\/v2\/types\/product"}],"replies":[{"embeddable":true,"href":"https:\/\/soydeaqui.ddns.net\/pachuca\/index.php\/wp-json\/wp\/v2\/comments?post=6768"}],"wp:featuredmedia":[{"embeddable":true,"href":"https:\/\/soydeaqui.ddns.net\/pachuca\/index.php\/wp-json\/wp\/v2\/media\/6767"}],"wp:attachment":[{"href":"https:\/\/soydeaqui.ddns.net\/pachuca\/index.php\/wp-json\/wp\/v2\/media?parent=6768"}],"wp:term":[{"taxonomy":"product_brand","embeddable":true,"href":"https:\/\/soydeaqui.ddns.net\/pachuca\/index.php\/wp-json\/wp\/v2\/product_brand?post=6768"},{"taxonomy":"product_cat","embeddable":true,"href":"https:\/\/soydeaqui.ddns.net\/pachuca\/index.php\/wp-json\/wp\/v2\/product_cat?post=6768"},{"taxonomy":"product_tag","embeddable":true,"href":"https:\/\/soydeaqui.ddns.net\/pachuca\/index.php\/wp-json\/wp\/v2\/product_tag?post=6768"}],"curies":[{"name":"wp","href":"https:\/\/api.w.org\/{rel}","templated":true}]}}