{"id":67665,"date":"2026-03-19T09:41:26","date_gmt":"2026-03-19T09:41:26","guid":{"rendered":"https:\/\/soydeaqui.ddns.net\/pachuca\/index.php\/producto\/microfono-bocina-de-uso-rudo-a-prueba-de-agua-para-motorola-ex500-600-pr05150-elite\/"},"modified":"2026-03-19T09:41:30","modified_gmt":"2026-03-19T09:41:30","slug":"microfono-bocina-de-uso-rudo-a-prueba-de-agua-para-motorola-ex500-600-pr05150-elite","status":"publish","type":"product","link":"https:\/\/soydeaqui.ddns.net\/pachuca\/index.php\/producto\/microfono-bocina-de-uso-rudo-a-prueba-de-agua-para-motorola-ex500-600-pr05150-elite\/","title":{"rendered":"Micr\u00f3fono Bocina de Uso Rudo a prueba de agua para Motorola EX500\/600\/PR05150 Elite"},"content":{"rendered":"<div style='width: 100%; max-width: 1200px; margin: 0 auto; font-family: sans-serif; line-height: 1.6; color: inherit; background-color: transparent;'>\n<div style='display: flex; flex-wrap: wrap; gap: 30px; margin-bottom: 30px;'>\n<div style='flex: 1 1 300px; min-width: 280px;'>\n<h3 style='font-size: 22px; border-bottom: 2px solid currentColor; padding-bottom: 5px; margin-top: 0; color: inherit; opacity: 0.8;'>Compatibilidad<\/h3>\n<ul style='padding-left: 20px; font-size: 15px; color: inherit;'>\n<li style='margin-bottom: 5px;'>PR05150 Elite<\/li>\n<li style='margin-bottom: 5px;'>PRO7150<\/li>\n<li style='margin-bottom: 5px;'>PRO9150<\/li>\n<li style='margin-bottom: 5px;'>ELITE 7150<\/li>\n<li style='margin-bottom: 5px;'>ELITE 9150<\/li>\n<li style='margin-bottom: 5px;'>EX500<\/li>\n<li style='margin-bottom: 5px;'>EX560<\/li>\n<li style='margin-bottom: 5px;'>EX560XLS<\/li>\n<li style='margin-bottom: 5px;'>EX600<\/li>\n<li style='margin-bottom: 5px;'>GL200<\/li>\n<li style='margin-bottom: 5px;'>GL2000<\/li>\n<li style='margin-bottom: 5px;'>GP328Plus<\/li>\n<li style='margin-bottom: 5px;'>GP338Plus<\/li>\n<li style='margin-bottom: 5px;'>GP344<\/li>\n<li style='margin-bottom: 5px;'>GP388<\/li>\n<\/ul>\n<\/div>\n<div style='flex: 1 1 300px; min-width: 280px;'>\n<h3 style='font-size: 22px; border-bottom: 2px solid currentColor; padding-bottom: 5px; margin-top: 0; color: inherit; opacity: 0.8;'>Caracter\u00edsticas t\u00e9cnicas<\/h3>\n<ul style='padding-left: 20px; font-size: 15px; color: inherit;'>\n<li style='margin-bottom: 5px;'>Clasificaci\u00f3n de inmersi\u00f3n&comma; totalmente sellada seg\u00fan la norma IP68<\/li>\n<li style='margin-bottom: 5px;'>Control de volumen alto-bajo ajustable<\/li>\n<li style='margin-bottom: 5px;'>Clip rotatorio de resorte de ropa que se puede girar 360 grados<\/li>\n<li style='margin-bottom: 5px;'>Modelos de conector de antena opcionales disponibles<\/li>\n<li style='margin-bottom: 5px;'>Cumple con especificaciones militares (MIL STD 810E)<\/li>\n<li style='margin-bottom: 5px;'>Entrada de Jack para conectar el aud\u00edfono est\u00e1ndar de 2&comma;5 mm (opcional)<\/li>\n<li style='margin-bottom: 5px;'>Cable de uso rudo para m\u00e1xima durabilidad<\/li>\n<\/ul>\n<\/div>\n<\/div>\n<div style='display: flex; flex-wrap: wrap; gap: 20px; margin-bottom: 30px;'>\n<div style='flex: 1 1 250px; border: 1px solid rgba(150&comma; 150&comma; 150&comma; 0.4); border-radius: 8px; overflow: hidden; display: flex; flex-direction: column;'>\n<div style='padding: 15px; border-bottom: 1px solid rgba(150&comma; 150&comma; 150&comma; 0.2); font-weight: bold; font-size: 18px; color: inherit;'>Caracter\u00edsticas principales<\/div>\n<div style='padding: 15px; color: inherit;'>\n<ul style='padding-left: 20px; margin: 0; font-size: 14px; list-style-type: disc;'>\n<li style='margin-bottom: 5px;'>Resistente a golpes<\/li>\n<li style='margin-bottom: 5px;'>Sumergible IP68<\/li>\n<li style='margin-bottom: 5px;'>Control de volumen en el micr\u00f3fono<\/li>\n<li style='margin-bottom: 5px;'>Cumple con especificaciones militares (MIL STD 810E)<\/li>\n<li style='margin-bottom: 5px;'>Entrada de 2.5 mm para aud\u00edfono<\/li>\n<\/ul>\n<\/div>\n<\/div>\n<\/div>\n<\/div>\n<hr style='border: 0; border-top: 1px solid rgba(150&comma; 150&comma; 150&comma; 0.3); margin: 30px 0;'>\n<div style='display: flex; flex-wrap: wrap; gap: 30px;'>\n<div style='flex: 1 1 300px; min-width: 280px;'>\n<h3 style='font-size: 22px; border-bottom: 2px solid currentColor; padding-bottom: 5px; margin-top: 0; color: inherit; opacity: 0.8;'>Informaci\u00f3n adicional<\/h3>\n<ul style='padding-left: 20px; font-size: 15px; color: inherit;'>\n<li style='margin-bottom: 5px;'>Producto bajo pedido<\/li>\n<\/ul>\n<\/div>\n<\/div>\n<\/div>\n<\/div>\n","protected":false},"excerpt":{"rendered":"<p>Micr\u00f3fono Bocina de Uso Rudo a prueba de agua para Motorola EX500\/600\/PR05150 Elite<\/p>\n","protected":false},"featured_media":67664,"comment_status":"open","ping_status":"closed","template":"","meta":[],"product_brand":[],"product_cat":[1779],"product_tag":[1614,1568,1585],"class_list":{"0":"post-67665","1":"product","2":"type-product","3":"status-publish","4":"has-post-thumbnail","6":"product_cat-microfono-bocina-accesorios-para-motorola","7":"product_tag-accesorios-para-motorola","8":"product_tag-microfono-bocina","9":"product_tag-otto","11":"first","12":"outofstock","13":"sale","14":"shipping-taxable","15":"purchasable","16":"product-type-simple"},"_links":{"self":[{"href":"https:\/\/soydeaqui.ddns.net\/pachuca\/index.php\/wp-json\/wp\/v2\/product\/67665","targetHints":{"allow":["GET"]}}],"collection":[{"href":"https:\/\/soydeaqui.ddns.net\/pachuca\/index.php\/wp-json\/wp\/v2\/product"}],"about":[{"href":"https:\/\/soydeaqui.ddns.net\/pachuca\/index.php\/wp-json\/wp\/v2\/types\/product"}],"replies":[{"embeddable":true,"href":"https:\/\/soydeaqui.ddns.net\/pachuca\/index.php\/wp-json\/wp\/v2\/comments?post=67665"}],"wp:featuredmedia":[{"embeddable":true,"href":"https:\/\/soydeaqui.ddns.net\/pachuca\/index.php\/wp-json\/wp\/v2\/media\/67664"}],"wp:attachment":[{"href":"https:\/\/soydeaqui.ddns.net\/pachuca\/index.php\/wp-json\/wp\/v2\/media?parent=67665"}],"wp:term":[{"taxonomy":"product_brand","embeddable":true,"href":"https:\/\/soydeaqui.ddns.net\/pachuca\/index.php\/wp-json\/wp\/v2\/product_brand?post=67665"},{"taxonomy":"product_cat","embeddable":true,"href":"https:\/\/soydeaqui.ddns.net\/pachuca\/index.php\/wp-json\/wp\/v2\/product_cat?post=67665"},{"taxonomy":"product_tag","embeddable":true,"href":"https:\/\/soydeaqui.ddns.net\/pachuca\/index.php\/wp-json\/wp\/v2\/product_tag?post=67665"}],"curies":[{"name":"wp","href":"https:\/\/api.w.org\/{rel}","templated":true}]}}