{"id":67655,"date":"2026-03-19T09:41:01","date_gmt":"2026-03-19T09:41:01","guid":{"rendered":"https:\/\/soydeaqui.ddns.net\/pachuca\/index.php\/producto\/antena-base-vhf-148-154-mhz-omnidireccional\/"},"modified":"2026-03-19T09:41:02","modified_gmt":"2026-03-19T09:41:02","slug":"antena-base-vhf-148-154-mhz-omnidireccional","status":"publish","type":"product","link":"https:\/\/soydeaqui.ddns.net\/pachuca\/index.php\/producto\/antena-base-vhf-148-154-mhz-omnidireccional\/","title":{"rendered":"Antena Base VHF 148 &#8211; 154 MHz Omnidireccional."},"content":{"rendered":"<div style='width: 100%; max-width: 1200px; margin: 0 auto; font-family: sans-serif; line-height: 1.6; color: inherit; background-color: transparent;'>\n<div style='display: flex; flex-wrap: wrap; gap: 30px; margin-bottom: 30px;'>\n<div style='flex: 1 1 300px; min-width: 280px;'>\n<h3 style='font-size: 22px; border-bottom: 2px solid currentColor; padding-bottom: 5px; margin-top: 0; color: inherit; opacity: 0.8;'>Caracter\u00edsticas<\/h3>\n<ul style='padding-left: 20px; font-size: 15px; color: inherit;'>\n<li style='margin-bottom: 5px;'>Las antenas de la serie G&comma; estaci\u00f3n base son un \u00edcono de desempe\u00f1o.<\/li>\n<li style='margin-bottom: 5px;'>Su bajo perfil ante el viento las hace una opci\u00f3n ideal en locaciones problem\u00e1ticas con gran poblaci\u00f3n de antenas&comma; haci\u00e9ndolas la mejor opci\u00f3n debido a su excelente desempe\u00f1o.<\/li>\n<li style='margin-bottom: 5px;'>Su dise\u00f1o el\u00e9ctrico provee un \u00e1ngulo bajo de radiaci\u00f3n y un patr\u00f3n estable.<\/li>\n<li style='margin-bottom: 5px;'>Combinando estas caracter\u00edsticas con su bajo costo se consigue un paquete completo: <strong>CALIDAD&comma; DESEMPE\u00d1O Y PRECIO.<\/strong><\/li>\n<\/ul><\/div>\n<\/p><\/div>\n<div style='display: flex; flex-wrap: wrap; gap: 20px; margin-bottom: 30px;'>\n<div style='flex: 1 1 250px; border: 1px solid rgba(150&comma; 150&comma; 150&comma; 0.4); border-radius: 8px; overflow: hidden; display: flex; flex-direction: column;'>\n<div style='padding: 15px; border-bottom: 1px solid rgba(150&comma; 150&comma; 150&comma; 0.2); font-weight: bold; font-size: 18px; color: inherit;'>Especificaciones<\/div>\n<div style='padding: 15px; color: inherit;'>\n<ul style='padding-left: 20px; margin: 0; font-size: 14px; list-style-type: disc;'>\n<li style='margin-bottom: 5px;'><strong>Rango:<\/strong> 148-155 MHz<\/li>\n<li style='margin-bottom: 5px;'><strong>Potencia:<\/strong> 1000 W 7dB<\/li>\n<li style='margin-bottom: 5px;'><strong>VSWR:<\/strong> 6 MHz a 2:1<\/li>\n<li style='margin-bottom: 5px;'><strong>Conector:<\/strong> &#8216;N&#8217; Hembra<\/li>\n<li style='margin-bottom: 5px;'><strong>Impedancia:<\/strong> 3 MHz arriba 1.5:1<\/li>\n<li style='margin-bottom: 5px;'><strong>Protecci\u00f3n contra Rayos:<\/strong> Alimentaci\u00f3n en Paralelo&comma; tierra directa.<\/li>\n<li style='margin-bottom: 5px;'><strong>Largo:<\/strong> 4.7 m<\/li>\n<li style='margin-bottom: 5px;'><strong>Peso:<\/strong> 5 Kg.<\/li>\n<li style='margin-bottom: 5px;'><strong>Resistencia al Viento:<\/strong> 100 Km\/H<\/li>\n<\/ul><\/div>\n<\/p><\/div>\n<div style='flex: 1 1 250px; border: 1px solid rgba(150&comma; 150&comma; 150&comma; 0.4); border-radius: 8px; overflow: hidden; display: flex; flex-direction: column;'>\n<div style='padding: 15px; border-bottom: 1px solid rgba(150&comma; 150&comma; 150&comma; 0.2); font-weight: bold; font-size: 18px; color: inherit;'>Incluye<\/div>\n<div style='padding: 15px; color: inherit;'>\n<ul style='padding-left: 20px; margin: 0; font-size: 14px; list-style-type: disc;'>\n<li style='margin-bottom: 5px;'>Montaje en m\u00e1stil de 2&#8242; (5 cm)<\/li>\n<\/ul><\/div>\n<\/p><\/div>\n<\/p><\/div>\n<div style='display: flex; flex-wrap: wrap; gap: 30px; margin-bottom: 30px;'>\n<div style='flex: 1 1 300px; min-width: 280px;'>\n<h3 style='font-size: 22px; border-bottom: 2px solid currentColor; padding-bottom: 5px; margin-top: 0; color: inherit; opacity: 0.8;'>Logo<\/h3>\n<p> <img style='width: 100%; height: auto; border: 1px solid rgba(150&comma;150&comma;150&comma;0.3); border-radius: 8px;' src='http:\/\/ftp3.syscom.mx\/usuarios\/ftp\/web\/imagenes\/txpro_logo.jpg' alt='Logo TXPRO'> <\/div>\n<\/p><\/div>\n<hr style='border: 0; border-top: 1px solid rgba(150&comma; 150&comma; 150&comma; 0.3); margin: 30px 0;'> <\/div>\n","protected":false},"excerpt":{"rendered":"<p>Antena Base VHF 148 &#8211; 154 MHz Omnidireccional.<\/p>\n","protected":false},"featured_media":67654,"comment_status":"open","ping_status":"closed","template":"","meta":[],"product_brand":[],"product_cat":[1686],"product_tag":[1404,1687,560],"class_list":{"0":"post-67655","1":"product","2":"type-product","3":"status-publish","4":"has-post-thumbnail","6":"product_cat-estaciones-base-y-repetidores","7":"product_tag-antenas","8":"product_tag-estaciones-base-y-repetidores","9":"product_tag-txpro","11":"first","12":"outofstock","13":"sale","14":"shipping-taxable","15":"purchasable","16":"product-type-simple"},"_links":{"self":[{"href":"https:\/\/soydeaqui.ddns.net\/pachuca\/index.php\/wp-json\/wp\/v2\/product\/67655","targetHints":{"allow":["GET"]}}],"collection":[{"href":"https:\/\/soydeaqui.ddns.net\/pachuca\/index.php\/wp-json\/wp\/v2\/product"}],"about":[{"href":"https:\/\/soydeaqui.ddns.net\/pachuca\/index.php\/wp-json\/wp\/v2\/types\/product"}],"replies":[{"embeddable":true,"href":"https:\/\/soydeaqui.ddns.net\/pachuca\/index.php\/wp-json\/wp\/v2\/comments?post=67655"}],"wp:featuredmedia":[{"embeddable":true,"href":"https:\/\/soydeaqui.ddns.net\/pachuca\/index.php\/wp-json\/wp\/v2\/media\/67654"}],"wp:attachment":[{"href":"https:\/\/soydeaqui.ddns.net\/pachuca\/index.php\/wp-json\/wp\/v2\/media?parent=67655"}],"wp:term":[{"taxonomy":"product_brand","embeddable":true,"href":"https:\/\/soydeaqui.ddns.net\/pachuca\/index.php\/wp-json\/wp\/v2\/product_brand?post=67655"},{"taxonomy":"product_cat","embeddable":true,"href":"https:\/\/soydeaqui.ddns.net\/pachuca\/index.php\/wp-json\/wp\/v2\/product_cat?post=67655"},{"taxonomy":"product_tag","embeddable":true,"href":"https:\/\/soydeaqui.ddns.net\/pachuca\/index.php\/wp-json\/wp\/v2\/product_tag?post=67655"}],"curies":[{"name":"wp","href":"https:\/\/api.w.org\/{rel}","templated":true}]}}