{"id":67649,"date":"2026-03-19T09:40:53","date_gmt":"2026-03-19T09:40:53","guid":{"rendered":"https:\/\/soydeaqui.ddns.net\/pachuca\/index.php\/producto\/seccion-1-de-mastil-ligero-telescopico-3-metros-altura-1-1-2-de-diametro\/"},"modified":"2026-03-19T09:40:53","modified_gmt":"2026-03-19T09:40:53","slug":"seccion-1-de-mastil-ligero-telescopico-3-metros-altura-1-1-2-de-diametro","status":"publish","type":"product","link":"https:\/\/soydeaqui.ddns.net\/pachuca\/index.php\/producto\/seccion-1-de-mastil-ligero-telescopico-3-metros-altura-1-1-2-de-diametro\/","title":{"rendered":"Secci\u00f3n 1 de M\u00e1stil Ligero Telesc\u00f3pico, 3 metros altura, 1 1\/2&#8243; de Di\u00e1metro."},"content":{"rendered":"<div style='width: 100%; max-width: 1200px; margin: 0 auto; font-family: sans-serif; line-height: 1.6; color: inherit;'> <!-- Secci\u00f3n de caracter\u00edsticas --> <\/p>\n<div style='display: flex; flex-wrap: wrap; gap: 30px; margin-bottom: 30px;'>\n<div style='flex: 1 1 300px; min-width: 280px;'>\n<h3 style='font-size: 22px; border-bottom: 2px solid currentColor; padding-bottom: 5px; margin-top: 0; color: inherit; opacity: 0.8;'>Caracter\u00edsticas Principales<\/h3>\n<ul style='padding-left: 20px; font-size: 15px; color: inherit;'>\n<li style='margin-bottom: 5px;'>Secci\u00f3n telesc\u00f3pica de m\u00e1stil ligero<\/li>\n<li style='margin-bottom: 5px;'>3 metros de altura total<\/li>\n<li style='margin-bottom: 5px;'>Di\u00e1metro de 1 1\/2 pulgadas<\/li>\n<li style='margin-bottom: 5px;'>Dise\u00f1o plegable para f\u00e1cil transporte<\/li>\n<li style='margin-bottom: 5px;'>Construcci\u00f3n robusta para estabilidad<\/li>\n<\/ul><\/div>\n<div style='flex: 1 1 300px; min-width: 280px;'>\n<h3 style='font-size: 22px; border-bottom: 2px solid currentColor; padding-bottom: 5px; margin-top: 0; color: inherit; opacity: 0.8;'>Especificaciones F\u00edsicas<\/h3>\n<ul style='padding-left: 20px; font-size: 15px; color: inherit;'>\n<li style='margin-bottom: 5px;'><strong>Altura:<\/strong> 3 m<\/li>\n<li style='margin-bottom: 5px;'><strong>Calibre:<\/strong> 20<\/li>\n<li style='margin-bottom: 5px;'><strong>Material:<\/strong> Acero<\/li>\n<li style='margin-bottom: 5px;'><strong>Protecci\u00f3n anticorrosiva:<\/strong> Galvanizado por inmersi\u00f3n en caliente<\/li>\n<li style='margin-bottom: 5px;'><strong>Incluye:<\/strong> Tornillo opresor superior para asegurar equipo<\/li>\n<\/ul><\/div>\n<\/p><\/div>\n<p> <!-- Secci\u00f3n de modelos relacionados --> <\/p>\n<div style='display: flex; flex-wrap: wrap; gap: 20px; margin-bottom: 30px;'>\n<div style='flex: 1 1 250px; border: 1px solid rgba(150&comma; 150&comma; 150&comma; 0.4); border-radius: 8px; overflow: hidden; display: flex; flex-direction: column;'>\n<div style='padding: 15px; border-bottom: 1px solid rgba(150&comma; 150&comma; 150&comma; 0.2); font-weight: bold; font-size: 18px; color: inherit;'>Modelos Disponibles<\/div>\n<div style='padding: 15px; color: inherit;'>\n<ul style='padding-left: 20px; margin: 0; font-size: 14px; list-style-type: disc;'>\n<li style='margin-bottom: 5px;'>SLM-S1G &#8211; 1&#8242;<\/li>\n<li style='margin-bottom: 5px;'>SLM-3 &#8211; 1 \u00bc&#8217;<\/li>\n<li style='margin-bottom: 5px;'>SLM-S3G &#8211; 1 \u00bd&#8217;<\/li>\n<li style='margin-bottom: 5px;'>SLM-S4G &#8211; 1 \u00be&#8217;<\/li>\n<li style='margin-bottom: 5px;'>SLM-S5G &#8211; 2&#8242;<\/li>\n<\/ul><\/div>\n<\/p><\/div>\n<\/p><\/div>\n<p> <!-- Separador --> <\/p>\n<hr style='border: 0; border-top: 1px solid rgba(150&comma; 150&comma; 150&comma; 0.3); margin: 30px 0;'> <\/div>\n","protected":false},"excerpt":{"rendered":"<p>Secci\u00f3n 1 de M\u00e1stil Ligero Telesc\u00f3pico, 3 metros altura, 1 1\/2&#8243; de Di\u00e1metro.<\/p>\n","protected":false},"featured_media":67648,"comment_status":"open","ping_status":"closed","template":"","meta":[],"product_brand":[],"product_cat":[1654],"product_tag":[1328,733,246],"class_list":{"0":"post-67649","1":"product","2":"type-product","3":"status-publish","4":"has-post-thumbnail","6":"product_cat-mastiles-y-accesorios-torres-y-mastiles-redes-e-it","7":"product_tag-mastiles-y-accesorios","8":"product_tag-syscom-towers","9":"product_tag-torres-y-mastiles","11":"first","12":"instock","13":"sale","14":"shipping-taxable","15":"purchasable","16":"product-type-simple"},"_links":{"self":[{"href":"https:\/\/soydeaqui.ddns.net\/pachuca\/index.php\/wp-json\/wp\/v2\/product\/67649","targetHints":{"allow":["GET"]}}],"collection":[{"href":"https:\/\/soydeaqui.ddns.net\/pachuca\/index.php\/wp-json\/wp\/v2\/product"}],"about":[{"href":"https:\/\/soydeaqui.ddns.net\/pachuca\/index.php\/wp-json\/wp\/v2\/types\/product"}],"replies":[{"embeddable":true,"href":"https:\/\/soydeaqui.ddns.net\/pachuca\/index.php\/wp-json\/wp\/v2\/comments?post=67649"}],"wp:featuredmedia":[{"embeddable":true,"href":"https:\/\/soydeaqui.ddns.net\/pachuca\/index.php\/wp-json\/wp\/v2\/media\/67648"}],"wp:attachment":[{"href":"https:\/\/soydeaqui.ddns.net\/pachuca\/index.php\/wp-json\/wp\/v2\/media?parent=67649"}],"wp:term":[{"taxonomy":"product_brand","embeddable":true,"href":"https:\/\/soydeaqui.ddns.net\/pachuca\/index.php\/wp-json\/wp\/v2\/product_brand?post=67649"},{"taxonomy":"product_cat","embeddable":true,"href":"https:\/\/soydeaqui.ddns.net\/pachuca\/index.php\/wp-json\/wp\/v2\/product_cat?post=67649"},{"taxonomy":"product_tag","embeddable":true,"href":"https:\/\/soydeaqui.ddns.net\/pachuca\/index.php\/wp-json\/wp\/v2\/product_tag?post=67649"}],"curies":[{"name":"wp","href":"https:\/\/api.w.org\/{rel}","templated":true}]}}