{"id":67644,"date":"2026-03-19T09:40:41","date_gmt":"2026-03-19T09:40:41","guid":{"rendered":"https:\/\/soydeaqui.ddns.net\/pachuca\/index.php\/producto\/ancla-aleta-de-5-orificios-con-4-puntos-de-fijacion-uso-en-fijacion-de-mastiles-galvanizado-por-inmersion-en-caliente\/"},"modified":"2026-03-19T09:40:49","modified_gmt":"2026-03-19T09:40:49","slug":"ancla-aleta-de-5-orificios-con-4-puntos-de-fijacion-uso-en-fijacion-de-mastiles-galvanizado-por-inmersion-en-caliente","status":"publish","type":"product","link":"https:\/\/soydeaqui.ddns.net\/pachuca\/index.php\/producto\/ancla-aleta-de-5-orificios-con-4-puntos-de-fijacion-uso-en-fijacion-de-mastiles-galvanizado-por-inmersion-en-caliente\/","title":{"rendered":"Ancla Aleta de 5 Orificios con 4 Puntos de Fijaci\u00f3n. Uso en Fijaci\u00f3n de m\u00e1stiles. Galvanizado por Inmersi\u00f3n en Caliente."},"content":{"rendered":"<div style='width: 100%; max-width: 1200px; margin: 0 auto; font-family: sans-serif; line-height: 1.6; color: inherit; background-color: transparent;'> <!-- Secci\u00f3n de caracter\u00edsticas principales --> <\/p>\n<div style='display: flex; flex-wrap: wrap; gap: 30px; margin-bottom: 30px;'>\n<div style='flex: 1 1 300px; min-width: 280px;'>\n<h3 style='font-size: 22px; border-bottom: 2px solid currentColor; padding-bottom: 5px; margin-top: 0; color: inherit; opacity: 0.8;'>Caracter\u00edsticas Generales<\/h3>\n<ul style='padding-left: 20px; font-size: 15px; color: inherit;'>\n<li style='margin-bottom: 5px;'><strong>Modelo:<\/strong> SLMANG<\/li>\n<li style='margin-bottom: 5px;'><strong>Uso:<\/strong> Fijaci\u00f3n de m\u00e1stiles livianos tipo SLM<\/li>\n<li style='margin-bottom: 5px;'><strong>Aplicaci\u00f3n:<\/strong> Instalaci\u00f3n de equipo de elevaci\u00f3n en loza<\/li>\n<li style='margin-bottom: 5px;'><strong>Acabado:<\/strong> Galvanizado por inmersi\u00f3n en caliente<\/li>\n<li style='margin-bottom: 5px;'><strong>Peso:<\/strong> 0.85 kg<\/li>\n<li style='margin-bottom: 5px;'><strong>Normas:<\/strong> ISO 9000<\/li>\n<\/ul><\/div>\n<div style='flex: 1 1 300px; min-width: 280px;'>\n<h3 style='font-size: 22px; border-bottom: 2px solid currentColor; padding-bottom: 5px; margin-top: 0; color: inherit; opacity: 0.8;'>Especificaciones T\u00e9cnicas<\/h3>\n<ul style='padding-left: 20px; font-size: 15px; color: inherit;'>\n<li style='margin-bottom: 5px;'><strong>Tipo de Ancla:<\/strong> Placa con 5 perforaciones<\/li>\n<li style='margin-bottom: 5px;'><strong>Puntos de Fijaci\u00f3n:<\/strong> 4 puntos<\/li>\n<li style='margin-bottom: 5px;'><strong>Material:<\/strong> Acero ASTM-36<\/li>\n<li style='margin-bottom: 5px;'><strong>Soldadura:<\/strong> Tipo GMAW&comma; AWS E7018<\/li>\n<li style='margin-bottom: 5px;'><strong>Torniller\u00eda:<\/strong> Grado m\u00e1quina e inoxidable<\/li>\n<li style='margin-bottom: 5px;'><strong>Tolerancias:<\/strong> \u00b15 cm o indicadas<\/li>\n<\/ul><\/div>\n<div style='flex: 1 1 300px; min-width: 280px;'>\n<h3 style='font-size: 22px; border-bottom: 2px solid currentColor; padding-bottom: 5px; margin-top: 0; color: inherit; opacity: 0.8;'>Dimensiones<\/h3>\n<ul style='padding-left: 20px; font-size: 15px; color: inherit;'>\n<li style='margin-bottom: 5px;'><strong>Ancho Total:<\/strong> 250 mm<\/li>\n<li style='margin-bottom: 5px;'><strong>Altura:<\/strong> 108 mm<\/li>\n<li style='margin-bottom: 5px;'><strong>Espesor:<\/strong> 25 mm<\/li>\n<li style='margin-bottom: 5px;'><strong>Di\u00e1metro de Perforaciones:<\/strong> 9\/16&#8242;<\/li>\n<li style='margin-bottom: 5px;'><strong>Distribuci\u00f3n de Perforaciones:<\/strong> 6 &#8211; 2&#8242; @ 4&#8242;<\/li>\n<li style='margin-bottom: 5px;'><strong>Distancia entre Centros:<\/strong> 152 x 152 mm<\/li>\n<\/ul><\/div>\n<\/p><\/div>\n<p> <!-- Secci\u00f3n de im\u00e1genes --> <\/p>\n<div style='display: flex; flex-wrap: wrap; gap: 20px; margin-bottom: 30px;'>\n<div style='flex: 1 1 400px; min-width: 300px;'> <img style='width: 100%; height: auto; border: 1px solid rgba(150&comma;150&comma;150&comma;0.3); border-radius: 8px;' src='http:\/\/ftp3.syscom.mx\/usuarios\/dcarreon\/TORRES\/ARRIOSTRADAS\/PRODUCTOS\/SLM3\/KIT%20MASTIL.png' alt='Kit M\u00e1stil SLM'> <\/p>\n<p style='font-size: 14px; color: inherit; opacity: 0.8; margin-top: 10px; text-align: center;'>Kit de M\u00e1stil<\/p>\n<\/p><\/div>\n<div style='flex: 1 1 400px; min-width: 300px;'> <img style='width: 100%; height: auto; border: 1px solid rgba(150&comma;150&comma;150&comma;0.3); border-radius: 8px;' src='http:\/\/ftp3.syscom.mx\/usuarios\/dcarreon\/TORRES\/ARRIOSTRADAS\/PRODUCTOS\/SLMBA2\/INSTALACION%20MASTIL.png' alt='Instalaci\u00f3n M\u00e1stil'> <\/p>\n<p style='font-size: 14px; color: inherit; opacity: 0.8; margin-top: 10px; text-align: center;'>Instalaci\u00f3n de M\u00e1stil<\/p>\n<\/p><\/div>\n<\/p><\/div>\n<p> <!-- Secci\u00f3n de notas t\u00e9cnicas --> <\/p>\n<div style='margin-bottom: 30px;'>\n<h3 style='font-size: 22px; border-bottom: 2px solid currentColor; padding-bottom: 5px; margin-top: 0; color: inherit; opacity: 0.8;'>Notas T\u00e9cnicas<\/h3>\n<ul style='padding-left: 20px; font-size: 15px; color: inherit;'>\n<li style='margin-bottom: 5px;'>Todas las medidas est\u00e1n en cent\u00edmetros&comma; excepto donde se indique<\/li>\n<li style='margin-bottom: 5px;'>Tolerancias generales \u00b15 cm o indicadas<\/li>\n<li style='margin-bottom: 5px;'>Todo el material es de acero ASTM-36<\/li>\n<li style='margin-bottom: 5px;'>Toda la soldadura es del tipo AWS E7018<\/li>\n<li style='margin-bottom: 5px;'>La torniller\u00eda es grado m\u00e1quina y\/o inoxidable<\/li>\n<\/ul><\/div>\n<p> <!-- Separador --> <\/p>\n<hr style='border: 0; border-top: 1px solid rgba(150&comma; 150&comma; 150&comma; 0.3); margin: 30px 0;'> <\/div>\n","protected":false},"excerpt":{"rendered":"<p>Ancla Aleta de 5 Orificios con 4 Puntos de Fijaci\u00f3n. Uso en Fijaci\u00f3n de m\u00e1stiles. Galvanizado por Inmersi\u00f3n en Caliente.<\/p>\n","protected":false},"featured_media":67643,"comment_status":"open","ping_status":"closed","template":"","meta":[],"product_brand":[],"product_cat":[1654],"product_tag":[1328,733,246],"class_list":{"0":"post-67644","1":"product","2":"type-product","3":"status-publish","4":"has-post-thumbnail","6":"product_cat-mastiles-y-accesorios-torres-y-mastiles-redes-e-it","7":"product_tag-mastiles-y-accesorios","8":"product_tag-syscom-towers","9":"product_tag-torres-y-mastiles","11":"first","12":"instock","13":"sale","14":"shipping-taxable","15":"purchasable","16":"product-type-simple"},"_links":{"self":[{"href":"https:\/\/soydeaqui.ddns.net\/pachuca\/index.php\/wp-json\/wp\/v2\/product\/67644","targetHints":{"allow":["GET"]}}],"collection":[{"href":"https:\/\/soydeaqui.ddns.net\/pachuca\/index.php\/wp-json\/wp\/v2\/product"}],"about":[{"href":"https:\/\/soydeaqui.ddns.net\/pachuca\/index.php\/wp-json\/wp\/v2\/types\/product"}],"replies":[{"embeddable":true,"href":"https:\/\/soydeaqui.ddns.net\/pachuca\/index.php\/wp-json\/wp\/v2\/comments?post=67644"}],"wp:featuredmedia":[{"embeddable":true,"href":"https:\/\/soydeaqui.ddns.net\/pachuca\/index.php\/wp-json\/wp\/v2\/media\/67643"}],"wp:attachment":[{"href":"https:\/\/soydeaqui.ddns.net\/pachuca\/index.php\/wp-json\/wp\/v2\/media?parent=67644"}],"wp:term":[{"taxonomy":"product_brand","embeddable":true,"href":"https:\/\/soydeaqui.ddns.net\/pachuca\/index.php\/wp-json\/wp\/v2\/product_brand?post=67644"},{"taxonomy":"product_cat","embeddable":true,"href":"https:\/\/soydeaqui.ddns.net\/pachuca\/index.php\/wp-json\/wp\/v2\/product_cat?post=67644"},{"taxonomy":"product_tag","embeddable":true,"href":"https:\/\/soydeaqui.ddns.net\/pachuca\/index.php\/wp-json\/wp\/v2\/product_tag?post=67644"}],"curies":[{"name":"wp","href":"https:\/\/api.w.org\/{rel}","templated":true}]}}