{"id":67640,"date":"2026-03-19T09:40:34","date_gmt":"2026-03-19T09:40:34","guid":{"rendered":"https:\/\/soydeaqui.ddns.net\/pachuca\/index.php\/producto\/diadema-heavy-duty-por-detras-de-la-cabeza-is-para-motorola-atex-pro5150-5350-5450-5550-7150\/"},"modified":"2026-03-19T09:40:36","modified_gmt":"2026-03-19T09:40:36","slug":"diadema-heavy-duty-por-detras-de-la-cabeza-is-para-motorola-atex-pro5150-5350-5450-5550-7150","status":"publish","type":"product","link":"https:\/\/soydeaqui.ddns.net\/pachuca\/index.php\/producto\/diadema-heavy-duty-por-detras-de-la-cabeza-is-para-motorola-atex-pro5150-5350-5450-5550-7150\/","title":{"rendered":"Diadema Heavy Duty por Detr\u00e1s de la Cabeza IS Para Motorola (Atex) PRO5150\/5350\/5450\/5550\/7150"},"content":{"rendered":"<div style='width: 100%; max-width: 1200px; margin: 0 auto; font-family: sans-serif; line-height: 1.6; color: inherit; background-color: transparent;'>\n<div style='display: flex; flex-direction: column; align-items: center; margin-bottom: 30px;'> <img style='width: 100%; max-width: 300px; height: auto; border: 1px solid rgba(150&comma;150&comma;150&comma;0.3); border-radius: 8px;' src='http:\/\/ftp3.syscom.mx\/usuarios\/fotos\/E2RE2KB5111\/87816-otto.png' alt=''> <\/div>\n<div style='display: flex; flex-wrap: wrap; gap: 30px; margin-bottom: 30px;'>\n<div style='flex: 1 1 300px; min-width: 280px;'>\n<h3 style='font-size: 22px; border-bottom: 2px solid currentColor; padding-bottom: 5px; margin-top: 0; color: inherit; opacity: 0.8;'>Caracter\u00edsticas Generales<\/h3>\n<p style='font-size: 15px; color: inherit;'> Diadema por detr\u00e1s de la cabeza <strong style='color: inherit;'>Versi\u00f3n Intr\u00ednsecamente Segura<\/strong> compatible con radios: <\/p>\n<p style='font-size: 15px; color: inherit; margin: 0;'><strong style='color: inherit;'>Motorola PRO5150\/5350\/5450\/5550\/7150\/7350\/7450\/7550\/9150<\/strong><\/p>\n<\/p><\/div>\n<\/p><\/div>\n<div style='display: flex; flex-wrap: wrap; gap: 20px; margin-bottom: 30px;'>\n<div style='flex: 1 1 250px; border: 1px solid rgba(150&comma; 150&comma; 150&comma; 0.4); border-radius: 8px; overflow: hidden; display: flex; flex-direction: column;'>\n<div style='padding: 15px; border-bottom: 1px solid rgba(150&comma; 150&comma; 150&comma; 0.2); font-weight: bold; font-size: 18px; color: inherit;'>Caracter\u00edsticas T\u00e9cnicas<\/div>\n<div style='padding: 15px; color: inherit;'>\n<ul style='padding-left: 20px; margin: 0; font-size: 14px; list-style-type: disc;'>\n<li style='margin-bottom: 5px;'><strong style='color: inherit;'>Construcci\u00f3n:<\/strong> Total a prueba de impacto y ambientes hostiles<\/li>\n<li style='margin-bottom: 5px;'><strong style='color: inherit;'>Cable:<\/strong> De uso rudo<\/li>\n<li style='margin-bottom: 5px;'><strong style='color: inherit;'>Ambiente:<\/strong> Excelente para ambientes altamente ruidosos<\/li>\n<li style='margin-bottom: 5px;'><strong style='color: inherit;'>Calidad de audio:<\/strong> Alta calidad de audio<\/li>\n<li style='margin-bottom: 5px;'><strong style='color: inherit;'>Reducci\u00f3n de ruido:<\/strong> NRR certificado de 24dB<\/li>\n<\/ul><\/div>\n<\/p><\/div>\n<div style='flex: 1 1 250px; border: 1px solid rgba(150&comma; 150&comma; 150&comma; 0.4); border-radius: 8px; overflow: hidden; display: flex; flex-direction: column;'>\n<div style='padding: 15px; border-bottom: 1px solid rgba(150&comma; 150&comma; 150&comma; 0.2); font-weight: bold; font-size: 18px; color: inherit;'>Caracter\u00edsticas de Confort<\/div>\n<div style='padding: 15px; color: inherit;'>\n<ul style='padding-left: 20px; margin: 0; font-size: 14px; list-style-type: disc;'>\n<li style='margin-bottom: 5px;'><strong style='color: inherit;'>Colch\u00f3n y funda:<\/strong> Reemplazable y muy confortable cubriendo toda la oreja<\/li>\n<li style='margin-bottom: 5px;'><strong style='color: inherit;'>Esponja:<\/strong> Reemplazable<\/li>\n<li style='margin-bottom: 5px;'><strong style='color: inherit;'>Diadema:<\/strong> Acolchonada permitiendo su uso por largas jornadas de trabajo<\/li>\n<li style='margin-bottom: 5px;'><strong style='color: inherit;'>Ajuste:<\/strong> Extensible para ajustar tama\u00f1o<\/li>\n<\/ul><\/div>\n<\/p><\/div>\n<div style='flex: 1 1 250px; border: 1px solid rgba(150&comma; 150&comma; 150&comma; 0.4); border-radius: 8px; overflow: hidden; display: flex; flex-direction: column;'>\n<div style='padding: 15px; border-bottom: 1px solid rgba(150&comma; 150&comma; 150&comma; 0.2); font-weight: bold; font-size: 18px; color: inherit;'>Caracter\u00edsticas Adicionales<\/div>\n<div style='padding: 15px; color: inherit;'>\n<ul style='padding-left: 20px; margin: 0; font-size: 14px; list-style-type: disc;'>\n<li style='margin-bottom: 5px;'><strong style='color: inherit;'>Micr\u00f3fono:<\/strong> Giratorio para usarlo del lado izquierdo o derecho (solo el modelo sobre la cabeza)<\/li>\n<li style='margin-bottom: 5px;'><strong style='color: inherit;'>Bot\u00f3n PTT:<\/strong> En el cable o en la orejera<\/li>\n<li style='margin-bottom: 5px;'><strong style='color: inherit;'>Micr\u00f3fono de boom:<\/strong> Flexible<\/li>\n<\/ul><\/div>\n<\/p><\/div>\n<\/p><\/div>\n<div style='display: flex; flex-wrap: wrap; justify-content: center; gap: 20px; margin-bottom: 30px;'> <img style='width: 100%; max-width: 300px; height: auto; border: 1px solid rgba(150&comma;150&comma;150&comma;0.3); border-radius: 8px;' src='https:\/\/ftp3.syscom.mx\/usuarios\/fotos\/V410431S\/73689-m02.jpg' alt=''> <img style='width: 100%; max-width: 350px; height: auto; border: 1px solid rgba(150&comma;150&comma;150&comma;0.3); border-radius: 8px;' src='http:\/\/www.ottoexcellence.com\/assets\/item\/regular\/BTH_headset_highres3.jpg' alt=''> <\/div>\n<hr style='border: 0; border-top: 1px solid rgba(150&comma; 150&comma; 150&comma; 0.3); margin: 30px 0;'> <\/div>\n","protected":false},"excerpt":{"rendered":"<p>Diadema Heavy Duty por Detr\u00e1s de la Cabeza IS Para Motorola (Atex) PRO5150\/5350\/5450\/5550\/7150<\/p>\n","protected":false},"featured_media":64072,"comment_status":"open","ping_status":"closed","template":"","meta":[],"product_brand":[],"product_cat":[1903],"product_tag":[1614,1584,1585],"class_list":{"0":"post-67640","1":"product","2":"type-product","3":"status-publish","4":"has-post-thumbnail","6":"product_cat-diademas-accesorios-para-motorola","7":"product_tag-accesorios-para-motorola","8":"product_tag-diademas","9":"product_tag-otto","11":"first","12":"outofstock","13":"sale","14":"shipping-taxable","15":"purchasable","16":"product-type-simple"},"_links":{"self":[{"href":"https:\/\/soydeaqui.ddns.net\/pachuca\/index.php\/wp-json\/wp\/v2\/product\/67640","targetHints":{"allow":["GET"]}}],"collection":[{"href":"https:\/\/soydeaqui.ddns.net\/pachuca\/index.php\/wp-json\/wp\/v2\/product"}],"about":[{"href":"https:\/\/soydeaqui.ddns.net\/pachuca\/index.php\/wp-json\/wp\/v2\/types\/product"}],"replies":[{"embeddable":true,"href":"https:\/\/soydeaqui.ddns.net\/pachuca\/index.php\/wp-json\/wp\/v2\/comments?post=67640"}],"wp:featuredmedia":[{"embeddable":true,"href":"https:\/\/soydeaqui.ddns.net\/pachuca\/index.php\/wp-json\/wp\/v2\/media\/64072"}],"wp:attachment":[{"href":"https:\/\/soydeaqui.ddns.net\/pachuca\/index.php\/wp-json\/wp\/v2\/media?parent=67640"}],"wp:term":[{"taxonomy":"product_brand","embeddable":true,"href":"https:\/\/soydeaqui.ddns.net\/pachuca\/index.php\/wp-json\/wp\/v2\/product_brand?post=67640"},{"taxonomy":"product_cat","embeddable":true,"href":"https:\/\/soydeaqui.ddns.net\/pachuca\/index.php\/wp-json\/wp\/v2\/product_cat?post=67640"},{"taxonomy":"product_tag","embeddable":true,"href":"https:\/\/soydeaqui.ddns.net\/pachuca\/index.php\/wp-json\/wp\/v2\/product_tag?post=67640"}],"curies":[{"name":"wp","href":"https:\/\/api.w.org\/{rel}","templated":true}]}}