{"id":67625,"date":"2026-03-19T09:39:58","date_gmt":"2026-03-19T09:39:58","guid":{"rendered":"https:\/\/soydeaqui.ddns.net\/pachuca\/index.php\/producto\/diadema-ranger-para-kenwood-nx-200-300-410-5000-tk-480-2180-3180\/"},"modified":"2026-03-19T09:39:59","modified_gmt":"2026-03-19T09:39:59","slug":"diadema-ranger-para-kenwood-nx-200-300-410-5000-tk-480-2180-3180","status":"publish","type":"product","link":"https:\/\/soydeaqui.ddns.net\/pachuca\/index.php\/producto\/diadema-ranger-para-kenwood-nx-200-300-410-5000-tk-480-2180-3180\/","title":{"rendered":"Diadema RANGER para KENWOOD NX-200\/300\/410\/5000, TK-480\/2180\/3180"},"content":{"rendered":"<div style='width: 100%; max-width: 1200px; margin: 0 auto; font-family: sans-serif; line-height: 1.6; color: inherit; background-color: transparent;'> <!-- Secci\u00f3n de imagen y descripci\u00f3n b\u00e1sica --> <\/p>\n<div style='display: flex; flex-wrap: wrap; gap: 30px; margin-bottom: 30px;'>\n<div style='flex: 1 1 300px; min-width: 280px;'> <img style='width: 100%; height: auto; border: 1px solid rgba(150&comma;150&comma;150&comma;0.3); border-radius: 8px;' src='http:\/\/ftp3.syscom.mx\/usuarios\/fotos\/E2RE2KB5111\/87816-otto.png' alt='Diadema RANGER para KENWOOD'> <\/div>\n<div style='flex: 1 1 300px; min-width: 280px;'>\n<h3 style='font-size: 22px; border-bottom: 2px solid currentColor; padding-bottom: 5px; margin-top: 0; color: inherit; opacity: 0.8;'>Caracter\u00edsticas principales<\/h3>\n<ul style='padding-left: 20px; font-size: 15px; color: inherit;'>\n<li style='margin-bottom: 5px;'>Compatible con radios KENWOOD NX-200\/300\/410\/5000&comma; TK-480\/2180\/3180<\/li>\n<li style='margin-bottom: 5px;'>Diadema por detr\u00e1s de la cabeza con bocina izquierda<\/li>\n<li style='margin-bottom: 5px;'>Bocina giratoria para mayor comodidad<\/li>\n<li style='margin-bottom: 5px;'>Resistente a salpicaduras de agua y polvo<\/li>\n<li style='margin-bottom: 5px;'>Cumple con normas MIL-STD-810<\/li>\n<li style='margin-bottom: 5px;'>PTT en el cable<\/li>\n<li style='margin-bottom: 5px;'>Micr\u00f3fono de boom izquierdo con cancelaci\u00f3n de ruido<\/li>\n<li style='margin-bottom: 5px;'>Esponjas reemplazables<\/li>\n<li style='margin-bottom: 5px;'>Conector Jack para PTT remoto<\/li>\n<\/ul><\/div>\n<\/p><\/div>\n<p> <!-- Secci\u00f3n de especificaciones t\u00e9cnicas --> <\/p>\n<div style='display: flex; flex-wrap: wrap; gap: 20px; margin-bottom: 30px;'>\n<div style='flex: 1 1 250px; border: 1px solid rgba(150&comma; 150&comma; 150&comma; 0.4); border-radius: 8px; overflow: hidden; display: flex; flex-direction: column;'>\n<div style='padding: 15px; border-bottom: 1px solid rgba(150&comma; 150&comma; 150&comma; 0.2); font-weight: bold; font-size: 18px; color: inherit;'>Especificaciones mec\u00e1nicas<\/div>\n<div style='padding: 15px; color: inherit;'>\n<ul style='padding-left: 20px; margin: 0; font-size: 14px; list-style-type: disc;'>\n<li style='margin-bottom: 5px;'>Cable pull desde el m\u00f3dulo T&comma; axial: 20 lbs<\/li>\n<li style='margin-bottom: 5px;'>Cable pull desde la diadema&comma; axial: 66 lbs<\/li>\n<li style='margin-bottom: 5px;'>Cable pull desde el enchufe&comma; axial: 30 lbs<\/li>\n<li style='margin-bottom: 5px;'>Ciclos de flexi\u00f3n del cable: 10&comma;000 ciclos<\/li>\n<\/ul><\/div>\n<\/p><\/div>\n<div style='flex: 1 1 250px; border: 1px solid rgba(150&comma; 150&comma; 150&comma; 0.4); border-radius: 8px; overflow: hidden; display: flex; flex-direction: column;'>\n<div style='padding: 15px; border-bottom: 1px solid rgba(150&comma; 150&comma; 150&comma; 0.2); font-weight: bold; font-size: 18px; color: inherit;'>Especificaciones el\u00e9ctricas<\/div>\n<div style='padding: 15px; color: inherit;'>\n<ul style='padding-left: 20px; margin: 0; font-size: 14px; list-style-type: disc;'>\n<li style='margin-bottom: 5px;'>Sensibilidad del micr\u00f3fono a 94dB SPL: -40 min&comma; -24 max<\/li>\n<\/ul><\/div>\n<\/p><\/div>\n<div style='flex: 1 1 250px; border: 1px solid rgba(150&comma; 150&comma; 150&comma; 0.4); border-radius: 8px; overflow: hidden; display: flex; flex-direction: column;'>\n<div style='padding: 15px; border-bottom: 1px solid rgba(150&comma; 150&comma; 150&comma; 0.2); font-weight: bold; font-size: 18px; color: inherit;'>Especificaciones ambientales<\/div>\n<div style='padding: 15px; color: inherit;'>\n<ul style='padding-left: 20px; margin: 0; font-size: 14px; list-style-type: disc;'>\n<li style='margin-bottom: 5px;'>Temperatura de operaci\u00f3n: -20\u00b0 C a +60\u00b0 C<\/li>\n<li style='margin-bottom: 5px;'>Temperatura de almacenamiento: -40\u00b0 C a +80\u00b0 C<\/li>\n<li style='margin-bottom: 5px;'>Resistente al agua&comma; viento y polvo<\/li>\n<li style='margin-bottom: 5px;'>Garant\u00eda del fabricante: 24 meses<\/li>\n<\/ul><\/div>\n<\/p><\/div>\n<\/p><\/div>\n<p> <!-- Secci\u00f3n de aplicaciones --> <\/p>\n<div style='margin-bottom: 30px;'>\n<h3 style='font-size: 22px; border-bottom: 2px solid currentColor; padding-bottom: 5px; margin-top: 0; color: inherit; opacity: 0.8;'>Aplicaciones<\/h3>\n<p style='font-size: 15px; color: inherit;'>Dise\u00f1ada ergon\u00f3micamente para entornos exigentes como lluvia intensa y situaciones peligrosas como rescates acu\u00e1ticos. Ideal para uso por fuerzas SWAT&comma; equipos especiales&comma; rescate de rehenes y patrullas marinas.<\/p>\n<\/p><\/div>\n<p> <!-- Secci\u00f3n de opciones PTT --> <\/p>\n<div style='margin-bottom: 30px;'>\n<h3 style='font-size: 22px; border-bottom: 2px solid currentColor; padding-bottom: 5px; margin-top: 0; color: inherit; opacity: 0.8;'>Opciones de PTT remoto<\/h3>\n<p style='font-size: 15px; color: inherit;'>Disponible con diferentes estilos de PTT remoto para operaci\u00f3n con manos libres:<\/p>\n<ul style='padding-left: 20px; font-size: 14px; color: inherit; list-style-type: disc;'>\n<li style='margin-bottom: 5px;'>PTT de anillo<\/li>\n<li style='margin-bottom: 5px;'>PTT de barra<\/li>\n<li style='margin-bottom: 5px;'>PTT torpedo con cable de 2.5 mm<\/li>\n<li style='margin-bottom: 5px;'>PTT plano<\/li>\n<\/ul><\/div>\n<p> <!-- Video --> <\/p>\n<div style='margin-bottom: 30px;'>\n<div style='position: relative; padding-bottom: 56.25%; height: 0; overflow: hidden;'>   <\/div>\n<\/p><\/div>\n<p> <!-- Separador final --> <\/p>\n<hr style='border: 0; border-top: 1px solid rgba(150&comma; 150&comma; 150&comma; 0.3); margin: 30px 0;'> <\/div>\n","protected":false},"excerpt":{"rendered":"<p>Diadema RANGER para KENWOOD NX-200\/300\/410\/5000, TK-480\/2180\/3180<\/p>\n","protected":false},"featured_media":67623,"comment_status":"open","ping_status":"closed","template":"","meta":[],"product_brand":[],"product_cat":[1898],"product_tag":[1579,1584,1585],"class_list":{"0":"post-67625","1":"product","2":"type-product","3":"status-publish","4":"has-post-thumbnail","6":"product_cat-diademas-accesorios-para-kenwood","7":"product_tag-accesorios-para-kenwood","8":"product_tag-diademas","9":"product_tag-otto","11":"first","12":"outofstock","13":"sale","14":"shipping-taxable","15":"purchasable","16":"product-type-simple"},"_links":{"self":[{"href":"https:\/\/soydeaqui.ddns.net\/pachuca\/index.php\/wp-json\/wp\/v2\/product\/67625","targetHints":{"allow":["GET"]}}],"collection":[{"href":"https:\/\/soydeaqui.ddns.net\/pachuca\/index.php\/wp-json\/wp\/v2\/product"}],"about":[{"href":"https:\/\/soydeaqui.ddns.net\/pachuca\/index.php\/wp-json\/wp\/v2\/types\/product"}],"replies":[{"embeddable":true,"href":"https:\/\/soydeaqui.ddns.net\/pachuca\/index.php\/wp-json\/wp\/v2\/comments?post=67625"}],"wp:featuredmedia":[{"embeddable":true,"href":"https:\/\/soydeaqui.ddns.net\/pachuca\/index.php\/wp-json\/wp\/v2\/media\/67623"}],"wp:attachment":[{"href":"https:\/\/soydeaqui.ddns.net\/pachuca\/index.php\/wp-json\/wp\/v2\/media?parent=67625"}],"wp:term":[{"taxonomy":"product_brand","embeddable":true,"href":"https:\/\/soydeaqui.ddns.net\/pachuca\/index.php\/wp-json\/wp\/v2\/product_brand?post=67625"},{"taxonomy":"product_cat","embeddable":true,"href":"https:\/\/soydeaqui.ddns.net\/pachuca\/index.php\/wp-json\/wp\/v2\/product_cat?post=67625"},{"taxonomy":"product_tag","embeddable":true,"href":"https:\/\/soydeaqui.ddns.net\/pachuca\/index.php\/wp-json\/wp\/v2\/product_tag?post=67625"}],"curies":[{"name":"wp","href":"https:\/\/api.w.org\/{rel}","templated":true}]}}