{"id":67624,"date":"2026-03-19T09:39:55","date_gmt":"2026-03-19T09:39:55","guid":{"rendered":"https:\/\/soydeaqui.ddns.net\/pachuca\/index.php\/producto\/diadema-ranger-para-kenwood-nx-340-320-420-tk-3230-3000-3402-3312-3360-3170\/"},"modified":"2026-03-19T09:39:56","modified_gmt":"2026-03-19T09:39:56","slug":"diadema-ranger-para-kenwood-nx-340-320-420-tk-3230-3000-3402-3312-3360-3170","status":"publish","type":"product","link":"https:\/\/soydeaqui.ddns.net\/pachuca\/index.php\/producto\/diadema-ranger-para-kenwood-nx-340-320-420-tk-3230-3000-3402-3312-3360-3170\/","title":{"rendered":"Diadema RANGER para KENWOOD NX-340\/320\/420, TK-3230\/3000\/3402\/3312\/3360\/3170"},"content":{"rendered":"<div style='width: 100%; max-width: 1200px; margin: 0 auto; font-family: sans-serif; line-height: 1.6; color: inherit; background-color: transparent;'> <!-- Secci\u00f3n de caracter\u00edsticas principales --> <\/p>\n<div style='display: flex; flex-wrap: wrap; gap: 30px; margin-bottom: 30px;'>\n<div style='flex: 1 1 300px; min-width: 280px;'>\n<h3 style='font-size: 22px; border-bottom: 2px solid currentColor; padding-bottom: 5px; margin-top: 0; color: inherit; opacity: 0.8;'>Caracter\u00edsticas Principales<\/h3>\n<ul style='padding-left: 20px; font-size: 15px; color: inherit;'>\n<li style='margin-bottom: 5px;'>Diadema por detr\u00e1s de la cabeza con bocina izquierda<\/li>\n<li style='margin-bottom: 5px;'>Bocina que gira sobre su eje para mayor comodidad<\/li>\n<li style='margin-bottom: 5px;'>Resistente a salpicaduras de agua y polvo<\/li>\n<li style='margin-bottom: 5px;'>Cumple con normas MIL-STD-810<\/li>\n<li style='margin-bottom: 5px;'>Micr\u00f3fono de boom izquierdo&comma; flexible y con cancelaci\u00f3n de ruido<\/li>\n<li style='margin-bottom: 5px;'>Esponjas reemplazables<\/li>\n<li style='margin-bottom: 5px;'>Conector Jack opcional para conectar bot\u00f3n de PTT remoto<\/li>\n<li style='margin-bottom: 5px;'>Con mini PTT<\/li>\n<\/ul><\/div>\n<\/p><\/div>\n<p> <!-- Secci\u00f3n de especificaciones mec\u00e1nicas --> <\/p>\n<div style='display: flex; flex-wrap: wrap; gap: 20px; margin-bottom: 30px;'>\n<div style='flex: 1 1 250px; border: 1px solid rgba(150&comma; 150&comma; 150&comma; 0.4); border-radius: 8px; overflow: hidden; display: flex; flex-direction: column;'>\n<div style='padding: 15px; border-bottom: 1px solid rgba(150&comma; 150&comma; 150&comma; 0.2); font-weight: bold; font-size: 18px; color: inherit;'>Especificaciones Mec\u00e1nicas<\/div>\n<div style='padding: 15px; color: inherit;'>\n<ul style='padding-left: 20px; margin: 0; font-size: 14px; list-style-type: disc;'>\n<li style='margin-bottom: 5px;'><strong>Tensi\u00f3n de tracci\u00f3n del cable desde el m\u00f3dulo T:<\/strong> 20 lbs<\/li>\n<li style='margin-bottom: 5px;'><strong>Tensi\u00f3n de tracci\u00f3n del cable desde la diadema:<\/strong> 66 lbs<\/li>\n<li style='margin-bottom: 5px;'><strong>Tensi\u00f3n de tracci\u00f3n del cable desde el enchufe:<\/strong> 30 lbs<\/li>\n<li style='margin-bottom: 5px;'><strong>Ciclos de flexi\u00f3n del cable:<\/strong> 10&comma;000 ciclos<\/li>\n<\/ul><\/div>\n<\/p><\/div>\n<p> <!-- Secci\u00f3n de especificaciones el\u00e9ctricas --> <\/p>\n<div style='flex: 1 1 250px; border: 1px solid rgba(150&comma; 150&comma; 150&comma; 0.4); border-radius: 8px; overflow: hidden; display: flex; flex-direction: column;'>\n<div style='padding: 15px; border-bottom: 1px solid rgba(150&comma; 150&comma; 150&comma; 0.2); font-weight: bold; font-size: 18px; color: inherit;'>Especificaciones El\u00e9ctricas<\/div>\n<div style='padding: 15px; color: inherit;'>\n<ul style='padding-left: 20px; margin: 0; font-size: 14px; list-style-type: disc;'>\n<li style='margin-bottom: 5px;'><strong>Sensibilidad del micr\u00f3fono a 94dB SPL:<\/strong> -40 min a -24 max<\/li>\n<\/ul><\/div>\n<\/p><\/div>\n<p> <!-- Secci\u00f3n de especificaciones ambientales --> <\/p>\n<div style='flex: 1 1 250px; border: 1px solid rgba(150&comma; 150&comma; 150&comma; 0.4); border-radius: 8px; overflow: hidden; display: flex; flex-direction: column;'>\n<div style='padding: 15px; border-bottom: 1px solid rgba(150&comma; 150&comma; 150&comma; 0.2); font-weight: bold; font-size: 18px; color: inherit;'>Especificaciones Ambientales<\/div>\n<div style='padding: 15px; color: inherit;'>\n<ul style='padding-left: 20px; margin: 0; font-size: 14px; list-style-type: disc;'>\n<li style='margin-bottom: 5px;'><strong>Temperatura de operaci\u00f3n:<\/strong> -20\u00b0C a +60\u00b0C<\/li>\n<li style='margin-bottom: 5px;'><strong>Temperatura de almacenamiento:<\/strong> -40\u00b0C a +80\u00b0C<\/li>\n<li style='margin-bottom: 5px;'><strong>Resistente a:<\/strong> agua&comma; viento y polvo<\/li>\n<li style='margin-bottom: 5px;'><strong>Garant\u00eda:<\/strong> 24 meses<\/li>\n<\/ul><\/div>\n<\/p><\/div>\n<\/p><\/div>\n<p> <!-- Secci\u00f3n de aplicaciones --> <\/p>\n<div style='margin-bottom: 30px;'>\n<h3 style='font-size: 22px; border-bottom: 2px solid currentColor; padding-bottom: 5px; margin-top: 0; color: inherit; opacity: 0.8;'>Aplicaciones<\/h3>\n<p style='font-size: 15px; color: inherit; margin-bottom: 15px;'>Dise\u00f1ada ergon\u00f3micamente para operaciones en condiciones extremas&comma; ideal para:<\/p>\n<ul style='padding-left: 20px; font-size: 15px; color: inherit;'>\n<li style='margin-bottom: 5px;'>Equipos SWAT<\/li>\n<li style='margin-bottom: 5px;'>Equipos de respuesta especial<\/li>\n<li style='margin-bottom: 5px;'>Equipos de rescate de rehenes<\/li>\n<li style='margin-bottom: 5px;'>Patrullas marinas<\/li>\n<li style='margin-bottom: 5px;'>Operaciones en condiciones clim\u00e1ticas extremas (lluvia&comma; rescates acu\u00e1ticos)<\/li>\n<\/ul><\/div>\n<p> <!-- Secci\u00f3n de opciones de PTT remoto --> <\/p>\n<div style='margin-bottom: 30px;'>\n<h3 style='font-size: 22px; border-bottom: 2px solid currentColor; padding-bottom: 5px; margin-top: 0; color: inherit; opacity: 0.8;'>Opciones de PTT Remoto<\/h3>\n<p style='font-size: 15px; color: inherit; margin-bottom: 15px;'>Estilos de PTT remoto disponibles:<\/p>\n<ul style='padding-left: 20px; font-size: 15px; color: inherit;'>\n<li style='margin-bottom: 5px;'>Push-to-Talk de anillo<\/li>\n<li style='margin-bottom: 5px;'>Push-to-Talk de 80 mm<\/li>\n<li style='margin-bottom: 5px;'>Push-to-Talk tipo barril<\/li>\n<li style='margin-bottom: 5px;'>Push-to-Talk torpedo con cable de 2.5 mm<\/li>\n<li style='margin-bottom: 5px;'>Push-to-Talk plano<\/li>\n<\/ul><\/div>\n<p> <!-- Separador final --> <\/p>\n<hr style='border: 0; border-top: 1px solid rgba(150&comma; 150&comma; 150&comma; 0.3); margin: 30px 0;'> <\/div>\n","protected":false},"excerpt":{"rendered":"<p>Diadema RANGER para KENWOOD NX-340\/320\/420, TK-3230\/3000\/3402\/3312\/3360\/3170<\/p>\n","protected":false},"featured_media":67623,"comment_status":"open","ping_status":"closed","template":"","meta":[],"product_brand":[],"product_cat":[1898],"product_tag":[1579,1584,1585],"class_list":{"0":"post-67624","1":"product","2":"type-product","3":"status-publish","4":"has-post-thumbnail","6":"product_cat-diademas-accesorios-para-kenwood","7":"product_tag-accesorios-para-kenwood","8":"product_tag-diademas","9":"product_tag-otto","11":"first","12":"outofstock","13":"sale","14":"shipping-taxable","15":"purchasable","16":"product-type-simple"},"_links":{"self":[{"href":"https:\/\/soydeaqui.ddns.net\/pachuca\/index.php\/wp-json\/wp\/v2\/product\/67624","targetHints":{"allow":["GET"]}}],"collection":[{"href":"https:\/\/soydeaqui.ddns.net\/pachuca\/index.php\/wp-json\/wp\/v2\/product"}],"about":[{"href":"https:\/\/soydeaqui.ddns.net\/pachuca\/index.php\/wp-json\/wp\/v2\/types\/product"}],"replies":[{"embeddable":true,"href":"https:\/\/soydeaqui.ddns.net\/pachuca\/index.php\/wp-json\/wp\/v2\/comments?post=67624"}],"wp:featuredmedia":[{"embeddable":true,"href":"https:\/\/soydeaqui.ddns.net\/pachuca\/index.php\/wp-json\/wp\/v2\/media\/67623"}],"wp:attachment":[{"href":"https:\/\/soydeaqui.ddns.net\/pachuca\/index.php\/wp-json\/wp\/v2\/media?parent=67624"}],"wp:term":[{"taxonomy":"product_brand","embeddable":true,"href":"https:\/\/soydeaqui.ddns.net\/pachuca\/index.php\/wp-json\/wp\/v2\/product_brand?post=67624"},{"taxonomy":"product_cat","embeddable":true,"href":"https:\/\/soydeaqui.ddns.net\/pachuca\/index.php\/wp-json\/wp\/v2\/product_cat?post=67624"},{"taxonomy":"product_tag","embeddable":true,"href":"https:\/\/soydeaqui.ddns.net\/pachuca\/index.php\/wp-json\/wp\/v2\/product_tag?post=67624"}],"curies":[{"name":"wp","href":"https:\/\/api.w.org\/{rel}","templated":true}]}}