{"id":67608,"date":"2026-03-19T09:39:19","date_gmt":"2026-03-19T09:39:19","guid":{"rendered":"https:\/\/soydeaqui.ddns.net\/pachuca\/index.php\/producto\/microfono-de-garganta-para-icom-icf50-60-50v-60v-3161-4161\/"},"modified":"2026-03-19T09:39:20","modified_gmt":"2026-03-19T09:39:20","slug":"microfono-de-garganta-para-icom-icf50-60-50v-60v-3161-4161","status":"publish","type":"product","link":"https:\/\/soydeaqui.ddns.net\/pachuca\/index.php\/producto\/microfono-de-garganta-para-icom-icf50-60-50v-60v-3161-4161\/","title":{"rendered":"Micr\u00f3fono de Garganta para ICOM ICF50\/60\/50V\/60V\/3161\/4161"},"content":{"rendered":"<div style='width: 100%; max-width: 1200px; margin: 0 auto; font-family: sans-serif; line-height: 1.6; color: inherit; background-color: transparent;'> <!-- Imagen principal --> <\/p>\n<div style='display: flex; justify-content: center; margin-bottom: 30px;'> <img style='width: 100%; max-width: 400px; height: auto; border: 1px solid rgba(150&comma;150&comma;150&comma;0.3); border-radius: 8px;' src='http:\/\/ftp3.syscom.mx\/usuarios\/fotos\/E2RE2KB5111\/87816-otto.png' alt='Micr\u00f3fono de Garganta para ICOM'> <\/div>\n<p> <!-- Caracter\u00edsticas principales --> <\/p>\n<div style='display: flex; flex-wrap: wrap; gap: 30px; margin-bottom: 30px;'>\n<div style='flex: 1 1 300px; min-width: 280px;'>\n<h3 style='font-size: 22px; border-bottom: 2px solid currentColor; padding-bottom: 5px; margin-top: 0; color: inherit; opacity: 0.8;'>Caracter\u00edsticas<\/h3>\n<ul style='padding-left: 20px; font-size: 15px; color: inherit;'>\n<li style='margin-bottom: 5px;'>Avanzada tecnolog\u00eda de micr\u00f3fono que transmite la voz incluso al susurrar<\/li>\n<li style='margin-bottom: 5px;'>Correa confortable el\u00e1stica con ajuste para largas jornadas de trabajo<\/li>\n<li style='margin-bottom: 5px;'>Excelente equipo para requerimiento de manos libres<\/li>\n<li style='margin-bottom: 5px;'>Bot\u00f3n de PTT en el cable<\/li>\n<li style='margin-bottom: 5px;'>Tubo ac\u00fastico Plug and Play para compartir el equipo durante m\u00faltiples turnos de trabajo manteniendo un ambiente higi\u00e9nico<\/li>\n<\/ul><\/div>\n<div style='flex: 1 1 300px; min-width: 280px;'>\n<h3 style='font-size: 22px; border-bottom: 2px solid currentColor; padding-bottom: 5px; margin-top: 0; color: inherit; opacity: 0.8;'>Compatibilidad<\/h3>\n<ul style='padding-left: 20px; font-size: 15px; color: inherit;'>\n<li style='margin-bottom: 5px;'>ICOM ICF50<\/li>\n<li style='margin-bottom: 5px;'>ICOM ICF60<\/li>\n<li style='margin-bottom: 5px;'>ICOM ICF50V<\/li>\n<li style='margin-bottom: 5px;'>ICOM ICF60V<\/li>\n<li style='margin-bottom: 5px;'>ICOM 3161<\/li>\n<li style='margin-bottom: 5px;'>ICOM 4161<\/li>\n<\/ul><\/div>\n<\/p><\/div>\n<p> <!-- Informaci\u00f3n adicional --> <\/p>\n<div style='margin-bottom: 30px;'>\n<h3 style='font-size: 22px; border-bottom: 2px solid currentColor; padding-bottom: 5px; margin-top: 0; color: inherit; opacity: 0.8;'>Informaci\u00f3n Adicional<\/h3>\n<p style='font-size: 15px; color: inherit;'>Adaptador Jack de 2.5mm opcional para conectar un bot\u00f3n de PTT remoto para aplicaciones especiales. \u00a1Ll\u00e1menos para m\u00e1s informaci\u00f3n!<\/p>\n<\/p><\/div>\n<p> <!-- Video y diagrama --> <\/p>\n<div style='display: grid; grid-template-columns: 1fr; gap: 30px; margin-bottom: 30px;'> <!-- Video de YouTube --> <\/p>\n<div style='position: relative; padding-bottom: 56.25%; height: 0; overflow: hidden;'>   <\/div>\n<p> <!-- Diagrama --> <\/p>\n<div style='display: flex; justify-content: center;'> <img style='width: 100%; max-width: 440px; height: auto; border: 1px solid rgba(150&comma;150&comma;150&comma;0.3); border-radius: 8px;' src='http:\/\/ftp3.syscom.mx\/usuarios\/fotos\/recursos\/513.jpg' alt='Diagrama del micr\u00f3fono'> <\/div>\n<\/p><\/div>\n<p> <!-- Separador final --> <\/p>\n<hr style='border: 0; border-top: 1px solid rgba(150&comma; 150&comma; 150&comma; 0.3); margin: 30px 0;'> <\/div>\n","protected":false},"excerpt":{"rendered":"<p>Micr\u00f3fono de Garganta para ICOM ICF50\/60\/50V\/60V\/3161\/4161<\/p>\n","protected":false},"featured_media":63496,"comment_status":"open","ping_status":"closed","template":"","meta":[],"product_brand":[],"product_cat":[1516],"product_tag":[1517,1518,1585],"class_list":{"0":"post-67608","1":"product","2":"type-product","3":"status-publish","4":"has-post-thumbnail","6":"product_cat-microfono-audifono","7":"product_tag-accesorios-para-icom","8":"product_tag-microfono-audifono","9":"product_tag-otto","11":"first","12":"outofstock","13":"sale","14":"shipping-taxable","15":"purchasable","16":"product-type-simple"},"_links":{"self":[{"href":"https:\/\/soydeaqui.ddns.net\/pachuca\/index.php\/wp-json\/wp\/v2\/product\/67608","targetHints":{"allow":["GET"]}}],"collection":[{"href":"https:\/\/soydeaqui.ddns.net\/pachuca\/index.php\/wp-json\/wp\/v2\/product"}],"about":[{"href":"https:\/\/soydeaqui.ddns.net\/pachuca\/index.php\/wp-json\/wp\/v2\/types\/product"}],"replies":[{"embeddable":true,"href":"https:\/\/soydeaqui.ddns.net\/pachuca\/index.php\/wp-json\/wp\/v2\/comments?post=67608"}],"wp:featuredmedia":[{"embeddable":true,"href":"https:\/\/soydeaqui.ddns.net\/pachuca\/index.php\/wp-json\/wp\/v2\/media\/63496"}],"wp:attachment":[{"href":"https:\/\/soydeaqui.ddns.net\/pachuca\/index.php\/wp-json\/wp\/v2\/media?parent=67608"}],"wp:term":[{"taxonomy":"product_brand","embeddable":true,"href":"https:\/\/soydeaqui.ddns.net\/pachuca\/index.php\/wp-json\/wp\/v2\/product_brand?post=67608"},{"taxonomy":"product_cat","embeddable":true,"href":"https:\/\/soydeaqui.ddns.net\/pachuca\/index.php\/wp-json\/wp\/v2\/product_cat?post=67608"},{"taxonomy":"product_tag","embeddable":true,"href":"https:\/\/soydeaqui.ddns.net\/pachuca\/index.php\/wp-json\/wp\/v2\/product_tag?post=67608"}],"curies":[{"name":"wp","href":"https:\/\/api.w.org\/{rel}","templated":true}]}}