{"id":6760,"date":"2026-03-18T06:47:13","date_gmt":"2026-03-18T06:47:13","guid":{"rendered":"https:\/\/soydeaqui.ddns.net\/pachuca\/index.php\/producto\/teclado-seetouch-3-botones-2-botones-subir-bajar-programe-escenas-diferentes-en-cada-boton-2\/"},"modified":"2026-03-18T06:47:14","modified_gmt":"2026-03-18T06:47:14","slug":"teclado-seetouch-3-botones-2-botones-subir-bajar-programe-escenas-diferentes-en-cada-boton-2","status":"publish","type":"product","link":"https:\/\/soydeaqui.ddns.net\/pachuca\/index.php\/producto\/teclado-seetouch-3-botones-2-botones-subir-bajar-programe-escenas-diferentes-en-cada-boton-2\/","title":{"rendered":"Teclado seetouch 3 botones, 2 botones subir\/bajar, programe escenas diferentes en cada bot\u00f3n."},"content":{"rendered":"<div style='width: 100%; max-width: 1200px; margin: 0 auto; font-family: sans-serif; line-height: 1.6; color: inherit; background-color: transparent;'>\n<div style='display: flex; flex-direction: column; gap: 20px;'>\n<div style='width: 100%;'> <a style='display: inline-block; background-color: #007bff; color: #fff; padding: 10px 20px; text-decoration: none; border-radius: 4px;' href='https:\/\/www.syscom.mx\/singlepage\/lutron_radiora' target='_blank' rel='noopener'>Ver Single Page<\/a> <\/div>\n<ul style='padding-left: 20px; color: inherit;'>\n<li style='margin-bottom: 10px;'>TECLADO SEETOUCH 3 BOTONES SUBE\/BAJA&comma; COLOR BLANCO<\/li>\n<li style='margin-bottom: 10px;'><span style='color: #7e8c8d;'><strong>No incluye tapa&comma; contemplar el modelo CW1WH.<\/strong><\/span><\/li>\n<\/ul>\n<p style='text-align: justify; margin-bottom: 20px;'>Las botoneras seeTouch\u00ae montadas en la pared se instalan en una caja de pared est\u00e1ndar para controlar las luces y\/o las cortinas individualmente o en escenas predefinidas. Cuenta con botones retroiluminados y grabado personalizado.<\/p>\n<h3 style='text-align: justify; font-size: 24px; margin-bottom: 15px; border-bottom: 2px solid currentColor; padding-bottom: 5px; color: inherit; opacity: 0.8;'>\u00bfQu\u00e9 es RadioRA\u00ae 2?<\/h3>\n<p style='text-align: justify; margin-bottom: 20px;'>RadioRA 2 es un sistema inal\u00e1mbrico de control total del hogar que permite el control conveniente e intuitivo de luces&comma; cortinas&comma; electrodom\u00e9sticos y temperatura en una habitaci\u00f3n sencilla o en una casa entera. Se instala con facilidad&comma; se programa con rapidez y se opera de manera confiable gracias a la Tecnolog\u00eda RF Clear Connect\u2122.<\/p>\n<h3 style='text-align: justify; font-size: 24px; margin-bottom: 15px; border-bottom: 2px solid currentColor; padding-bottom: 5px; color: inherit; opacity: 0.8;'>\u00bfCu\u00e1les son algunos de los beneficios?<\/h3>\n<div style='display: flex; flex-direction: column; gap: 20px;'>\n<div style='border: 1px solid rgba(150&comma; 150&comma; 150&comma; 0.4); border-radius: 8px; padding: 15px;'>\n<h4 style='margin-top: 0; margin-bottom: 10px; font-size: 18px; color: inherit;'><strong>Ahorra energ\u00eda<\/strong><\/h4>\n<p style='margin: 0; color: inherit;'>Los propietarios de hoy quieren reducir los costos&comma; tener seguridad y proteger el planeta.<br \/>Con RadioRA 2&comma; pueden lograr ambos objetivos.<\/p>\n<\/p><\/div>\n<div style='border: 1px solid rgba(150&comma; 150&comma; 150&comma; 0.4); border-radius: 8px; padding: 15px;'>\n<h4 style='margin-top: 0; margin-bottom: 10px; font-size: 18px; color: inherit;'><strong>Integraci\u00f3n abierta con terceros<\/strong><\/h4>\n<ul style='padding-left: 20px; margin: 0; color: inherit; font-size: 14px;'>\n<li style='margin-bottom: 5px;'>Man\u00e9jelo con controles remotos&comma; sistemas de automatizaci\u00f3n del hogar&comma; dispositivos m\u00f3viles y m\u00e1s; todo desde un repetidor. El protocolo de integraci\u00f3n p\u00fablica con RS232 o IP.<\/li>\n<\/ul><\/div>\n<div style='border: 1px solid rgba(150&comma; 150&comma; 150&comma; 0.4); border-radius: 8px; padding: 15px;'>\n<h4 style='margin-top: 0; margin-bottom: 10px; font-size: 18px; color: inherit;'><strong>F\u00e1cil de instalar y programar<\/strong><\/h4>\n<ul style='padding-left: 20px; margin: 0; color: inherit; font-size: 14px;'>\n<li style='margin-bottom: 5px;'>La configuraci\u00f3n por computadora ahorra tiempo durante el dise\u00f1o y la programaci\u00f3n.<\/li>\n<li style='margin-bottom: 5px;'>Para aplicaciones sencillas&comma; la configuraci\u00f3n mediante la botonera no requiere de una computadora.<\/li>\n<\/ul><\/div>\n<div style='border: 1px solid rgba(150&comma; 150&comma; 150&comma; 0.4); border-radius: 8px; padding: 15px;'>\n<h4 style='margin-top: 0; margin-bottom: 10px; font-size: 18px; color: inherit;'><strong>Flexible&comma; expandible y confiable<\/strong><\/h4>\n<ul style='padding-left: 20px; margin: 0; color: inherit; font-size: 14px;'>\n<li style='margin-bottom: 5px;'>Elija entre una variedad de componentes inal\u00e1mbricos para personalizar un sistema que quepa en cualquier espacio soporte de 2 a 200 dispositivos.<\/li>\n<\/ul><\/div>\n<\/p><\/div>\n<div style='width: 100%; margin: 20px 0;'> <a style='display: inline-block; background-color: #007bff; color: #fff; padding: 10px 20px; text-decoration: none; border-radius: 4px;' href='https:\/\/www.syscom.mx\/singlepage\/lutron_radiora' target='_blank' rel='noopener'>Ver Single Page<\/a> <\/div>\n<div style='width: 100%; margin: 20px 0;'> <img style='width: 100%; height: auto; border: 1px solid rgba(150&comma;150&comma;150&comma;0.3); border-radius: 8px;' src='http:\/\/ftp3.syscom.mx\/usuarios\/yhermosillo\/LUTRON\/RadioRa2\/SystemOverview.jpg' alt='' \/> <\/div>\n<\/p><\/div>\n<\/p><\/div>\n","protected":false},"excerpt":{"rendered":"<p>Teclado seetouch 3 botones, 2 botones subir\/bajar, programe escenas diferentes en cada bot\u00f3n.<\/p>\n","protected":false},"featured_media":6759,"comment_status":"open","ping_status":"closed","template":"","meta":[],"product_brand":[],"product_cat":[34],"product_tag":[30,35,36],"class_list":{"0":"post-6760","1":"product","2":"type-product","3":"status-publish","4":"has-post-thumbnail","6":"product_cat-lutron","7":"product_tag-automatizacion-casa-inteligente","8":"product_tag-lutron","9":"product_tag-lutron-electronics","11":"first","12":"outofstock","13":"sale","14":"shipping-taxable","15":"purchasable","16":"product-type-simple"},"_links":{"self":[{"href":"https:\/\/soydeaqui.ddns.net\/pachuca\/index.php\/wp-json\/wp\/v2\/product\/6760","targetHints":{"allow":["GET"]}}],"collection":[{"href":"https:\/\/soydeaqui.ddns.net\/pachuca\/index.php\/wp-json\/wp\/v2\/product"}],"about":[{"href":"https:\/\/soydeaqui.ddns.net\/pachuca\/index.php\/wp-json\/wp\/v2\/types\/product"}],"replies":[{"embeddable":true,"href":"https:\/\/soydeaqui.ddns.net\/pachuca\/index.php\/wp-json\/wp\/v2\/comments?post=6760"}],"wp:featuredmedia":[{"embeddable":true,"href":"https:\/\/soydeaqui.ddns.net\/pachuca\/index.php\/wp-json\/wp\/v2\/media\/6759"}],"wp:attachment":[{"href":"https:\/\/soydeaqui.ddns.net\/pachuca\/index.php\/wp-json\/wp\/v2\/media?parent=6760"}],"wp:term":[{"taxonomy":"product_brand","embeddable":true,"href":"https:\/\/soydeaqui.ddns.net\/pachuca\/index.php\/wp-json\/wp\/v2\/product_brand?post=6760"},{"taxonomy":"product_cat","embeddable":true,"href":"https:\/\/soydeaqui.ddns.net\/pachuca\/index.php\/wp-json\/wp\/v2\/product_cat?post=6760"},{"taxonomy":"product_tag","embeddable":true,"href":"https:\/\/soydeaqui.ddns.net\/pachuca\/index.php\/wp-json\/wp\/v2\/product_tag?post=6760"}],"curies":[{"name":"wp","href":"https:\/\/api.w.org\/{rel}","templated":true}]}}