{"id":67599,"date":"2026-03-19T09:38:56","date_gmt":"2026-03-19T09:38:56","guid":{"rendered":"https:\/\/soydeaqui.ddns.net\/pachuca\/index.php\/producto\/termistor-limitador-de-corriente-3-2-amp-ntc-10-ohm-10-x-4-mm-inrush\/"},"modified":"2026-03-19T09:38:58","modified_gmt":"2026-03-19T09:38:58","slug":"termistor-limitador-de-corriente-3-2-amp-ntc-10-ohm-10-x-4-mm-inrush","status":"publish","type":"product","link":"https:\/\/soydeaqui.ddns.net\/pachuca\/index.php\/producto\/termistor-limitador-de-corriente-3-2-amp-ntc-10-ohm-10-x-4-mm-inrush\/","title":{"rendered":"Termistor Limitador de Corriente, 3.2 Amp., NTC 10 Ohm, 10 X 4 mm, Inrush."},"content":{"rendered":"<div style='width: 100%; max-width: 1200px; margin: 0 auto; font-family: sans-serif; line-height: 1.6; color: inherit; background-color: transparent;'> <!-- Secci\u00f3n de caracter\u00edsticas principales --> <\/p>\n<div style='display: flex; flex-wrap: wrap; gap: 30px; margin-bottom: 30px;'>\n<div style='flex: 1 1 300px; min-width: 280px;'>\n<h3 style='font-size: 22px; border-bottom: 2px solid currentColor; padding-bottom: 5px; margin-top: 0; color: inherit; opacity: 0.8;'>Caracter\u00edsticas Principales<\/h3>\n<ul style='padding-left: 20px; font-size: 15px; color: inherit;'>\n<li style='margin-bottom: 5px;'>Aprobado por UL (UL 1434 File# E82830)<\/li>\n<li style='margin-bottom: 5px;'>Tama\u00f1o f\u00edsico compacto<\/li>\n<li style='margin-bottom: 5px;'>Dispositivo de estado s\u00f3lido de bajo costo para supresi\u00f3n de corriente de entrada<\/li>\n<li style='margin-bottom: 5px;'>Baja resistencia en estado estable y p\u00e9rdida de potencia asociada<\/li>\n<li style='margin-bottom: 5px;'>Excelente resistencia mec\u00e1nica<\/li>\n<li style='margin-bottom: 5px;'>Rango amplio de temperatura de operaci\u00f3n: -50\u00b0C a 175\u00b0C<\/li>\n<li style='margin-bottom: 5px;'>Adecuado para montaje en PCB<\/li>\n<\/ul><\/div>\n<p> <!-- Especificaciones t\u00e9cnicas --> <\/p>\n<div style='flex: 1 1 300px; min-width: 280px;'>\n<h3 style='font-size: 22px; border-bottom: 2px solid currentColor; padding-bottom: 5px; margin-top: 0; color: inherit; opacity: 0.8;'>Especificaciones T\u00e9cnicas<\/h3>\n<ul style='padding-left: 20px; font-size: 15px; color: inherit;'>\n<li style='margin-bottom: 5px;'><strong>Modelo:<\/strong> CL-110<\/li>\n<li style='margin-bottom: 5px;'><strong>Resistencia @25\u00b0C:<\/strong> 10\u03a9 \u00b125%<\/li>\n<li style='margin-bottom: 5px;'><strong>Corriente m\u00e1xima (RMS):<\/strong> 3.2A<\/li>\n<li style='margin-bottom: 5px;'><strong>Di\u00e1metro del disco:<\/strong> 0.40&#8242; (10.16mm)<\/li>\n<li style='margin-bottom: 5px;'><strong>Espesor del disco:<\/strong> 0.17&#8242; (4.32mm)<\/li>\n<li style='margin-bottom: 5px;'><strong>Capacitancia m\u00e1xima @120V Rms:<\/strong> 600\u03bcF<\/li>\n<li style='margin-bottom: 5px;'><strong>Capacitancia m\u00e1xima @240V Rms:<\/strong> 150\u03bcF<\/li>\n<li style='margin-bottom: 5px;'><strong>Energ\u00eda m\u00e1xima:<\/strong> 4.32 Joules<\/li>\n<li style='margin-bottom: 5px;'><strong>Constante de disipaci\u00f3n:<\/strong> 8 mW\/\u00b0C<\/li>\n<li style='margin-bottom: 5px;'><strong>Tiempo constante:<\/strong> 30 segundos<\/li>\n<li style='margin-bottom: 5px;'><strong>Corriente m\u00ednima:<\/strong> 0.7A<\/li>\n<li style='margin-bottom: 5px;'><strong>Corriente m\u00e1xima:<\/strong> 3.2A<\/li>\n<\/ul><\/div>\n<\/p><\/div>\n<p> <!-- Secci\u00f3n de aplicaciones --> <\/p>\n<div style='margin-bottom: 30px;'>\n<h3 style='font-size: 22px; border-bottom: 2px solid currentColor; padding-bottom: 5px; margin-top: 0; color: inherit; opacity: 0.8;'>Aplicaciones<\/h3>\n<p style='font-size: 15px; color: inherit; margin-bottom: 15px;'>Control de corriente de entrada en fuentes de alimentaci\u00f3n conmutadas&comma; l\u00e1mparas fluorescentes&comma; inversores&comma; motores&comma; entre otros.<\/p>\n<\/p><\/div>\n<p> <!-- Secci\u00f3n de selecci\u00f3n del termistor --> <\/p>\n<div style='margin-bottom: 30px;'>\n<h3 style='font-size: 22px; border-bottom: 2px solid currentColor; padding-bottom: 5px; margin-top: 0; color: inherit; opacity: 0.8;'>Criterios de Selecci\u00f3n<\/h3>\n<p style='font-size: 15px; color: inherit; margin-bottom: 15px;'>Para seleccionar el termistor adecuado se deben considerar los siguientes criterios:<\/p>\n<ol style='padding-left: 20px; font-size: 15px; color: inherit;'>\n<li style='margin-bottom: 10px;'>I<sub>m\u00e1x<\/sub>: La corriente m\u00e1xima en estado estable est\u00e1 determinada por la vida \u00fatil aceptable del producto final. La ecuaci\u00f3n de equilibrio t\u00e9rmico es: Power = I\u00b2R = \u03b4(T &#8211; T<sub>A<\/sub>).<\/li>\n<li style='margin-bottom: 10px;'>La segunda consideraci\u00f3n es entender la corriente de entrada m\u00e1xima permitida&comma; generalmente especificada por los componentes en l\u00ednea con el termistor&comma; como el puente de diodos.<\/li>\n<li style='margin-bottom: 10px;'>La tercera consideraci\u00f3n es conocer la capacitancia total del dispositivo a proteger. La capacitancia aparece como un cortocircuito al sistema en el momento de la conexi\u00f3n.<\/li>\n<\/ol><\/div>\n<p> <!-- Secci\u00f3n de consideraciones de dise\u00f1o --> <\/p>\n<div style='margin-bottom: 30px;'>\n<h3 style='font-size: 22px; border-bottom: 2px solid currentColor; padding-bottom: 5px; margin-top: 0; color: inherit; opacity: 0.8;'>Consideraciones de Dise\u00f1o<\/h3>\n<p style='font-size: 15px; color: inherit; margin-bottom: 15px;'>El termistor NTC es ideal para limitar la corriente de entrada ya que funciona como una resistencia que disminuye desde un valor alto en fr\u00edo hasta un valor bajo cuando se calienta por la corriente que fluye a trav\u00e9s de \u00e9l. Algunos factores importantes a considerar cuando se dise\u00f1a un termistor NTC como limitador de corriente de entrada son:<\/p>\n<ul style='padding-left: 20px; font-size: 15px; color: inherit;'>\n<li style='margin-bottom: 5px;'>Corriente de sobretensi\u00f3n m\u00e1xima permitida en el encendido<\/li>\n<li style='margin-bottom: 5px;'>Coincidencia del termistor con el tama\u00f1o de los capacitores de filtro<\/li>\n<li style='margin-bottom: 5px;'>Valor m\u00e1ximo de corriente en estado estable<\/li>\n<li style='margin-bottom: 5px;'>Temperatura ambiente m\u00e1xima<\/li>\n<li style='margin-bottom: 5px;'>Vida \u00fatil esperada de la fuente de alimentaci\u00f3n<\/li>\n<\/ul><\/div>\n<p> <!-- Secci\u00f3n de energ\u00eda de sobretensi\u00f3n --> <\/p>\n<div style='margin-bottom: 30px;'>\n<h3 style='font-size: 22px; border-bottom: 2px solid currentColor; padding-bottom: 5px; margin-top: 0; color: inherit; opacity: 0.8;'>Energ\u00eda de Sobretensi\u00f3n en el Encendido<\/h3>\n<p style='font-size: 15px; color: inherit; margin-bottom: 15px;'>En el momento en que el circuito se energiza&comma; los capacitores de filtro en una fuente conmutada aparecen como un cortocircuito&comma; y en un corto per\u00edodo de tiempo almacenar\u00e1n una cantidad de energ\u00eda igual a \u00bdCV\u00b2. Toda la carga que almacenan los capacitores debe fluir a trav\u00e9s del termistor. La cantidad de energ\u00eda generada en el termistor durante este per\u00edodo de sobretensi\u00f3n depende de la forma de onda del voltaje de la fuente. Una buena aproximaci\u00f3n para la energ\u00eda generada por el termistor durante este per\u00edodo es \u00bdCV\u00b2 (energ\u00eda almacenada en el capacitor de filtro).<\/p>\n<p style='font-size: 15px; color: inherit; margin-bottom: 15px;'>Para el CL-110&comma; la energ\u00eda m\u00e1xima que puede manejar es de 4.32 Joules&comma; lo que se basa en un balance de energ\u00eda dado por la ecuaci\u00f3n:<\/p>\n<p style='font-size: 15px; color: inherit; margin-bottom: 15px; text-align: center;'>Pdt = HdT + \u03b4(T &#8211; T<sub>A<\/sub>)dt<\/p>\n<p style='font-size: 15px; color: inherit; margin-bottom: 15px;'>Donde:<\/p>\n<ul style='padding-left: 20px; font-size: 15px; color: inherit;'>\n<li style='margin-bottom: 5px;'>P = Potencia generada en el NTC<\/li>\n<li style='margin-bottom: 5px;'>t = Tiempo<\/li>\n<li style='margin-bottom: 5px;'>H = Capacidad t\u00e9rmica del termistor<\/li>\n<li style='margin-bottom: 5px;'>T = Temperatura del cuerpo del termistor<\/li>\n<li style='margin-bottom: 5px;'>\u03b4 = Constante de disipaci\u00f3n<\/li>\n<li style='margin-bottom: 5px;'>T<sub>A<\/sub> = Temperatura ambiente<\/li>\n<\/ul><\/div>\n<p> <!-- Secci\u00f3n de derating --> <\/p>\n<div style='margin-bottom: 30px;'>\n<h3 style='font-size: 22px; border-bottom: 2px solid currentColor; padding-bottom: 5px; margin-top: 0; color: inherit; opacity: 0.8;'>Derating para Temperaturas Ambientes Elevadas<\/h3>\n<p style='font-size: 15px; color: inherit; margin-bottom: 15px;'>Para ajustar la corriente m\u00e1xima en estado estable para operaci\u00f3n a temperaturas ambiente elevadas&comma; se debe utilizar la siguiente ecuaci\u00f3n:<\/p>\n<p style='font-size: 15px; color: inherit; margin-bottom: 15px; text-align: center;'>I<sub>derated<\/sub> = \u221a(1.1425 &#8211; 0.0057 x T<sub>A<\/sub>) x I<sub>m\u00e1x<\/sub> @ 25\u00b0C<\/p>\n<p style='font-size: 15px; color: inherit; margin-bottom: 15px;'>Esta ecuaci\u00f3n permite calcular la corriente m\u00e1xima permitida a diferentes temperaturas ambiente.<\/p>\n<\/p><\/div>\n<p> <!-- Secci\u00f3n de opciones disponibles --> <\/p>\n<div style='margin-bottom: 30px;'>\n<h3 style='font-size: 22px; border-bottom: 2px solid currentColor; padding-bottom: 5px; margin-top: 0; color: inherit; opacity: 0.8;'>Opciones Disponibles<\/h3>\n<p style='font-size: 15px; color: inherit; margin-bottom: 15px;'>El CL-110 est\u00e1 disponible con diferentes configuraciones:<\/p>\n<ul style='padding-left: 20px; font-size: 15px; color: inherit;'>\n<li style='margin-bottom: 5px;'>Para terminales doblados&comma; agregar sufijo &#8216;A&#8217;<\/li>\n<li style='margin-bottom: 5px;'>Para empaque en cinta y carrete seg\u00fan EIA RS-468A para inserci\u00f3n autom\u00e1tica&comma; agregar sufijo &#8216;B&#8217;<\/li>\n<\/ul><\/div>\n<p> <!-- Separador final --> <\/p>\n<hr style='border: 0; border-top: 1px solid rgba(150&comma; 150&comma; 150&comma; 0.3); margin: 30px 0;'> <\/div>\n","protected":false},"excerpt":{"rendered":"<p>Termistor Limitador de Corriente, 3.2 Amp., NTC 10 Ohm, 10 X 4 mm, Inrush.<\/p>\n","protected":false},"featured_media":67598,"comment_status":"open","ping_status":"closed","template":"","meta":[],"product_brand":[],"product_cat":[1501],"product_tag":[1502,751,63],"class_list":{"0":"post-67599","1":"product","2":"type-product","3":"status-publish","4":"has-post-thumbnail","6":"product_cat-miscelaneo","7":"product_tag-miscelaneo","8":"product_tag-refacciones","9":"product_tag-syscom","11":"first","12":"outofstock","13":"sale","14":"shipping-taxable","15":"purchasable","16":"product-type-simple"},"_links":{"self":[{"href":"https:\/\/soydeaqui.ddns.net\/pachuca\/index.php\/wp-json\/wp\/v2\/product\/67599","targetHints":{"allow":["GET"]}}],"collection":[{"href":"https:\/\/soydeaqui.ddns.net\/pachuca\/index.php\/wp-json\/wp\/v2\/product"}],"about":[{"href":"https:\/\/soydeaqui.ddns.net\/pachuca\/index.php\/wp-json\/wp\/v2\/types\/product"}],"replies":[{"embeddable":true,"href":"https:\/\/soydeaqui.ddns.net\/pachuca\/index.php\/wp-json\/wp\/v2\/comments?post=67599"}],"wp:featuredmedia":[{"embeddable":true,"href":"https:\/\/soydeaqui.ddns.net\/pachuca\/index.php\/wp-json\/wp\/v2\/media\/67598"}],"wp:attachment":[{"href":"https:\/\/soydeaqui.ddns.net\/pachuca\/index.php\/wp-json\/wp\/v2\/media?parent=67599"}],"wp:term":[{"taxonomy":"product_brand","embeddable":true,"href":"https:\/\/soydeaqui.ddns.net\/pachuca\/index.php\/wp-json\/wp\/v2\/product_brand?post=67599"},{"taxonomy":"product_cat","embeddable":true,"href":"https:\/\/soydeaqui.ddns.net\/pachuca\/index.php\/wp-json\/wp\/v2\/product_cat?post=67599"},{"taxonomy":"product_tag","embeddable":true,"href":"https:\/\/soydeaqui.ddns.net\/pachuca\/index.php\/wp-json\/wp\/v2\/product_tag?post=67599"}],"curies":[{"name":"wp","href":"https:\/\/api.w.org\/{rel}","templated":true}]}}