{"id":67589,"date":"2026-03-19T09:38:34","date_gmt":"2026-03-19T09:38:34","guid":{"rendered":"https:\/\/soydeaqui.ddns.net\/pachuca\/index.php\/producto\/conector-n-hembra-para-cable-ava6-50\/"},"modified":"2026-03-19T09:38:45","modified_gmt":"2026-03-19T09:38:45","slug":"conector-n-hembra-para-cable-ava6-50","status":"publish","type":"product","link":"https:\/\/soydeaqui.ddns.net\/pachuca\/index.php\/producto\/conector-n-hembra-para-cable-ava6-50\/","title":{"rendered":"Conector N Hembra para cable AVA6-50"},"content":{"rendered":"<div style='width: 100%; max-width: 1200px; margin: 0 auto; font-family: sans-serif; line-height: 1.6; color: inherit; background-color: transparent;'>\n<div style='margin-bottom: 30px;'>\n<p style='font-size: 18px; line-height: 1.6; margin: 0 0 20px; color: inherit;'>El conector N Female EZfit\u00ae de ANDREW es un componente de alta performance dise\u00f1ado para aplicaciones de telecomunicaciones y redes inal\u00e1mbricas. Este conector straight de impedancia 50 ohm est\u00e1 espec\u00edficamente dise\u00f1ado para cables FXL1480 y AVA6-50 de 1-1\/4 pulgadas&comma; ofreciendo excelentes caracter\u00edsticas el\u00e9ctricas y mec\u00e1nicas con un rango de frecuencia operativa de 0-4000 MHz y capacidad de potencia pico de 10 kW.<\/p>\n<\/div>\n<div style='display: flex; flex-wrap: wrap; gap: 30px; margin-bottom: 30px;'>\n<div style='flex: 1 1 300px; min-width: 280px;'>\n<h3 style='font-size: 22px; border-bottom: 2px solid currentColor; padding-bottom: 5px; margin-top: 0; color: inherit; opacity: 0.8;'>Caracter\u00edsticas Principales<\/h3>\n<ul style='padding-left: 20px; font-size: 15px; color: inherit;'>\n<li style='margin-bottom: 5px;'>Interfaz N Female con dise\u00f1o straight para f\u00e1cil instalaci\u00f3n<\/li>\n<li style='margin-bottom: 5px;'>Compatible con cables FXL1480 y AVA6-50 de 1-1\/4 pulgadas<\/li>\n<li style='margin-bottom: 5px;'>Rango de frecuencia operativa: 0-4000 MHz<\/li>\n<li style='margin-bottom: 5px;'>Potencia pico m\u00e1xima: 10 kW<\/li>\n<li style='margin-bottom: 5px;'>Potencia promedio: 0.6 kW @ 900 MHz<\/li>\n<li style='margin-bottom: 5px;'>Excelente performance de IMD: -116 dBm @ 1800 MHz<\/li>\n<li style='margin-bottom: 5px;'>Certificaci\u00f3n IP68 para inmersi\u00f3n hasta 1 metro<\/li>\n<li style='margin-bottom: 5px;'>Temperatura de operaci\u00f3n: -40\u00b0C a +85\u00b0C<\/li>\n<li style='margin-bottom: 5px;'>Acabado trimetal para m\u00e1xima durabilidad y conductividad<\/li>\n<\/ul>\n<\/div>\n<\/div>\n<\/div>\n<div style='display: flex; flex-wrap: wrap; gap: 20px; margin-bottom: 30px;'>\n<div style='flex: 1 1 45%; min-width: 300px; border: 1px solid rgba(150&comma; 150&comma; 150&comma; 0.4); border-radius: 8px; overflow: hidden; display: flex; flex-direction: column;'>\n<div style='padding: 15px; border-bottom: 1px solid rgba(150&comma; 150&comma; 150&comma; 0.2); font-weight: bold; font-size: 18px; color: inherit;'>Especificaciones<\/div>\n<div style='padding: 15px; color: inherit;'>\n<ul style='padding-left: 20px; margin: 0; font-size: 14px; list-style-type: disc;'>\n<li style='margin-bottom: 5px;'><strong>Impedancia:<\/strong> 50 ohm<\/li>\n<li style='margin-bottom: 5px;'><strong>VSWR:<\/strong> 1.029 @ 50-1000 MHz&comma; 1.041 @ 1000-1900 MHz&comma; 1.065 @ 2700-3300 MHz<\/li>\n<li style='margin-bottom: 5px;'><strong>P\u00e9rdida de inserci\u00f3n t\u00edpica:<\/strong> 0.05\u221afreq (GHz)<\/li>\n<li style='margin-bottom: 5px;'><strong>Resistencia contacto interno:<\/strong> m\u00e1ximo 2 mOhm<\/li>\n<li style='margin-bottom: 5px;'><strong>Resistencia contacto externo:<\/strong> m\u00e1ximo 0.3 mOhm<\/li>\n<li style='margin-bottom: 5px;'><strong>Voltaje DC prueba:<\/strong> 2000 V<\/li>\n<li style='margin-bottom: 5px;'><strong>Resistencia aislamiento:<\/strong> m\u00ednimo 5000 MOhm<\/li>\n<li style='margin-bottom: 5px;'><strong>Voltaje RF m\u00e1ximo:<\/strong> 707 Vrms<\/li>\n<li style='margin-bottom: 5px;'><strong>Durabilidad interfaz:<\/strong> 500 ciclos<\/li>\n<li style='margin-bottom: 5px;'><strong>Fuerza tensi\u00f3n retenci\u00f3n:<\/strong> 1&comma;334.47 N (300 lbf)<\/li>\n<li style='margin-bottom: 5px;'><strong>Torque retenci\u00f3n:<\/strong> 8.14 N-m (72.001 in lb)<\/li>\n<\/ul>\n<\/div>\n<\/div>\n<\/div>\n<div style='flex: 1 1 45%; min-width: 300px; border: 1px solid rgba(150&comma; 150&comma; 150&comma; 0.4); border-radius: 8px; overflow: hidden; display: flex; flex-direction: column;'>\n<div style='padding: 15px; border-bottom: 1px solid rgba(150&comma; 150&comma; 150&comma; 0.2); font-weight: bold; font-size: 18px; color: inherit;'>Interfaces y Conectividad<\/div>\n<div style='padding: 15px; color: inherit;'>\n<ul style='padding-left: 20px; margin: 0; font-size: 14px; list-style-type: disc;'>\n<li style='margin-bottom: 5px;'><strong>Interface:<\/strong> N Female straight<\/li>\n<li style='margin-bottom: 5px;'><strong>M\u00e9todo contacto interno:<\/strong> Captivated<\/li>\n<li style='margin-bottom: 5px;'><strong>M\u00e9todo contacto externo:<\/strong> Clamp<\/li>\n<li style='margin-bottom: 5px;'><strong>Plateado contacto interno:<\/strong> Silver<\/li>\n<li style='margin-bottom: 5px;'><strong>Plateado contacto externo:<\/strong> Trimetal<\/li>\n<li style='margin-bottom: 5px;'><strong>Dimensiones:<\/strong> 65.79 mm largo x 49.02 mm di\u00e1metro<\/li>\n<li style='margin-bottom: 5px;'><strong>Tama\u00f1o nominal:<\/strong> 1-1\/4 pulgadas<\/li>\n<li style='margin-bottom: 5px;'><strong>Peso neto:<\/strong> 284 g (0.626 lb)<\/li>\n<li style='margin-bottom: 5px;'><strong>No presurizable<\/strong><\/li>\n<\/ul>\n<\/div>\n<\/div>\n<\/div>\n<\/div>\n<div style='margin-bottom: 30px;'>\n<h3 style='font-size: 22px; border-bottom: 2px solid currentColor; padding-bottom: 5px; margin-top: 0; color: inherit; opacity: 0.8;'><\/h3>\n<div style='display: flex; flex-wrap: wrap; gap: 20px;'>\n<div style='flex: 1 1 30%; min-width: 250px; border: 1px solid rgba(150&comma; 150&comma; 150&comma; 0.4); border-radius: 8px; overflow: hidden; padding: 15px; background-color: rgba(150&comma;150&comma;150&comma;0.05);'><\/div>\n<\/div>\n<\/div>\n<\/div>\n<hr style='border: 0; border-top: 1px solid rgba(150&comma; 150&comma; 150&comma; 0.3); margin: 30px 0;'><\/div>\n","protected":false},"excerpt":{"rendered":"<p>Conector N Hembra para cable AVA6-50<\/p>\n","protected":false},"featured_media":67588,"comment_status":"open","ping_status":"closed","template":"","meta":[],"product_brand":[],"product_cat":[1708],"product_tag":[1330,616,1709],"class_list":{"0":"post-67589","1":"product","2":"type-product","3":"status-publish","4":"has-post-thumbnail","6":"product_cat-heliax","7":"product_tag-andrew-commscope","8":"product_tag-conectores","9":"product_tag-heliax","11":"first","12":"outofstock","13":"sale","14":"shipping-taxable","15":"purchasable","16":"product-type-simple"},"_links":{"self":[{"href":"https:\/\/soydeaqui.ddns.net\/pachuca\/index.php\/wp-json\/wp\/v2\/product\/67589","targetHints":{"allow":["GET"]}}],"collection":[{"href":"https:\/\/soydeaqui.ddns.net\/pachuca\/index.php\/wp-json\/wp\/v2\/product"}],"about":[{"href":"https:\/\/soydeaqui.ddns.net\/pachuca\/index.php\/wp-json\/wp\/v2\/types\/product"}],"replies":[{"embeddable":true,"href":"https:\/\/soydeaqui.ddns.net\/pachuca\/index.php\/wp-json\/wp\/v2\/comments?post=67589"}],"wp:featuredmedia":[{"embeddable":true,"href":"https:\/\/soydeaqui.ddns.net\/pachuca\/index.php\/wp-json\/wp\/v2\/media\/67588"}],"wp:attachment":[{"href":"https:\/\/soydeaqui.ddns.net\/pachuca\/index.php\/wp-json\/wp\/v2\/media?parent=67589"}],"wp:term":[{"taxonomy":"product_brand","embeddable":true,"href":"https:\/\/soydeaqui.ddns.net\/pachuca\/index.php\/wp-json\/wp\/v2\/product_brand?post=67589"},{"taxonomy":"product_cat","embeddable":true,"href":"https:\/\/soydeaqui.ddns.net\/pachuca\/index.php\/wp-json\/wp\/v2\/product_cat?post=67589"},{"taxonomy":"product_tag","embeddable":true,"href":"https:\/\/soydeaqui.ddns.net\/pachuca\/index.php\/wp-json\/wp\/v2\/product_tag?post=67589"}],"curies":[{"name":"wp","href":"https:\/\/api.w.org\/{rel}","templated":true}]}}