{"id":67551,"date":"2026-03-19T09:37:18","date_gmt":"2026-03-19T09:37:18","guid":{"rendered":"https:\/\/soydeaqui.ddns.net\/pachuca\/index.php\/producto\/gabinete-plastico-movil-con-amortiguador-con-rack-de-19-10-unidades\/"},"modified":"2026-03-19T09:37:20","modified_gmt":"2026-03-19T09:37:20","slug":"gabinete-plastico-movil-con-amortiguador-con-rack-de-19-10-unidades","status":"publish","type":"product","link":"https:\/\/soydeaqui.ddns.net\/pachuca\/index.php\/producto\/gabinete-plastico-movil-con-amortiguador-con-rack-de-19-10-unidades\/","title":{"rendered":"Gabinete Pl\u00e1stico M\u00f3vil con Amortiguador con Rack de 19&#8243; 10 Unidades."},"content":{"rendered":"<div style='width: 100%; max-width: 1200px; margin: 0 auto; font-family: sans-serif; line-height: 1.6; color: inherit; background-color: transparent;'> <!-- Imagen de marca --> <\/p>\n<div style='margin-bottom: 20px; text-align: center;'> <img style='width: auto; max-width: 100%; height: auto; border: 1px solid rgba(150&comma;150&comma;150&comma;0.3); border-radius: 8px;' src='https:\/\/ftp3.syscom.mx\/usuarios\/fotos\/3I07053BC\/189398-skb_logo.png' alt='Logo SKB'> <\/div>\n<p> <!-- Descripci\u00f3n principal --> <\/p>\n<div style='margin-bottom: 30px;'>\n<h2 style='font-size: 20px; margin-top: 0; margin-bottom: 15px; color: inherit; opacity: 0.95;'> Gabinete Pl\u00e1stico M\u00f3vil con Amortiguador&comma; Rack de 19&#8242; 10U <\/h2>\n<p style='font-size: 15px; margin-bottom: 15px; color: inherit; opacity: 0.9;'> La serie Rolling Shockmount Case incorpora nuestros pestillos giratorios con recubrimiento de polvo negro con bucles de bloqueo y un tirador moldeado por inyecci\u00f3n de perfil bajo con una carcasa resistente de 20 pulgadas de profundidad. <\/p>\n<p style='font-size: 15px; margin-bottom: 15px; color: inherit; opacity: 0.9;'> El dise\u00f1o moldeado proporciona rigidez adicional en las tapas y los lados y permite un apilamiento seguro. La profundidad del estante del riel delantero al trasero es de 20 pulgadas y cada tapa tiene 2-1\/4 pulgadas de profundidad. Los rieles del bastidor est\u00e1n preroscados para hardware est\u00e1ndar 10-32 y los tornillos de montaje est\u00e1n incluidos. Las puertas son totalmente utilizables incluso cuando los estantes est\u00e1n apilados juntos. Los amortiguadores elastom\u00e9ricos protegen incluso las cargas m\u00e1s pesadas. La manija retr\u00e1ctil deslizante&comma; la v\u00e1lvula de alivio de presi\u00f3n ambiental&comma; las manijas a presi\u00f3n de gran tama\u00f1o en cada lado&comma; las ruedas tipo pat\u00edn y las puertas delanteras y traseras protegidas con juntas son todos equipos est\u00e1ndar. <\/p>\n<\/p><\/div>\n<p> <!-- Caracter\u00edsticas --> <\/p>\n<div style='margin-bottom: 30px;'>\n<h3 style='font-size: 18px; border-bottom: 2px solid currentColor; padding-bottom: 5px; margin-top: 0; margin-bottom: 15px; color: inherit; opacity: 0.85;'> Caracter\u00edsticas <\/h3>\n<ul style='padding-left: 20px; font-size: 15px; color: inherit;'>\n<li style='margin-bottom: 8px;'>Pestillos giratorios con recubrimiento de polvo negro y bucles de bloqueo<\/li>\n<li style='margin-bottom: 8px;'>Rieles de acero roscados<\/li>\n<li style='margin-bottom: 8px;'>Rieles traseros<\/li>\n<li style='margin-bottom: 8px;'>Ruedas incorporadas<\/li>\n<li style='margin-bottom: 8px;'>Resistente a golpes y agua<\/li>\n<li style='margin-bottom: 8px;'>Tirador de perfil bajo<\/li>\n<\/ul><\/div>\n<p> <!-- Separador --> <\/p>\n<hr style='border: 0; border-top: 1px solid rgba(150&comma; 150&comma; 150&comma; 0.3); margin: 30px 0;'> <!-- Especificaciones --> <\/p>\n<div style='margin-bottom: 30px;'>\n<h3 style='font-size: 18px; border-bottom: 2px solid currentColor; padding-bottom: 5px; margin-top: 0; margin-bottom: 20px; color: inherit; opacity: 0.85;'> Especificaciones <\/h3>\n<div style='display: flex; flex-wrap: wrap; gap: 15px; margin-bottom: 20px;'>\n<div style='flex: 1 1 250px; border: 1px solid rgba(150&comma; 150&comma; 150&comma; 0.4); border-radius: 8px; overflow: hidden; display: flex; flex-direction: column;'>\n<div style='padding: 12px; border-bottom: 1px solid rgba(150&comma; 150&comma; 150&comma; 0.2); font-weight: bold; font-size: 16px; color: inherit; background-color: rgba(255&comma; 255&comma; 255&comma; 0.05);'>Dimensiones<\/div>\n<div style='padding: 12px; color: inherit;'>\n<ul style='padding-left: 18px; margin: 0; font-size: 14px; list-style-type: disc;'>\n<li style='margin-bottom: 6px;'><strong>Riel frontal a tapa trasera:<\/strong> 23.75&#8242; \/ 60.33cm<\/li>\n<li style='margin-bottom: 6px;'><strong>Carril a carril:<\/strong> 19.75&#8242; \/ 50.16cm<\/li>\n<li style='margin-bottom: 6px;'><strong>Riel trasero a tapa delantera:<\/strong> 23.75&#8242; \/ 60.33cm<\/li>\n<li style='margin-bottom: 6px;'><strong>Longitud exterior:<\/strong> 30.75&#8242; \/ 78.11cm<\/li>\n<li style='margin-bottom: 6px;'><strong>Ancho exterior:<\/strong> 28.5&#8242; \/ 72.39cm<\/li>\n<li style='margin-bottom: 6px;'><strong>Altura exterior:<\/strong> 26.75&#8242; \/ 67.95cm<\/li>\n<li style='margin-bottom: 6px;'><strong>Longitud del cart\u00f3n:<\/strong> 31.5&#8242; \/ 80.01cm<\/li>\n<li style='margin-bottom: 6px;'><strong>Ancho de la caja:<\/strong> 29&#8242; \/ 73.66cm<\/li>\n<li style='margin-bottom: 6px;'><strong>Altura del cart\u00f3n:<\/strong> 27.5&#8242; \/ 69.85cm<\/li>\n<\/ul><\/div>\n<\/p><\/div>\n<div style='flex: 1 1 250px; border: 1px solid rgba(150&comma; 150&comma; 150&comma; 0.4); border-radius: 8px; overflow: hidden; display: flex; flex-direction: column;'>\n<div style='padding: 12px; border-bottom: 1px solid rgba(150&comma; 150&comma; 150&comma; 0.2); font-weight: bold; font-size: 16px; color: inherit; background-color: rgba(255&comma; 255&comma; 255&comma; 0.05);'>Caracter\u00edsticas f\u00edsicas<\/div>\n<div style='padding: 12px; color: inherit;'>\n<ul style='padding-left: 18px; margin: 0; font-size: 14px; list-style-type: disc;'>\n<li style='margin-bottom: 6px;'><strong>Exterior:<\/strong> Duro<\/li>\n<li style='margin-bottom: 6px;'><strong>Ruedas o ruedecillas incorporadas:<\/strong> S\u00ed<\/li>\n<li style='margin-bottom: 6px;'><strong>Amortiguadores integrados:<\/strong> S\u00ed<\/li>\n<li style='margin-bottom: 6px;'><strong>Unidades de rack:<\/strong> 10U<\/li>\n<\/ul><\/div>\n<\/p><\/div>\n<div style='flex: 1 1 250px; border: 1px solid rgba(150&comma; 150&comma; 150&comma; 0.4); border-radius: 8px; overflow: hidden; display: flex; flex-direction: column;'>\n<div style='padding: 12px; border-bottom: 1px solid rgba(150&comma; 150&comma; 150&comma; 0.2); font-weight: bold; font-size: 16px; color: inherit; background-color: rgba(255&comma; 255&comma; 255&comma; 0.05);'>Peso<\/div>\n<div style='padding: 12px; color: inherit;'>\n<ul style='padding-left: 18px; margin: 0; font-size: 14px; list-style-type: disc;'>\n<li style='margin-bottom: 6px;'><strong>Producto:<\/strong> 60.66 lbs \/ 27.51kg<\/li>\n<li style='margin-bottom: 6px;'><strong>Env\u00edo:<\/strong> 66.72 lbs \/ 30.26kg<\/li>\n<\/ul><\/div>\n<\/p><\/div>\n<\/p><\/div>\n<\/p><\/div>\n<p> <!-- Separador --> <\/p>\n<hr style='border: 0; border-top: 1px solid rgba(150&comma; 150&comma; 150&comma; 0.3); margin: 30px 0;'> <!-- Video --> <\/p>\n<div style='position: relative; padding-bottom: 56.25%; height: 0; overflow: hidden; margin-bottom: 30px;'>   <\/div>\n<\/p><\/div>\n","protected":false},"excerpt":{"rendered":"<p>Gabinete Pl\u00e1stico M\u00f3vil con Amortiguador con Rack de 19&#8243; 10 Unidades.<\/p>\n","protected":false},"featured_media":67549,"comment_status":"open","ping_status":"closed","template":"","meta":[],"product_brand":[],"product_cat":[1951],"product_tag":[1952,605,1339],"class_list":{"0":"post-67551","1":"product","2":"type-product","3":"status-publish","4":"has-post-thumbnail","6":"product_cat-equipo-movil-de-resguardo","7":"product_tag-equipo-movil-de-resguardo","8":"product_tag-racks-y-gabinetes","9":"product_tag-skb","11":"first","12":"outofstock","13":"sale","14":"shipping-taxable","15":"purchasable","16":"product-type-simple"},"_links":{"self":[{"href":"https:\/\/soydeaqui.ddns.net\/pachuca\/index.php\/wp-json\/wp\/v2\/product\/67551","targetHints":{"allow":["GET"]}}],"collection":[{"href":"https:\/\/soydeaqui.ddns.net\/pachuca\/index.php\/wp-json\/wp\/v2\/product"}],"about":[{"href":"https:\/\/soydeaqui.ddns.net\/pachuca\/index.php\/wp-json\/wp\/v2\/types\/product"}],"replies":[{"embeddable":true,"href":"https:\/\/soydeaqui.ddns.net\/pachuca\/index.php\/wp-json\/wp\/v2\/comments?post=67551"}],"wp:featuredmedia":[{"embeddable":true,"href":"https:\/\/soydeaqui.ddns.net\/pachuca\/index.php\/wp-json\/wp\/v2\/media\/67549"}],"wp:attachment":[{"href":"https:\/\/soydeaqui.ddns.net\/pachuca\/index.php\/wp-json\/wp\/v2\/media?parent=67551"}],"wp:term":[{"taxonomy":"product_brand","embeddable":true,"href":"https:\/\/soydeaqui.ddns.net\/pachuca\/index.php\/wp-json\/wp\/v2\/product_brand?post=67551"},{"taxonomy":"product_cat","embeddable":true,"href":"https:\/\/soydeaqui.ddns.net\/pachuca\/index.php\/wp-json\/wp\/v2\/product_cat?post=67551"},{"taxonomy":"product_tag","embeddable":true,"href":"https:\/\/soydeaqui.ddns.net\/pachuca\/index.php\/wp-json\/wp\/v2\/product_tag?post=67551"}],"curies":[{"name":"wp","href":"https:\/\/api.w.org\/{rel}","templated":true}]}}