{"id":67536,"date":"2026-03-19T09:36:43","date_gmt":"2026-03-19T09:36:43","guid":{"rendered":"https:\/\/soydeaqui.ddns.net\/pachuca\/index.php\/producto\/puente-rectificador-de-silicio-4-amp-600-volt-fase-sencilla-encapsulado-kbl\/"},"modified":"2026-03-19T09:36:44","modified_gmt":"2026-03-19T09:36:44","slug":"puente-rectificador-de-silicio-4-amp-600-volt-fase-sencilla-encapsulado-kbl","status":"publish","type":"product","link":"https:\/\/soydeaqui.ddns.net\/pachuca\/index.php\/producto\/puente-rectificador-de-silicio-4-amp-600-volt-fase-sencilla-encapsulado-kbl\/","title":{"rendered":"Puente Rectificador de Silicio, 4 Amp. 600 Volt, Fase Sencilla, Encapsulado KBL."},"content":{"rendered":"<div style='width: 100%; max-width: 1200px; margin: 0 auto; font-family: sans-serif; line-height: 1.6; color: inherit; background-color: transparent;'> <!-- Secci\u00f3n de caracter\u00edsticas principales --> <\/p>\n<div style='display: flex; flex-wrap: wrap; gap: 30px; margin-bottom: 30px;'>\n<div style='flex: 1 1 300px; min-width: 280px;'>\n<h3 style='font-size: 22px; border-bottom: 2px solid currentColor; padding-bottom: 5px; margin-top: 0; color: inherit; opacity: 0.8;'>Caracter\u00edsticas Principales<\/h3>\n<ul style='padding-left: 20px; font-size: 15px; color: inherit;'>\n<li style='margin-bottom: 5px;'>Puente rectificador de silicio de 4 A<\/li>\n<li style='margin-bottom: 5px;'>Voltaje de operaci\u00f3n hasta 600 V<\/li>\n<li style='margin-bottom: 5px;'>Dise\u00f1o de fase sencilla para circuitos b\u00e1sicos<\/li>\n<li style='margin-bottom: 5px;'>Encapsulado KBL para instalaci\u00f3n sencilla<\/li>\n<li style='margin-bottom: 5px;'>Alta eficiencia en rectificaci\u00f3n de corriente<\/li>\n<\/ul><\/div>\n<\/p><\/div>\n<p> <!-- Secci\u00f3n de especificaciones t\u00e9cnicas --> <\/p>\n<div style='display: flex; flex-wrap: wrap; gap: 20px; margin-bottom: 30px;'>\n<div style='flex: 1 1 250px; border: 1px solid rgba(150&comma; 150&comma; 150&comma; 0.4); border-radius: 8px; overflow: hidden; display: flex; flex-direction: column;'>\n<div style='padding: 15px; border-bottom: 1px solid rgba(150&comma; 150&comma; 150&comma; 0.2); font-weight: bold; font-size: 18px; color: inherit;'>Especificaciones El\u00e9ctricas<\/div>\n<div style='padding: 15px; color: inherit;'>\n<ul style='padding-left: 20px; margin: 0; font-size: 14px; list-style-type: disc;'>\n<li style='margin-bottom: 5px;'><strong>Corriente rectificada promedio m\u00e1xima:<\/strong> 4 A<\/li>\n<li style='margin-bottom: 5px;'><strong>Corriente de pico de sobrecarga:<\/strong> 120 A<\/li>\n<li style='margin-bottom: 5px;'><strong>Tensi\u00f3n de pico inversa repetitiva:<\/strong> 600 V<\/li>\n<li style='margin-bottom: 5px;'><strong>Tensi\u00f3n RMS inversa:<\/strong> 420 V<\/li>\n<li style='margin-bottom: 5px;'><strong>Tensi\u00f3n DC bloqueo:<\/strong> 600 V<\/li>\n<li style='margin-bottom: 5px;'><strong>Tensi\u00f3n directa m\u00e1xima por terminal:<\/strong> 1.1 V<\/li>\n<li style='margin-bottom: 5px;'><strong>Corriente inversa m\u00e1xima:<\/strong> 5 \u03bcA<\/li>\n<\/ul><\/div>\n<\/p><\/div>\n<div style='flex: 1 1 250px; border: 1px solid rgba(150&comma; 150&comma; 150&comma; 0.4); border-radius: 8px; overflow: hidden; display: flex; flex-direction: column;'>\n<div style='padding: 15px; border-bottom: 1px solid rgba(150&comma; 150&comma; 150&comma; 0.2); font-weight: bold; font-size: 18px; color: inherit;'>Caracter\u00edsticas Mec\u00e1nicas<\/div>\n<div style='padding: 15px; color: inherit;'>\n<ul style='padding-left: 20px; margin: 0; font-size: 14px; list-style-type: disc;'>\n<li style='margin-bottom: 5px;'><strong>Encapsulado:<\/strong> KBL<\/li>\n<li style='margin-bottom: 5px;'><strong>Material del encapsulado:<\/strong> Pl\u00e1stico moldeado<\/li>\n<li style='margin-bottom: 5px;'><strong>Terminales:<\/strong> Chapados en plata&comma; soldables seg\u00fan MIL-STD-202F&comma; M\u00e9todo 208<\/li>\n<li style='margin-bottom: 5px;'><strong>Polaridad:<\/strong> Marcada en el cuerpo<\/li>\n<li style='margin-bottom: 5px;'><strong>Peso:<\/strong> 5 gramos (0.167 onzas)<\/li>\n<li style='margin-bottom: 5px;'><strong>Posici\u00f3n de montaje:<\/strong> Cualquier posici\u00f3n<\/li>\n<\/ul><\/div>\n<\/p><\/div>\n<div style='flex: 1 1 250px; border: 1px solid rgba(150&comma; 150&comma; 150&comma; 0.4); border-radius: 8px; overflow: hidden; display: flex; flex-direction: column;'>\n<div style='padding: 15px; border-bottom: 1px solid rgba(150&comma; 150&comma; 150&comma; 0.2); font-weight: bold; font-size: 18px; color: inherit;'>Rangos de Temperatura<\/div>\n<div style='padding: 15px; color: inherit;'>\n<ul style='padding-left: 20px; margin: 0; font-size: 14px; list-style-type: disc;'>\n<li style='margin-bottom: 5px;'><strong>Operaci\u00f3n:<\/strong> -50\u00b0C a 150\u00b0C<\/li>\n<li style='margin-bottom: 5px;'><strong>Almacenamiento:<\/strong> -50\u00b0C a 150\u00b0C<\/li>\n<\/ul><\/div>\n<\/p><\/div>\n<div style='flex: 1 1 250px; border: 1px solid rgba(150&comma; 150&comma; 150&comma; 0.4); border-radius: 8px; overflow: hidden; display: flex; flex-direction: column;'>\n<div style='padding: 15px; border-bottom: 1px solid rgba(150&comma; 150&comma; 150&comma; 0.2); font-weight: bold; font-size: 18px; color: inherit;'>Caracter\u00edsticas Adicionales<\/div>\n<div style='padding: 15px; color: inherit;'>\n<ul style='padding-left: 20px; margin: 0; font-size: 14px; list-style-type: disc;'>\n<li style='margin-bottom: 5px;'>Dise\u00f1o no sensible a ESD<\/li>\n<li style='margin-bottom: 5px;'>Construcci\u00f3n econ\u00f3mica con t\u00e9cnica de pl\u00e1stico moldeado<\/li>\n<li style='margin-bottom: 5px;'>Terminales de cobre con plata chapada<\/li>\n<li style='margin-bottom: 5px;'>Alta capacidad de corriente de pico<\/li>\n<\/ul><\/div>\n<\/p><\/div>\n<\/p><\/div>\n<p> <!-- Separador --> <\/p>\n<hr style='border: 0; border-top: 1px solid rgba(150&comma; 150&comma; 150&comma; 0.3); margin: 30px 0;'> <\/div>\n","protected":false},"excerpt":{"rendered":"<p>Puente Rectificador de Silicio, 4 Amp. 600 Volt, Fase Sencilla, Encapsulado KBL.<\/p>\n","protected":false},"featured_media":67535,"comment_status":"open","ping_status":"closed","template":"","meta":[],"product_brand":[],"product_cat":[1501],"product_tag":[1502,751,63],"class_list":{"0":"post-67536","1":"product","2":"type-product","3":"status-publish","4":"has-post-thumbnail","6":"product_cat-miscelaneo","7":"product_tag-miscelaneo","8":"product_tag-refacciones","9":"product_tag-syscom","11":"first","12":"instock","13":"sale","14":"shipping-taxable","15":"purchasable","16":"product-type-simple"},"_links":{"self":[{"href":"https:\/\/soydeaqui.ddns.net\/pachuca\/index.php\/wp-json\/wp\/v2\/product\/67536","targetHints":{"allow":["GET"]}}],"collection":[{"href":"https:\/\/soydeaqui.ddns.net\/pachuca\/index.php\/wp-json\/wp\/v2\/product"}],"about":[{"href":"https:\/\/soydeaqui.ddns.net\/pachuca\/index.php\/wp-json\/wp\/v2\/types\/product"}],"replies":[{"embeddable":true,"href":"https:\/\/soydeaqui.ddns.net\/pachuca\/index.php\/wp-json\/wp\/v2\/comments?post=67536"}],"wp:featuredmedia":[{"embeddable":true,"href":"https:\/\/soydeaqui.ddns.net\/pachuca\/index.php\/wp-json\/wp\/v2\/media\/67535"}],"wp:attachment":[{"href":"https:\/\/soydeaqui.ddns.net\/pachuca\/index.php\/wp-json\/wp\/v2\/media?parent=67536"}],"wp:term":[{"taxonomy":"product_brand","embeddable":true,"href":"https:\/\/soydeaqui.ddns.net\/pachuca\/index.php\/wp-json\/wp\/v2\/product_brand?post=67536"},{"taxonomy":"product_cat","embeddable":true,"href":"https:\/\/soydeaqui.ddns.net\/pachuca\/index.php\/wp-json\/wp\/v2\/product_cat?post=67536"},{"taxonomy":"product_tag","embeddable":true,"href":"https:\/\/soydeaqui.ddns.net\/pachuca\/index.php\/wp-json\/wp\/v2\/product_tag?post=67536"}],"curies":[{"name":"wp","href":"https:\/\/api.w.org\/{rel}","templated":true}]}}