{"id":67527,"date":"2026-03-19T09:36:23","date_gmt":"2026-03-19T09:36:23","guid":{"rendered":"https:\/\/soydeaqui.ddns.net\/pachuca\/index.php\/producto\/alarma-y-monitoreo-inalambrica-por-voz-2w-de-potencia-uhf-450-470-mhz\/"},"modified":"2026-03-19T09:36:24","modified_gmt":"2026-03-19T09:36:24","slug":"alarma-y-monitoreo-inalambrica-por-voz-2w-de-potencia-uhf-450-470-mhz","status":"publish","type":"product","link":"https:\/\/soydeaqui.ddns.net\/pachuca\/index.php\/producto\/alarma-y-monitoreo-inalambrica-por-voz-2w-de-potencia-uhf-450-470-mhz\/","title":{"rendered":"Alarma y Monitoreo Inal\u00e1mbrica por Voz, 2W de Potencia, UHF 450-470 MHz"},"content":{"rendered":"<div style='width: 100%; max-width: 1200px; margin: 0 auto; font-family: sans-serif; line-height: 1.6; color: inherit; background-color: transparent;'> <!-- Secci\u00f3n de contenido con flex\/grid --> <\/p>\n<div style='display: flex; flex-wrap: wrap; gap: 30px; margin-bottom: 30px;'>\n<div style='flex: 1 1 300px; min-width: 280px;'>\n<h3 style='font-size: 22px; border-bottom: 2px solid currentColor; padding-bottom: 5px; margin-top: 0; color: inherit; opacity: 0.8;'>Descripci\u00f3n<\/h3>\n<p style='font-size: 15px; color: inherit; margin-bottom: 15px;'>Quick Assist es el complemento perfecto para su sistema de radio y la soluci\u00f3n ideal para maximizar la satisfacci\u00f3n de sus clientes&comma; la venta de productos y la productividad de sus empleados.<\/p>\n<p style='font-size: 15px; color: inherit; margin-bottom: 15px;'>Con Quick Assist sus clientes&comma; pueden simplemente presionar un bot\u00f3n cuando requieren asistencia y un mensaje personalizado ser\u00e1 enviado alertando al personal equipado con radios de 2 v\u00edas.<\/p>\n<p style='font-size: 15px; color: inherit; margin-bottom: 15px;'>Ideal para dar soluci\u00f3n a una gran variedad de necesidades en tiendas departamentales:<\/p>\n<ul style='padding-left: 20px; font-size: 15px; color: inherit; margin-bottom: 30px;'>\n<li style='margin-bottom: 5px;'>\u00c1reas con mercanc\u00eda resguardada dentro de gabinetes con llave<\/li>\n<li style='margin-bottom: 5px;'>Mercanc\u00eda pesada o fuera del alcance de los clientes<\/li>\n<li style='margin-bottom: 5px;'>\u00c1reas de vestidores<\/li>\n<li style='margin-bottom: 5px;'>\u00c1reas de carga y descarga<\/li>\n<li style='margin-bottom: 5px;'>\u00c1rea de entrega de mercanc\u00eda<\/li>\n<li style='margin-bottom: 5px;'>Etc.<\/li>\n<\/ul><\/div>\n<\/p><\/div>\n<p> <!-- Secci\u00f3n de cards con especificaciones --> <\/p>\n<div style='display: flex; flex-wrap: wrap; gap: 20px; margin-bottom: 30px;'>\n<div style='flex: 1 1 250px; border: 1px solid rgba(150&comma; 150&comma; 150&comma; 0.4); border-radius: 8px; overflow: hidden; display: flex; flex-direction: column;'>\n<div style='padding: 15px; border-bottom: 1px solid rgba(150&comma; 150&comma; 150&comma; 0.2); font-weight: bold; font-size: 18px; color: inherit;'>Caracter\u00edsticas Generales<\/div>\n<div style='padding: 15px; color: inherit;'>\n<ul style='padding-left: 20px; margin: 0; font-size: 14px; list-style-type: disc;'>\n<li style='margin-bottom: 5px;'>Programable por software <strong style='color: inherit;'>RQT-PCPK-1<\/strong><\/li>\n<li style='margin-bottom: 5px;'>UHF 450-470 MHz<\/li>\n<li style='margin-bottom: 5px;'>Potencia 2 Watts<\/li>\n<li style='margin-bottom: 5px;'>Ancho de canal: 12.5 KHz<\/li>\n<li style='margin-bottom: 5px;'>Opera con 6 bater\u00edas AA no recargables<\/li>\n<li style='margin-bottom: 5px;'>Alerta de bater\u00eda baja<\/li>\n<li style='margin-bottom: 5px;'>Vida de la bater\u00eda&comma; hasta 7&comma;000 transmisiones<\/li>\n<li style='margin-bottom: 5px;'>Mensajes de voz personalizables<\/li>\n<li style='margin-bottom: 5px;'>Para uso exterior<\/li>\n<\/ul><\/div>\n<\/p><\/div>\n<\/p><\/div>\n<p> <!-- Separador --> <\/p>\n<hr style='border: 0; border-top: 1px solid rgba(150&comma; 150&comma; 150&comma; 0.3); margin: 30px 0;'> <!-- Secci\u00f3n de video --> <\/p>\n<div style='margin-bottom: 30px;'>\n<div style='position: relative; padding-bottom: 56.25%; height: 0; overflow: hidden; margin-bottom: 30px;'>   <\/div>\n<\/p><\/div>\n<\/p><\/div>\n","protected":false},"excerpt":{"rendered":"<p>Alarma y Monitoreo Inal\u00e1mbrica por Voz, 2W de Potencia, UHF 450-470 MHz<\/p>\n","protected":false},"featured_media":67526,"comment_status":"open","ping_status":"closed","template":"","meta":[],"product_brand":[],"product_cat":[1716],"product_tag":[417,1579,1548],"class_list":{"0":"post-67527","1":"product","2":"type-product","3":"status-publish","4":"has-post-thumbnail","6":"product_cat-accesorios-generales-accesorios-para-kenwood","7":"product_tag-accesorios-generales","8":"product_tag-accesorios-para-kenwood","9":"product_tag-ritron","11":"first","12":"outofstock","13":"sale","14":"shipping-taxable","15":"purchasable","16":"product-type-simple"},"_links":{"self":[{"href":"https:\/\/soydeaqui.ddns.net\/pachuca\/index.php\/wp-json\/wp\/v2\/product\/67527","targetHints":{"allow":["GET"]}}],"collection":[{"href":"https:\/\/soydeaqui.ddns.net\/pachuca\/index.php\/wp-json\/wp\/v2\/product"}],"about":[{"href":"https:\/\/soydeaqui.ddns.net\/pachuca\/index.php\/wp-json\/wp\/v2\/types\/product"}],"replies":[{"embeddable":true,"href":"https:\/\/soydeaqui.ddns.net\/pachuca\/index.php\/wp-json\/wp\/v2\/comments?post=67527"}],"wp:featuredmedia":[{"embeddable":true,"href":"https:\/\/soydeaqui.ddns.net\/pachuca\/index.php\/wp-json\/wp\/v2\/media\/67526"}],"wp:attachment":[{"href":"https:\/\/soydeaqui.ddns.net\/pachuca\/index.php\/wp-json\/wp\/v2\/media?parent=67527"}],"wp:term":[{"taxonomy":"product_brand","embeddable":true,"href":"https:\/\/soydeaqui.ddns.net\/pachuca\/index.php\/wp-json\/wp\/v2\/product_brand?post=67527"},{"taxonomy":"product_cat","embeddable":true,"href":"https:\/\/soydeaqui.ddns.net\/pachuca\/index.php\/wp-json\/wp\/v2\/product_cat?post=67527"},{"taxonomy":"product_tag","embeddable":true,"href":"https:\/\/soydeaqui.ddns.net\/pachuca\/index.php\/wp-json\/wp\/v2\/product_tag?post=67527"}],"curies":[{"name":"wp","href":"https:\/\/api.w.org\/{rel}","templated":true}]}}