{"id":67522,"date":"2026-03-19T09:36:13","date_gmt":"2026-03-19T09:36:13","guid":{"rendered":"https:\/\/soydeaqui.ddns.net\/pachuca\/index.php\/producto\/intercomunicador-inalambrico-via-radio-uhf-2\/"},"modified":"2026-03-19T09:36:15","modified_gmt":"2026-03-19T09:36:15","slug":"intercomunicador-inalambrico-via-radio-uhf-2","status":"publish","type":"product","link":"https:\/\/soydeaqui.ddns.net\/pachuca\/index.php\/producto\/intercomunicador-inalambrico-via-radio-uhf-2\/","title":{"rendered":"Intercomunicador Inal\u00e1mbrico V\u00eda Radio UHF"},"content":{"rendered":"<div style='width: 100%; max-width: 1200px; margin: 0 auto; font-family: sans-serif; line-height: 1.6; color: inherit; background-color: transparent;'> <!-- Secci\u00f3n de descripci\u00f3n --> <\/p>\n<div style='margin-bottom: 30px;'>\n<p style='margin-top: 0; margin-bottom: 15px;'>Comunicador inal\u00e1mbrico fijo v\u00eda radio. Provee comunicaci\u00f3n entre personal equipado con radios o con visitantes&comma; le permitir\u00e1 mejorar sus tiempos de acci\u00f3n y respuesta sin la necesidad de contratar personal adicional.<\/p>\n<p style='margin-bottom: 15px;'>Extienda su seguridad y vigilancia a puntos remotos evitando las costosas instalaciones cableadas.<\/p>\n<\/p><\/div>\n<p> <!-- Secci\u00f3n de aplicaciones --> <\/p>\n<div style='margin-bottom: 30px;'>\n<h3 style='font-size: 22px; border-bottom: 2px solid currentColor; padding-bottom: 5px; margin-top: 0; color: inherit; opacity: 0.8;'>Ideal para<\/h3>\n<ul style='padding-left: 20px; font-size: 15px; color: inherit;'>\n<li style='margin-bottom: 5px;'>Campus Universitarios<\/li>\n<li style='margin-bottom: 5px;'>Aeropuertos<\/li>\n<li style='margin-bottom: 5px;'>Hospitales<\/li>\n<li style='margin-bottom: 5px;'>Manufactura<\/li>\n<li style='margin-bottom: 5px;'>Construcci\u00f3n<\/li>\n<li style='margin-bottom: 5px;'>Cadenas Hoteleras<\/li>\n<li style='margin-bottom: 5px;'>Puertas de Servicio<\/li>\n<li style='margin-bottom: 5px;'>Almacenes<\/li>\n<li style='margin-bottom: 5px;'>Estacionamientos<\/li>\n<li style='margin-bottom: 5px;'>Etc.<\/li>\n<\/ul><\/div>\n<p> <!-- Secci\u00f3n de caracter\u00edsticas --> <\/p>\n<div style='margin-bottom: 30px;'>\n<h3 style='font-size: 22px; border-bottom: 2px solid currentColor; padding-bottom: 5px; margin-top: 0; color: inherit; opacity: 0.8;'>Caracter\u00edsticas<\/h3>\n<ul style='padding-left: 20px; font-size: 15px; color: inherit;'>\n<li style='margin-bottom: 5px;'>Programaci\u00f3n manual o v\u00eda software.<\/li>\n<li style='margin-bottom: 5px;'>Bot\u00f3n PTT antivandalismo.<\/li>\n<li style='margin-bottom: 5px;'>Rejilla protectora para bocina y micr\u00f3fono.<\/li>\n<li style='margin-bottom: 5px;'>Antena interna (Puede usar antena externa).<\/li>\n<li style='margin-bottom: 5px;'>Opera con 6 bater\u00edas tipo &#8216;D&#8217; (No incluidas).<\/li>\n<li style='margin-bottom: 5px;'>Conector de terminales de tornillo para alimentaci\u00f3n de 12 Vcc externo.<\/li>\n<\/ul><\/div>\n<p> <!-- Secci\u00f3n de especificaciones --> <\/p>\n<div style='display: flex; flex-wrap: wrap; gap: 20px; margin-bottom: 30px;'>\n<div style='flex: 1 1 250px; border: 1px solid rgba(150&comma; 150&comma; 150&comma; 0.4); border-radius: 8px; overflow: hidden; display: flex; flex-direction: column;'>\n<div style='padding: 15px; border-bottom: 1px solid rgba(150&comma; 150&comma; 150&comma; 0.2); font-weight: bold; font-size: 18px; color: inherit;'>Especificaciones T\u00e9cnicas<\/div>\n<div style='padding: 15px; color: inherit;'>\n<ul style='padding-left: 20px; margin: 0; font-size: 14px; list-style-type: disc;'>\n<li style='margin-bottom: 5px;'><strong>Potencia de Salida:<\/strong> 2.0 W M\u00e1x @ 13Vcc<\/li>\n<li style='margin-bottom: 5px;'><strong>Consumo en espera:<\/strong> 75 mA (25 mA dormido)<\/li>\n<li style='margin-bottom: 5px;'><strong>Consumo en recepci\u00f3n:<\/strong> 250 mA<\/li>\n<li style='margin-bottom: 5px;'><strong>Consumo en transmisi\u00f3n:<\/strong> 475 mA @ 2 W \/ 375 mA @ 1 W<\/li>\n<li style='margin-bottom: 5px;'><strong>Alimentaci\u00f3n externa:<\/strong> 12 Vcc<\/li>\n<\/ul><\/div>\n<\/p><\/div>\n<\/p><\/div>\n<p> <!-- Video --> <\/p>\n<div style='margin-bottom: 30px;'>\n<div style='position: relative; padding-bottom: 56.25%; height: 0; overflow: hidden;'>   <\/div>\n<\/p><\/div>\n<\/p><\/div>\n","protected":false},"excerpt":{"rendered":"<p>Intercomunicador Inal\u00e1mbrico V\u00eda Radio UHF<\/p>\n","protected":false},"featured_media":67521,"comment_status":"open","ping_status":"closed","template":"","meta":[],"product_brand":[],"product_cat":[1545],"product_tag":[1546,1548,1547],"class_list":{"0":"post-67522","1":"product","2":"type-product","3":"status-publish","4":"has-post-thumbnail","6":"product_cat-voceo-monitoreo-remoto","7":"product_tag-aplicaciones-y-soluciones","8":"product_tag-ritron","9":"product_tag-voceo-monitoreo-remoto","11":"first","12":"outofstock","13":"sale","14":"shipping-taxable","15":"purchasable","16":"product-type-simple"},"_links":{"self":[{"href":"https:\/\/soydeaqui.ddns.net\/pachuca\/index.php\/wp-json\/wp\/v2\/product\/67522","targetHints":{"allow":["GET"]}}],"collection":[{"href":"https:\/\/soydeaqui.ddns.net\/pachuca\/index.php\/wp-json\/wp\/v2\/product"}],"about":[{"href":"https:\/\/soydeaqui.ddns.net\/pachuca\/index.php\/wp-json\/wp\/v2\/types\/product"}],"replies":[{"embeddable":true,"href":"https:\/\/soydeaqui.ddns.net\/pachuca\/index.php\/wp-json\/wp\/v2\/comments?post=67522"}],"wp:featuredmedia":[{"embeddable":true,"href":"https:\/\/soydeaqui.ddns.net\/pachuca\/index.php\/wp-json\/wp\/v2\/media\/67521"}],"wp:attachment":[{"href":"https:\/\/soydeaqui.ddns.net\/pachuca\/index.php\/wp-json\/wp\/v2\/media?parent=67522"}],"wp:term":[{"taxonomy":"product_brand","embeddable":true,"href":"https:\/\/soydeaqui.ddns.net\/pachuca\/index.php\/wp-json\/wp\/v2\/product_brand?post=67522"},{"taxonomy":"product_cat","embeddable":true,"href":"https:\/\/soydeaqui.ddns.net\/pachuca\/index.php\/wp-json\/wp\/v2\/product_cat?post=67522"},{"taxonomy":"product_tag","embeddable":true,"href":"https:\/\/soydeaqui.ddns.net\/pachuca\/index.php\/wp-json\/wp\/v2\/product_tag?post=67522"}],"curies":[{"name":"wp","href":"https:\/\/api.w.org\/{rel}","templated":true}]}}