{"id":67516,"date":"2026-03-19T09:35:57","date_gmt":"2026-03-19T09:35:57","guid":{"rendered":"https:\/\/soydeaqui.ddns.net\/pachuca\/index.php\/producto\/diadema-profile-por-detras-de-la-cabeza-sumergible-y-cancelacion-de-ruido-para-cable-modular-intercambiable-para-kenwood-motorola-hytera\/"},"modified":"2026-03-19T09:35:58","modified_gmt":"2026-03-19T09:35:58","slug":"diadema-profile-por-detras-de-la-cabeza-sumergible-y-cancelacion-de-ruido-para-cable-modular-intercambiable-para-kenwood-motorola-hytera","status":"publish","type":"product","link":"https:\/\/soydeaqui.ddns.net\/pachuca\/index.php\/producto\/diadema-profile-por-detras-de-la-cabeza-sumergible-y-cancelacion-de-ruido-para-cable-modular-intercambiable-para-kenwood-motorola-hytera\/","title":{"rendered":"Diadema PROFILE por detr\u00e1s de la cabeza. Sumergible y Cancelaci\u00f3n de Ruido para cable modular intercambiable para Kenwood, Motorola, Hytera."},"content":{"rendered":"<div style='width: 100%; max-width: 1200px; margin: 0 auto; font-family: sans-serif; line-height: 1.6; color: inherit; background-color: transparent;'>\n<div style='display: flex; flex-wrap: wrap; gap: 30px; margin-bottom: 30px;'>\n<div style='flex: 1 1 300px; min-width: 280px;'> <img style='width: 100%; height: auto; border: 1px solid rgba(150&comma;150&comma;150&comma;0.3); border-radius: 8px;' src='http:\/\/ftp3.syscom.mx\/usuarios\/fotos\/E2RE2KB5111\/87816-otto.png' alt=''> <\/div>\n<div style='flex: 1 1 300px; min-width: 280px;'>\n<p>El dise\u00f1o de esta diadema se complementa en dos partes;<\/p>\n<p>1. Diadema&comma; y<br \/>2. Cable modular que se conecta al radio.<\/p>\n<p>Esto nos permite mantener buena <strong style='color: inherit;'>higiene<\/strong> en el ambiente de trabajo debido a que cada usuario tendr\u00e1 su propia diadema. Adem\u00e1s&comma; se <strong style='color: inherit;'>proteger\u00e1 el puerto de accesorios del radio<\/strong>&comma; ya que no es necesario estarlo desconectando en cada cambio de turno laboral.<\/p>\n<\/p><\/div>\n<\/p><\/div>\n<div style='display: flex; flex-wrap: wrap; gap: 30px; margin-bottom: 30px;'>\n<div style='flex: 1 1 300px; min-width: 280px;'> <img style='width: 100%; height: auto; border: 1px solid rgba(150&comma;150&comma;150&comma;0.3); border-radius: 8px;' src='http:\/\/ftp3.syscom.mx\/usuarios\/fotos\/V410902\/78078-sin_t%C3%ADtulo.png' alt=''> <\/div>\n<div style='flex: 1 1 300px; min-width: 280px;'>\n<ul style='padding-left: 20px; font-size: 15px; color: inherit;'>\n<li style='margin-bottom: 5px;'>Dise\u00f1o muy confortable y ligero<\/li>\n<li style='margin-bottom: 5px;'>El estilo de los auriculares permite el uso de casco o cachucha<\/li>\n<li style='margin-bottom: 5px;'>El conector modular permite intercambiar el cable para uso de otros radios.<\/li>\n<li style='margin-bottom: 5px;'>Sumergible&comma; cumple con <strong style='color: inherit;'>IP67<\/strong><\/li>\n<li style='margin-bottom: 5px;'><strong style='color: inherit;'>Reducci\u00f3n de ruido certificado (NRR) de 21 dB<\/strong><\/li>\n<li style='margin-bottom: 5px;'>Resistencia de 9 libras en el conector modular<\/li>\n<li style='margin-bottom: 5px;'>Extrema comodidad; suave esponja reemplazable y <strong style='color: inherit;'>orejera de gel sellada<\/strong><\/li>\n<li style='margin-bottom: 5px;'><strong style='color: inherit;'>Micr\u00f3fono de boom flexible con cancelaci\u00f3n de ruido<\/strong><\/li>\n<li style='margin-bottom: 5px;'>Conector de cable modular<\/li>\n<li style='margin-bottom: 5px;'>Malla ajustable para uso confortable<\/li>\n<li style='margin-bottom: 5px;'>Dise\u00f1o de auriculares delgados y ligeros<\/li>\n<li style='margin-bottom: 5px;'>Sistema de suspensi\u00f3n por detr\u00e1s de la cabeza para mayor estabilidad<\/li>\n<\/ul><\/div>\n<\/p><\/div>\n<div style='margin-top: 30px; padding: 15px; border: 1px solid rgba(150&comma;150&comma;150&comma;0.3); border-radius: 8px; background-color: rgba(255&comma;255&comma;255&comma;0.02);'>\n<p style='margin: 0; font-weight: bold; color: inherit;'>Requiere cable modular para conexi\u00f3n al radio port\u00e1til. Ver accesorios.<\/p>\n<\/p><\/div>\n<\/p><\/div>\n","protected":false},"excerpt":{"rendered":"<p>Diadema PROFILE por detr\u00e1s de la cabeza. Sumergible y Cancelaci\u00f3n de Ruido para cable modular intercambiable para Kenwood, Motorola, Hytera.<\/p>\n","protected":false},"featured_media":67515,"comment_status":"open","ping_status":"closed","template":"","meta":[],"product_brand":[],"product_cat":[1582],"product_tag":[1583,1584,1585],"class_list":{"0":"post-67516","1":"product","2":"type-product","3":"status-publish","4":"has-post-thumbnail","6":"product_cat-diademas","7":"product_tag-accesorios-para-hytera-hyt","8":"product_tag-diademas","9":"product_tag-otto","11":"first","12":"outofstock","13":"sale","14":"shipping-taxable","15":"purchasable","16":"product-type-simple"},"_links":{"self":[{"href":"https:\/\/soydeaqui.ddns.net\/pachuca\/index.php\/wp-json\/wp\/v2\/product\/67516","targetHints":{"allow":["GET"]}}],"collection":[{"href":"https:\/\/soydeaqui.ddns.net\/pachuca\/index.php\/wp-json\/wp\/v2\/product"}],"about":[{"href":"https:\/\/soydeaqui.ddns.net\/pachuca\/index.php\/wp-json\/wp\/v2\/types\/product"}],"replies":[{"embeddable":true,"href":"https:\/\/soydeaqui.ddns.net\/pachuca\/index.php\/wp-json\/wp\/v2\/comments?post=67516"}],"wp:featuredmedia":[{"embeddable":true,"href":"https:\/\/soydeaqui.ddns.net\/pachuca\/index.php\/wp-json\/wp\/v2\/media\/67515"}],"wp:attachment":[{"href":"https:\/\/soydeaqui.ddns.net\/pachuca\/index.php\/wp-json\/wp\/v2\/media?parent=67516"}],"wp:term":[{"taxonomy":"product_brand","embeddable":true,"href":"https:\/\/soydeaqui.ddns.net\/pachuca\/index.php\/wp-json\/wp\/v2\/product_brand?post=67516"},{"taxonomy":"product_cat","embeddable":true,"href":"https:\/\/soydeaqui.ddns.net\/pachuca\/index.php\/wp-json\/wp\/v2\/product_cat?post=67516"},{"taxonomy":"product_tag","embeddable":true,"href":"https:\/\/soydeaqui.ddns.net\/pachuca\/index.php\/wp-json\/wp\/v2\/product_tag?post=67516"}],"curies":[{"name":"wp","href":"https:\/\/api.w.org\/{rel}","templated":true}]}}