{"id":67514,"date":"2026-03-19T09:35:53","date_gmt":"2026-03-19T09:35:53","guid":{"rendered":"https:\/\/soydeaqui.ddns.net\/pachuca\/index.php\/producto\/cable-modular-intercambiable-para-kenwood-nx-340-320-420-tkd-340-tk-3230-3000-3402-3312-3360-3170\/"},"modified":"2026-03-19T09:35:54","modified_gmt":"2026-03-19T09:35:54","slug":"cable-modular-intercambiable-para-kenwood-nx-340-320-420-tkd-340-tk-3230-3000-3402-3312-3360-3170","status":"publish","type":"product","link":"https:\/\/soydeaqui.ddns.net\/pachuca\/index.php\/producto\/cable-modular-intercambiable-para-kenwood-nx-340-320-420-tkd-340-tk-3230-3000-3402-3312-3360-3170\/","title":{"rendered":"Cable modular intercambiable para KENWOOD NX-340\/320\/420, TKD-340, TK-3230\/3000\/3402\/3312\/3360\/3170"},"content":{"rendered":"<div style='width: 100%; max-width: 1200px; margin: 0 auto; font-family: sans-serif; line-height: 1.6; color: inherit; background-color: transparent;'> <!-- Secci\u00f3n de im\u00e1genes --> <\/p>\n<div style='display: flex; flex-wrap: wrap; gap: 15px; margin-bottom: 30px; justify-content: center;'> <img style='width: 100%; max-width: 400px; height: auto; border: 1px solid rgba(150&comma;150&comma;150&comma;0.3); border-radius: 8px;' src='http:\/\/ftp3.syscom.mx\/usuarios\/fotos\/E2RE2KB5111\/87816-otto.png' alt='Vista frontal del cable modular'> <img style='width: 100%; max-width: 400px; height: auto; border: 1px solid rgba(150&comma;150&comma;150&comma;0.3); border-radius: 8px;' src='https:\/\/ftp3.syscom.mx\/usuarios\/fotos\/V310783\/78079-k01.jpg' alt='Detalle del conector modular'> <img style='width: 100%; max-width: 400px; height: auto; border: 1px solid rgba(150&comma;150&comma;150&comma;0.3); border-radius: 8px;' src='http:\/\/ftp3.syscom.mx\/usuarios\/fotos\/V410902\/78078-sin_t%C3%ADtulo.png' alt='Diagrama del cable modular'> <\/div>\n<p> <!-- Secci\u00f3n de compatibilidad --> <\/p>\n<div style='margin-bottom: 30px;'>\n<h3 style='font-size: 22px; border-bottom: 2px solid currentColor; padding-bottom: 5px; margin-top: 0; color: inherit; opacity: 0.8;'>Compatibilidad<\/h3>\n<ul style='padding-left: 20px; font-size: 15px; color: inherit;'>\n<li style='margin-bottom: 5px;'>KENWOOD NX-240\/340\/220\/320<\/li>\n<li style='margin-bottom: 5px;'>TK-3230\/3000\/3402\/3312\/3360\/3170<\/li>\n<\/ul><\/div>\n<p> <!-- Secci\u00f3n de caracter\u00edsticas principales --> <\/p>\n<div style='display: flex; flex-wrap: wrap; gap: 30px; margin-bottom: 30px;'>\n<div style='flex: 1 1 300px; min-width: 280px;'>\n<h3 style='font-size: 22px; border-bottom: 2px solid currentColor; padding-bottom: 5px; margin-top: 0; color: inherit; opacity: 0.8;'>Caracter\u00edsticas principales<\/h3>\n<ul style='padding-left: 20px; font-size: 15px; color: inherit;'>\n<li style='margin-bottom: 5px;'>Cable retr\u00e1ctil de uso rudo<\/li>\n<li style='margin-bottom: 5px;'>PTT (Push-to-Talk) en el cable<\/li>\n<li style='margin-bottom: 5px;'>Conector modular intercambiable<\/li>\n<li style='margin-bottom: 5px;'>Requiere diadema PROFILE V410902<\/li>\n<\/ul><\/div>\n<p> <!-- Secci\u00f3n de especificaciones t\u00e9cnicas --> <\/p>\n<div style='flex: 1 1 300px; min-width: 280px;'>\n<h3 style='font-size: 22px; border-bottom: 2px solid currentColor; padding-bottom: 5px; margin-top: 0; color: inherit; opacity: 0.8;'>Especificaciones t\u00e9cnicas<\/h3>\n<ul style='padding-left: 20px; font-size: 15px; color: inherit;'>\n<li style='margin-bottom: 5px;'><strong>Tensi\u00f3n de prueba:<\/strong> 9 lbs (cable modular)<\/li>\n<li style='margin-bottom: 5px;'><strong>Resistencia axial del cable:<\/strong> 20 lbs (desde la orejera)<\/li>\n<li style='margin-bottom: 5px;'><strong>Resistencia axial del conector:<\/strong> 30 lbs<\/li>\n<li style='margin-bottom: 5px;'><strong>Sensibilidad del micr\u00f3fono:<\/strong> 48.5 t\u00edpica a 94dB SPL<\/li>\n<li style='margin-bottom: 5px;'><strong>Temperatura de operaci\u00f3n:<\/strong> -30\u00b0C a +75\u00b0C<\/li>\n<li style='margin-bottom: 5px;'><strong>Temperatura de almacenamiento:<\/strong> -40\u00b0C a +85\u00b0C<\/li>\n<li style='margin-bottom: 5px;'><strong>Protecci\u00f3n contra polvo\/agua:<\/strong> IP67 (inmersi\u00f3n hasta 1 metro por 30 minutos)<\/li>\n<li style='margin-bottom: 5px;'><strong>Reducci\u00f3n de ruido (NRR):<\/strong> 21dB<\/li>\n<\/ul><\/div>\n<\/p><\/div>\n<p> <!-- Secci\u00f3n de dise\u00f1o y construcci\u00f3n --> <\/p>\n<div style='display: flex; flex-wrap: wrap; gap: 20px; margin-bottom: 30px;'>\n<div style='flex: 1 1 250px; border: 1px solid rgba(150&comma; 150&comma; 150&comma; 0.4); border-radius: 8px; overflow: hidden; display: flex; flex-direction: column;'>\n<div style='padding: 15px; border-bottom: 1px solid rgba(150&comma; 150&comma; 150&comma; 0.2); font-weight: bold; font-size: 18px; color: inherit;'>Dise\u00f1o y construcci\u00f3n<\/div>\n<div style='padding: 15px; color: inherit;'>\n<ul style='padding-left: 20px; margin: 0; font-size: 14px; list-style-type: disc;'>\n<li style='margin-bottom: 5px;'>Dise\u00f1o ligero para uso prolongado<\/li>\n<li style='margin-bottom: 5px;'>Copa auricular moldeada para uso bajo cascos y protectores<\/li>\n<li style='margin-bottom: 5px;'>Sistema de suspensi\u00f3n y espuma intercambiable<\/li>\n<li style='margin-bottom: 5px;'>Cable modular con ensamble retr\u00e1ctil<\/li>\n<li style='margin-bottom: 5px;'>Micr\u00f3fono con cancelaci\u00f3n de ruido<\/li>\n<li style='margin-bottom: 5px;'>Cable con pulsador PTT (Push-to-Talk)<\/li>\n<li style='margin-bottom: 5px;'>Conector modular para intercambiabilidad<\/li>\n<\/ul><\/div>\n<\/p><\/div>\n<p> <!-- Secci\u00f3n de aplicaciones --> <\/p>\n<div style='flex: 1 1 250px; border: 1px solid rgba(150&comma; 150&comma; 150&comma; 0.4); border-radius: 8px; overflow: hidden; display: flex; flex-direction: column;'>\n<div style='padding: 15px; border-bottom: 1px solid rgba(150&comma; 150&comma; 150&comma; 0.2); font-weight: bold; font-size: 18px; color: inherit;'>Aplicaciones<\/div>\n<div style='padding: 15px; color: inherit;'>\n<ul style='padding-left: 20px; margin: 0; font-size: 14px; list-style-type: disc;'>\n<li style='margin-bottom: 5px;'>Servicios p\u00fablicos<\/li>\n<li style='margin-bottom: 5px;'>Miner\u00eda<\/li>\n<li style='margin-bottom: 5px;'>Manufactura<\/li>\n<li style='margin-bottom: 5px;'>Construcci\u00f3n<\/li>\n<li style='margin-bottom: 5px;'>Ambientes con alto nivel de ruido<\/li>\n<\/ul><\/div>\n<\/p><\/div>\n<p> <!-- Secci\u00f3n de garant\u00eda --> <\/p>\n<div style='flex: 1 1 250px; border: 1px solid rgba(150&comma; 150&comma; 150&comma; 0.4); border-radius: 8px; overflow: hidden; display: flex; flex-direction: column;'>\n<div style='padding: 15px; border-bottom: 1px solid rgba(150&comma; 150&comma; 150&comma; 0.2); font-weight: bold; font-size: 18px; color: inherit;'>Garant\u00eda<\/div>\n<div style='padding: 15px; color: inherit;'>\n<ul style='padding-left: 20px; margin: 0; font-size: 14px; list-style-type: disc;'>\n<li style='margin-bottom: 5px;'>3 a\u00f1os de garant\u00eda del fabricante<\/li>\n<\/ul><\/div>\n<\/p><\/div>\n<\/p><\/div>\n<p> <!-- Separador --> <\/p>\n<hr style='border: 0; border-top: 1px solid rgba(150&comma; 150&comma; 150&comma; 0.3); margin: 30px 0;'> <\/div>\n","protected":false},"excerpt":{"rendered":"<p>Cable modular intercambiable para KENWOOD NX-340\/320\/420, TKD-340, TK-3230\/3000\/3402\/3312\/3360\/3170<\/p>\n","protected":false},"featured_media":67486,"comment_status":"open","ping_status":"closed","template":"","meta":[],"product_brand":[],"product_cat":[1898],"product_tag":[1579,1584,1585],"class_list":{"0":"post-67514","1":"product","2":"type-product","3":"status-publish","4":"has-post-thumbnail","6":"product_cat-diademas-accesorios-para-kenwood","7":"product_tag-accesorios-para-kenwood","8":"product_tag-diademas","9":"product_tag-otto","11":"first","12":"outofstock","13":"sale","14":"shipping-taxable","15":"purchasable","16":"product-type-simple"},"_links":{"self":[{"href":"https:\/\/soydeaqui.ddns.net\/pachuca\/index.php\/wp-json\/wp\/v2\/product\/67514","targetHints":{"allow":["GET"]}}],"collection":[{"href":"https:\/\/soydeaqui.ddns.net\/pachuca\/index.php\/wp-json\/wp\/v2\/product"}],"about":[{"href":"https:\/\/soydeaqui.ddns.net\/pachuca\/index.php\/wp-json\/wp\/v2\/types\/product"}],"replies":[{"embeddable":true,"href":"https:\/\/soydeaqui.ddns.net\/pachuca\/index.php\/wp-json\/wp\/v2\/comments?post=67514"}],"wp:featuredmedia":[{"embeddable":true,"href":"https:\/\/soydeaqui.ddns.net\/pachuca\/index.php\/wp-json\/wp\/v2\/media\/67486"}],"wp:attachment":[{"href":"https:\/\/soydeaqui.ddns.net\/pachuca\/index.php\/wp-json\/wp\/v2\/media?parent=67514"}],"wp:term":[{"taxonomy":"product_brand","embeddable":true,"href":"https:\/\/soydeaqui.ddns.net\/pachuca\/index.php\/wp-json\/wp\/v2\/product_brand?post=67514"},{"taxonomy":"product_cat","embeddable":true,"href":"https:\/\/soydeaqui.ddns.net\/pachuca\/index.php\/wp-json\/wp\/v2\/product_cat?post=67514"},{"taxonomy":"product_tag","embeddable":true,"href":"https:\/\/soydeaqui.ddns.net\/pachuca\/index.php\/wp-json\/wp\/v2\/product_tag?post=67514"}],"curies":[{"name":"wp","href":"https:\/\/api.w.org\/{rel}","templated":true}]}}