{"id":67445,"date":"2026-03-19T09:33:28","date_gmt":"2026-03-19T09:33:28","guid":{"rendered":"https:\/\/soydeaqui.ddns.net\/pachuca\/index.php\/producto\/mastil-de-aluminio-de-2-cal-18-de-6-metros-de-longitud\/"},"modified":"2026-03-19T09:33:30","modified_gmt":"2026-03-19T09:33:30","slug":"mastil-de-aluminio-de-2-cal-18-de-6-metros-de-longitud","status":"publish","type":"product","link":"https:\/\/soydeaqui.ddns.net\/pachuca\/index.php\/producto\/mastil-de-aluminio-de-2-cal-18-de-6-metros-de-longitud\/","title":{"rendered":"M\u00e1stil de Aluminio de 2&#8243; cal. 18 de 6 Metros de Longitud."},"content":{"rendered":"<div style='width: 100%; max-width: 1200px; margin: 0 auto; font-family: sans-serif; line-height: 1.6; color: inherit; background-color: transparent;'>\n<div style='display: flex; flex-wrap: wrap; gap: 30px; margin-bottom: 30px;'>\n<div style='flex: 1 1 300px; min-width: 280px;'>\n<h3 style='font-size: 22px; border-bottom: 2px solid currentColor; padding-bottom: 5px; margin-top: 0; color: inherit; opacity: 0.8;'>Descripci\u00f3n t\u00e9cnica<\/h3>\n<p style='font-size: 15px; color: inherit; margin-top: 0;'> M\u00e1stil para elevar la punta pararrayos elaborado en aluminio&comma; con forma cil\u00edndrica hueca (tubo) y tratado especialmente para zonas de vientos fuertes. El sistema de pararrayos <strong style='color: inherit;'>TOTAL GROUND<\/strong> requiere que la punta sea la parte m\u00e1s alta del predio a proteger. <\/p>\n<p style='font-size: 15px; color: inherit;'> Cuando por alg\u00fan motivo existen elementos m\u00e1s altos que la punta&comma; se utilizan los m\u00e1stiles <strong style='color: inherit;'>TOTAL GROUND<\/strong> para cumplir con dicho requerimiento del sistema. Se cuenta tambi\u00e9n con Kit de sujeci\u00f3n para m\u00e1stil. <\/p>\n<p style='font-size: 15px; color: inherit; margin-bottom: 0;'> M\u00e1stil de Aluminio de 2&#8242; cal. 18 de 6 Metros de Longitud. <\/p>\n<\/p><\/div>\n<\/p><\/div>\n<\/p><\/div>\n","protected":false},"excerpt":{"rendered":"<p>M\u00e1stil de Aluminio de 2&#8243; cal. 18 de 6 Metros de Longitud.<\/p>\n","protected":false},"featured_media":67444,"comment_status":"open","ping_status":"closed","template":"","meta":[],"product_brand":[],"product_cat":[1654],"product_tag":[1328,246,635],"class_list":{"0":"post-67445","1":"product","2":"type-product","3":"status-publish","4":"has-post-thumbnail","6":"product_cat-mastiles-y-accesorios-torres-y-mastiles-redes-e-it","7":"product_tag-mastiles-y-accesorios","8":"product_tag-torres-y-mastiles","9":"product_tag-total-ground","11":"first","12":"outofstock","13":"sale","14":"shipping-taxable","15":"purchasable","16":"product-type-simple"},"_links":{"self":[{"href":"https:\/\/soydeaqui.ddns.net\/pachuca\/index.php\/wp-json\/wp\/v2\/product\/67445","targetHints":{"allow":["GET"]}}],"collection":[{"href":"https:\/\/soydeaqui.ddns.net\/pachuca\/index.php\/wp-json\/wp\/v2\/product"}],"about":[{"href":"https:\/\/soydeaqui.ddns.net\/pachuca\/index.php\/wp-json\/wp\/v2\/types\/product"}],"replies":[{"embeddable":true,"href":"https:\/\/soydeaqui.ddns.net\/pachuca\/index.php\/wp-json\/wp\/v2\/comments?post=67445"}],"wp:featuredmedia":[{"embeddable":true,"href":"https:\/\/soydeaqui.ddns.net\/pachuca\/index.php\/wp-json\/wp\/v2\/media\/67444"}],"wp:attachment":[{"href":"https:\/\/soydeaqui.ddns.net\/pachuca\/index.php\/wp-json\/wp\/v2\/media?parent=67445"}],"wp:term":[{"taxonomy":"product_brand","embeddable":true,"href":"https:\/\/soydeaqui.ddns.net\/pachuca\/index.php\/wp-json\/wp\/v2\/product_brand?post=67445"},{"taxonomy":"product_cat","embeddable":true,"href":"https:\/\/soydeaqui.ddns.net\/pachuca\/index.php\/wp-json\/wp\/v2\/product_cat?post=67445"},{"taxonomy":"product_tag","embeddable":true,"href":"https:\/\/soydeaqui.ddns.net\/pachuca\/index.php\/wp-json\/wp\/v2\/product_tag?post=67445"}],"curies":[{"name":"wp","href":"https:\/\/api.w.org\/{rel}","templated":true}]}}