{"id":6744,"date":"2026-03-18T06:47:00","date_gmt":"2026-03-18T06:47:00","guid":{"rendered":"https:\/\/soydeaqui.ddns.net\/pachuca\/index.php\/producto\/controlador-hub-principal-para-radiora2-lutron-soporta-100-dispositivos-4-repetidores-programacion-via-software-pc-alcance-total-del-sistema-2-hub-8-rep\/"},"modified":"2026-03-18T06:47:04","modified_gmt":"2026-03-18T06:47:04","slug":"controlador-hub-principal-para-radiora2-lutron-soporta-100-dispositivos-4-repetidores-programacion-via-software-pc-alcance-total-del-sistema-2-hub-8-rep","status":"publish","type":"product","link":"https:\/\/soydeaqui.ddns.net\/pachuca\/index.php\/producto\/controlador-hub-principal-para-radiora2-lutron-soporta-100-dispositivos-4-repetidores-programacion-via-software-pc-alcance-total-del-sistema-2-hub-8-rep\/","title":{"rendered":"Controlador HUB principal para RadioRa2 LUTRON, soporta 100 dispositivos, 4 repetidores, programacion v\u00eda software PC. Alcance total del sistema 2 HUB 8 rep"},"content":{"rendered":"<div style='width: 100%; max-width: 1200px; margin: 0 auto; font-family: sans-serif; line-height: 1.6; color: inherit; background-color: transparent;'>\n<div style='display: flex; flex-direction: column; gap: 20px;'> <a class='boton-azul-gral btn btn-primary' href='https:\/\/www.syscom.mx\/singlepage\/lutron_radiora' target='_blank' rel='noopener' style='width: max-content; padding: 10px 20px; background-color: #007bff; color: white; text-decoration: none; border-radius: 4px; font-weight: bold; align-self: flex-start;'>Ver Single Page<\/a> <\/p>\n<ul style='padding-left: 20px; font-size: 15px; color: inherit;'>\n<li style='margin-bottom: 5px;'>Receptor principal 120V.<\/li>\n<li style='margin-bottom: 5px;'>El repetidor principal ofrece integraci\u00f3n abierta con otros sistemas&comma; dispositivos e Internet.<\/li>\n<li style='margin-bottom: 5px;'>El reloj astron\u00f3mico incluido permite controlar el sistema seg\u00fan la hora del d\u00eda&comma; como tambi\u00e9n en relaci\u00f3n con la salida o la puesta del sol. Se requiere para la configuraci\u00f3n y la operaci\u00f3n del sistema.<\/li>\n<li style='margin-bottom: 5px; font-weight: bold;'>Un sistema completo de 200 dispositivos de RadioRa2&comma; soporta dos RRMAINREP&comma; cada uno le permite agregar 100 dipositivos y 4 repetidores de se\u00f1al RRAUXREP.<\/li>\n<li style='margin-bottom: 5px;'>Para conectar y controlar el sistema RadioRa2 de forma remota y uso de App&comma; es necesario el <strong>CONNECT-BDG2-1.<\/strong><\/li>\n<\/ul>\n<p style='margin-bottom: 20px;'>Para su programacion es neceario el software de dise\u00f1o y prgramaci\u00f3n&comma; para el nivel 1&comma; 100 dispositivos&comma; puede obtenerlo cursando un breve curso en linea&comma; registro aqui&comma; <a href='https:\/\/lutron.learn.com' style='color: inherit; text-decoration: underline;'>LINK<\/a><\/p>\n<ul style='padding-left: 20px; font-size: 15px; color: inherit;'>\n<li style='margin-bottom: 5px;'><strong>Software Essential&comma; <\/strong>para programar 100 dispositivos&comma; se descarga tomando un curso en linea..<\/li>\n<li style='margin-bottom: 5px;'><strong>Software Inclusive&comma;<\/strong> para programar 200 dispositivos se descarga y proporciona tomando un curso presencial PSP de RadioRa2.<\/li>\n<\/ul>\n<div style='display: flex; flex-direction: column; gap: 15px; margin: 30px 0;'>\n<h3 style='font-size: 22px; border-bottom: 2px solid currentColor; padding-bottom: 5px; margin-top: 0; color: inherit; opacity: 0.8;'>\u00bfQu\u00e9 es RadioRA\u00ae 2?<\/h3>\n<p style='margin-bottom: 15px;'>RadioRA 2 es un sistema inal\u00e1mbrico de control total del hogar que permite el control conveniente e intuitivo de luces&comma; cortinas&comma; electrodom\u00e9sticos y temperatura en una habitaci\u00f3n sencilla o en una casa entera. Se instala con facilidad&comma; se programa con rapidez y se opera de manera confiable gracias a la Tecnolog\u00eda RF Clear Connect\u2122.<\/p>\n<\/p><\/div>\n<div style='display: flex; flex-direction: column; gap: 15px; margin: 30px 0;'>\n<h3 style='font-size: 22px; border-bottom: 2px solid currentColor; padding-bottom: 5px; margin-top: 0; color: inherit; opacity: 0.8;'>\u00bfCu\u00e1les son algunos de los beneficios?<\/h3>\n<div style='display: flex; flex-direction: column; gap: 15px;'>\n<div style='display: flex; flex-direction: column; padding-left: 20px;'> <strong style='margin-bottom: 5px;'>Ahorra energ\u00eda<\/strong> <\/p>\n<p style='margin: 5px 0;'>Los propietarios de hoy quieren reducir los costos&comma; tener seguridad y proteger el planeta.<\/p>\n<p style='margin: 5px 0;'>Con RadioRA 2&comma; pueden lograr ambos objetivos. <\/p>\n<\/p><\/div>\n<div style='display: flex; flex-direction: column; padding-left: 20px;'> <strong style='margin-bottom: 5px;'>Integraci\u00f3n abierta con terceros<\/strong> <\/p>\n<p style='margin: 5px 0;'>\u2022 Man\u00e9jelo con controles remotos&comma; sistemas de automatizaci\u00f3n del hogar&comma; dispositivos m\u00f3viles y m\u00e1s; todo desde un repetidor. El protocolo de integraci\u00f3n p\u00fablica con RS232 o IP. <\/p>\n<\/p><\/div>\n<div style='display: flex; flex-direction: column; padding-left: 20px;'> <strong style='margin-bottom: 5px;'>F\u00e1cil de instalar y programar<\/strong> <\/p>\n<p style='margin: 5px 0;'>\u2022 La configuraci\u00f3n por computadora ahorra tiempo durante el dise\u00f1o y la programaci\u00f3n.<\/p>\n<p style='margin: 5px 0;'>\u2022 Para aplicaciones sencillas&comma; la configuraci\u00f3n mediante la botonera no requiere de una computadora.<\/p>\n<\/p><\/div>\n<div style='display: flex; flex-direction: column; padding-left: 20px;'> <strong style='margin-bottom: 5px;'>Flexible&comma; expandible y confiable<\/strong> <\/p>\n<p style='margin: 5px 0;'>\u2022 Elija entre una variedad de componentes inal\u00e1mbricos para personalizar un sistema que quepa en cualquier espacio soporte de 2 a 200 dispositivos.<\/p>\n<\/p><\/div>\n<\/p><\/div>\n<\/p><\/div>\n<p> <a class='boton-azul-gral btn btn-primary' href='https:\/\/www.syscom.mx\/singlepage\/lutron_radiora' target='_blank' rel='noopener' style='width: max-content; padding: 10px 20px; background-color: #007bff; color: white; text-decoration: none; border-radius: 4px; font-weight: bold; align-self: flex-start; margin-top: 20px;'>Ver Single Page<\/a> <img style='width: 100%; height: auto; border: 1px solid rgba(150&comma;150&comma;150&comma;0.3); border-radius: 8px; margin-top: 30px;' src='http:\/\/ftp3.syscom.mx\/usuarios\/yhermosillo\/LUTRON\/RadioRa2\/SystemOverview.jpg' alt=''> <\/div>\n<\/p><\/div>\n","protected":false},"excerpt":{"rendered":"<p>Controlador HUB principal para RadioRa2 LUTRON, soporta 100 dispositivos, 4 repetidores, programacion v\u00eda software PC. Alcance total del sistema 2 HUB 8 rep<\/p>\n","protected":false},"featured_media":6743,"comment_status":"open","ping_status":"closed","template":"","meta":[],"product_brand":[],"product_cat":[34],"product_tag":[30,35,36],"class_list":{"0":"post-6744","1":"product","2":"type-product","3":"status-publish","4":"has-post-thumbnail","6":"product_cat-lutron","7":"product_tag-automatizacion-casa-inteligente","8":"product_tag-lutron","9":"product_tag-lutron-electronics","11":"first","12":"outofstock","13":"sale","14":"shipping-taxable","15":"purchasable","16":"product-type-simple"},"_links":{"self":[{"href":"https:\/\/soydeaqui.ddns.net\/pachuca\/index.php\/wp-json\/wp\/v2\/product\/6744","targetHints":{"allow":["GET"]}}],"collection":[{"href":"https:\/\/soydeaqui.ddns.net\/pachuca\/index.php\/wp-json\/wp\/v2\/product"}],"about":[{"href":"https:\/\/soydeaqui.ddns.net\/pachuca\/index.php\/wp-json\/wp\/v2\/types\/product"}],"replies":[{"embeddable":true,"href":"https:\/\/soydeaqui.ddns.net\/pachuca\/index.php\/wp-json\/wp\/v2\/comments?post=6744"}],"wp:featuredmedia":[{"embeddable":true,"href":"https:\/\/soydeaqui.ddns.net\/pachuca\/index.php\/wp-json\/wp\/v2\/media\/6743"}],"wp:attachment":[{"href":"https:\/\/soydeaqui.ddns.net\/pachuca\/index.php\/wp-json\/wp\/v2\/media?parent=6744"}],"wp:term":[{"taxonomy":"product_brand","embeddable":true,"href":"https:\/\/soydeaqui.ddns.net\/pachuca\/index.php\/wp-json\/wp\/v2\/product_brand?post=6744"},{"taxonomy":"product_cat","embeddable":true,"href":"https:\/\/soydeaqui.ddns.net\/pachuca\/index.php\/wp-json\/wp\/v2\/product_cat?post=6744"},{"taxonomy":"product_tag","embeddable":true,"href":"https:\/\/soydeaqui.ddns.net\/pachuca\/index.php\/wp-json\/wp\/v2\/product_tag?post=6744"}],"curies":[{"name":"wp","href":"https:\/\/api.w.org\/{rel}","templated":true}]}}