{"id":6737,"date":"2026-03-18T06:46:51","date_gmt":"2026-03-18T06:46:51","guid":{"rendered":"https:\/\/soydeaqui.ddns.net\/pachuca\/index.php\/producto\/sensor-empotrable-en-techo-para-detectar-presencia-ocupancy-vacancy-360-grados-ocupancia-y-vacancia\/"},"modified":"2026-03-18T06:46:54","modified_gmt":"2026-03-18T06:46:54","slug":"sensor-empotrable-en-techo-para-detectar-presencia-ocupancy-vacancy-360-grados-ocupancia-y-vacancia","status":"publish","type":"product","link":"https:\/\/soydeaqui.ddns.net\/pachuca\/index.php\/producto\/sensor-empotrable-en-techo-para-detectar-presencia-ocupancy-vacancy-360-grados-ocupancia-y-vacancia\/","title":{"rendered":"Sensor empotrable en techo para detectar presencia Ocupancy\/Vacancy 360 grados. Ocupancia y Vacancia."},"content":{"rendered":"<div style='width: 100%; max-width: 1200px; margin: 0 auto; font-family: sans-serif; line-height: 1.6; color: inherit; background-color: transparent;'>\n<div style='width: 100%; margin-bottom: 30px;'>\n<p style='text-align: justify; color: inherit; font-size: 14px; margin: 0 0 15px 0;'>Los sensores de presencia\/vacancia Radio PS&comma; <strong style='color: inherit;'>funcionan con los controles de iluminaci\u00f3n RadioRA3&comma; VIVE y RA2 Select<\/strong>&comma; u otras lineas de LUTRON\u00ae para encender las luces cuando alguien entra a una habitaci\u00f3n&comma; y las apaga autom\u00e1ticamente cuando la habitaci\u00f3n est\u00e1 vac\u00eda.<\/p>\n<p style='text-align: justify; color: inherit; font-size: 14px; margin: 0 0 15px 0;'>Disponibles en configuraciones de montaje en techo&comma; esquina y pasillo para lograr la cobertura adecuada de sensores en cualquier habitaci\u00f3n.<\/p>\n<p style='text-align: justify; color: inherit; font-size: 14px; margin: 0 0 15px 0;'><strong>Sensor presencia para empotrar en el techo.<\/strong><\/p>\n<\/p><\/div>\n<div style='display: flex; flex-wrap: wrap; gap: 30px; margin-bottom: 30px;'>\n<div style='flex: 1 1 300px; min-width: 280px;'>\n<div style='border-left: 5px solid #0091ff; border-radius: 8px; padding: 15px; box-shadow: 0 2px 8px rgba(0&comma; 145&comma; 255&comma; 0.1); background-color: rgba(0&comma; 145&comma; 255&comma; 0.05);'> <strong style='color: inherit; font-size: 16px; margin-bottom: 10px; display: block;'>Caracter\u00edsticas principales:<\/strong> <\/p>\n<ul style='padding-left: 20px; font-size: 14px; color: inherit; list-style-type: disc;'>\n<li style='margin-bottom: 5px;'>Un solo sensor de presencia puede comunicarse con todos los dispositivos de control de la habitaci\u00f3n.<\/li>\n<\/ul><\/div>\n<\/p><\/div>\n<div style='flex: 1 1 300px; min-width: 280px;'>\n<div style='border-left: 5px solid #0091ff; border-radius: 8px; padding: 15px; box-shadow: 0 2px 8px rgba(0&comma; 145&comma; 255&comma; 0.1); background-color: rgba(0&comma; 145&comma; 255&comma; 0.05);'> <strong style='color: inherit; font-size: 16px; margin-bottom: 10px; display: block;'>Cobertura:<\/strong> <\/p>\n<ul style='padding-left: 20px; font-size: 14px; color: inherit; list-style-type: disc;'>\n<li style='margin-bottom: 5px;'>Para su uso en habitaciones o \u00e1reas peque\u00f1as con divisiones medianas a altas.<\/li>\n<li style='margin-bottom: 5px;'>Para techos de 8 pies: 484 pies<sup>2<\/sup><\/li>\n<li style='margin-bottom: 5px;'>Para techos de 12 pies: 676 pies<sup>2<\/sup><\/li>\n<li style='margin-bottom: 5px;'>Presencia\/vacancia<\/li>\n<\/ul><\/div>\n<\/p><\/div>\n<div style='flex: 1 1 300px; min-width: 280px;'>\n<div style='border-left: 5px solid #0091ff; border-radius: 8px; padding: 15px; box-shadow: 0 2px 8px rgba(0&comma; 145&comma; 255&comma; 0.1); background-color: rgba(0&comma; 145&comma; 255&comma; 0.05);'> <strong style='color: inherit; font-size: 16px; margin-bottom: 10px; display: block;'>Dimensiones:<\/strong> <\/p>\n<ul style='padding-left: 20px; font-size: 14px; color: inherit; list-style-type: disc;'>\n<li style='margin-bottom: 5px;'>Ancho: 91 mm (3&comma;57 in)<\/li>\n<li style='margin-bottom: 5px;'>Alto: 91 mm (3&comma;57 in)<\/li>\n<li style='margin-bottom: 5px;'>Profundidad: 29 mm (1&comma;13 in)<\/li>\n<li style='margin-bottom: 5px;'><a href='https:\/\/youtu.be\/RWt1ZME_uv0' style='color: #0091ff; text-decoration: none; font-weight: bold;'>Video ejemplo de configuraci\u00f3n StandAlone<\/a><\/li>\n<\/ul><\/div>\n<\/p><\/div>\n<\/p><\/div>\n<div style='width: 100%; margin-bottom: 30px;'>\n<div style='position: relative; padding-bottom: 56.25%; height: 0; overflow: hidden; margin-bottom: 30px;'>   <\/div>\n<\/p><\/div>\n<div style='width: 100%; margin-bottom: 30px;'> <img style='width: 100%; height: auto; border: 1px solid rgba(150&comma;150&comma;150&comma;0.3); border-radius: 8px;' src='https:\/\/i.ibb.co\/92VZRgH\/tablasensordetecho.jpg' alt=''> <\/div>\n<div style='width: 100%; margin-bottom: 30px;'> <img style='width: 100%; height: auto; border: 1px solid rgba(150&comma;150&comma;150&comma;0.3); border-radius: 8px;' src='https:\/\/i.ibb.co\/WG5pQr9\/sensordetecho.jpg' alt='sensordeteccho'> <\/div>\n<div style='width: 100%; margin-bottom: 30px;'> <img style='width: 100%; height: auto; border: 1px solid rgba(150&comma;150&comma;150&comma;0.3); border-radius: 8px;' src='http:\/\/ftp3.syscom.mx\/usuarios\/yhermosillo\/LUTRON\/Energi\/sensoresdemovimiento.jpg' alt=''> <\/div>\n<hr style='border: 0; border-top: 1px solid rgba(150&comma; 150&comma; 150&comma; 0.3); margin: 30px 0;'> <\/div>\n","protected":false},"excerpt":{"rendered":"<p>Sensor empotrable en techo para detectar presencia Ocupancy\/Vacancy 360 grados. Ocupancia y Vacancia.<\/p>\n","protected":false},"featured_media":6736,"comment_status":"open","ping_status":"closed","template":"","meta":[],"product_brand":[],"product_cat":[34],"product_tag":[30,35,36],"class_list":{"0":"post-6737","1":"product","2":"type-product","3":"status-publish","4":"has-post-thumbnail","6":"product_cat-lutron","7":"product_tag-automatizacion-casa-inteligente","8":"product_tag-lutron","9":"product_tag-lutron-electronics","11":"first","12":"instock","13":"sale","14":"shipping-taxable","15":"purchasable","16":"product-type-simple"},"_links":{"self":[{"href":"https:\/\/soydeaqui.ddns.net\/pachuca\/index.php\/wp-json\/wp\/v2\/product\/6737","targetHints":{"allow":["GET"]}}],"collection":[{"href":"https:\/\/soydeaqui.ddns.net\/pachuca\/index.php\/wp-json\/wp\/v2\/product"}],"about":[{"href":"https:\/\/soydeaqui.ddns.net\/pachuca\/index.php\/wp-json\/wp\/v2\/types\/product"}],"replies":[{"embeddable":true,"href":"https:\/\/soydeaqui.ddns.net\/pachuca\/index.php\/wp-json\/wp\/v2\/comments?post=6737"}],"wp:featuredmedia":[{"embeddable":true,"href":"https:\/\/soydeaqui.ddns.net\/pachuca\/index.php\/wp-json\/wp\/v2\/media\/6736"}],"wp:attachment":[{"href":"https:\/\/soydeaqui.ddns.net\/pachuca\/index.php\/wp-json\/wp\/v2\/media?parent=6737"}],"wp:term":[{"taxonomy":"product_brand","embeddable":true,"href":"https:\/\/soydeaqui.ddns.net\/pachuca\/index.php\/wp-json\/wp\/v2\/product_brand?post=6737"},{"taxonomy":"product_cat","embeddable":true,"href":"https:\/\/soydeaqui.ddns.net\/pachuca\/index.php\/wp-json\/wp\/v2\/product_cat?post=6737"},{"taxonomy":"product_tag","embeddable":true,"href":"https:\/\/soydeaqui.ddns.net\/pachuca\/index.php\/wp-json\/wp\/v2\/product_tag?post=6737"}],"curies":[{"name":"wp","href":"https:\/\/api.w.org\/{rel}","templated":true}]}}