{"id":67321,"date":"2026-03-19T09:29:29","date_gmt":"2026-03-19T09:29:29","guid":{"rendered":"https:\/\/soydeaqui.ddns.net\/pachuca\/index.php\/producto\/conector-tnc-macho-en-angulo-para-cable-cnt-400-rg-8\/"},"modified":"2026-03-19T09:29:30","modified_gmt":"2026-03-19T09:29:30","slug":"conector-tnc-macho-en-angulo-para-cable-cnt-400-rg-8","status":"publish","type":"product","link":"https:\/\/soydeaqui.ddns.net\/pachuca\/index.php\/producto\/conector-tnc-macho-en-angulo-para-cable-cnt-400-rg-8\/","title":{"rendered":"Conector TNC Macho en \u00e1ngulo para cable CNT-400, RG-8"},"content":{"rendered":"<div style='width: 100%; max-width: 1200px; margin: 0 auto; font-family: sans-serif; line-height: 1.6; color: inherit; background-color: transparent;'> <!-- Secci\u00f3n de caracter\u00edsticas el\u00e9ctricas --> <\/p>\n<div style='display: flex; flex-wrap: wrap; gap: 30px; margin-bottom: 30px;'>\n<div style='flex: 1 1 300px; min-width: 280px;'>\n<h3 style='font-size: 22px; border-bottom: 2px solid currentColor; padding-bottom: 5px; margin-top: 0; color: inherit; opacity: 0.8;'>Especificaciones El\u00e9ctricas<\/h3>\n<ul style='padding-left: 20px; font-size: 15px; color: inherit;'>\n<li style='margin-bottom: 5px;'><strong>Banda de Frecuencia:<\/strong> 0 \u2013 6000 MHz<\/li>\n<li style='margin-bottom: 5px;'><strong>Impedancia:<\/strong> 50 ohm<\/li>\n<li style='margin-bottom: 5px;'><strong>Tensi\u00f3n RF M\u00e1xima:<\/strong> 500.00 V<\/li>\n<li style='margin-bottom: 5px;'><strong>Tensi\u00f3n de Prueba DC:<\/strong> 1500 V<\/li>\n<li style='margin-bottom: 5px;'><strong>Resistencia de Contacto Exterior:<\/strong> 0.40 m\u03a9 (m\u00e1x.)<\/li>\n<li style='margin-bottom: 5px;'><strong>Resistencia de Contacto Interior:<\/strong> 1.50 m\u03a9 (m\u00e1x.)<\/li>\n<li style='margin-bottom: 5px;'><strong>Resistencia de Aislamiento:<\/strong> 5000 M\u03a9 (m\u00edn.)<\/li>\n<li style='margin-bottom: 5px;'><strong>Potencia de Pico M\u00e1xima:<\/strong> 5.00 kW<\/li>\n<li style='margin-bottom: 5px;'><strong>P\u00e9rdida de Inserci\u00f3n:<\/strong> 0.05 dB (t\u00edpico)<\/li>\n<li style='margin-bottom: 5px;'><strong>VSWR:<\/strong> 1.07 (0\u20133000 MHz)&comma; 1.12 (3000\u20136000 MHz)<\/li>\n<li style='margin-bottom: 5px;'><strong>Retorno de P\u00e9rdida:<\/strong> 30.00 dB (0\u20133000 MHz)&comma; 25.00 dB (3000\u20136000 MHz)<\/li>\n<\/ul><\/div>\n<p> <!-- Secci\u00f3n de especificaciones mec\u00e1nicas --> <\/p>\n<div style='flex: 1 1 300px; min-width: 280px;'>\n<h3 style='font-size: 22px; border-bottom: 2px solid currentColor; padding-bottom: 5px; margin-top: 0; color: inherit; opacity: 0.8;'>Especificaciones Mec\u00e1nicas<\/h3>\n<ul style='padding-left: 20px; font-size: 15px; color: inherit;'>\n<li style='margin-bottom: 5px;'><strong>Estilo del Cuerpo:<\/strong> En \u00e1ngulo recto<\/li>\n<li style='margin-bottom: 5px;'><strong>Revestimiento de Contacto Exterior:<\/strong> Trimetal<\/li>\n<li style='margin-bottom: 5px;'><strong>Revestimiento de Contacto Interior:<\/strong> Oro<\/li>\n<li style='margin-bottom: 5px;'><strong>Retenci\u00f3n del Conector:<\/strong> 330 N (74 lbf)<\/li>\n<li style='margin-bottom: 5px;'><strong>Par de Torsi\u00f3n de Retenci\u00f3n:<\/strong> 0.56 N-m (0.41 ft lb)<\/li>\n<li style='margin-bottom: 5px;'><strong>Par de Prueba del Tornillo:<\/strong> 1.70 N-m (1.25 ft lb)<\/li>\n<li style='margin-bottom: 5px;'><strong>Fuerza de Retenci\u00f3n del Tornillo:<\/strong> 445.00 N (100.04 lbf)<\/li>\n<li style='margin-bottom: 5px;'><strong>Dimensiones:<\/strong> 39.05 mm (1.54 in) de alto&comma; 30.81 mm (1.21 in) de largo&comma; 16.50 mm (0.65 in) de ancho<\/li>\n<li style='margin-bottom: 5px;'><strong>Peso:<\/strong> 60.29 g (0.13 lb)<\/li>\n<\/ul><\/div>\n<p> <!-- Secci\u00f3n de especificaciones ambientales --> <\/p>\n<div style='flex: 1 1 300px; min-width: 280px;'>\n<h3 style='font-size: 22px; border-bottom: 2px solid currentColor; padding-bottom: 5px; margin-top: 0; color: inherit; opacity: 0.8;'>Especificaciones Ambientales<\/h3>\n<ul style='padding-left: 20px; font-size: 15px; color: inherit;'>\n<li style='margin-bottom: 5px;'><strong>Temperatura de Operaci\u00f3n:<\/strong> -40 \u00b0C a +85 \u00b0C (-40 \u00b0F a +185 \u00b0F)<\/li>\n<li style='margin-bottom: 5px;'><strong>Temperatura de Almacenamiento:<\/strong> -65 \u00b0C a +125 \u00b0C (-85 \u00b0F a +257 \u00b0F)<\/li>\n<li style='margin-bottom: 5px;'><strong>Profundidad de Inmersi\u00f3n:<\/strong> 1 m (24 horas)<\/li>\n<li style='margin-bottom: 5px;'><strong>Clasificaci\u00f3n IP:<\/strong> IP68<\/li>\n<\/ul><\/div>\n<p> <!-- Secci\u00f3n de est\u00e1ndares y pruebas --> <\/p>\n<div style='flex: 1 1 300px; min-width: 280px;'>\n<h3 style='font-size: 22px; border-bottom: 2px solid currentColor; padding-bottom: 5px; margin-top: 0; color: inherit; opacity: 0.8;'>Est\u00e1ndares y Pruebas<\/h3>\n<ul style='padding-left: 20px; font-size: 15px; color: inherit;'>\n<li style='margin-bottom: 5px;'><strong>Durabilidad:<\/strong> 500 ciclos (IEC 61169-17:9.5)<\/li>\n<li style='margin-bottom: 5px;'><strong>Choque Mec\u00e1nico:<\/strong> IEC 60068-2-27<\/li>\n<li style='margin-bottom: 5px;'><strong>Secuencia Clim\u00e1tica:<\/strong> IEC 60068-1<\/li>\n<li style='margin-bottom: 5px;'><strong>Calor H\u00famedo:<\/strong> IEC 60068-2-3<\/li>\n<li style='margin-bottom: 5px;'><strong>Cambio T\u00e9rmico:<\/strong> IEC 60068-2-14<\/li>\n<li style='margin-bottom: 5px;'><strong>Vibraci\u00f3n:<\/strong> IEC 60068-2-6<\/li>\n<li style='margin-bottom: 5px;'><strong>Corrosi\u00f3n:<\/strong> IEC 60068-2-11<\/li>\n<\/ul><\/div>\n<p> <!-- Secci\u00f3n de cumplimiento regulador --> <\/p>\n<div style='flex: 1 1 300px; min-width: 280px;'>\n<h3 style='font-size: 22px; border-bottom: 2px solid currentColor; padding-bottom: 5px; margin-top: 0; color: inherit; opacity: 0.8;'>Cumplimiento Regulatorio<\/h3>\n<ul style='padding-left: 20px; font-size: 15px; color: inherit;'>\n<li style='margin-bottom: 5px;'><strong>RoHS:<\/strong> 2011\/65\/EU Compliant by Exemption<\/li>\n<li style='margin-bottom: 5px;'><strong>China RoHS:<\/strong> SJ\/T 11364-2006 (Above Maximum Concentration Value)<\/li>\n<li style='margin-bottom: 5px;'><strong>ISO 9001:2008:<\/strong> Dise\u00f1ado&comma; fabricado y\/o distribuido bajo este sistema de gesti\u00f3n de calidad<\/li>\n<\/ul><\/div>\n<\/p><\/div>\n<p> <!-- Separador --> <\/p>\n<hr style='border: 0; border-top: 1px solid rgba(150&comma; 150&comma; 150&comma; 0.3); margin: 30px 0;'> <\/div>\n","protected":false},"excerpt":{"rendered":"<p>Conector TNC Macho en \u00e1ngulo para cable CNT-400, RG-8<\/p>\n","protected":false},"featured_media":67320,"comment_status":"open","ping_status":"closed","template":"","meta":[],"product_brand":[],"product_cat":[1589,1590,1591,1588],"product_tag":[1593,1330,1594,616,1595,1592],"class_list":{"0":"post-67321","1":"product","2":"type-product","3":"status-publish","4":"has-post-thumbnail","6":"product_cat-1589","7":"product_cat-cnt-400","8":"product_cat-lmr-400","9":"product_cat-rg-8-u","10":"product_tag-1593","11":"product_tag-andrew-commscope","12":"product_tag-cnt-400","13":"product_tag-conectores","14":"product_tag-lmr-400","15":"product_tag-rg-8-u","17":"first","18":"outofstock","19":"sale","20":"shipping-taxable","21":"purchasable","22":"product-type-simple"},"_links":{"self":[{"href":"https:\/\/soydeaqui.ddns.net\/pachuca\/index.php\/wp-json\/wp\/v2\/product\/67321","targetHints":{"allow":["GET"]}}],"collection":[{"href":"https:\/\/soydeaqui.ddns.net\/pachuca\/index.php\/wp-json\/wp\/v2\/product"}],"about":[{"href":"https:\/\/soydeaqui.ddns.net\/pachuca\/index.php\/wp-json\/wp\/v2\/types\/product"}],"replies":[{"embeddable":true,"href":"https:\/\/soydeaqui.ddns.net\/pachuca\/index.php\/wp-json\/wp\/v2\/comments?post=67321"}],"wp:featuredmedia":[{"embeddable":true,"href":"https:\/\/soydeaqui.ddns.net\/pachuca\/index.php\/wp-json\/wp\/v2\/media\/67320"}],"wp:attachment":[{"href":"https:\/\/soydeaqui.ddns.net\/pachuca\/index.php\/wp-json\/wp\/v2\/media?parent=67321"}],"wp:term":[{"taxonomy":"product_brand","embeddable":true,"href":"https:\/\/soydeaqui.ddns.net\/pachuca\/index.php\/wp-json\/wp\/v2\/product_brand?post=67321"},{"taxonomy":"product_cat","embeddable":true,"href":"https:\/\/soydeaqui.ddns.net\/pachuca\/index.php\/wp-json\/wp\/v2\/product_cat?post=67321"},{"taxonomy":"product_tag","embeddable":true,"href":"https:\/\/soydeaqui.ddns.net\/pachuca\/index.php\/wp-json\/wp\/v2\/product_tag?post=67321"}],"curies":[{"name":"wp","href":"https:\/\/api.w.org\/{rel}","templated":true}]}}