{"id":67285,"date":"2026-03-19T09:28:12","date_gmt":"2026-03-19T09:28:12","guid":{"rendered":"https:\/\/soydeaqui.ddns.net\/pachuca\/index.php\/producto\/microfono-de-solapa-con-audifono-ajustable-al-oido-para-radios-te320-tc-610p-tc-780\/"},"modified":"2026-03-19T09:28:22","modified_gmt":"2026-03-19T09:28:22","slug":"microfono-de-solapa-con-audifono-ajustable-al-oido-para-radios-te320-tc-610p-tc-780","status":"publish","type":"product","link":"https:\/\/soydeaqui.ddns.net\/pachuca\/index.php\/producto\/microfono-de-solapa-con-audifono-ajustable-al-oido-para-radios-te320-tc-610p-tc-780\/","title":{"rendered":"Micr\u00f3fono de solapa con aud\u00edfono ajustable al o\u00eddo para Radios TE320 \/ TC-610P\/TC-780"},"content":{"rendered":"<div style='width: 100%; max-width: 1200px; margin: 0 auto; font-family: sans-serif; line-height: 1.6; color: inherit; background-color: transparent;'>\n<div style='display: flex; flex-wrap: wrap; gap: 30px; margin-bottom: 30px;'>\n<div style='flex: 1 1 300px; min-width: 280px;'>\n<h3 style='font-size: 22px; border-bottom: 2px solid currentColor; padding-bottom: 5px; margin-top: 0; color: inherit; opacity: 0.8;'>Caracter\u00edsticas<\/h3>\n<ul style='padding-left: 20px; font-size: 15px; color: inherit;'>\n<li style='margin-bottom: 5px;'>Ideal para cuando la radiocomunicaci\u00f3n tiene que pasar inadvertida<\/li>\n<li style='margin-bottom: 5px;'>Resistente Mini PTT con Micr\u00f3fono de solapa incorporado<\/li>\n<li style='margin-bottom: 5px;'>Clip giratorio de 360\u00b0 convenientemente ubicado para f\u00e1cil uso<\/li>\n<li style='margin-bottom: 5px;'>Cable de PU reforzado con Kevlar&comma; m\u00e1s suave&comma; flexible&comma; retr\u00e1ctil<\/li>\n<li style='margin-bottom: 5px;'>Doble troquelado en conector&comma; PTT y aud\u00edfono<\/li>\n<li style='margin-bottom: 5px;'>Aud\u00edfono de alta calidad ajustable a la oreja&comma; proporciona un sonido alto y claro<\/li>\n<li style='margin-bottom: 5px;'>Gancho de pl\u00e1stico PTE (m\u00e1s suave&comma; flexible&comma; de grado m\u00e9dico) mantiene el auricular en su lugar&comma; y es muy c\u00f3modo para el uso en jornadas extenuantes<\/li>\n<li style='margin-bottom: 5px;'>Micr\u00f3fono de alta calidad garantizan un sonido claro<\/li>\n<li style='margin-bottom: 5px;'>N\u00edtida transmisi\u00f3n y recepci\u00f3n<\/li>\n<li style='margin-bottom: 5px;'>Ideal para custodios y escoltas de seguridad<\/li>\n<li style='margin-bottom: 5px;'>F\u00e1cil de ocultar<\/li>\n<\/ul><\/div>\n<\/p><\/div>\n<div style='display: flex; flex-wrap: wrap; gap: 30px; margin-bottom: 30px;'>\n<div style='flex: 1 1 300px; min-width: 280px;'>\n<h3 style='font-size: 22px; border-bottom: 2px solid currentColor; padding-bottom: 5px; margin-top: 0; color: inherit; opacity: 0.8;'>Descripci\u00f3n detallada<\/h3>\n<p style='font-size: 15px; color: inherit; margin-bottom: 15px;'>El gancho de oreja mantiene el auricular en su lugar durante extenuantes actividades y es muy c\u00f3modo para el uso<\/p>\n<p style='font-size: 15px; color: inherit; margin-bottom: 15px;'>Micr\u00f3fono y bocina de alta calidad para asegurar un audio claro<\/p>\n<p style='font-size: 15px; color: inherit; margin-bottom: 15px;'>Ubicaci\u00f3n del bot\u00f3n del PTT convenientemente para su f\u00e1cil uso<\/p>\n<\/p><\/div>\n<\/p><\/div>\n<div style='display: flex; flex-wrap: wrap; gap: 20px; margin-bottom: 30px; justify-content: center;'>\n<div style='flex: 1 1 300px; max-width: 300px;'> <img style='width: 100%; height: auto; border: 1px solid rgba(150&comma;150&comma;150&comma;0.3); border-radius: 8px;' src='http:\/\/ftp3.syscom.mx\/usuarios\/fotos\/TX300MH02\/77018-tx300m_(1).png' alt=''> <\/div>\n<div style='flex: 1 1 300px; max-width: 300px;'> <img style='width: 100%; height: auto; border: 1px solid rgba(150&comma;150&comma;150&comma;0.3); border-radius: 8px;' src='http:\/\/ftp3.syscom.mx\/usuarios\/fotos\/TX300MH02\/77018-h02.jpg' alt=''> <\/div>\n<\/p><\/div>\n<hr style='border: 0; border-top: 1px solid rgba(150&comma; 150&comma; 150&comma; 0.3); margin: 30px 0;'> <\/div>\n","protected":false},"excerpt":{"rendered":"<p>Micr\u00f3fono de solapa con aud\u00edfono ajustable al o\u00eddo para Radios TE320 \/ TC-610P\/TC-780<\/p>\n","protected":false},"featured_media":67284,"comment_status":"open","ping_status":"closed","template":"","meta":[],"product_brand":[],"product_cat":[1888],"product_tag":[1583,1518,560],"class_list":{"0":"post-67285","1":"product","2":"type-product","3":"status-publish","4":"has-post-thumbnail","6":"product_cat-microfono-audifono-accesorios-para-hytera-hyt","7":"product_tag-accesorios-para-hytera-hyt","8":"product_tag-microfono-audifono","9":"product_tag-txpro","11":"first","12":"outofstock","13":"sale","14":"shipping-taxable","15":"purchasable","16":"product-type-simple"},"_links":{"self":[{"href":"https:\/\/soydeaqui.ddns.net\/pachuca\/index.php\/wp-json\/wp\/v2\/product\/67285","targetHints":{"allow":["GET"]}}],"collection":[{"href":"https:\/\/soydeaqui.ddns.net\/pachuca\/index.php\/wp-json\/wp\/v2\/product"}],"about":[{"href":"https:\/\/soydeaqui.ddns.net\/pachuca\/index.php\/wp-json\/wp\/v2\/types\/product"}],"replies":[{"embeddable":true,"href":"https:\/\/soydeaqui.ddns.net\/pachuca\/index.php\/wp-json\/wp\/v2\/comments?post=67285"}],"wp:featuredmedia":[{"embeddable":true,"href":"https:\/\/soydeaqui.ddns.net\/pachuca\/index.php\/wp-json\/wp\/v2\/media\/67284"}],"wp:attachment":[{"href":"https:\/\/soydeaqui.ddns.net\/pachuca\/index.php\/wp-json\/wp\/v2\/media?parent=67285"}],"wp:term":[{"taxonomy":"product_brand","embeddable":true,"href":"https:\/\/soydeaqui.ddns.net\/pachuca\/index.php\/wp-json\/wp\/v2\/product_brand?post=67285"},{"taxonomy":"product_cat","embeddable":true,"href":"https:\/\/soydeaqui.ddns.net\/pachuca\/index.php\/wp-json\/wp\/v2\/product_cat?post=67285"},{"taxonomy":"product_tag","embeddable":true,"href":"https:\/\/soydeaqui.ddns.net\/pachuca\/index.php\/wp-json\/wp\/v2\/product_tag?post=67285"}],"curies":[{"name":"wp","href":"https:\/\/api.w.org\/{rel}","templated":true}]}}