{"id":67277,"date":"2026-03-19T09:27:55","date_gmt":"2026-03-19T09:27:55","guid":{"rendered":"https:\/\/soydeaqui.ddns.net\/pachuca\/index.php\/producto\/kit-de-torre-arriostrada-de-piso-de-9-m-altura-con-tramo-stz30g-galvanizada-en-caliente-no-incluye-retenida\/"},"modified":"2026-03-19T09:27:56","modified_gmt":"2026-03-19T09:27:56","slug":"kit-de-torre-arriostrada-de-piso-de-9-m-altura-con-tramo-stz30g-galvanizada-en-caliente-no-incluye-retenida","status":"publish","type":"product","link":"https:\/\/soydeaqui.ddns.net\/pachuca\/index.php\/producto\/kit-de-torre-arriostrada-de-piso-de-9-m-altura-con-tramo-stz30g-galvanizada-en-caliente-no-incluye-retenida\/","title":{"rendered":"Kit de Torre Arriostrada de Piso de 9 m Altura con Tramo STZ30G Galvanizada en Caliente. (No incluye retenida)."},"content":{"rendered":"<div style='width: 100%; max-width: 1200px; margin: 0 auto; font-family: sans-serif; line-height: 1.6; color: inherit; background-color: transparent;'>\n<div style='display: flex; flex-wrap: wrap; gap: 30px; margin-bottom: 30px;'>\n<div style='flex: 1 1 300px; min-width: 280px;'> <img style='width: 100%; height: auto; border: 1px solid rgba(150&comma;150&comma;150&comma;0.3); border-radius: 8px;' src='https:\/\/ftp3.syscom.mx\/usuarios\/fotos\/logotipos\/syscom_towers.png' alt='Logo SYSCOM TOWERS' \/> <\/div>\n<\/p><\/div>\n<p> <!-- Secci\u00f3n de caracter\u00edsticas --> <\/p>\n<div style='display: flex; flex-wrap: wrap; gap: 30px; margin-bottom: 30px;'>\n<div style='flex: 1 1 300px; min-width: 280px;'>\n<h3 style='font-size: 22px; border-bottom: 2px solid currentColor; padding-bottom: 5px; margin-top: 0; color: inherit; opacity: 0.8;'>Caracter\u00edsticas Destacadas<\/h3>\n<ul style='padding-left: 20px; font-size: 15px; color: inherit;'>\n<li style='margin-bottom: 5px;'>Producto elaborado Bajo Normativa ISO 9001:2015.<\/li>\n<li style='margin-bottom: 5px;'>Gran Elevaci\u00f3n \/ Bajo costo.<\/li>\n<li style='margin-bottom: 5px;'>100% Inspecci\u00f3n de Ensamble Tramo &#8211; Tramo.<\/li>\n<li style='margin-bottom: 5px;'>Galvanizado por Inmersi\u00f3n en Caliente acorde a NMX-H-004-SCFI-2008.<\/li>\n<li style='margin-bottom: 5px;'>Ideal para zonas costeras de alta humedad o \u00e1reas industriales.<\/li>\n<\/ul><\/div>\n<div style='flex: 1 1 300px; min-width: 280px;'>\n<h3 style='font-size: 22px; border-bottom: 2px solid currentColor; padding-bottom: 5px; margin-top: 0; color: inherit; opacity: 0.8;'>Caracter\u00edsticas F\u00edsicas<\/h3>\n<ul style='padding-left: 20px; font-size: 15px; color: inherit;'>\n<li style='margin-bottom: 5px;'><strong>Carga Axial M\u00e1xima:<\/strong> 200 Kg.<\/li>\n<li style='margin-bottom: 5px;'><strong>Altura:<\/strong> 9 metros (3 tramos).<\/li>\n<li style='margin-bottom: 5px;'><strong>Resistencia al viento:<\/strong> 200 km\/hr.<\/li>\n<li style='margin-bottom: 5px;'><strong>Protecci\u00f3n anticorrosiva:<\/strong> Galvanizado por inmersi\u00f3n en caliente (NMX-H-004-SCFI-2008).<\/li>\n<li style='margin-bottom: 5px;'><strong>Aplicaci\u00f3n:<\/strong> Intemperie (Zonas H\u00famedas).<\/li>\n<\/ul><\/div>\n<\/p><\/div>\n<p> <!-- Secci\u00f3n de componentes --> <\/p>\n<div style='display: flex; flex-wrap: wrap; gap: 20px; margin-bottom: 30px;'>\n<div style='flex: 1 1 250px; border: 1px solid rgba(150&comma; 150&comma; 150&comma; 0.4); border-radius: 8px; overflow: hidden; display: flex; flex-direction: column;'>\n<div style='padding: 15px; border-bottom: 1px solid rgba(150&comma; 150&comma; 150&comma; 0.2); font-weight: bold; font-size: 18px; color: inherit;'>Incluye los siguientes componentes<\/div>\n<div style='padding: 15px; color: inherit;'>\n<table style='width: 100%; border-collapse: collapse; color: inherit; font-size: 14px;'>\n<thead style='background-color: rgba(150&comma;150&comma;150&comma;0.1);'>\n<tr>\n<th style='padding: 10px; border-bottom: 1px solid rgba(150&comma;150&comma;150&comma;0.3);'>Cantidad<\/th>\n<th style='padding: 10px; border-bottom: 1px solid rgba(150&comma;150&comma;150&comma;0.3);'>Modelo<\/th>\n<th style='padding: 10px; border-bottom: 1px solid rgba(150&comma;150&comma;150&comma;0.3);'>Descripci\u00f3n<\/th>\n<\/tr>\n<\/thead>\n<tbody>\n<tr>\n<td style='padding: 8px; text-align: center;'>3<\/td>\n<td style='padding: 8px;'><a style='color: inherit; text-decoration: underline;' href='https:\/\/www.syscom.mx\/producto\/STZ-30G-SYSCOM-TOWERS-31574.html' target='_blank' rel='noopener'>STZ30G<\/a><\/td>\n<td style='padding: 8px;'>Tramo de torre de 30 cm de ancho de cara.<\/td>\n<\/tr>\n<tr>\n<td style='padding: 8px; text-align: center;'>1<\/td>\n<td style='padding: 8px;'><a style='color: inherit; text-decoration: underline;' href='https:\/\/www.syscom.mx\/producto\/SCZ-30-PG-SYSCOM-TOWERS-169012.html' target='_blank' rel='noopener'>SCZ30PG<\/a><\/td>\n<td style='padding: 8px;'>Copete de torre de 30 cm con opresor para pararrayo.<\/td>\n<\/tr>\n<tr>\n<td style='padding: 8px; text-align: center;'>1<\/td>\n<td style='padding: 8px;'><a style='color: inherit; text-decoration: underline;' href='https:\/\/www.syscom.mx\/producto\/SBA-30G-SYSCOM-TOWERS-29104.html' target='_blank' rel='noopener'>SBA30G<\/a><\/td>\n<td style='padding: 8px;'>Base para torre de 30 cm.<\/td>\n<\/tr>\n<tr>\n<td style='padding: 8px; text-align: center;'>1<\/td>\n<td style='padding: 8px;'><a style='color: inherit; text-decoration: underline;' href='https:\/\/www.syscom.mx\/producto\/SAB-30G-SYSCOM-TOWERS-29012.html' target='_blank' rel='noopener'>SAB30G<\/a><\/td>\n<td style='padding: 8px;'>Ancla para base de torre.<\/td>\n<\/tr>\n<tr>\n<td style='padding: 8px; text-align: center;'>2<\/td>\n<td style='padding: 8px;'><a style='color: inherit; text-decoration: underline;' href='https:\/\/www.syscom.mx\/producto\/SJB-30G-SYSCOM-TOWERS-29952.html' target='_blank' rel='noopener'>SJB30G<\/a><\/td>\n<td style='padding: 8px;'>Brida de sujeci\u00f3n de Retenida.<\/td>\n<\/tr>\n<tr>\n<td style='padding: 8px; text-align: center;'>3<\/td>\n<td style='padding: 8px;'><a style='color: inherit; text-decoration: underline;' href='https:\/\/www.syscom.mx\/producto\/SAP-02G-SYSCOM-TOWERS-29055.html' target='_blank' rel='noopener'>SAP02G<\/a><\/td>\n<td style='padding: 8px;'>Ancla de piso para Retenida.<\/td>\n<\/tr>\n<tr>\n<td style='padding: 8px; text-align: center;'>12<\/td>\n<td style='padding: 8px;'><a style='color: inherit; text-decoration: underline;' href='https:\/\/www.syscom.mx\/producto\/CUELLO-14-HDG-SYSCOM-TOWERS-199560.html' target='_blank' rel='noopener'>CUELLO-14-HDG<\/a><\/td>\n<td style='padding: 8px;'>Cuello para cable de retenida<\/td>\n<\/tr>\n<tr>\n<td style='padding: 8px; text-align: center;'>36<\/td>\n<td style='padding: 8px;'><a style='color: inherit; text-decoration: underline;' href='https:\/\/www.syscom.mx\/producto\/NUDO-316-FJG-SYSCOM-TOWERS-199580.html' target='_blank' rel='noopener'>NUDO-316-FJG<\/a><\/td>\n<td style='padding: 8px;'>Abrazadera tipo perro de 3\/16&#8242;.<\/td>\n<\/tr>\n<\/tbody>\n<\/table>\n<p style='margin-top: 15px; color: #e74c3c; font-weight: bold;'>No incluye cable de retenida.<\/p>\n<p style='margin-top: 5px;'>Se recomiendan 75 metros de retenida de 1\/8&#8242; (SRET-318-CAM) o di\u00e1metros superiores: <a style='color: inherit; text-decoration: underline;' href='https:\/\/www.syscom.mx\/producto\/SRET318CAM-SYSCOM-151126.html'>SRET-318-CAM<\/a><\/p>\n<p style='margin-top: 15px; color: #e74c3c; font-weight: bold;'>No incluye Tensores<\/p>\n<p style='margin-top: 5px;'>Se recomiendan 6 tensores de 1\/2&#8242; x 6&#8242;: <a style='color: inherit; text-decoration: underline;' href='https:\/\/www.syscom.mx\/producto\/TEN-1\/2X6-OGJ-SYSCOM-TOWERS-199554.html' target='_blank' rel='noopener'>TEN1\/2X6OGJ<\/a> o <a style='color: inherit; text-decoration: underline;' href='https:\/\/www.syscom.mx\/producto\/TEN-1\/2X6-OQJ-SYSCOM-TOWERS-199557.html' target='_blank' rel='noopener'>TEN1\/2X6OQJ<\/a>.<\/p>\n<p style='margin-top: 15px; font-style: italic;'><strong style='color: #e74c3c;'>Nota:<\/strong> El NO usar accesorios de instalaci\u00f3n como Bridas&comma; Base de torre&comma; Ancla de torre o Anclajes de Retenida&comma; se considera una p\u00e9rdida de garant\u00eda del equipo y cualquier adaptaci\u00f3n adicional queda a responsabilidad del instalador.<\/p>\n<\/p><\/div>\n<\/p><\/div>\n<\/p><\/div>\n<p> <!-- Secci\u00f3n de accesorios complementarios --> <\/p>\n<div style='display: flex; flex-wrap: wrap; gap: 20px; margin-bottom: 30px;'>\n<div style='flex: 1 1 250px; border: 1px solid rgba(150&comma; 150&comma; 150&comma; 0.4); border-radius: 8px; overflow: hidden; display: flex; flex-direction: column;'>\n<div style='padding: 15px; border-bottom: 1px solid rgba(150&comma; 150&comma; 150&comma; 0.2); font-weight: bold; font-size: 18px; color: inherit;'>Accesorios complementarios (No incluidos)<\/div>\n<div style='padding: 15px; color: inherit;'>\n<p style='margin-top: 0;'><strong style='color: #e74c3c;'>Sistema de Se\u00f1alizaci\u00f3n\/Iluminaci\u00f3n<\/strong> <span style='font-size: 10pt; color: #95a5a6;'>(No incluido)<\/span>:<\/p>\n<table style='width: 100%; border-collapse: collapse; color: inherit; font-size: 14px;'>\n<thead style='background-color: rgba(150&comma;150&comma;150&comma;0.1);'>\n<tr>\n<th style='padding: 10px; border-bottom: 1px solid rgba(150&comma;150&comma;150&comma;0.3);'>Cantidad<\/th>\n<th style='padding: 10px; border-bottom: 1px solid rgba(150&comma;150&comma;150&comma;0.3);'>Modelo<\/th>\n<th style='padding: 10px; border-bottom: 1px solid rgba(150&comma;150&comma;150&comma;0.3);'>Descripci\u00f3n<\/th>\n<\/tr>\n<\/thead>\n<tbody>\n<tr>\n<td style='padding: 8px; text-align: center;'>2<\/td>\n<td style='padding: 8px;'><a style='color: inherit; text-decoration: underline;' href='https:\/\/www.syscom.mx\/producto\/EI-GSL-SE-EPCOM-INDUSTRIAL-155623.html' target='_blank' rel='noopener'>EIGSLSE<\/a><\/td>\n<td style='padding: 8px;'>Estrobo tipo LED Aut\u00f3nomo con fotocelda&comma; panel solar y bater\u00eda. Tipo L810.<\/td>\n<\/tr>\n<tr>\n<td style='padding: 8px; text-align: center;'>2<\/td>\n<td style='padding: 8px;'><a style='color: inherit; text-decoration: underline;' href='https:\/\/www.syscom.mx\/producto\/HLU-3R2-EPCOM-INDUSTRIAL-196712.html' target='_blank' rel='noopener'>HLU3R2<\/a><\/td>\n<td style='padding: 8px;'>Montaje para l\u00e1mpara de obstrucci\u00f3n EIGSLSE<\/td>\n<\/tr>\n<\/tbody>\n<\/table>\n<p style='margin-top: 15px; font-size: 12pt;'><em>*La norma de se\u00f1alizaci\u00f3n dicta que la torre debe estar pintada en 7 franjas de igual tama\u00f1o; 4 franjas en tono naranja-rojizo y 3 en blanco.<\/em><\/p>\n<\/p><\/div>\n<\/p><\/div>\n<p> <!-- Secci\u00f3n de sistema de l\u00ednea de vida --> <\/p>\n<div style='flex: 1 1 250px; border: 1px solid rgba(150&comma; 150&comma; 150&comma; 0.4); border-radius: 8px; overflow: hidden; display: flex; flex-direction: column;'>\n<div style='padding: 15px; border-bottom: 1px solid rgba(150&comma;150&comma;150&comma;0.2); font-weight: bold; font-size: 18px; color: inherit;'>Sistema de l\u00ednea de vida (No incluido)<\/div>\n<div style='padding: 15px; color: inherit;'>\n<table style='width: 100%; border-collapse: collapse; color: inherit; font-size: 14px;'>\n<thead style='background-color: rgba(150&comma;150&comma;150&comma;0.1);'>\n<tr>\n<th style='padding: 10px; border-bottom: 1px solid rgba(150&comma;150&comma;150&comma;0.3);'>Cantidad<\/th>\n<th style='padding: 10px; border-bottom: 1px solid rgba(150&comma;150&comma;150&comma;0.3);'>Modelo<\/th>\n<th style='padding: 10px; border-bottom: 1px solid rgba(150&comma;150&comma;150&comma;0.3);'>Descripci\u00f3n<\/th>\n<\/tr>\n<\/thead>\n<tbody>\n<tr>\n<td style='padding: 8px; text-align: center;'>1<\/td>\n<td style='padding: 8px;'><a style='color: inherit; text-decoration: underline;' href='https:\/\/www.syscom.mx\/principal\/searchcont?route=SHE-LV-SYSCOM-TOWERS-29815&#038;autodetect=shelv'>SHE-LV<\/a><\/td>\n<td style='padding: 8px;'>Par de herrajes de sujeci\u00f3n<\/td>\n<\/tr>\n<tr>\n<td style='padding: 8px; text-align: center;'>1<\/td>\n<td style='padding: 8px;'><a style='color: inherit; text-decoration: underline;' href='https:\/\/www.syscom.mx\/principal\/searchcont?route=S-GULV-SYSCOM-TOWERS-29794&#038;autodetect=sgul'>S-GULV<\/a><\/td>\n<td style='padding: 8px;'>Gu\u00eda para l\u00ednea<\/td>\n<\/tr>\n<tr>\n<td style='padding: 8px; text-align: center;'>12<\/td>\n<td style='padding: 8px;'><a style='color: inherit; text-decoration: underline;' href='https:\/\/www.syscom.mx\/producto\/SRET-338-SYSCOM-31077.html'>SRET-338<\/a><\/td>\n<td style='padding: 8px;'>Cable de 3\/8&#8242;<\/td>\n<\/tr>\n<tr>\n<td style='padding: 8px; text-align: center;'>6<\/td>\n<td style='padding: 8px;'><a style='color: inherit; text-decoration: underline;' href='https:\/\/www.syscom.mx\/producto\/NUDO-38-FJG-SYSCOM-TOWERS-199587.html' target='_blank' rel='noopener'>NUDO-38FJG<\/a><\/td>\n<td style='padding: 8px;'>Nudo forjado 3\/8&#8242;<\/td>\n<\/tr>\n<tr>\n<td style='padding: 8px; text-align: center;'>2<\/td>\n<td style='padding: 8px;'><a style='color: inherit; text-decoration: underline;' href='https:\/\/www.syscom.mx\/producto\/CUELLO-38-HDG-SYSCOM-TOWERS-199562.html' target='_blank' rel='noopener'>CUELLO-38-HDG<\/a><\/td>\n<td style='padding: 8px;'>Cuello 3\/8&#8242;<\/td>\n<\/tr>\n<tr>\n<td style='padding: 8px; text-align: center;'>1<\/td>\n<td style='padding: 8px;'><a style='color: inherit; text-decoration: underline;' href='https:\/\/www.syscom.mx\/principal\/searchcont?route=TRY-ACC-SLIDER-Trylon-161793&#038;autodetect=carro'>TRY-ACC-SLIDER<\/a><\/td>\n<td style='padding: 8px;'>(Opcional) Carro de Seguridad para Instalador.<\/td>\n<\/tr>\n<tr>\n<td style='padding: 8px; text-align: center;'>1<\/td>\n<td style='padding: 8px;'><a style='color: inherit; text-decoration: underline;' href='https:\/\/www.syscom.mx\/principal\/searchcont?route=SYS-USA7B-URREA-174988&#038;autodetect=sysusa'>SYS-USA7B<\/a><\/td>\n<td style='padding: 8px;'>(Opcional) Arn\u00e9s de Suspenci\u00f3n.<\/td>\n<\/tr>\n<\/tbody>\n<\/table>\n<p style='margin-top: 15px; font-size: 12pt;'><em>*La NOM-009 marca como obligatorio el uso de sistemas que frenen la ca\u00edda accidental en una estructura.<\/em><\/p>\n<\/p><\/div>\n<\/p><\/div>\n<\/p><\/div>\n<p> <!-- Secci\u00f3n de pararrayo --> <\/p>\n<div style='display: flex; flex-wrap: wrap; gap: 20px; margin-bottom: 30px;'>\n<div style='flex: 1 1 250px; border: 1px solid rgba(150&comma; 150&comma; 150&comma; 0.4); border-radius: 8px; overflow: hidden; display: flex; flex-direction: column;'>\n<div style='padding: 15px; border-bottom: 1px solid rgba(150&comma;150&comma;150&comma;0.2); font-weight: bold; font-size: 18px; color: inherit;'><span style='color: #e74c3c;'>\u00a1Nuevo!<\/span> Kit Pararrayo + Tierra f\u00edsica con Cable. Marca LINKEDPRO <span style='font-size: 10pt; color: #95a5a6;'>(No incluido)<\/span><\/div>\n<div style='padding: 15px; color: inherit;'>\n<p style='margin-top: 0;'><a style='color: inherit; text-decoration: underline;' href='https:\/\/www.syscom.mx\/producto\/KLP-TZ09-PRO-LINKEDPRO-BY-EPCOM-192184.html' target='_blank' rel='noopener'><strong>KLP-TZ09-PRO<\/strong><\/a> &#8211; \u00a1Todo incluido! Ideal para torres de 9 m con dipolo corona&comma; cableado y electrodos con .<\/p>\n<p style='margin-top: 15px; font-style: italic;'>O tambi\u00e9n puede cotizar individualmente los siguientes componentes de Tierra f\u00edsica o Pararrayo:<\/p>\n<\/p><\/div>\n<\/p><\/div>\n<\/p><\/div>\n<p> <!-- Secci\u00f3n de tierra f\u00edsica --> <\/p>\n<div style='display: flex; flex-wrap: wrap; gap: 20px; margin-bottom: 30px;'>\n<div style='flex: 1 1 250px; border: 1px solid rgba(150&comma; 150&comma; 150&comma; 0.4); border-radius: 8px; overflow: hidden; display: flex; flex-direction: column;'>\n<div style='padding: 15px; border-bottom: 1px solid rgba(150&comma;150&comma;150&comma;0.2); font-weight: bold; font-size: 18px; color: inherit;'>Sistema de Tierra F\u00edsica Recomendada para Torre y Equipo montado en ella <span style='font-size: 14px; color: #95a5a6;'>(No incluido)<\/span><\/div>\n<div style='padding: 15px; color: inherit;'>\n<table style='width: 100%; border-collapse: collapse; color: inherit; font-size: 14px;'>\n<thead style='background-color: rgba(150&comma;150&comma;150&comma;0.1);'>\n<tr>\n<th style='padding: 10px; border-bottom: 1px solid rgba(150&comma;150&comma;150&comma;0.3);'>Cantidad<\/th>\n<th style='padding: 10px; border-bottom: 1px solid rgba(150&comma;150&comma;150&comma;0.3);'>Modelo<\/th>\n<th style='padding: 10px; border-bottom: 1px solid rgba(150&comma;150&comma;150&comma;0.3);'>Descripci\u00f3n<\/th>\n<\/tr>\n<\/thead>\n<tbody>\n<tr>\n<td style='padding: 8px; text-align: center;'>1<\/td>\n<td style='padding: 8px;'><a style='color: inherit; text-decoration: underline;' href='http:\/\/www.syscom.mx\/producto\/TG45AB-TOTAL-GROUND-75917.html'>TG45AB<\/a><\/td>\n<td style='padding: 8px;'>Electrodo de puesta a tierra de 45 A con Electrodo&comma; Filtro y Compuesto H2Ohm<\/td>\n<\/tr>\n<tr>\n<td style='padding: 8px; text-align: center;'>1<\/td>\n<td style='padding: 8px;'><a style='color: inherit; text-decoration: underline;' href='http:\/\/www.syscom.mx\/producto\/S610-TOTAL-GROUND-75929.html'>S610<\/a><\/td>\n<td style='padding: 8px;'>Registro pl\u00e1stico.<\/td>\n<\/tr>\n<tr>\n<td style='padding: 8px; text-align: center;'>3<\/td>\n<td style='padding: 8px;'><a style='color: inherit; text-decoration: underline;' href='http:\/\/www.syscom.mx\/producto\/TGCR11-TOTAL-GROUND-76026.html'>TGCR11<\/a><\/td>\n<td style='padding: 8px;'>Conector de Ojo<\/td>\n<\/tr>\n<tr>\n<td style='padding: 8px; text-align: center;'>2<\/td>\n<td style='padding: 8px;'><a style='color: inherit; text-decoration: underline;' href='http:\/\/www.syscom.mx\/producto\/TGAB18-TOTAL-GROUND-76028.html'>TGAB18<\/a><\/td>\n<td style='padding: 8px;'>Conector para Varilla<\/td>\n<\/tr>\n<tr>\n<td style='padding: 8px; text-align: center;'>1<\/td>\n<td style='padding: 8px;'><a style='color: inherit; text-decoration: underline;' href='http:\/\/www.syscom.mx\/producto\/TGBUSG10-TOTAL-GROUND-75914.html'>TGBUSG10<\/a><\/td>\n<td style='padding: 8px;'>Barra de Uni\u00f3n con Aisladores de 1000A de Capacidad (Sin Gabinete)<\/td>\n<\/tr>\n<\/tbody>\n<\/table>\n<p style='margin-top: 15px;'>* Se recomienda el uso de cable de cobre forrado cal. 4 AWG (SLY-287-GRN) para aterrizaje del electrodo hasta la torre. Para equipos en torre se puede utilizar cal. 6 AWG (SLY-291-GRN).<\/p>\n<\/p><\/div>\n<\/p><\/div>\n<p> <!-- Secci\u00f3n de pararrayo b\u00e1sico --> <\/p>\n<div style='flex: 1 1 250px; border: 1px solid rgba(150&comma; 150&comma; 150&comma; 0.4); border-radius: 8px; overflow: hidden; display: flex; flex-direction: column;'>\n<div style='padding: 15px; border-bottom: 1px solid rgba(150&comma;150&comma;150&comma;0.2); font-weight: bold; font-size: 18px; color: inherit;'>Sistema de Pararrayos B\u00e1sico Recomendado para Torre <span style='font-size: 14px; color: #95a5a6;'>(No incluido)<\/span><\/div>\n<div style='padding: 15px; color: inherit;'>\n<table style='width: 100%; border-collapse: collapse; color: inherit; font-size: 14px;'>\n<thead style='background-color: rgba(150&comma;150&comma;150&comma;0.1);'>\n<tr>\n<th style='padding: 10px; border-bottom: 1px solid rgba(150&comma;150&comma;150&comma;0.3);'>Cantidad<\/th>\n<th style='padding: 10px; border-bottom: 1px solid rgba(150&comma;150&comma;150&comma;0.3);'>Modelo<\/th>\n<th style='padding: 10px; border-bottom: 1px solid rgba(150&comma;150&comma;150&comma;0.3);'>Descripci\u00f3n<\/th>\n<\/tr>\n<\/thead>\n<tbody>\n<tr>\n<td style='padding: 8px; text-align: center;'>1<\/td>\n<td style='padding: 8px;'><a style='color: inherit; text-decoration: underline;' href='http:\/\/www.syscom.mx\/producto\/TGTDPC-TOTAL-GROUND-76020.html'>TGTDPC<\/a><\/td>\n<td style='padding: 8px;'>Punta Pararrayo con M\u00e1stil de Aluminio (MASTIL1.2)<\/td>\n<\/tr>\n<tr>\n<td style='padding: 8px; text-align: center;'>1<\/td>\n<td style='padding: 8px;'><a style='color: inherit; text-decoration: underline;' href='http:\/\/www.syscom.mx\/producto\/TG45AB-TOTAL-GROUND-75917.html'>TG45AB<\/a><\/td>\n<td style='padding: 8px;'>Electrodo de 45 Amp. Con un saco de compuesto mejorador de impedancia (H2OHM)&comma; br\u00fajula y nivel.<\/td>\n<\/tr>\n<tr>\n<td style='padding: 8px; text-align: center;'>1<\/td>\n<td style='padding: 8px;'><a style='color: inherit; text-decoration: underline;' href='http:\/\/www.syscom.mx\/producto\/S610-TOTAL-GROUND-75929.html'>S610<\/a><\/td>\n<td style='padding: 8px;'>Registro pl\u00e1stico chico.<\/td>\n<\/tr>\n<tr>\n<td style='padding: 8px; text-align: center;'>1<\/td>\n<td style='padding: 8px;'><a style='color: inherit; text-decoration: underline;' href='http:\/\/www.syscom.mx\/producto\/ANTIOX-TOTAL-GROUND-75931.html'>ANTIOX<\/a><\/td>\n<td style='padding: 8px;'>Aerosol para protecci\u00f3n de terminales.<\/td>\n<\/tr>\n<tr>\n<td style='padding: 8px; text-align: center;'>3<\/td>\n<td style='padding: 8px;'><a style='color: inherit; text-decoration: underline;' href='http:\/\/www.syscom.mx\/producto\/TGCR11-TOTAL-GROUND-76026.html'>TGCR11<\/a><\/td>\n<td style='padding: 8px;'>Conector de Ojo.<\/td>\n<\/tr>\n<tr>\n<td style='padding: 8px; text-align: center;'>2<\/td>\n<td style='padding: 8px;'><a style='color: inherit; text-decoration: underline;' href='http:\/\/www.syscom.mx\/producto\/TGAB18-TOTAL-GROUND-76028.html'>TGAB18<\/a><\/td>\n<td style='padding: 8px;'>Conector para Varilla.<\/td>\n<\/tr>\n<tr>\n<td style='padding: 8px; text-align: center;'>2<\/td>\n<td style='padding: 8px;'><a style='color: inherit; text-decoration: underline;' href='http:\/\/www.syscom.mx\/producto\/TGAC-TOTAL-GROUND-76016.html'>TGAC<\/a><\/td>\n<td style='padding: 8px;'>Aislador para torre.<\/td>\n<\/tr>\n<\/tbody>\n<\/table>\n<p style='margin-top: 15px;'>*La punta tipo dipolo ofrece un cono de protecci\u00f3n de 72\u00b0 debajo del serpent\u00edn. Se recomienda para zonas de baja incidencia de rayos.<\/p>\n<p style='margin-top: 15px;'>*Se recomienda cable de cobre calibre 2\/0 para realizar la integraci\u00f3n: <a style='color: inherit; text-decoration: underline;' href='https:\/\/www.syscom.mx\/producto\/SLY-346-BLK-INDIANA-176872.html'>SLY-346-BLK<\/a>. Considerando una instalaci\u00f3n del electrodo a m\u00e1ximo 3 metros de la torre se usan aprox. 8 metros.<\/p>\n<\/p><\/div>\n<\/p><\/div>\n<\/p><\/div>\n<p> <!-- Diagrama de conexi\u00f3n --> <\/p>\n<div style='margin-bottom: 30px;'>\n<p style='margin: 0;'>Ver diagrama de conexi\u00f3n de Tierra F\u00edsica + Pararrayo en el siguiente <a style='color: inherit; text-decoration: underline;' href='https:\/\/ftp3.syscom.mx\/usuarios\/ftp\/2019\/03\/27\/2ed55\/01REV02-DIPOLO%20CORONA%20Y%20EQUIPO%20EN%20TORRE.pdf'>DIAGRAMA<\/a>.<\/p>\n<\/p><\/div>\n<p> <!-- Recomendaciones --> <\/p>\n<div style='display: flex; flex-wrap: wrap; gap: 30px; margin-bottom: 30px;'>\n<div style='flex: 1 1 300px; min-width: 280px;'>\n<h3 style='font-size: 22px; border-bottom: 2px solid currentColor; padding-bottom: 5px; margin-top: 0; color: inherit; opacity: 0.8;'>Recomendaciones<\/h3>\n<ul style='padding-left: 20px; font-size: 15px; color: inherit;'>\n<li style='margin-bottom: 5px;'>Aseg\u00farese de que la instalaci\u00f3n sea realizada por un profesional capacitado.<\/li>\n<li style='margin-bottom: 5px;'>Programe un plan de mantenimiento para revisi\u00f3n de tensiones en retenidas y ajuste de torniller\u00eda.<\/li>\n<li style='margin-bottom: 5px;'>No instalar paneles solares a m\u00e1s de 6 metros de altura. Revisar la compatibilidad entre celdas solares y montajes.<\/li>\n<li style='margin-bottom: 5px;'>Debe de realizarse un estudio de esfuerzos cuando se coloque una carga exc\u00e9ntrica en torre. \u00c9sta puede causar torsi\u00f3n y flexi\u00f3n excesiva en torre causando fallas estructurales.<\/li>\n<li style='margin-bottom: 5px;'>La torre debe ser pintada en tono naranja-rojizo y blanco&comma; en 7 franjas de igual altura empezando y terminando en naranja-rojizo (SYSCOM no realiza el trabajo de pintura de la torre).<\/li>\n<li style='margin-bottom: 5px;'>Se recomienda iluminar la torre al menos en la punta con una l\u00e1mpara color rojo.<\/li>\n<\/ul><\/div>\n<\/p><\/div>\n<p> <!-- Diagrama representativo --> <\/p>\n<div style='margin-bottom: 30px;'>\n<h3 style='font-size: 22px; border-bottom: 2px solid currentColor; padding-bottom: 5px; margin-top: 0; color: inherit; opacity: 0.8;'>Diagrama Representativo: Instalaci\u00f3n de Retenida Versi\u00f3n 2.0<\/h3>\n<p> <img style='width: 100%; height: auto; border: 1px solid rgba(150&comma;150&comma;150&comma;0.3); border-radius: 8px;' src='https:\/\/ftp3.syscom.mx\/usuarios\/fotos\/KTZ30G030\/75810-recomendaci%C3%B3n_de_instalaci%C3%B3n_de_retenida_2.0.png' alt='Diagrama de Instalaci\u00f3n de Retenida Versi\u00f3n 2.0' \/> <\/div>\n<p> <!-- Im\u00e1genes de instalaci\u00f3n --> <\/p>\n<div style='margin-bottom: 30px;'>\n<h3 style='font-size: 22px; border-bottom: 2px solid currentColor; padding-bottom: 5px; margin-top: 0; color: inherit; opacity: 0.8;'>Im\u00e1genes de Instalaci\u00f3n<\/h3>\n<p> <img style='width: 100%; height: auto; border: 1px solid rgba(150&comma;150&comma;150&comma;0.3); border-radius: 8px;' src='http:\/\/ftp3.syscom.mx\/usuarios\/dcarreon\/TORRES\/ARRIOSTRADAS\/TORRES%20IMAGEN.png' alt='Im\u00e1genes de Instalaci\u00f3n' \/> <\/div>\n<p> <!-- Separador --> <\/p>\n<hr style='border: 0; border-top: 1px solid rgba(150&comma; 150&comma; 150&comma; 0.3); margin: 30px 0;'> <\/div>\n","protected":false},"excerpt":{"rendered":"<p>Kit de Torre Arriostrada de Piso de 9 m Altura con Tramo STZ30G Galvanizada en Caliente. (No incluye retenida).<\/p>\n","protected":false},"featured_media":67276,"comment_status":"open","ping_status":"closed","template":"","meta":[],"product_brand":[],"product_cat":[1693],"product_tag":[733,1694,246],"class_list":{"0":"post-67277","1":"product","2":"type-product","3":"status-publish","4":"has-post-thumbnail","6":"product_cat-torres-arriostradas-kits","7":"product_tag-syscom-towers","8":"product_tag-torres-arriostradas-kits","9":"product_tag-torres-y-mastiles","11":"first","12":"outofstock","13":"sale","14":"shipping-taxable","15":"purchasable","16":"product-type-simple"},"_links":{"self":[{"href":"https:\/\/soydeaqui.ddns.net\/pachuca\/index.php\/wp-json\/wp\/v2\/product\/67277","targetHints":{"allow":["GET"]}}],"collection":[{"href":"https:\/\/soydeaqui.ddns.net\/pachuca\/index.php\/wp-json\/wp\/v2\/product"}],"about":[{"href":"https:\/\/soydeaqui.ddns.net\/pachuca\/index.php\/wp-json\/wp\/v2\/types\/product"}],"replies":[{"embeddable":true,"href":"https:\/\/soydeaqui.ddns.net\/pachuca\/index.php\/wp-json\/wp\/v2\/comments?post=67277"}],"wp:featuredmedia":[{"embeddable":true,"href":"https:\/\/soydeaqui.ddns.net\/pachuca\/index.php\/wp-json\/wp\/v2\/media\/67276"}],"wp:attachment":[{"href":"https:\/\/soydeaqui.ddns.net\/pachuca\/index.php\/wp-json\/wp\/v2\/media?parent=67277"}],"wp:term":[{"taxonomy":"product_brand","embeddable":true,"href":"https:\/\/soydeaqui.ddns.net\/pachuca\/index.php\/wp-json\/wp\/v2\/product_brand?post=67277"},{"taxonomy":"product_cat","embeddable":true,"href":"https:\/\/soydeaqui.ddns.net\/pachuca\/index.php\/wp-json\/wp\/v2\/product_cat?post=67277"},{"taxonomy":"product_tag","embeddable":true,"href":"https:\/\/soydeaqui.ddns.net\/pachuca\/index.php\/wp-json\/wp\/v2\/product_tag?post=67277"}],"curies":[{"name":"wp","href":"https:\/\/api.w.org\/{rel}","templated":true}]}}