{"id":67227,"date":"2026-03-19T09:26:16","date_gmt":"2026-03-19T09:26:16","guid":{"rendered":"https:\/\/soydeaqui.ddns.net\/pachuca\/index.php\/producto\/antena-direccional-de-banda-ancha-de-alto-desempeno-698-960-mhz-1695-2700-mhz-conector-n-hembra-50-ohm-de-impedancia\/"},"modified":"2026-03-19T09:26:26","modified_gmt":"2026-03-19T09:26:26","slug":"antena-direccional-de-banda-ancha-de-alto-desempeno-698-960-mhz-1695-2700-mhz-conector-n-hembra-50-ohm-de-impedancia","status":"publish","type":"product","link":"https:\/\/soydeaqui.ddns.net\/pachuca\/index.php\/producto\/antena-direccional-de-banda-ancha-de-alto-desempeno-698-960-mhz-1695-2700-mhz-conector-n-hembra-50-ohm-de-impedancia\/","title":{"rendered":"Antena Direccional de Banda Ancha de Alto Desempe\u00f1o, 698-960 MHz \/ 1695-2700 MHz, conector N hembra. 50 Ohm de impedancia."},"content":{"rendered":"<div style='width: 100%; max-width: 1200px; margin: 0 auto; font-family: sans-serif; line-height: 1.6; color: inherit; background-color: transparent;'> <!-- Secci\u00f3n de descripci\u00f3n principal --> <\/p>\n<div style='margin-bottom: 30px;'>\n<h2 style='font-size: 24px; margin-top: 0; color: inherit; opacity: 0.9;'>Antena de Alta Ganancia. Amplio Rango de Frecuencias.<\/h2>\n<p style='margin-bottom: 15px; font-size: 15px; color: inherit;'>La antena direccional de banda ancha de 50 ohmios WilsonPro\/weBoost ofrece versatilidad&comma; confiabilidad y alto rendimiento cuando se usa con amplificadores de se\u00f1al de celular residencial WilsonPro&comma; weBoost o dispositivos celulares 4G\/LTE\/3G. Con su soporte de montaje inclinable y giratorio&comma; se monta f\u00e1cilmente en paredes exteriores o tuber\u00edas de ventilaci\u00f3n en el techo.<\/p>\n<p style='margin-bottom: 15px; font-size: 15px; color: inherit;'>La carcasa protectora de pl\u00e1stico anti-UV de la antena resiste la luz solar&comma; el agua y los escombros para brindar mayor protecci\u00f3n y confiabilidad en todas las condiciones clim\u00e1ticas. El montaje de perno en U de aluminio y los accesorios incluidos permiten una instalaci\u00f3n segura en una pared exterior&comma; poste de antena o poste de ventilaci\u00f3n en el techo. Hecho para usar con cable coaxial con conectores N-Macho. La antena incluye una garant\u00eda del fabricante de 2 a\u00f1os de WilsonPro\/weBoost.<\/p>\n<\/p><\/div>\n<p> <!-- Secci\u00f3n de especificaciones --> <\/p>\n<div style='display: flex; flex-wrap: wrap; gap: 20px; margin-bottom: 30px;'>\n<div style='flex: 1 1 250px; border: 1px solid rgba(150&comma; 150&comma; 150&comma; 0.4); border-radius: 8px; overflow: hidden; display: flex; flex-direction: column;'>\n<div style='padding: 15px; border-bottom: 1px solid rgba(150&comma; 150&comma; 150&comma; 0.2); font-weight: bold; font-size: 18px; color: inherit;'>Especificaciones Generales<\/div>\n<div style='padding: 15px; color: inherit;'>\n<ul style='padding-left: 20px; margin: 0; font-size: 14px; list-style-type: disc; color: inherit;'>\n<li style='margin-bottom: 5px; color: inherit;'><strong>Tipo:<\/strong> Direccional de Banda Ancha<\/li>\n<li style='margin-bottom: 5px; color: inherit;'><strong>Rango de Frecuencia:<\/strong> 698-960 \/ 1695-2700 MHz<\/li>\n<li style='margin-bottom: 5px; color: inherit;'><strong>Ganancia:<\/strong> 8.1 dBi \/ 10.6 dBi<\/li>\n<li style='margin-bottom: 5px; color: inherit;'><strong>Apertura (Horizontal \/ Vertical):<\/strong> 87\u00b0\/ 65\u00b0 \/ 71\u00b0\/ 55\u00b0<\/li>\n<li style='margin-bottom: 5px; color: inherit;'><strong>Impedancia:<\/strong> 50 Ohm<\/li>\n<li style='margin-bottom: 5px; color: inherit;'><strong>Potencia:<\/strong> 50 Watts<\/li>\n<li style='margin-bottom: 5px; color: inherit;'><strong>Conector:<\/strong> N Hembra<\/li>\n<li style='margin-bottom: 5px; color: inherit;'><strong>Dimensiones:<\/strong> 300 x 215 x 82 mm<\/li>\n<\/ul><\/div>\n<\/p><\/div>\n<\/p><\/div>\n<p> <!-- Separador --> <\/p>\n<hr style='border: 0; border-top: 1px solid rgba(150&comma; 150&comma; 150&comma; 0.3); margin: 30px 0;'> <\/div>\n","protected":false},"excerpt":{"rendered":"<p>Antena Direccional de Banda Ancha de Alto Desempe\u00f1o, 698-960 MHz \/ 1695-2700 MHz, conector N hembra. 50 Ohm de impedancia.<\/p>\n","protected":false},"featured_media":67226,"comment_status":"open","ping_status":"closed","template":"","meta":[],"product_brand":[],"product_cat":[1523],"product_tag":[1404,1524,1525],"class_list":{"0":"post-67227","1":"product","2":"type-product","3":"status-publish","4":"has-post-thumbnail","6":"product_cat-para-cobertura-celular","7":"product_tag-antenas","8":"product_tag-para-cobertura-celular","9":"product_tag-wilsonpro-weboost","11":"first","12":"instock","13":"sale","14":"shipping-taxable","15":"purchasable","16":"product-type-simple"},"_links":{"self":[{"href":"https:\/\/soydeaqui.ddns.net\/pachuca\/index.php\/wp-json\/wp\/v2\/product\/67227","targetHints":{"allow":["GET"]}}],"collection":[{"href":"https:\/\/soydeaqui.ddns.net\/pachuca\/index.php\/wp-json\/wp\/v2\/product"}],"about":[{"href":"https:\/\/soydeaqui.ddns.net\/pachuca\/index.php\/wp-json\/wp\/v2\/types\/product"}],"replies":[{"embeddable":true,"href":"https:\/\/soydeaqui.ddns.net\/pachuca\/index.php\/wp-json\/wp\/v2\/comments?post=67227"}],"wp:featuredmedia":[{"embeddable":true,"href":"https:\/\/soydeaqui.ddns.net\/pachuca\/index.php\/wp-json\/wp\/v2\/media\/67226"}],"wp:attachment":[{"href":"https:\/\/soydeaqui.ddns.net\/pachuca\/index.php\/wp-json\/wp\/v2\/media?parent=67227"}],"wp:term":[{"taxonomy":"product_brand","embeddable":true,"href":"https:\/\/soydeaqui.ddns.net\/pachuca\/index.php\/wp-json\/wp\/v2\/product_brand?post=67227"},{"taxonomy":"product_cat","embeddable":true,"href":"https:\/\/soydeaqui.ddns.net\/pachuca\/index.php\/wp-json\/wp\/v2\/product_cat?post=67227"},{"taxonomy":"product_tag","embeddable":true,"href":"https:\/\/soydeaqui.ddns.net\/pachuca\/index.php\/wp-json\/wp\/v2\/product_tag?post=67227"}],"curies":[{"name":"wp","href":"https:\/\/api.w.org\/{rel}","templated":true}]}}