{"id":67202,"date":"2026-03-19T09:25:10","date_gmt":"2026-03-19T09:25:10","guid":{"rendered":"https:\/\/soydeaqui.ddns.net\/pachuca\/index.php\/producto\/bateria-ni-mh-1000-mah-para-ic-f11-11s-ic-f21-21s\/"},"modified":"2026-03-19T09:25:11","modified_gmt":"2026-03-19T09:25:11","slug":"bateria-ni-mh-1000-mah-para-ic-f11-11s-ic-f21-21s","status":"publish","type":"product","link":"https:\/\/soydeaqui.ddns.net\/pachuca\/index.php\/producto\/bateria-ni-mh-1000-mah-para-ic-f11-11s-ic-f21-21s\/","title":{"rendered":"Bater\u00eda Ni-MH, 1000 mAh para IC-F11\/11S, IC-F21\/21S"},"content":{"rendered":"<div style='width: 100%; max-width: 1200px; margin: 0 auto; font-family: sans-serif; line-height: 1.6; color: inherit; background-color: transparent;'> <!-- Secci\u00f3n de caracter\u00edsticas --> <\/p>\n<div style='display: flex; flex-wrap: wrap; gap: 30px; margin-bottom: 30px;'>\n<div style='flex: 1 1 300px; min-width: 280px;'>\n<h3 style='font-size: 22px; border-bottom: 2px solid currentColor; padding-bottom: 5px; margin-top: 0; color: inherit; opacity: 0.8;'>Caracter\u00edsticas<\/h3>\n<ul style='padding-left: 20px; font-size: 15px; color: inherit;'>\n<li style='margin-bottom: 5px;'>Fabricadas con rigurosos controles de calidad<\/li>\n<li style='margin-bottom: 5px;'>Pista flexible interconstruida para mayor seguridad<\/li>\n<li style='margin-bottom: 5px;'>Celdas japonesas adheridas con ep\u00f3xido para evitar vibraciones<\/li>\n<li style='margin-bottom: 5px;'>Carcasas de ABS puro sin reciclaje&comma; selladas con soldadora s\u00f3nica<\/li>\n<li style='margin-bottom: 5px;'>Construcci\u00f3n resistente a ca\u00eddas y golpes<\/li>\n<li style='margin-bottom: 5px;'>Corto tiempo de entrega en equipo bajo pedido<\/li>\n<\/ul><\/div>\n<\/p><\/div>\n<p> <!-- Secci\u00f3n de especificaciones --> <\/p>\n<div style='display: flex; flex-wrap: wrap; gap: 20px; margin-bottom: 30px;'>\n<div style='flex: 1 1 250px; border: 1px solid rgba(150&comma; 150&comma; 150&comma; 0.4); border-radius: 8px; overflow: hidden; display: flex; flex-direction: column;'>\n<div style='padding: 15px; border-bottom: 1px solid rgba(150&comma; 150&comma; 150&comma; 0.2); font-weight: bold; font-size: 18px; color: inherit;'>Especificaciones<\/div>\n<div style='padding: 15px; color: inherit;'>\n<ul style='padding-left: 20px; margin: 0; font-size: 14px; list-style-type: disc;'>\n<li style='margin-bottom: 5px;'><strong>Voltaje:<\/strong> 7.2V<\/li>\n<li style='margin-bottom: 5px;'><strong>Capacidad:<\/strong> 1100 mAh<\/li>\n<li style='margin-bottom: 5px;'><strong>Qu\u00edmica:<\/strong> NiCd<\/li>\n<li style='margin-bottom: 5px;'><strong>Tipo de celda:<\/strong> Sanyo&comma; Panasonic o equivalente<\/li>\n<li style='margin-bottom: 5px;'><strong>Temperatura operaci\u00f3n:<\/strong> 0\u00b0 C a +50\u00b0 C<\/li>\n<\/ul><\/div>\n<\/p><\/div>\n<p> <!-- Secci\u00f3n de informaci\u00f3n adicional --> <\/p>\n<div style='flex: 1 1 250px; border: 1px solid rgba(150&comma; 150&comma; 150&comma; 0.4); border-radius: 8px; overflow: hidden; display: flex; flex-direction: column;'>\n<div style='padding: 15px; border-bottom: 1px solid rgba(150&comma; 150&comma; 150&comma; 0.2); font-weight: bold; font-size: 18px; color: inherit;'>Informaci\u00f3n Adicional<\/div>\n<div style='padding: 15px; color: inherit;'>\n<ul style='padding-left: 20px; margin: 0; font-size: 14px; list-style-type: disc;'>\n<li style='margin-bottom: 5px;'><strong>Ciclos de carga:<\/strong> 500<\/li>\n<li style='margin-bottom: 5px;'><strong>Tipo de carga:<\/strong> R\u00e1pida o lenta<\/li>\n<li style='margin-bottom: 5px;'><strong>Compatibilidad con acondicionador:<\/strong> S\u00ed<\/li>\n<li style='margin-bottom: 5px;'><strong>Protecci\u00f3n t\u00e9rmica:<\/strong> S\u00ed<\/li>\n<li style='margin-bottom: 5px;'><strong>Material de carcasa:<\/strong> ABS<\/li>\n<li style='margin-bottom: 5px;'><strong>Sellado de carcasa:<\/strong> Soldadura s\u00f3nica<\/li>\n<\/ul><\/div>\n<\/p><\/div>\n<p> <!-- Secci\u00f3n de informaci\u00f3n mec\u00e1nica --> <\/p>\n<div style='flex: 1 1 250px; border: 1px solid rgba(150&comma; 150&comma; 150&comma; 0.4); border-radius: 8px; overflow: hidden; display: flex; flex-direction: column;'>\n<div style='padding: 15px; border-bottom: 1px solid rgba(150&comma; 150&comma; 150&comma; 0.2); font-weight: bold; font-size: 18px; color: inherit;'>Informaci\u00f3n Mec\u00e1nica<\/div>\n<div style='padding: 15px; color: inherit;'>\n<ul style='padding-left: 20px; margin: 0; font-size: 14px; list-style-type: disc;'>\n<li style='margin-bottom: 5px;'><strong>Tipo de soldadura:<\/strong> Pesta\u00f1as de n\u00edquel puro con soldador por puntos<\/li>\n<li style='margin-bottom: 5px;'><strong>Clip incluido:<\/strong> Estilo atornillable<\/li>\n<\/ul><\/div>\n<\/p><\/div>\n<p> <!-- Secci\u00f3n de garant\u00eda --> <\/p>\n<div style='flex: 1 1 250px; border: 1px solid rgba(150&comma; 150&comma; 150&comma; 0.4); border-radius: 8px; overflow: hidden; display: flex; flex-direction: column;'>\n<div style='padding: 15px; border-bottom: 1px solid rgba(150&comma; 150&comma; 150&comma; 0.2); font-weight: bold; font-size: 18px; color: inherit;'>Garant\u00eda<\/div>\n<div style='padding: 15px; color: inherit;'>\n<ul style='padding-left: 20px; margin: 0; font-size: 14px; list-style-type: disc;'>\n<li style='margin-bottom: 5px;'><strong>Duraci\u00f3n:<\/strong> 12 meses<\/li>\n<\/ul><\/div>\n<\/p><\/div>\n<\/p><\/div>\n<p> <!-- Secci\u00f3n de compatibilidad --> <\/p>\n<div style='display: flex; flex-wrap: wrap; gap: 20px; margin-bottom: 30px;'>\n<div style='flex: 1 1 300px; border: 1px solid rgba(150&comma; 150&comma; 150&comma; 0.4); border-radius: 8px; overflow: hidden; display: flex; flex-direction: column;'>\n<div style='padding: 15px; border-bottom: 1px solid rgba(150&comma; 150&comma; 150&comma; 0.2); font-weight: bold; font-size: 18px; color: inherit;'>Compatibilidad<\/div>\n<div style='padding: 15px; color: inherit;'>\n<ul style='padding-left: 20px; margin: 0; font-size: 14px; list-style-type: disc;'>\n<li style='margin-bottom: 5px;'><strong>Radios compatibles:<\/strong> ICOM IC-A6&comma; IC-A24&comma; IC-F3GS&comma; IC-F3GT&comma; IC-F4GS&comma; ICF4GT&comma; IC-F11&comma; IC-F11S&comma; IC-F21&comma; IC-F21BR&comma; IC-F21GM&comma; IC-F21S&comma; IC-F30&comma; IC-F30GS&comma; IC-F30GT&comma; IC-F40&comma; IC-F40GS&comma; IC-F40GT&comma; IC-U82&comma; IC-V8&comma; IC-V82<\/li>\n<li style='margin-bottom: 5px;'><strong>Reemplaza bater\u00eda OEM:<\/strong> BP209N<\/li>\n<li style='margin-bottom: 5px;'><strong>Cargador compatible:<\/strong> Endura TWC1-IC1 \/ TWP-IC1<\/li>\n<\/ul><\/div>\n<\/p><\/div>\n<\/p><\/div>\n<p> <!-- Separador --> <\/p>\n<hr style='border: 0; border-top: 1px solid rgba(150&comma; 150&comma; 150&comma; 0.3); margin: 30px 0;'> <\/div>\n","protected":false},"excerpt":{"rendered":"<p>Bater\u00eda Ni-MH, 1000 mAh para IC-F11\/11S, IC-F21\/21S<\/p>\n","protected":false},"featured_media":67201,"comment_status":"open","ping_status":"closed","template":"","meta":[],"product_brand":[],"product_cat":[1609],"product_tag":[1517,143,1764],"class_list":{"0":"post-67202","1":"product","2":"type-product","3":"status-publish","4":"has-post-thumbnail","6":"product_cat-baterias-accesorios-para-icom","7":"product_tag-accesorios-para-icom","8":"product_tag-baterias","9":"product_tag-power-products","11":"first","12":"outofstock","13":"sale","14":"shipping-taxable","15":"purchasable","16":"product-type-simple"},"_links":{"self":[{"href":"https:\/\/soydeaqui.ddns.net\/pachuca\/index.php\/wp-json\/wp\/v2\/product\/67202","targetHints":{"allow":["GET"]}}],"collection":[{"href":"https:\/\/soydeaqui.ddns.net\/pachuca\/index.php\/wp-json\/wp\/v2\/product"}],"about":[{"href":"https:\/\/soydeaqui.ddns.net\/pachuca\/index.php\/wp-json\/wp\/v2\/types\/product"}],"replies":[{"embeddable":true,"href":"https:\/\/soydeaqui.ddns.net\/pachuca\/index.php\/wp-json\/wp\/v2\/comments?post=67202"}],"wp:featuredmedia":[{"embeddable":true,"href":"https:\/\/soydeaqui.ddns.net\/pachuca\/index.php\/wp-json\/wp\/v2\/media\/67201"}],"wp:attachment":[{"href":"https:\/\/soydeaqui.ddns.net\/pachuca\/index.php\/wp-json\/wp\/v2\/media?parent=67202"}],"wp:term":[{"taxonomy":"product_brand","embeddable":true,"href":"https:\/\/soydeaqui.ddns.net\/pachuca\/index.php\/wp-json\/wp\/v2\/product_brand?post=67202"},{"taxonomy":"product_cat","embeddable":true,"href":"https:\/\/soydeaqui.ddns.net\/pachuca\/index.php\/wp-json\/wp\/v2\/product_cat?post=67202"},{"taxonomy":"product_tag","embeddable":true,"href":"https:\/\/soydeaqui.ddns.net\/pachuca\/index.php\/wp-json\/wp\/v2\/product_tag?post=67202"}],"curies":[{"name":"wp","href":"https:\/\/api.w.org\/{rel}","templated":true}]}}