{"id":67099,"date":"2026-03-19T09:21:31","date_gmt":"2026-03-19T09:21:31","guid":{"rendered":"https:\/\/soydeaqui.ddns.net\/pachuca\/index.php\/producto\/torre-autosoportada-de-12-metros-linea-rsl-secciones-1-a-4\/"},"modified":"2026-03-19T09:21:33","modified_gmt":"2026-03-19T09:21:33","slug":"torre-autosoportada-de-12-metros-linea-rsl-secciones-1-a-4","status":"publish","type":"product","link":"https:\/\/soydeaqui.ddns.net\/pachuca\/index.php\/producto\/torre-autosoportada-de-12-metros-linea-rsl-secciones-1-a-4\/","title":{"rendered":"Torre Autosoportada de 12 metros Linea RSL. Secciones 1 a 4."},"content":{"rendered":"<div style='width: 100%; max-width: 1200px; margin: 0 auto; font-family: sans-serif; line-height: 1.6; color: inherit; background-color: transparent;'>\n<div style='display: flex; flex-wrap: wrap; gap: 30px; margin-bottom: 30px;'>\n<div style='flex: 1 1 300px; min-width: 280px;'>\n<h3 style='font-size: 22px; border-bottom: 2px solid currentColor; padding-bottom: 5px; margin-top: 0; color: inherit; opacity: 0.8;'>Aplicaciones<\/h3>\n<ul style='padding-left: 20px; font-size: 15px; color: inherit;'>\n<li style='margin-bottom: 5px;'>Sistemas de Telecomunicaciones<\/li>\n<li style='margin-bottom: 5px;'>Redes Inal\u00e1mbricas<\/li>\n<li style='margin-bottom: 5px;'>Videovigilancia<\/li>\n<li style='margin-bottom: 5px;'>Enlaces punto a punto<\/li>\n<li style='margin-bottom: 5px;'>Radiodifusi\u00f3n<\/li>\n<li style='margin-bottom: 5px;'>Seguridad p\u00fablica o privada<\/li>\n<\/ul><\/div>\n<div style='flex: 1 1 300px; min-width: 280px;'>\n<h3 style='font-size: 22px; border-bottom: 2px solid currentColor; padding-bottom: 5px; margin-top: 0; color: inherit; opacity: 0.8;'>Caracter\u00edsticas<\/h3>\n<ul style='padding-left: 20px; font-size: 15px; color: inherit;'>\n<li style='margin-bottom: 5px;'>Altura: 40 Pies (12.19 metros)<\/li>\n<li style='margin-bottom: 5px;'>Disponible en alturas de 6 a 30 m<\/li>\n<li style='margin-bottom: 5px;'>Galvanizado por inmersi\u00f3n en caliente (Hot Dip)<\/li>\n<li style='margin-bottom: 5px;'>Incluye secciones 1 a 4<\/li>\n<li style='margin-bottom: 5px;'>Dise\u00f1o \u00fanico en Piernas Tipo &#8216;U&#8217; para f\u00e1cil instalaci\u00f3n<\/li>\n<li style='margin-bottom: 5px;'>Disponible en modelos Est\u00e1ndar y Uso Rudo<\/li>\n<li style='margin-bottom: 5px;'>Orificios troquelados para fijaci\u00f3n de sistemas de seguridad<\/li>\n<li style='margin-bottom: 5px;'>Brazos de apoyo de tama\u00f1o uniforme con pernos est\u00e1ndar<\/li>\n<li style='margin-bottom: 5px;'>Diagramas de montaje incluidos con la torre<\/li>\n<li style='margin-bottom: 5px;'>\u00c1ngulo de cierre superior est\u00e1ndar con cada paquete<\/li>\n<\/ul><\/div>\n<\/p><\/div>\n<div style='display: flex; flex-wrap: wrap; gap: 20px; margin-bottom: 30px;'>\n<div style='flex: 1 1 250px; border: 1px solid rgba(150&comma; 150&comma; 150&comma; 0.4); border-radius: 8px; overflow: hidden; display: flex; flex-direction: column;'>\n<div style='padding: 15px; border-bottom: 1px solid rgba(150&comma; 150&comma; 150&comma; 0.2); font-weight: bold; font-size: 18px; color: inherit;'>Accesorios Requeridos<\/div>\n<div style='padding: 15px; color: inherit;'>\n<ul style='padding-left: 20px; margin: 0; font-size: 14px; list-style-type: disc;'>\n<li style='margin-bottom: 5px;'>Bases de cimentaci\u00f3n (1 x <a href='https:\/\/www.syscom.mx\/producto\/RSB-04-ROHN-74422.html' style='color: inherit; text-decoration: underline;' target='_blank'>RSB-04<\/a>)<\/li>\n<li style='margin-bottom: 5px;'>Kits de pernos para escalar (4 x <a href='https:\/\/www.syscom.mx\/principal\/searchcont?route=RSL-STEP-ROHN-66094&#038;autodetect=rslste' style='color: inherit; text-decoration: underline;' target='_blank'>RSL-STEP<\/a>)<\/li>\n<li style='margin-bottom: 5px;'>Sistemas de seguridad para ascender (1 x <a href='https:\/\/www.syscom.mx\/principal\/searchcont?route=TTRSL-50-ROHN-66905&#038;autodetect=ttrsl' style='color: inherit; text-decoration: underline;' target='_blank'>TTRSL-50<\/a>)<\/li>\n<li style='margin-bottom: 5px;'>Arn\u00e9s de escalada con corredera (1 x <a href='https:\/\/www.syscom.mx\/principal\/searchcont?route=TRY-ACC-SLIDER-Trylon-161793&#038;autodetect=tryac' style='color: inherit; text-decoration: underline;' target='_blank'>TRY-ACC-SLIDER<\/a>)<\/li>\n<li style='margin-bottom: 5px;'>Kits de puesta a tierra (1 x <a href='https:\/\/www.syscom.mx\/principal\/searchcont?route=RGKG-ROHN-66906&#038;autodetect=rgkg' style='color: inherit; text-decoration: underline;' target='_blank'>RGKG<\/a>)<\/li>\n<li style='margin-bottom: 5px;'>Pararrayos (1 x <a href='https:\/\/www.syscom.mx\/principal\/searchcont?route=LRCL-ROHN-37386&#038;autodetect=lrcl' style='color: inherit; text-decoration: underline;' target='_blank'>LRCL<\/a>)<\/li>\n<li style='margin-bottom: 5px;'>Placa superior (1 x <a href='https:\/\/www.syscom.mx\/principal\/searchcont?route=RTP-12-ROHN-66091&#038;autodetect=rsl' style='color: inherit; text-decoration: underline;' target='_blank'>RTP-12<\/a>)<\/li>\n<li style='margin-bottom: 5px;'>M\u00e1stil superior (1 x <a href='https:\/\/www.syscom.mx\/principal\/searchcont?route=RSL-TMA-ROHN-67010&#038;autodetect=rsltma' style='color: inherit; text-decoration: underline;' target='_blank'>RSL-TMA<\/a>)<\/li>\n<\/ul><\/div>\n<\/p><\/div>\n<div style='flex: 1 1 250px; border: 1px solid rgba(150&comma; 150&comma; 150&comma; 0.4); border-radius: 8px; overflow: hidden; display: flex; flex-direction: column;'>\n<div style='padding: 15px; border-bottom: 1px solid rgba(150&comma; 150&comma; 150&comma; 0.2); font-weight: bold; font-size: 18px; color: inherit;'>Notas de Instalaci\u00f3n<\/div>\n<div style='padding: 15px; color: inherit;'>\n<p style='margin: 0 0 10px 0;'>Las bases de cimentaci\u00f3n y todos los accesorios deben pedirse por separado.<\/p>\n<p style='margin: 0 0 10px 0;'>Las 3 patas de la torre de cada secci\u00f3n tienen disposici\u00f3n para instalar sistemas de seguridad y pernos de escalada.<\/p>\n<p style='margin: 0;'>Los kits de pernos deben ordenarse en juegos de 10 por cada secci\u00f3n de torre.<\/p>\n<\/p><\/div>\n<\/p><\/div>\n<\/p><\/div>\n<div style='display: flex; flex-wrap: wrap; gap: 20px; margin-bottom: 30px;'>\n<div style='flex: 1 1 100%; text-align: center;'> <img style='width: 100%; height: auto; border: 1px solid rgba(150&comma;150&comma;150&comma;0.3); border-radius: 8px;' src='http:\/\/ftp3.syscom.mx\/usuarios\/dcarreon\/TORRES\/ROHN\/ROHN_LLC_LOGO_JPG-423x166.jpg' alt='LOGO ROHN' \/> <\/div>\n<\/p><\/div>\n<\/p><\/div>\n","protected":false},"excerpt":{"rendered":"<p>Torre Autosoportada de 12 metros Linea RSL. Secciones 1 a 4.<\/p>\n","protected":false},"featured_media":63540,"comment_status":"open","ping_status":"closed","template":"","meta":[],"product_brand":[],"product_cat":[1713],"product_tag":[1899,1714,246],"class_list":{"0":"post-67099","1":"product","2":"type-product","3":"status-publish","4":"has-post-thumbnail","6":"product_cat-torres-autosoportadas","7":"product_tag-rohn","8":"product_tag-torres-autosoportadas","9":"product_tag-torres-y-mastiles","11":"first","12":"outofstock","13":"sale","14":"shipping-taxable","15":"purchasable","16":"product-type-simple"},"_links":{"self":[{"href":"https:\/\/soydeaqui.ddns.net\/pachuca\/index.php\/wp-json\/wp\/v2\/product\/67099","targetHints":{"allow":["GET"]}}],"collection":[{"href":"https:\/\/soydeaqui.ddns.net\/pachuca\/index.php\/wp-json\/wp\/v2\/product"}],"about":[{"href":"https:\/\/soydeaqui.ddns.net\/pachuca\/index.php\/wp-json\/wp\/v2\/types\/product"}],"replies":[{"embeddable":true,"href":"https:\/\/soydeaqui.ddns.net\/pachuca\/index.php\/wp-json\/wp\/v2\/comments?post=67099"}],"wp:featuredmedia":[{"embeddable":true,"href":"https:\/\/soydeaqui.ddns.net\/pachuca\/index.php\/wp-json\/wp\/v2\/media\/63540"}],"wp:attachment":[{"href":"https:\/\/soydeaqui.ddns.net\/pachuca\/index.php\/wp-json\/wp\/v2\/media?parent=67099"}],"wp:term":[{"taxonomy":"product_brand","embeddable":true,"href":"https:\/\/soydeaqui.ddns.net\/pachuca\/index.php\/wp-json\/wp\/v2\/product_brand?post=67099"},{"taxonomy":"product_cat","embeddable":true,"href":"https:\/\/soydeaqui.ddns.net\/pachuca\/index.php\/wp-json\/wp\/v2\/product_cat?post=67099"},{"taxonomy":"product_tag","embeddable":true,"href":"https:\/\/soydeaqui.ddns.net\/pachuca\/index.php\/wp-json\/wp\/v2\/product_tag?post=67099"}],"curies":[{"name":"wp","href":"https:\/\/api.w.org\/{rel}","templated":true}]}}