{"id":67095,"date":"2026-03-19T09:21:17","date_gmt":"2026-03-19T09:21:17","guid":{"rendered":"https:\/\/soydeaqui.ddns.net\/pachuca\/index.php\/producto\/torre-autosoportada-de-21-33-metros-secciones-3-9-linea-rsl\/"},"modified":"2026-03-19T09:21:19","modified_gmt":"2026-03-19T09:21:19","slug":"torre-autosoportada-de-21-33-metros-secciones-3-9-linea-rsl","status":"publish","type":"product","link":"https:\/\/soydeaqui.ddns.net\/pachuca\/index.php\/producto\/torre-autosoportada-de-21-33-metros-secciones-3-9-linea-rsl\/","title":{"rendered":"Torre Autosoportada de 21.33 metros (secciones 3-9) Linea RSL."},"content":{"rendered":"<div style='width: 100%; max-width: 1200px; margin: 0 auto; font-family: sans-serif; line-height: 1.6; color: inherit; background-color: transparent;'>\n<div style='text-align: center; padding: 20px 0;'> <img style='width: 250px; height: auto; max-width: 100%; border: 1px solid rgba(150&comma;150&comma;150&comma;0.3); border-radius: 8px;' src='http:\/\/ftp3.syscom.mx\/usuarios\/dcarreon\/TORRES\/ROHN\/ROHN_LLC_LOGO_JPG-423x166.jpg' alt='LOGO ROHN'> <\/div>\n<div style='display: flex; flex-wrap: wrap; gap: 30px; margin-bottom: 30px;'>\n<div style='flex: 1 1 300px; min-width: 280px;'>\n<h3 style='font-size: 22px; border-bottom: 2px solid currentColor; padding-bottom: 5px; margin-top: 0; color: inherit; opacity: 0.8;'>Aplicaciones<\/h3>\n<ul style='padding-left: 20px; font-size: 15px; color: inherit; list-style-type: disc;'>\n<li style='margin-bottom: 5px;'>Sistemas de Telecomunicaciones<\/li>\n<li style='margin-bottom: 5px;'>Redes Inal\u00e1mbricas<\/li>\n<li style='margin-bottom: 5px;'>Videovigilancia<\/li>\n<li style='margin-bottom: 5px;'>Enlaces punto a punto<\/li>\n<li style='margin-bottom: 5px;'>Radiodifusi\u00f3n<\/li>\n<li style='margin-bottom: 5px;'>Seguridad p\u00fablica o privada<\/li>\n<\/ul>\n<p style='margin-top: 20px; font-size: 15px; color: inherit;'>Tambi\u00e9n para mejorar la comunicaci\u00f3n al alcanzar objetivos librando obst\u00e1culos como edificios&comma; desniveles de suelo y copas de \u00e1rboles&comma; entre otras.<\/p>\n<\/p><\/div>\n<\/p><\/div>\n<div style='display: flex; flex-wrap: wrap; gap: 20px; margin-bottom: 30px;'>\n<div style='flex: 1 1 250px; border: 1px solid rgba(150&comma; 150&comma; 150&comma; 0.4); border-radius: 8px; overflow: hidden; display: flex; flex-direction: column;'>\n<div style='padding: 15px; border-bottom: 1px solid rgba(150&comma; 150&comma; 150&comma; 0.2); font-weight: bold; font-size: 18px; color: inherit;'>Caracter\u00edsticas<\/div>\n<div style='padding: 15px; color: inherit;'>\n<ul style='padding-left: 20px; margin: 0; font-size: 14px; list-style-type: disc;'>\n<li style='margin-bottom: 5px;'>Galvanizado por inmersi\u00f3n en caliente (Hot Dip)<\/li>\n<li style='margin-bottom: 5px;'>Altura: 70 Pies (21.33 metros)<\/li>\n<li style='margin-bottom: 5px;'>Secciones: 3&comma;4&comma;5&comma;6&comma;7&comma;8 Y 9<\/li>\n<li style='margin-bottom: 5px;'>Dise\u00f1o \u00fanico en Piernas Tipo &#8216;U&#8217; para f\u00e1cil instalaci\u00f3n<\/li>\n<li style='margin-bottom: 5px;'>Disponible en modelos Est\u00e1ndar y Uso Rudo<\/li>\n<li style='margin-bottom: 5px;'>Orificios troquelados para la fijaci\u00f3n de sistemas de seguridad de ascenso&comma; kits de montaje&comma; etc.<\/li>\n<li style='margin-bottom: 5px;'>Los brazos de apoyo de cada secci\u00f3n son del mismo tama\u00f1o&comma; mientras que los pernos son est\u00e1ndar<\/li>\n<li style='margin-bottom: 5px;'>Diagramas de montaje se incluyen con la torre<\/li>\n<li style='margin-bottom: 5px;'>\u00c1ngulo de cierre superior est\u00e1ndar con cada paquete de torre<\/li>\n<\/ul><\/div>\n<\/p><\/div>\n<div style='flex: 1 1 250px; border: 1px solid rgba(150&comma; 150&comma; 150&comma; 0.4); border-radius: 8px; overflow: hidden; display: flex; flex-direction: column;'>\n<div style='padding: 15px; border-bottom: 1px solid rgba(150&comma; 150&comma; 150&comma; 0.2); font-weight: bold; font-size: 18px; color: inherit;'>Accesorios B\u00e1sicos de Instalaci\u00f3n<\/div>\n<div style='padding: 15px; color: inherit;'>\n<ul style='padding-left: 20px; margin: 0; font-size: 14px; list-style-type: disc;'>\n<li style='margin-bottom: 5px;'>Base de torre <a href='http:\/\/www.syscom.mx\/producto\/RSB10-ROHN-66093.html' style='color: inherit; text-decoration: underline;'>RSB<\/a><a href='http:\/\/www.syscom.mx\/producto\/RSB09-ROHN-66902.html' style='color: inherit; text-decoration: underline;'>0<\/a><a href='http:\/\/www.syscom.mx\/producto\/RSB09-ROHN-66902.html' style='color: inherit; text-decoration: underline;'>9<\/a> (cotizar 1 pieza)<\/li>\n<li style='margin-bottom: 5px;'>Placa superior <a href='http:\/\/www.syscom.mx\/producto\/RTP12-ROHN-66091.html' style='color: inherit; text-decoration: underline;'>RTP3<\/a><a href='http:\/\/www.syscom.mx\/producto\/RTP34-ROHN-68171.html' style='color: inherit; text-decoration: underline;'>4<\/a> (cotizar 1 pieza)<\/li>\n<li style='margin-bottom: 5px;'>Pelda\u00f1os de ascenso <a href='http:\/\/www.syscom.mx\/producto\/RSLSTEP-ROHN-66094.html' style='color: inherit; text-decoration: underline;'>RSLSTEP<\/a> (cotizar 7 piezas)<\/li>\n<\/ul><\/div>\n<\/p><\/div>\n<div style='flex: 1 1 250px; border: 1px solid rgba(150&comma; 150&comma; 150&comma; 0.4); border-radius: 8px; overflow: hidden; display: flex; flex-direction: column;'>\n<div style='padding: 15px; border-bottom: 1px solid rgba(150&comma; 150&comma; 150&comma; 0.2); font-weight: bold; font-size: 18px; color: inherit;'>Accesorios Opcionales<\/div>\n<div style='padding: 15px; color: inherit;'>\n<ul style='padding-left: 20px; margin: 0; font-size: 14px; list-style-type: disc;'>\n<li style='margin-bottom: 5px;'>M\u00e1stil <a href='http:\/\/www.syscom.mx\/producto\/RSLTMA-ROHN-67010.html' style='color: inherit; text-decoration: underline;'>RSLTMA<\/a> (1 pieza por torre)<\/li>\n<li style='margin-bottom: 5px;'>L\u00ednea de Vida <a href='http:\/\/www.syscom.mx\/producto\/TTRSL100-ROHN-66095.html' style='color: inherit; text-decoration: underline;'>TTRSL100<\/a> (1 pieza por torre)<\/li>\n<li style='margin-bottom: 5px;'>Sistema de aterrizaje original ROHN <a href='http:\/\/www.syscom.mx\/producto\/RGKG-ROHN-66906.html' style='color: inherit; text-decoration: underline;'>RGKG<\/a> (1 pieza por torre)<\/li>\n<li style='margin-bottom: 5px;'>Sistema de pararrayo original ROHN <a href='http:\/\/www.syscom.mx\/producto\/LRCL-ROHN-37386.html' style='color: inherit; text-decoration: underline;'>LRCL<\/a> (1 pieza por torre)<\/li>\n<li style='margin-bottom: 5px;'>Kit de arn\u00e9s de Seguridad <a href='http:\/\/www.syscom.mx\/producto\/SKIT072-3M-72036.html' style='color: inherit; text-decoration: underline;'>SKIT072<\/a> (para instalador)<\/li>\n<li style='margin-bottom: 5px;'>Carro de seguridad anticaida <a href='http:\/\/www.syscom.mx\/principal\/verproductoazul\/ttwg500w-smc-rohn-21056.html' style='color: inherit; text-decoration: underline;'>TTWG500W\/SMC<\/a><\/li>\n<\/ul><\/div>\n<\/p><\/div>\n<\/p><\/div>\n<div style='margin-bottom: 30px;'>\n<div style='font-style: italic; font-size: 14px; color: inherit; background-color: rgba(150&comma; 150&comma; 150&comma; 0.1); padding: 15px; border-left: 4px solid rgba(150&comma; 150&comma; 150&comma; 0.3);'> Las bases de cimentaci\u00f3n y todos los accesorios deben pedirse por separado&comma; incluyendo kits de pernos para escalar&comma; sistemas de seguridad para ascender&comma; arn\u00e9s de escalada con corredera&comma; kits de puesta a tierra&comma; pararrayos&comma; placa superior&comma; m\u00e1stil superior&comma; kits de montaje&comma; soportes gu\u00eda de onda&comma; ensambles antiascenso&comma; etc. <\/div>\n<\/p><\/div>\n<div style='margin-bottom: 30px;'>\n<p style='font-size: 15px; color: inherit; margin: 0;'>Las 3 patas de la torre de cada secci\u00f3n tienen la disposici\u00f3n para instalarles sistemas de seguridad y pernos de escalada de ascenso&comma; debiendo ordenarse en juegos de 10 por cada secci\u00f3n de torre.<\/p>\n<\/p><\/div>\n<\/p><\/div>\n","protected":false},"excerpt":{"rendered":"<p>Torre Autosoportada de 21.33 metros (secciones 3-9) Linea RSL.<\/p>\n","protected":false},"featured_media":67094,"comment_status":"open","ping_status":"closed","template":"","meta":[],"product_brand":[],"product_cat":[1713],"product_tag":[1899,1714,246],"class_list":{"0":"post-67095","1":"product","2":"type-product","3":"status-publish","4":"has-post-thumbnail","6":"product_cat-torres-autosoportadas","7":"product_tag-rohn","8":"product_tag-torres-autosoportadas","9":"product_tag-torres-y-mastiles","11":"first","12":"outofstock","13":"sale","14":"shipping-taxable","15":"purchasable","16":"product-type-simple"},"_links":{"self":[{"href":"https:\/\/soydeaqui.ddns.net\/pachuca\/index.php\/wp-json\/wp\/v2\/product\/67095","targetHints":{"allow":["GET"]}}],"collection":[{"href":"https:\/\/soydeaqui.ddns.net\/pachuca\/index.php\/wp-json\/wp\/v2\/product"}],"about":[{"href":"https:\/\/soydeaqui.ddns.net\/pachuca\/index.php\/wp-json\/wp\/v2\/types\/product"}],"replies":[{"embeddable":true,"href":"https:\/\/soydeaqui.ddns.net\/pachuca\/index.php\/wp-json\/wp\/v2\/comments?post=67095"}],"wp:featuredmedia":[{"embeddable":true,"href":"https:\/\/soydeaqui.ddns.net\/pachuca\/index.php\/wp-json\/wp\/v2\/media\/67094"}],"wp:attachment":[{"href":"https:\/\/soydeaqui.ddns.net\/pachuca\/index.php\/wp-json\/wp\/v2\/media?parent=67095"}],"wp:term":[{"taxonomy":"product_brand","embeddable":true,"href":"https:\/\/soydeaqui.ddns.net\/pachuca\/index.php\/wp-json\/wp\/v2\/product_brand?post=67095"},{"taxonomy":"product_cat","embeddable":true,"href":"https:\/\/soydeaqui.ddns.net\/pachuca\/index.php\/wp-json\/wp\/v2\/product_cat?post=67095"},{"taxonomy":"product_tag","embeddable":true,"href":"https:\/\/soydeaqui.ddns.net\/pachuca\/index.php\/wp-json\/wp\/v2\/product_tag?post=67095"}],"curies":[{"name":"wp","href":"https:\/\/api.w.org\/{rel}","templated":true}]}}