{"id":67086,"date":"2026-03-19T09:21:00","date_gmt":"2026-03-19T09:21:00","guid":{"rendered":"https:\/\/soydeaqui.ddns.net\/pachuca\/index.php\/producto\/antena-marina-de-television-hdtv-para-embarcacion-movil-vhf-y-uhf\/"},"modified":"2026-03-19T09:21:01","modified_gmt":"2026-03-19T09:21:01","slug":"antena-marina-de-television-hdtv-para-embarcacion-movil-vhf-y-uhf","status":"publish","type":"product","link":"https:\/\/soydeaqui.ddns.net\/pachuca\/index.php\/producto\/antena-marina-de-television-hdtv-para-embarcacion-movil-vhf-y-uhf\/","title":{"rendered":"Antena Marina de televisi\u00f3n HDTV para Embarcaci\u00f3n \/ M\u00f3vil, VHF y UHF."},"content":{"rendered":"<div style='width: 100%; max-width: 1200px; margin: 0 auto; font-family: sans-serif; line-height: 1.6; color: inherit; background-color: transparent;'>\n<div style='margin-bottom: 30px;'>\n<h2 style='font-size: 24px; margin-top: 0; color: inherit; opacity: 0.9;'>Antena de televisi\u00f3n de alta definici\u00f3n 3019 SeaWatch\u00ae<\/h2>\n<p style='font-size: 14px; color: inherit; margin-top: 15px; margin-bottom: 15px;'>La serie de antenas de TV Shakespeare\u00ae SeaWatch\u00ae son soluciones de TV digital omnidireccional y inal\u00e1mbrica que brindan l\u00edneas elegantes y una cobertura de alto rendimiento de 360\u00b0 a su embarcaci\u00f3n o veh\u00edculo recreativo. Dise\u00f1adas para aceptar montajes roscados comunes de 1 &#8216;-14&comma; las antenas son muy adecuadas para adaptarse a pr\u00e1cticamente cualquier aplicaci\u00f3n.<\/p>\n<\/p><\/div>\n<div style='margin-bottom: 30px;'>\n<h3 style='font-size: 20px; border-bottom: 2px solid currentColor; padding-bottom: 5px; margin-top: 0; color: inherit; opacity: 0.8;'>Caracter\u00edsticas<\/h3>\n<ul style='padding-left: 20px; font-size: 14px; color: inherit; margin-top: 15px; margin-bottom: 15px;'>\n<li style='margin-bottom: 8px;'>No se requiere ensamblaje<\/li>\n<li style='margin-bottom: 8px;'>Amplificador de bajo ruido<\/li>\n<li style='margin-bottom: 8px;'>Omnidireccional<\/li>\n<li style='margin-bottom: 8px;'>Recibe todas las se\u00f1ales de transmisi\u00f3n HD locales<\/li>\n<li style='margin-bottom: 8px;'>Adaptador de corriente alterna y continua<\/li>\n<\/ul><\/div>\n<div style='margin-bottom: 30px;'>\n<h3 style='font-size: 20px; border-bottom: 2px solid currentColor; padding-bottom: 5px; margin-top: 0; color: inherit; opacity: 0.8;'>Especificaciones<\/h3>\n<div style='display: flex; flex-wrap: wrap; gap: 20px; margin-top: 15px;'>\n<div style='flex: 1 1 250px; border: 1px solid rgba(150&comma; 150&comma; 150&comma; 0.4); border-radius: 8px; overflow: hidden; display: flex; flex-direction: column;'>\n<div style='padding: 15px; border-bottom: 1px solid rgba(150&comma; 150&comma; 150&comma; 0.2); font-weight: bold; font-size: 16px; color: inherit;'>Caracter\u00edsticas el\u00e9ctricas<\/div>\n<div style='padding: 15px; color: inherit;'>\n<ul style='padding-left: 20px; margin: 0; font-size: 14px; list-style-type: disc;'>\n<li style='margin-bottom: 8px;'><strong>Rango de frecuencia:<\/strong> VHF: 47-230MHz; UHF: 470-695MHz<\/li>\n<li style='margin-bottom: 8px;'><strong>Rango de recepci\u00f3n:<\/strong> FM \/ VHF \/ UHF<\/li>\n<li style='margin-bottom: 8px;'><strong>Ganancia:<\/strong> 30dB<\/li>\n<li style='margin-bottom: 8px;'><strong>Figura de ruido:<\/strong> 3dB<\/li>\n<li style='margin-bottom: 8px;'><strong>Nivel m\u00e1ximo de salida:<\/strong> 110dB\u03bcV<\/li>\n<\/ul><\/div>\n<\/p><\/div>\n<div style='flex: 1 1 250px; border: 1px solid rgba(150&comma; 150&comma; 150&comma; 0.4); border-radius: 8px; overflow: hidden; display: flex; flex-direction: column;'>\n<div style='padding: 15px; border-bottom: 1px solid rgba(150&comma; 150&comma; 150&comma; 0.2); font-weight: bold; font-size: 16px; color: inherit;'>Especificaciones f\u00edsicas<\/div>\n<div style='padding: 15px; color: inherit;'>\n<ul style='padding-left: 20px; margin: 0; font-size: 14px; list-style-type: disc;'>\n<li style='margin-bottom: 8px;'><strong>Impedancia:<\/strong> 75\u03a9<\/li>\n<li style='margin-bottom: 8px;'><strong>Conector:<\/strong> Conectores F<\/li>\n<li style='margin-bottom: 8px;'><strong>Fuente de alimentaci\u00f3n:<\/strong> DC 12V&comma; AC 110V<\/li>\n<li style='margin-bottom: 8px;'><strong>Dimensiones:<\/strong> 19 &#8216;x 3&#8217;<\/li>\n<\/ul><\/div>\n<\/p><\/div>\n<\/p><\/div>\n<\/p><\/div>\n<hr style='border: 0; border-top: 1px solid rgba(150&comma; 150&comma; 150&comma; 0.3); margin: 30px 0;'> <\/div>\n","protected":false},"excerpt":{"rendered":"<p>Antena Marina de televisi\u00f3n HDTV para Embarcaci\u00f3n \/ M\u00f3vil, VHF y UHF.<\/p>\n","protected":false},"featured_media":67085,"comment_status":"open","ping_status":"closed","template":"","meta":[],"product_brand":[],"product_cat":[1642],"product_tag":[1404,1576,1643],"class_list":{"0":"post-67086","1":"product","2":"type-product","3":"status-publish","4":"has-post-thumbnail","6":"product_cat-television","7":"product_tag-antenas","8":"product_tag-shakespeare","9":"product_tag-television","11":"first","12":"instock","13":"sale","14":"shipping-taxable","15":"purchasable","16":"product-type-simple"},"_links":{"self":[{"href":"https:\/\/soydeaqui.ddns.net\/pachuca\/index.php\/wp-json\/wp\/v2\/product\/67086","targetHints":{"allow":["GET"]}}],"collection":[{"href":"https:\/\/soydeaqui.ddns.net\/pachuca\/index.php\/wp-json\/wp\/v2\/product"}],"about":[{"href":"https:\/\/soydeaqui.ddns.net\/pachuca\/index.php\/wp-json\/wp\/v2\/types\/product"}],"replies":[{"embeddable":true,"href":"https:\/\/soydeaqui.ddns.net\/pachuca\/index.php\/wp-json\/wp\/v2\/comments?post=67086"}],"wp:featuredmedia":[{"embeddable":true,"href":"https:\/\/soydeaqui.ddns.net\/pachuca\/index.php\/wp-json\/wp\/v2\/media\/67085"}],"wp:attachment":[{"href":"https:\/\/soydeaqui.ddns.net\/pachuca\/index.php\/wp-json\/wp\/v2\/media?parent=67086"}],"wp:term":[{"taxonomy":"product_brand","embeddable":true,"href":"https:\/\/soydeaqui.ddns.net\/pachuca\/index.php\/wp-json\/wp\/v2\/product_brand?post=67086"},{"taxonomy":"product_cat","embeddable":true,"href":"https:\/\/soydeaqui.ddns.net\/pachuca\/index.php\/wp-json\/wp\/v2\/product_cat?post=67086"},{"taxonomy":"product_tag","embeddable":true,"href":"https:\/\/soydeaqui.ddns.net\/pachuca\/index.php\/wp-json\/wp\/v2\/product_tag?post=67086"}],"curies":[{"name":"wp","href":"https:\/\/api.w.org\/{rel}","templated":true}]}}