{"id":66990,"date":"2026-03-19T09:17:29","date_gmt":"2026-03-19T09:17:29","guid":{"rendered":"https:\/\/soydeaqui.ddns.net\/pachuca\/index.php\/producto\/adaptador-de-bateria-para-analizador-c7x00-c-series-para-baterias-knb31-33-43l-47l-48l-50nc-radios-kenwood-nx410-411-tk2180-3180-5210-5310-g\/"},"modified":"2026-03-19T09:17:31","modified_gmt":"2026-03-19T09:17:31","slug":"adaptador-de-bateria-para-analizador-c7x00-c-series-para-baterias-knb31-33-43l-47l-48l-50nc-radios-kenwood-nx410-411-tk2180-3180-5210-5310-g","status":"publish","type":"product","link":"https:\/\/soydeaqui.ddns.net\/pachuca\/index.php\/producto\/adaptador-de-bateria-para-analizador-c7x00-c-series-para-baterias-knb31-33-43l-47l-48l-50nc-radios-kenwood-nx410-411-tk2180-3180-5210-5310-g\/","title":{"rendered":"Adaptador de bater\u00eda para ANALIZADOR C7X00-C SERIES para bater\u00edas KNB31\/33\/43L\/47L\/48L\/50NC radios Kenwood NX410\/411, TK2180\/3180\/5210\/5310\/G"},"content":{"rendered":"<div style='width: 100%; max-width: 1200px; margin: 0 auto; font-family: sans-serif; line-height: 1.6; color: inherit; background-color: transparent;'>\n<div style='display: flex; flex-wrap: wrap; gap: 30px; margin-bottom: 30px;'>\n<div style='flex: 1 1 300px; min-width: 280px;'>\n<h3 style='font-size: 22px; border-bottom: 2px solid currentColor; padding-bottom: 5px; margin-top: 0; color: inherit; opacity: 0.8;'>Descripci\u00f3n<\/h3>\n<ul style='padding-left: 20px; font-size: 15px; color: inherit;'>\n<li style='margin-bottom: 5px;'>Adaptador de bater\u00eda para ANALIZADOR C7X00-C SERIES<\/li>\n<li style='margin-bottom: 5px;'>Compatibilidad: KNB31\/33\/43L\/47L\/48L\/50NC<\/li>\n<li style='margin-bottom: 5px;'>Radios compatibles: NX410\/411&comma; TK2180\/3180\/5210\/5310\/G<\/li>\n<\/ul><\/div>\n<\/p><\/div>\n<div style='display: flex; flex-wrap: wrap; gap: 20px; margin-bottom: 30px;'>\n<div style='flex: 1 1 250px; border: 1px solid rgba(150&comma; 150&comma; 150&comma; 0.4); border-radius: 8px; overflow: hidden; display: flex; flex-direction: column;'>\n<div style='padding: 15px; border-bottom: 1px solid rgba(150&comma; 150&comma; 150&comma; 0.2); font-weight: bold; font-size: 18px; color: inherit;'>Compatibilidad<\/div>\n<div style='padding: 15px; color: inherit;'>\n<ul style='padding-left: 20px; margin: 0; font-size: 14px; list-style-type: disc;'>\n<li style='margin-bottom: 5px;'>El\u00e9ctricamente compatible con versiones anteriores y posteriores de todos Analizadores Cadex<\/li>\n<\/ul><\/div>\n<\/p><\/div>\n<div style='flex: 1 1 250px; border: 1px solid rgba(150&comma; 150&comma; 150&comma; 0.4); border-radius: 8px; overflow: hidden; display: flex; flex-direction: column;'>\n<div style='padding: 15px; border-bottom: 1px solid rgba(150&comma; 150&comma; 150&comma; 0.2); font-weight: bold; font-size: 18px; color: inherit;'>Mec\u00e1nica<\/div>\n<div style='padding: 15px; color: inherit;'>\n<ul style='padding-left: 20px; margin: 0; font-size: 14px; list-style-type: disc;'>\n<li style='margin-bottom: 5px;'>Dise\u00f1o SnapLock<sup>TM<\/sup>&comma; intercambiable con adaptadores de bater\u00eda personalizados<\/li>\n<li style='margin-bottom: 5px;'>Contactos RigidArm: chapados en oro&comma; clasificados en 3A<\/li>\n<li style='margin-bottom: 5px;'>Contactos FlexArm: chapados en oro&comma; clasificados en 3A<\/li>\n<li style='margin-bottom: 5px;'>SmartCable: dos caimanes&comma; rojo y negro&comma; conectados por tapones de banana; calificado en 3A<\/li>\n<li style='margin-bottom: 5px;'>SmartConnect con FlexStrip: microconector para ciertas bater\u00edas de iPhone\/Samsung&comma; clasificadas en 3A<\/li>\n<li style='margin-bottom: 5px;'>* Campo reemplazable<\/li>\n<\/ul><\/div>\n<\/p><\/div>\n<div style='flex: 1 1 250px; border: 1px solid rgba(150&comma; 150&comma; 150&comma; 0.4); border-radius: 8px; overflow: hidden; display: flex; flex-direction: column;'>\n<div style='padding: 15px; border-bottom: 1px solid rgba(150&comma; 150&comma; 150&comma; 0.2); font-weight: bold; font-size: 18px; color: inherit;'>El\u00e9ctrica<\/div>\n<div style='padding: 15px; color: inherit;'>\n<ul style='padding-left: 20px; margin: 0; font-size: 14px; list-style-type: disc;'>\n<li style='margin-bottom: 5px;'>16kb de memoria no vol\u00e1til<\/li>\n<li style='margin-bottom: 5px;'>Configuraciones de bater\u00eda (C-Code) se ingresan a trav\u00e9s del analizador<\/li>\n<li style='margin-bottom: 5px;'>Par\u00e1metros de la bater\u00eda se almacenan en el adaptador<\/li>\n<li style='margin-bottom: 5px;'>Cada adaptador de bater\u00eda \u00fanico de Cadex tiene 10 C-C\u00f3digos \u00fanicos<\/li>\n<\/ul><\/div>\n<\/p><\/div>\n<div style='flex: 1 1 250px; border: 1px solid rgba(150&comma; 150&comma; 150&comma; 0.4); border-radius: 8px; overflow: hidden; display: flex; flex-direction: column;'>\n<div style='padding: 15px; border-bottom: 1px solid rgba(150&comma; 150&comma; 150&comma; 0.2); font-weight: bold; font-size: 18px; color: inherit;'>Tipos de Qu\u00edmica de bater\u00eda<\/div>\n<div style='padding: 15px; color: inherit;'>\n<ul style='padding-left: 20px; margin: 0; font-size: 14px; list-style-type: disc;'>\n<li style='margin-bottom: 5px;'>Litio ion \/ pol\u00edmero (Li-ion\/ Li-Po)<\/li>\n<li style='margin-bottom: 5px;'>N\u00edquel Metal Hidruro (NiMH)<\/li>\n<li style='margin-bottom: 5px;'>N\u00edquel Cadmio (NiCd)<\/li>\n<li style='margin-bottom: 5px;'>\u00c1cido de plomo (SLA)<\/li>\n<\/ul><\/div>\n<\/p><\/div>\n<div style='flex: 1 1 250px; border: 1px solid rgba(150&comma; 150&comma; 150&comma; 0.4); border-radius: 8px; overflow: hidden; display: flex; flex-direction: column;'>\n<div style='padding: 15px; border-bottom: 1px solid rgba(150&comma; 150&comma; 150&comma; 0.2); font-weight: bold; font-size: 18px; color: inherit;'>Garant\u00eda<\/div>\n<div style='padding: 15px; color: inherit;'>\n<ul style='padding-left: 20px; margin: 0; font-size: 14px; list-style-type: disc;'>\n<li style='margin-bottom: 5px;'>Contra materiales defectuosos y mano de obra<\/li>\n<li style='margin-bottom: 5px;'>Defectos de fabricaci\u00f3n<\/li>\n<li style='margin-bottom: 5px;'>V\u00e1lida desde la fecha de compra<\/li>\n<li style='margin-bottom: 5px;'>Aplica cuando se compra con un analizador Cadex serie C-7X00-C<\/li>\n<\/ul><\/div>\n<\/p><\/div>\n<\/p><\/div>\n<hr style='border: 0; border-top: 1px solid rgba(150&comma; 150&comma; 150&comma; 0.3); margin: 30px 0;'> <\/div>\n","protected":false},"excerpt":{"rendered":"<p>Adaptador de bater\u00eda para ANALIZADOR C7X00-C SERIES para bater\u00edas KNB31\/33\/43L\/47L\/48L\/50NC radios Kenwood NX410\/411, TK2180\/3180\/5210\/5310\/G<\/p>\n","protected":false},"featured_media":32,"comment_status":"open","ping_status":"closed","template":"","meta":[],"product_brand":[],"product_cat":[1676],"product_tag":[1678,1677,931],"class_list":{"0":"post-66990","1":"product","2":"type-product","3":"status-publish","4":"has-post-thumbnail","6":"product_cat-cups-para-analizadores-de-baterias","7":"product_tag-cadex-electronics-inc","8":"product_tag-cups-para-analizadores-de-baterias","9":"product_tag-equipo-de-laboratorio","11":"first","12":"outofstock","13":"sale","14":"shipping-taxable","15":"purchasable","16":"product-type-simple"},"_links":{"self":[{"href":"https:\/\/soydeaqui.ddns.net\/pachuca\/index.php\/wp-json\/wp\/v2\/product\/66990","targetHints":{"allow":["GET"]}}],"collection":[{"href":"https:\/\/soydeaqui.ddns.net\/pachuca\/index.php\/wp-json\/wp\/v2\/product"}],"about":[{"href":"https:\/\/soydeaqui.ddns.net\/pachuca\/index.php\/wp-json\/wp\/v2\/types\/product"}],"replies":[{"embeddable":true,"href":"https:\/\/soydeaqui.ddns.net\/pachuca\/index.php\/wp-json\/wp\/v2\/comments?post=66990"}],"wp:featuredmedia":[{"embeddable":true,"href":"https:\/\/soydeaqui.ddns.net\/pachuca\/index.php\/wp-json\/wp\/v2\/media\/32"}],"wp:attachment":[{"href":"https:\/\/soydeaqui.ddns.net\/pachuca\/index.php\/wp-json\/wp\/v2\/media?parent=66990"}],"wp:term":[{"taxonomy":"product_brand","embeddable":true,"href":"https:\/\/soydeaqui.ddns.net\/pachuca\/index.php\/wp-json\/wp\/v2\/product_brand?post=66990"},{"taxonomy":"product_cat","embeddable":true,"href":"https:\/\/soydeaqui.ddns.net\/pachuca\/index.php\/wp-json\/wp\/v2\/product_cat?post=66990"},{"taxonomy":"product_tag","embeddable":true,"href":"https:\/\/soydeaqui.ddns.net\/pachuca\/index.php\/wp-json\/wp\/v2\/product_tag?post=66990"}],"curies":[{"name":"wp","href":"https:\/\/api.w.org\/{rel}","templated":true}]}}