{"id":6698,"date":"2026-03-18T06:46:21","date_gmt":"2026-03-18T06:46:21","guid":{"rendered":"https:\/\/soydeaqui.ddns.net\/pachuca\/index.php\/producto\/xct-apagador-con-sensor-de-presencia-para-espacios-pequenos-depositos-armario-vestidores-alacena-cocina-lavanderia-etc-2\/"},"modified":"2026-03-18T06:46:22","modified_gmt":"2026-03-18T06:46:22","slug":"xct-apagador-con-sensor-de-presencia-para-espacios-pequenos-depositos-armario-vestidores-alacena-cocina-lavanderia-etc-2","status":"publish","type":"product","link":"https:\/\/soydeaqui.ddns.net\/pachuca\/index.php\/producto\/xct-apagador-con-sensor-de-presencia-para-espacios-pequenos-depositos-armario-vestidores-alacena-cocina-lavanderia-etc-2\/","title":{"rendered":"(XCT) Apagador con sensor de presencia, para espacios peque\u00f1os dep\u00f3sitos, armario, vestidores, alacena, cocina, lavander\u00eda, etc."},"content":{"rendered":"<div style='width: 100%; max-width: 1200px; margin: 0 auto; font-family: sans-serif; line-height: 1.6; color: inherit; background-color: transparent;'> <!-- Secci\u00f3n de descripci\u00f3n --> <\/p>\n<div style='margin-bottom: 30px;'>\n<p style='margin: 0 0 15px;'><strong>Los atenuadores LED C.L.<\/strong> para focos ahorradores atenuables y LED ahorrar energia y crean ambiente.<\/p>\n<p style='margin: 0 0 15px;'>Los atenuadores C.L controlan multiples tipos de focos.<\/p>\n<\/p><\/div>\n<p> <!-- Secci\u00f3n de listas --> <\/p>\n<div style='display: flex; flex-wrap: wrap; gap: 30px; margin-bottom: 30px;'>\n<div style='flex: 1 1 300px; min-width: 280px;'>\n<h3 style='font-size: 22px; border-bottom: 2px solid currentColor; padding-bottom: 5px; margin-top: 0; color: inherit; opacity: 0.8;'>Tipos de focos compatibles<\/h3>\n<ul style='padding-left: 20px; font-size: 15px; color: inherit;'>\n<li style='margin-bottom: 5px;'>LED atenuables<\/li>\n<li style='margin-bottom: 5px;'>CFL &#8211; focos ahorradors atenuables<\/li>\n<li style='margin-bottom: 5px;'>Incandescente \/ hal\u00f3genos<\/li>\n<\/ul><\/div>\n<div style='flex: 1 1 300px; min-width: 280px;'>\n<h3 style='font-size: 22px; border-bottom: 2px solid currentColor; padding-bottom: 5px; margin-top: 0; color: inherit; opacity: 0.8;'>Tecnolog\u00eda de detecci\u00f3n<\/h3>\n<p style='margin: 0 0 15px; font-size: 15px; color: inherit;'>La tecnolog\u00eda XCT de Lutron detectan mejor que otros sensores con infrarojo pasivo (PIR)&comma; movimientos finos como el hojear un libro&comma; es el gran avance en la tecnolog\u00eda de detecci\u00f3n asegura<\/p>\n<\/p><\/div>\n<\/p><\/div>\n<p> <!-- Secci\u00f3n de especificaciones --> <\/p>\n<div style='display: flex; flex-wrap: wrap; gap: 20px; margin-bottom: 30px;'>\n<div style='flex: 1 1 250px; border: 1px solid rgba(150&comma; 150&comma; 150&comma; 0.4); border-radius: 8px; overflow: hidden; display: flex; flex-direction: column;'>\n<div style='padding: 15px; border-bottom: 1px solid rgba(150&comma; 150&comma; 150&comma; 0.2); font-weight: bold; font-size: 18px; color: inherit;'>Caracter\u00edsticas principales<\/div>\n<div style='padding: 15px; color: inherit;'>\n<ul style='padding-left: 20px; margin: 0; font-size: 14px; list-style-type: disc;'>\n<li style='margin-bottom: 5px;'><strong>Tipo de aplicaciones:<\/strong> Recomendable&comma; espacio peque\u00f1o (depositos&comma; armario&comma; vestidores&comma; alacena)&comma; cocina&comma; lavanderia.<\/li>\n<li style='margin-bottom: 5px;'><strong>Tecnologia:<\/strong> XCT PIR.<\/li>\n<li style='margin-bottom: 5px;'><strong>Cobertura m2:<\/strong> 83 mts maximo&comma; 37 mts menor.<\/li>\n<li style='margin-bottom: 5px;'><strong>Desactivacion:<\/strong> 1&comma;5&comma;15&comma; \u00f3 30 minutos.<\/li>\n<li style='margin-bottom: 5px;'><strong>Voltaje:<\/strong> 120V<\/li>\n<li style='margin-bottom: 5px;'><strong>Amperaje\/Volyaje:<\/strong> 2A iluminacion<\/li>\n<li style='margin-bottom: 5px;'><strong>Aplicacion 3 vias:<\/strong> unipolar.<\/li>\n<li style='margin-bottom: 5px;'><strong>Deteccion de luz ambiental:<\/strong> Inteligente.<\/li>\n<li style='margin-bottom: 5px;'><strong>Cumple con requerimientos de energia:<\/strong> Apagado automatico.<\/li>\n<li style='margin-bottom: 5px;'><strong>No incluye la tapa de pared:<\/strong> Considerar el siguiente modelo CW-1-WH.<\/li>\n<\/ul><\/div>\n<\/p><\/div>\n<\/p><\/div>\n<p> <!-- Video de YouTube --> <\/p>\n<div style='margin-bottom: 30px;'>\n<div style='position: relative; padding-bottom: 56.25%; height: 0; overflow: hidden; margin-bottom: 30px;'>   <\/div>\n<\/p><\/div>\n<p> <!-- Imagen del producto --> <\/p>\n<div style='margin-bottom: 30px;'> <img style='width: 100%; height: auto; border: 1px solid rgba(150&comma;150&comma;150&comma;0.3); border-radius: 8px;' src='https:\/\/images-na.ssl-images-amazon.com\/images\/G\/01\/aplusautomation\/vendorimages\/397c5dca-0d34-4427-b75c-597d2b5d6670.jpg._CB293281407_.jpg' alt=''> <\/div>\n<p> <!-- Separador final --> <\/p>\n<hr style='border: 0; border-top: 1px solid rgba(150&comma; 150&comma; 150&comma; 0.3); margin: 30px 0;'> <\/div>\n","protected":false},"excerpt":{"rendered":"<p>(XCT) Apagador con sensor de presencia, para espacios peque\u00f1os dep\u00f3sitos, armario, vestidores, alacena, cocina, lavander\u00eda, etc.<\/p>\n","protected":false},"featured_media":6697,"comment_status":"open","ping_status":"closed","template":"","meta":[],"product_brand":[],"product_cat":[34],"product_tag":[30,35,36],"class_list":{"0":"post-6698","1":"product","2":"type-product","3":"status-publish","4":"has-post-thumbnail","6":"product_cat-lutron","7":"product_tag-automatizacion-casa-inteligente","8":"product_tag-lutron","9":"product_tag-lutron-electronics","11":"first","12":"instock","13":"sale","14":"shipping-taxable","15":"purchasable","16":"product-type-simple"},"_links":{"self":[{"href":"https:\/\/soydeaqui.ddns.net\/pachuca\/index.php\/wp-json\/wp\/v2\/product\/6698","targetHints":{"allow":["GET"]}}],"collection":[{"href":"https:\/\/soydeaqui.ddns.net\/pachuca\/index.php\/wp-json\/wp\/v2\/product"}],"about":[{"href":"https:\/\/soydeaqui.ddns.net\/pachuca\/index.php\/wp-json\/wp\/v2\/types\/product"}],"replies":[{"embeddable":true,"href":"https:\/\/soydeaqui.ddns.net\/pachuca\/index.php\/wp-json\/wp\/v2\/comments?post=6698"}],"wp:featuredmedia":[{"embeddable":true,"href":"https:\/\/soydeaqui.ddns.net\/pachuca\/index.php\/wp-json\/wp\/v2\/media\/6697"}],"wp:attachment":[{"href":"https:\/\/soydeaqui.ddns.net\/pachuca\/index.php\/wp-json\/wp\/v2\/media?parent=6698"}],"wp:term":[{"taxonomy":"product_brand","embeddable":true,"href":"https:\/\/soydeaqui.ddns.net\/pachuca\/index.php\/wp-json\/wp\/v2\/product_brand?post=6698"},{"taxonomy":"product_cat","embeddable":true,"href":"https:\/\/soydeaqui.ddns.net\/pachuca\/index.php\/wp-json\/wp\/v2\/product_cat?post=6698"},{"taxonomy":"product_tag","embeddable":true,"href":"https:\/\/soydeaqui.ddns.net\/pachuca\/index.php\/wp-json\/wp\/v2\/product_tag?post=6698"}],"curies":[{"name":"wp","href":"https:\/\/api.w.org\/{rel}","templated":true}]}}