{"id":66968,"date":"2026-03-19T09:16:44","date_gmt":"2026-03-19T09:16:44","guid":{"rendered":"https:\/\/soydeaqui.ddns.net\/pachuca\/index.php\/producto\/kit-esponja-y-anillo-para-microfono-de-brazo-flexible-para-diademas-5-piezas\/"},"modified":"2026-03-19T09:16:45","modified_gmt":"2026-03-19T09:16:45","slug":"kit-esponja-y-anillo-para-microfono-de-brazo-flexible-para-diademas-5-piezas","status":"publish","type":"product","link":"https:\/\/soydeaqui.ddns.net\/pachuca\/index.php\/producto\/kit-esponja-y-anillo-para-microfono-de-brazo-flexible-para-diademas-5-piezas\/","title":{"rendered":"Kit esponja y anillo para micr\u00f3fono de brazo flexible para diademas (5 piezas)"},"content":{"rendered":"<div style='width: 100%; max-width: 1200px; margin: 0 auto; font-family: sans-serif; line-height: 1.6; color: inherit; background-color: transparent;'>\n<h2 style='font-size: 24px; margin-top: 0; color: inherit; opacity: 0.9;'>Kit esponja y anillo para micr\u00f3fono de brazo flexible para diademas (5 piezas)<\/h2>\n<p> <!-- Secci\u00f3n de caracter\u00edsticas principales --> <\/p>\n<div style='display: flex; flex-wrap: wrap; gap: 30px; margin-bottom: 30px;'>\n<div style='flex: 1 1 300px; min-width: 280px;'>\n<h3 style='font-size: 22px; border-bottom: 2px solid currentColor; padding-bottom: 5px; margin-top: 0; color: inherit; opacity: 0.8;'>Caracter\u00edsticas<\/h3>\n<ul style='padding-left: 20px; font-size: 15px; color: inherit;'>\n<li style='margin-bottom: 5px;'>Dise\u00f1ado para ambientes con ruido extremo<\/li>\n<li style='margin-bottom: 5px;'>Aislamiento ac\u00fastico con NRR de 24 dB<\/li>\n<li style='margin-bottom: 5px;'>Micr\u00f3fono con cancelaci\u00f3n de ruido<\/li>\n<li style='margin-bottom: 5px;'>Sistema de suspensi\u00f3n ajustable<\/li>\n<li style='margin-bottom: 5px;'>Conector de cable recto con PTT<\/li>\n<\/ul><\/div>\n<div style='flex: 1 1 300px; min-width: 280px;'>\n<h3 style='font-size: 22px; border-bottom: 2px solid currentColor; padding-bottom: 5px; margin-top: 0; color: inherit; opacity: 0.8;'>Aplicaciones<\/h3>\n<ul style='padding-left: 20px; font-size: 15px; color: inherit;'>\n<li style='margin-bottom: 5px;'>Industria pesada<\/li>\n<li style='margin-bottom: 5px;'>Construcci\u00f3n<\/li>\n<li style='margin-bottom: 5px;'>Miner\u00eda<\/li>\n<li style='margin-bottom: 5px;'>Mantenimiento industrial<\/li>\n<li style='margin-bottom: 5px;'>Ambientes con maquinaria ruidosa<\/li>\n<\/ul><\/div>\n<\/p><\/div>\n<p> <!-- Secci\u00f3n de especificaciones t\u00e9cnicas --> <\/p>\n<div style='display: flex; flex-wrap: wrap; gap: 20px; margin-bottom: 30px;'>\n<div style='flex: 1 1 250px; border: 1px solid rgba(150&comma; 150&comma; 150&comma; 0.4); border-radius: 8px; overflow: hidden; display: flex; flex-direction: column;'>\n<div style='padding: 15px; border-bottom: 1px solid rgba(150&comma; 150&comma; 150&comma; 0.2); font-weight: bold; font-size: 18px; color: inherit;'>Especificaciones T\u00e9cnicas<\/div>\n<div style='padding: 15px; color: inherit;'>\n<ul style='padding-left: 20px; margin: 0; font-size: 14px; list-style-type: disc; color: inherit;'>\n<li style='margin-bottom: 5px;'><strong>NRR:<\/strong> 24 dB<\/li>\n<li style='margin-bottom: 5px;'><strong>Sensibilidad del micr\u00f3fono:<\/strong> -37.5 dBV t\u00edpico a 94 dB SPL<\/li>\n<li style='margin-bottom: 5px;'><strong>Rango de temperatura de operaci\u00f3n:<\/strong> -30\u00b0 C a +75\u00b0 C<\/li>\n<li style='margin-bottom: 5px;'><strong>Rango de temperatura de almacenamiento:<\/strong> -40\u00b0 C a +85\u00b0 C<\/li>\n<li style='margin-bottom: 5px;'><strong>Resistencia a tensi\u00f3n del cable:<\/strong> 40 lbs<\/li>\n<\/ul><\/div>\n<\/p><\/div>\n<div style='flex: 1 1 250px; border: 1px solid rgba(150&comma; 150&comma; 150&comma; 0.4); border-radius: 8px; overflow: hidden; display: flex; flex-direction: column;'>\n<div style='padding: 15px; border-bottom: 1px solid rgba(150&comma; 150&comma; 150&comma; 0.2); font-weight: bold; font-size: 18px; color: inherit;'>Caracter\u00edsticas Adicionales<\/div>\n<div style='padding: 15px; color: inherit;'>\n<ul style='padding-left: 20px; margin: 0; font-size: 14px; list-style-type: disc; color: inherit;'>\n<li style='margin-bottom: 5px;'>Cumple con est\u00e1ndar MIL-STD-810G<\/li>\n<li style='margin-bottom: 5px;'>3 a\u00f1os de garant\u00eda<\/li>\n<li style='margin-bottom: 5px;'>Dise\u00f1ado&comma; fabricado e ingenierizado en EE.UU.<\/li>\n<li style='margin-bottom: 5px;'>Opci\u00f3n certificada IS\/ATEX disponible<\/li>\n<li style='margin-bottom: 5px;'>Cubiertas de tela para mayor comodidad<\/li>\n<\/ul><\/div>\n<\/p><\/div>\n<\/p><\/div>\n<p> <!-- Separador --> <\/p>\n<hr style='border: 0; border-top: 1px solid rgba(150&comma; 150&comma; 150&comma; 0.3); margin: 30px 0;'> <!-- Secci\u00f3n de dise\u00f1o y ergonom\u00eda --> <\/p>\n<div style='display: flex; flex-wrap: wrap; gap: 30px; margin-bottom: 30px;'>\n<div style='flex: 1 1 300px; min-width: 280px;'>\n<h3 style='font-size: 22px; border-bottom: 2px solid currentColor; padding-bottom: 5px; margin-top: 0; color: inherit; opacity: 0.8;'>Dise\u00f1o y Ergonom\u00eda<\/h3>\n<ul style='padding-left: 20px; font-size: 15px; color: inherit;'>\n<li style='margin-bottom: 5px;'>Dise\u00f1o sobre la oreja con sistema de suspensi\u00f3n acolchado<\/li>\n<li style='margin-bottom: 5px;'>Sistema de suspensi\u00f3n con correa para uso bajo cascos<\/li>\n<li style='margin-bottom: 5px;'>Espumas de repuesto f\u00e1ciles de reemplazar<\/li>\n<li style='margin-bottom: 5px;'>Cable recto con PTT configurable<\/li>\n<li style='margin-bottom: 5px;'>Dise\u00f1o ergon\u00f3mico para uso prolongado<\/li>\n<\/ul><\/div>\n<div style='flex: 1 1 300px; min-width: 280px;'>\n<h3 style='font-size: 22px; border-bottom: 2px solid currentColor; padding-bottom: 5px; margin-top: 0; color: inherit; opacity: 0.8;'>Opciones de Configuraci\u00f3n<\/h3>\n<ul style='padding-left: 20px; font-size: 15px; color: inherit;'>\n<li style='margin-bottom: 5px;'>Modelo sobre la cabeza<\/li>\n<li style='margin-bottom: 5px;'>Modelo detr\u00e1s de la cabeza<\/li>\n<li style='margin-bottom: 5px;'>Opci\u00f3n con cartucho de cancelaci\u00f3n de ruido extremo<\/li>\n<li style='margin-bottom: 5px;'>Conector adaptable a m\u00faltiples modelos de radio<\/li>\n<\/ul><\/div>\n<\/p><\/div>\n<\/p><\/div>\n","protected":false},"excerpt":{"rendered":"<p>Kit esponja y anillo para micr\u00f3fono de brazo flexible para diademas (5 piezas)<\/p>\n","protected":false},"featured_media":32,"comment_status":"open","ping_status":"closed","template":"","meta":[],"product_brand":[],"product_cat":[1336],"product_tag":[417,1337,1585],"class_list":{"0":"post-66968","1":"product","2":"type-product","3":"status-publish","4":"has-post-thumbnail","6":"product_cat-accesorios-generales-accesorios-para-otras-marcas","7":"product_tag-accesorios-generales","8":"product_tag-accesorios-para-otras-marcas","9":"product_tag-otto","11":"first","12":"outofstock","13":"sale","14":"shipping-taxable","15":"purchasable","16":"product-type-simple"},"_links":{"self":[{"href":"https:\/\/soydeaqui.ddns.net\/pachuca\/index.php\/wp-json\/wp\/v2\/product\/66968","targetHints":{"allow":["GET"]}}],"collection":[{"href":"https:\/\/soydeaqui.ddns.net\/pachuca\/index.php\/wp-json\/wp\/v2\/product"}],"about":[{"href":"https:\/\/soydeaqui.ddns.net\/pachuca\/index.php\/wp-json\/wp\/v2\/types\/product"}],"replies":[{"embeddable":true,"href":"https:\/\/soydeaqui.ddns.net\/pachuca\/index.php\/wp-json\/wp\/v2\/comments?post=66968"}],"wp:featuredmedia":[{"embeddable":true,"href":"https:\/\/soydeaqui.ddns.net\/pachuca\/index.php\/wp-json\/wp\/v2\/media\/32"}],"wp:attachment":[{"href":"https:\/\/soydeaqui.ddns.net\/pachuca\/index.php\/wp-json\/wp\/v2\/media?parent=66968"}],"wp:term":[{"taxonomy":"product_brand","embeddable":true,"href":"https:\/\/soydeaqui.ddns.net\/pachuca\/index.php\/wp-json\/wp\/v2\/product_brand?post=66968"},{"taxonomy":"product_cat","embeddable":true,"href":"https:\/\/soydeaqui.ddns.net\/pachuca\/index.php\/wp-json\/wp\/v2\/product_cat?post=66968"},{"taxonomy":"product_tag","embeddable":true,"href":"https:\/\/soydeaqui.ddns.net\/pachuca\/index.php\/wp-json\/wp\/v2\/product_tag?post=66968"}],"curies":[{"name":"wp","href":"https:\/\/api.w.org\/{rel}","templated":true}]}}