{"id":66965,"date":"2026-03-19T09:16:37","date_gmt":"2026-03-19T09:16:37","guid":{"rendered":"https:\/\/soydeaqui.ddns.net\/pachuca\/index.php\/producto\/pro-mic-bocina-otto-500-resist-al-fuego-ip68-p-efjhonson-viking-vp400-600-900\/"},"modified":"2026-03-19T09:16:39","modified_gmt":"2026-03-19T09:16:39","slug":"pro-mic-bocina-otto-500-resist-al-fuego-ip68-p-efjhonson-viking-vp400-600-900","status":"publish","type":"product","link":"https:\/\/soydeaqui.ddns.net\/pachuca\/index.php\/producto\/pro-mic-bocina-otto-500-resist-al-fuego-ip68-p-efjhonson-viking-vp400-600-900\/","title":{"rendered":"PRO MIC-BOCINA OTTO 500, RESIST AL FUEGO, IP68, P\/EFJHONSON VIKING\/VP400\/600\/900"},"content":{"rendered":"<div style='width: 100%; max-width: 1200px; margin: 0 auto; font-family: sans-serif; line-height: 1.6; color: inherit; background-color: transparent;'>\n<div style='display: flex; flex-wrap: wrap; gap: 30px; margin-bottom: 30px;'>\n<div style='flex: 1 1 300px; min-width: 280px;'>\n<h3 style='font-size: 22px; border-bottom: 2px solid currentColor; padding-bottom: 5px; margin-top: 0; color: inherit; opacity: 0.8;'>Descripci\u00f3n<\/h3>\n<p style='font-size: 15px; color: inherit; margin-bottom: 15px;'>Compatible con radios KENWOOD NX-200\/300\/410\/5000&comma; TK-480\/2180\/3180<\/p>\n<p> <img style='width: 100%; height: auto; border: 1px solid rgba(150&comma;150&comma;150&comma;0.3); border-radius: 8px; margin-bottom: 15px;' src='http:\/\/ftp3.syscom.mx\/usuarios\/fotos\/E2RE2KB5111\/87816-otto.png' alt=''> <\/p>\n<p style='font-size: 15px; color: inherit; margin-bottom: 15px;'>Ideal para cuerpo de bomberos&comma; minas y otras aplicaciones donde hay presencia de agua&comma; polvo&comma; part\u00edculas de metal y otros residuos o part\u00edculas.<\/p>\n<p style='font-size: 15px; color: inherit; margin-bottom: 15px;'>Se le pueden conectar accesorios adicionales (opcional) para uso de cascos&comma; mascaras&comma; respiradores y trajes de protecci\u00f3n.<\/p>\n<p style='font-size: 15px; color: inherit; margin-bottom: 15px;'>Alta resistencia a temperaturas extremas.<\/p>\n<p style='font-size: 15px; color: inherit; margin-bottom: 15px;'>Doble parrilla que permite inmersi\u00f3n y alta presi\u00f3n de agua.<\/p>\n<p style='font-size: 15px; color: inherit; margin-bottom: 15px;'>Cumple con est\u00e1ndar sumergible IP68; probado a 1 metro de profundidad durante 31 minutos.<\/p>\n<p style='font-size: 15px; color: inherit; margin-bottom: 15px;'>Dise\u00f1o de alta durabilidad cumpliendo con MIL-STD-810<\/p>\n<p style='font-size: 15px; color: inherit; margin-bottom: 15px;'>Clip trasero de 360\u00b0 que se detiene cada 45\u00b0 dependiendo de la necesidad del usuario.<\/p>\n<p style='font-size: 15px; color: inherit; margin-bottom: 15px;'>Bot\u00f3n de p\u00e1nico y conector de antena opcionales en la parte superior.<\/p>\n<p style='font-size: 15px; color: inherit; margin-bottom: 15px;'>Filtro de residuos opcional.<\/p>\n<p style='font-size: 15px; color: inherit; margin-bottom: 15px;'>Bot\u00f3n de p\u00e1nico con ranura especial evitando una activaci\u00f3n no solicitada<\/p>\n<p style='font-size: 15px; color: inherit; margin-bottom: 15px;'>Bot\u00f3n de PTT rudo y 55% m\u00e1s amplio para el uso de guantes y otro equipo de protecci\u00f3n<\/p>\n<p style='font-size: 15px; color: inherit; margin-bottom: 15px;'>Parrilla frontal removible para limpieza de residuos<\/p>\n<p style='font-size: 15px; color: inherit; margin-bottom: 15px;'>Cable de uso rudo con protector para aplicaciones altamente demandantes<\/p>\n<p style='font-size: 15px; color: inherit; margin-bottom: 15px;'>Cancelaci\u00f3n de ruido para ambientes hostiles<\/p>\n<p style='font-size: 15px; color: inherit; margin-bottom: 15px;'>Micr\u00f3fono retardante al fuego con gran funcionalidad bajo temperaturas extremas<\/p>\n<p style='font-size: 15px; color: inherit; margin-bottom: 15px;'>Bocina siempre activa aunque se le conecte un accesorio de audio<\/p>\n<p style='font-size: 15px; color: inherit; margin-bottom: 15px;'>Adaptador especial de 6 pines resistente al agua (watertight) para accesorios de audio.<\/p>\n<p style='font-size: 15px; color: inherit; margin-bottom: 15px;'>Cable retardante al fuego<\/p>\n<p> <img style='width: 100%; height: auto; border: 1px solid rgba(150&comma;150&comma;150&comma;0.3); border-radius: 8px; margin-bottom: 15px;' src='http:\/\/ftp3.syscom.mx\/usuarios\/fotos\/E2E2MG511\/67631-captura2.png' alt=''> <img style='width: 100%; height: auto; border: 1px solid rgba(150&comma;150&comma;150&comma;0.3); border-radius: 8px; margin-bottom: 15px;' src='http:\/\/ftp3.syscom.mx\/usuarios\/fotos\/V2G2KB211\/72589-captura1.jpg' alt=''> <\/div>\n<\/p><\/div>\n<\/p><\/div>\n","protected":false},"excerpt":{"rendered":"<p>PRO MIC-BOCINA OTTO 500, RESIST AL FUEGO, IP68, P\/EFJHONSON VIKING\/VP400\/600\/900<\/p>\n","protected":false},"featured_media":66964,"comment_status":"open","ping_status":"closed","template":"","meta":[],"product_brand":[],"product_cat":[1947],"product_tag":[1337,1568,1585],"class_list":{"0":"post-66965","1":"product","2":"type-product","3":"status-publish","4":"has-post-thumbnail","6":"product_cat-microfono-bocina-accesorios-para-otras-marcas","7":"product_tag-accesorios-para-otras-marcas","8":"product_tag-microfono-bocina","9":"product_tag-otto","11":"first","12":"outofstock","13":"sale","14":"shipping-taxable","15":"purchasable","16":"product-type-simple"},"_links":{"self":[{"href":"https:\/\/soydeaqui.ddns.net\/pachuca\/index.php\/wp-json\/wp\/v2\/product\/66965","targetHints":{"allow":["GET"]}}],"collection":[{"href":"https:\/\/soydeaqui.ddns.net\/pachuca\/index.php\/wp-json\/wp\/v2\/product"}],"about":[{"href":"https:\/\/soydeaqui.ddns.net\/pachuca\/index.php\/wp-json\/wp\/v2\/types\/product"}],"replies":[{"embeddable":true,"href":"https:\/\/soydeaqui.ddns.net\/pachuca\/index.php\/wp-json\/wp\/v2\/comments?post=66965"}],"wp:featuredmedia":[{"embeddable":true,"href":"https:\/\/soydeaqui.ddns.net\/pachuca\/index.php\/wp-json\/wp\/v2\/media\/66964"}],"wp:attachment":[{"href":"https:\/\/soydeaqui.ddns.net\/pachuca\/index.php\/wp-json\/wp\/v2\/media?parent=66965"}],"wp:term":[{"taxonomy":"product_brand","embeddable":true,"href":"https:\/\/soydeaqui.ddns.net\/pachuca\/index.php\/wp-json\/wp\/v2\/product_brand?post=66965"},{"taxonomy":"product_cat","embeddable":true,"href":"https:\/\/soydeaqui.ddns.net\/pachuca\/index.php\/wp-json\/wp\/v2\/product_cat?post=66965"},{"taxonomy":"product_tag","embeddable":true,"href":"https:\/\/soydeaqui.ddns.net\/pachuca\/index.php\/wp-json\/wp\/v2\/product_tag?post=66965"}],"curies":[{"name":"wp","href":"https:\/\/api.w.org\/{rel}","templated":true}]}}