{"id":66957,"date":"2026-03-19T09:16:22","date_gmt":"2026-03-19T09:16:22","guid":{"rendered":"https:\/\/soydeaqui.ddns.net\/pachuca\/index.php\/producto\/pro-mic-bocina-otto-500-resist-fuego-ip68-p-mot-apx4000-mtp850-dp4400\/"},"modified":"2026-03-19T09:16:23","modified_gmt":"2026-03-19T09:16:23","slug":"pro-mic-bocina-otto-500-resist-fuego-ip68-p-mot-apx4000-mtp850-dp4400","status":"publish","type":"product","link":"https:\/\/soydeaqui.ddns.net\/pachuca\/index.php\/producto\/pro-mic-bocina-otto-500-resist-fuego-ip68-p-mot-apx4000-mtp850-dp4400\/","title":{"rendered":"PRO MIC-BOCINA OTTO 500, RESIST FUEGO, IP68, P\/MOT APX4000\/MTP850\/DP4400"},"content":{"rendered":"<div style='width: 100%; max-width: 1200px; margin: 0 auto; font-family: sans-serif; line-height: 1.6; color: inherit; background-color: transparent;'>\n<div style='display: flex; flex-wrap: wrap; gap: 30px; margin-bottom: 30px;'>\n<div style='flex: 1 1 300px; min-width: 280px;'>\n<h3 style='font-size: 22px; border-bottom: 2px solid currentColor; padding-bottom: 5px; margin-top: 0; color: inherit; opacity: 0.8;'>Caracter\u00edsticas principales<\/h3>\n<ul style='padding-left: 20px; font-size: 15px; color: inherit;'>\n<li style='margin-bottom: 5px;'>Compatible con radios KENWOOD NX-200\/300\/410&comma; TK-480\/180\/3180<\/li>\n<li style='margin-bottom: 5px;'>Incluye cable retr\u00e1ctil&comma; bot\u00f3n de p\u00e1nico y adaptador watertight<\/li>\n<\/ul><\/div>\n<\/p><\/div>\n<div style='display: flex; flex-wrap: wrap; gap: 20px; margin-bottom: 30px;'>\n<div style='flex: 1 1 250px; border: 1px solid rgba(150&comma; 150&comma; 150&comma; 0.4); border-radius: 8px; overflow: hidden; display: flex; flex-direction: column;'>\n<div style='padding: 15px; border-bottom: 1px solid rgba(150&comma; 150&comma; 150&comma; 0.2); font-weight: bold; font-size: 18px; color: inherit;'>Aplicaciones<\/div>\n<div style='padding: 15px; color: inherit;'>\n<ul style='padding-left: 20px; margin: 0; font-size: 14px; list-style-type: disc;'>\n<li style='margin-bottom: 5px;'>Ideal para cuerpo de bomberos&comma; minas y otras aplicaciones donde hay presencia de agua<\/li>\n<li style='margin-bottom: 5px;'>Polvo&comma; part\u00edculas de metal y otros residuos o part\u00edculas<\/li>\n<li style='margin-bottom: 5px;'>Se le pueden conectar accesorios adicionales (opcional) para uso de cascos&comma; mascaras&comma; respiradores y trajes de protecci\u00f3n<\/li>\n<\/ul><\/div>\n<\/p><\/div>\n<div style='flex: 1 1 250px; border: 1px solid rgba(150&comma; 150&comma; 150&comma; 0.4); border-radius: 8px; overflow: hidden; display: flex; flex-direction: column;'>\n<div style='padding: 15px; border-bottom: 1px solid rgba(150&comma; 150&comma; 150&comma; 0.2); font-weight: bold; font-size: 18px; color: inherit;'>Especificaciones<\/div>\n<div style='padding: 15px; color: inherit;'>\n<ul style='padding-left: 20px; margin: 0; font-size: 14px; list-style-type: disc;'>\n<li style='margin-bottom: 5px;'>Alta resistencia a temperaturas extremas<\/li>\n<li style='margin-bottom: 5px;'>Doble parrilla que permite inmersi\u00f3n y alta presi\u00f3n de agua<\/li>\n<li style='margin-bottom: 5px;'>Cumple con est\u00e1ndar sumergible IP68; probado a 1 metro de profundidad durante 31 minutos<\/li>\n<li style='margin-bottom: 5px;'>Dise\u00f1o de alta durabilidad cumpliendo con MIL-STD-810<\/li>\n<li style='margin-bottom: 5px;'>Clip trasero de 360\u00b0 que se detiene cada 45\u00b0 dependiendo de la necesidad del usuario<\/li>\n<\/ul><\/div>\n<\/p><\/div>\n<div style='flex: 1 1 250px; border: 1px solid rgba(150&comma; 150&comma; 150&comma; 0.4); border-radius: 8px; overflow: hidden; display: flex; flex-direction: column;'>\n<div style='padding: 15px; border-bottom: 1px solid rgba(150&comma; 150&comma; 150&comma; 0.2); font-weight: bold; font-size: 18px; color: inherit;'>Caracter\u00edsticas adicionales<\/div>\n<div style='padding: 15px; color: inherit;'>\n<ul style='padding-left: 20px; margin: 0; font-size: 14px; list-style-type: disc;'>\n<li style='margin-bottom: 5px;'>Bot\u00f3n de p\u00e1nico y conector de antena opcionales en la parte superior<\/li>\n<li style='margin-bottom: 5px;'>Filtro de residuos opcional<\/li>\n<li style='margin-bottom: 5px;'>Bot\u00f3n de p\u00e1nico con ranura especial evitando una activaci\u00f3n no solicitada<\/li>\n<li style='margin-bottom: 5px;'>Bot\u00f3n de PTT rudo y 55% m\u00e1s amplio para el uso de guantes y otro equipo de protecci\u00f3n<\/li>\n<li style='margin-bottom: 5px;'>Parrilla frontal removible para limpieza de residuos<\/li>\n<\/ul><\/div>\n<\/p><\/div>\n<div style='flex: 1 1 250px; border: 1px solid rgba(150&comma; 150&comma; 150&comma; 0.4); border-radius: 8px; overflow: hidden; display: flex; flex-direction: column;'>\n<div style='padding: 15px; border-bottom: 1px solid rgba(150&comma; 150&comma; 150&comma; 0.2); font-weight: bold; font-size: 18px; color: inherit;'>Caracter\u00edsticas de audio<\/div>\n<div style='padding: 15px; color: inherit;'>\n<ul style='padding-left: 20px; margin: 0; font-size: 14px; list-style-type: disc;'>\n<li style='margin-bottom: 5px;'>Cable de uso rudo con protector para aplicaciones altamente demandantes<\/li>\n<li style='margin-bottom: 5px;'>Cancelaci\u00f3n de ruido para ambientes hostiles<\/li>\n<li style='margin-bottom: 5px;'>Micr\u00f3fono retardante al fuego con gran funcionalidad bajo temperaturas extremas<\/li>\n<li style='margin-bottom: 5px;'>Bocina siempre activa aunque se le conecte un accesorio de audio<\/li>\n<li style='margin-bottom: 5px;'>Adaptador especial de 6 pines resistente al agua (watertight) para accesorios de audio<\/li>\n<li style='margin-bottom: 5px;'>Cable retardante al fuego<\/li>\n<\/ul><\/div>\n<\/p><\/div>\n<\/p><\/div>\n<div style='display: flex; flex-wrap: wrap; gap: 20px; margin-bottom: 30px;'>\n<div style='flex: 1 1 100%;'>\n<h3 style='font-size: 22px; border-bottom: 2px solid currentColor; padding-bottom: 5px; margin-top: 0; color: inherit; opacity: 0.8;'>Im\u00e1genes del producto<\/h3>\n<div style='display: flex; flex-wrap: wrap; gap: 15px;'> <img style='width: 100%; max-width: 400px; height: auto; border: 1px solid rgba(150&comma;150&comma;150&comma;0.3); border-radius: 8px;' src='http:\/\/ftp3.syscom.mx\/usuarios\/fotos\/E2RE2KB5111\/87816-otto.png' alt=''> <img style='width: 100%; max-width: 400px; height: auto; border: 1px solid rgba(150&comma;150&comma;150&comma;0.3); border-radius: 8px;' src='http:\/\/ftp3.syscom.mx\/usuarios\/fotos\/E2E2MG511\/67631-captura2.png' alt=''> <img style='width: 100%; max-width: 400px; height: auto; border: 1px solid rgba(150&comma;150&comma;150&comma;0.3); border-radius: 8px;' src='http:\/\/ftp3.syscom.mx\/usuarios\/fotos\/V2G2KB211\/72589-captura1.jpg' alt=''> <\/div>\n<\/p><\/div>\n<\/p><\/div>\n<hr style='border: 0; border-top: 1px solid rgba(150&comma; 150&comma; 150&comma; 0.3); margin: 30px 0;'> <\/div>\n","protected":false},"excerpt":{"rendered":"<p>PRO MIC-BOCINA OTTO 500, RESIST FUEGO, IP68, P\/MOT APX4000\/MTP850\/DP4400<\/p>\n","protected":false},"featured_media":66956,"comment_status":"open","ping_status":"closed","template":"","meta":[],"product_brand":[],"product_cat":[1779],"product_tag":[1614,1568,1585],"class_list":{"0":"post-66957","1":"product","2":"type-product","3":"status-publish","4":"has-post-thumbnail","6":"product_cat-microfono-bocina-accesorios-para-motorola","7":"product_tag-accesorios-para-motorola","8":"product_tag-microfono-bocina","9":"product_tag-otto","11":"first","12":"outofstock","13":"sale","14":"shipping-taxable","15":"purchasable","16":"product-type-simple"},"_links":{"self":[{"href":"https:\/\/soydeaqui.ddns.net\/pachuca\/index.php\/wp-json\/wp\/v2\/product\/66957","targetHints":{"allow":["GET"]}}],"collection":[{"href":"https:\/\/soydeaqui.ddns.net\/pachuca\/index.php\/wp-json\/wp\/v2\/product"}],"about":[{"href":"https:\/\/soydeaqui.ddns.net\/pachuca\/index.php\/wp-json\/wp\/v2\/types\/product"}],"replies":[{"embeddable":true,"href":"https:\/\/soydeaqui.ddns.net\/pachuca\/index.php\/wp-json\/wp\/v2\/comments?post=66957"}],"wp:featuredmedia":[{"embeddable":true,"href":"https:\/\/soydeaqui.ddns.net\/pachuca\/index.php\/wp-json\/wp\/v2\/media\/66956"}],"wp:attachment":[{"href":"https:\/\/soydeaqui.ddns.net\/pachuca\/index.php\/wp-json\/wp\/v2\/media?parent=66957"}],"wp:term":[{"taxonomy":"product_brand","embeddable":true,"href":"https:\/\/soydeaqui.ddns.net\/pachuca\/index.php\/wp-json\/wp\/v2\/product_brand?post=66957"},{"taxonomy":"product_cat","embeddable":true,"href":"https:\/\/soydeaqui.ddns.net\/pachuca\/index.php\/wp-json\/wp\/v2\/product_cat?post=66957"},{"taxonomy":"product_tag","embeddable":true,"href":"https:\/\/soydeaqui.ddns.net\/pachuca\/index.php\/wp-json\/wp\/v2\/product_tag?post=66957"}],"curies":[{"name":"wp","href":"https:\/\/api.w.org\/{rel}","templated":true}]}}