{"id":66946,"date":"2026-03-19T09:15:59","date_gmt":"2026-03-19T09:15:59","guid":{"rendered":"https:\/\/soydeaqui.ddns.net\/pachuca\/index.php\/producto\/microfono-bocina-genesis-ii-para-kenwood-nx-200-300-410-5000-tk-480-2180-3180\/"},"modified":"2026-03-19T09:16:03","modified_gmt":"2026-03-19T09:16:03","slug":"microfono-bocina-genesis-ii-para-kenwood-nx-200-300-410-5000-tk-480-2180-3180","status":"publish","type":"product","link":"https:\/\/soydeaqui.ddns.net\/pachuca\/index.php\/producto\/microfono-bocina-genesis-ii-para-kenwood-nx-200-300-410-5000-tk-480-2180-3180\/","title":{"rendered":"Micr\u00f3fono-Bocina GENESIS II para Kenwood NX-200\/300\/410\/5000, TK-480\/2180\/3180"},"content":{"rendered":"<div style='width: 100%; max-width: 1200px; margin: 0 auto; font-family: sans-serif; line-height: 1.6; color: inherit; background-color: transparent;'> <!-- Imagen principal --> <\/p>\n<div style='margin-bottom: 20px;'> <img style='width: 100%; height: auto; border: 1px solid rgba(150&comma;150&comma;150&comma;0.3); border-radius: 8px;' src='http:\/\/ftp3.syscom.mx\/usuarios\/fotos\/E2RE2KB5111\/87816-otto.png' alt='Micr\u00f3fono-Bocina GENESIS II'> <\/div>\n<p> <!-- Caracter\u00edsticas principales --> <\/p>\n<div style='margin-bottom: 30px;'>\n<h3 style='font-size: 22px; border-bottom: 2px solid currentColor; padding-bottom: 5px; margin-top: 0; color: inherit; opacity: 0.8;'>Caracter\u00edsticas<\/h3>\n<ul style='padding-left: 20px; font-size: 15px; color: inherit;'>\n<li>Ideal para cuerpo de bomberos&comma; minas y otras aplicaciones donde hay presencia de agua&comma;<\/li>\n<li>polvo&comma; part\u00edculas de metal y otros residuos o part\u00edculas.<\/li>\n<li>Se le pueden conectar accesorios adicionales (opcional) para uso de cascos&comma; mascaras&comma;<\/li>\n<li>respiradores y trajes de protecci\u00f3n.<\/li>\n<li>Alta resistencia a temperaturas extremas.<\/li>\n<li>Doble parrilla que permite inmersi\u00f3n y alta presi\u00f3n de agua.<\/li>\n<li>Cumple con est\u00e1ndar sumergible <strong>IP68<\/strong>; probado a 1 metro de profundidad durante 31 minutos.<\/li>\n<li>Dise\u00f1o de alta durabilidad cumpliendo con <strong>MIL-STD-810<\/strong><\/li>\n<li>Clip trasero de 360\u00b0 que se detiene cada 45\u00b0 dependiendo de la necesidad del usuario.<\/li>\n<li>Bot\u00f3n de p\u00e1nico y conector de antena opcionales en la parte superior.<\/li>\n<li>Filtro de residuos opcional.<\/li>\n<li>Bot\u00f3n de p\u00e1nico con ranura especial evitando una activaci\u00f3n no solicitada<\/li>\n<li>Bot\u00f3n de PTT rudo y 55% m\u00e1s amplio para el uso de guantes y otro equipo de protecci\u00f3n<\/li>\n<li>Parrilla frontal removible para limpieza de residuos<\/li>\n<li>Cable de uso rudo con protector para aplicaciones altamente demandantes<\/li>\n<li>Cancelaci\u00f3n de ruido para ambientes hostiles<\/li>\n<li>Micr\u00f3fono retardante al fuego con gran funcionalidad bajo temperaturas extremas<\/li>\n<li>Bocina siempre activa aunque se le conecte un accesorio de audio<\/li>\n<li>Adaptador especial de 6 pines resistente al agua (watertight) para accesorios de audio.<\/li>\n<li>Cable retardante al fuego<\/li>\n<\/ul><\/div>\n<p> <!-- Im\u00e1genes adicionales --> <\/p>\n<div style='display: flex; flex-wrap: wrap; gap: 20px; margin-bottom: 30px;'>\n<div style='flex: 1 1 300px; min-width: 280px;'> <img style='width: 100%; height: auto; border: 1px solid rgba(150&comma;150&comma;150&comma;0.3); border-radius: 8px;' src='http:\/\/ftp3.syscom.mx\/usuarios\/fotos\/E2E2MG511\/67631-captura2.png' alt='Imagen adicional 1'> <\/div>\n<div style='flex: 1 1 300px; min-width: 280px;'> <img style='width: 100%; height: auto; border: 1px solid rgba(150&comma;150&comma;150&comma;0.3); border-radius: 8px;' src='http:\/\/ftp3.syscom.mx\/usuarios\/fotos\/V2G2KB211\/72589-captura1.jpg' alt='Imagen adicional 2'> <\/div>\n<\/p><\/div>\n<p> <!-- Video --> <\/p>\n<div style='margin-bottom: 30px;'>\n<div style='position: relative; padding-bottom: 56.25%; height: 0; overflow: hidden;'>   <\/div>\n<\/p><\/div>\n<p> <!-- Nota de pedido --> <\/p>\n<div style='font-size: 14px; color: inherit; opacity: 0.8;'> *Producto sobre pedido <\/div>\n<\/p><\/div>\n","protected":false},"excerpt":{"rendered":"<p>Micr\u00f3fono-Bocina GENESIS II para Kenwood NX-200\/300\/410\/5000, TK-480\/2180\/3180<\/p>\n","protected":false},"featured_media":66945,"comment_status":"open","ping_status":"closed","template":"","meta":[],"product_brand":[],"product_cat":[1578],"product_tag":[1579,1568,1585],"class_list":{"0":"post-66946","1":"product","2":"type-product","3":"status-publish","4":"has-post-thumbnail","6":"product_cat-microfono-bocina-accesorios-para-kenwood","7":"product_tag-accesorios-para-kenwood","8":"product_tag-microfono-bocina","9":"product_tag-otto","11":"first","12":"outofstock","13":"sale","14":"shipping-taxable","15":"purchasable","16":"product-type-simple"},"_links":{"self":[{"href":"https:\/\/soydeaqui.ddns.net\/pachuca\/index.php\/wp-json\/wp\/v2\/product\/66946","targetHints":{"allow":["GET"]}}],"collection":[{"href":"https:\/\/soydeaqui.ddns.net\/pachuca\/index.php\/wp-json\/wp\/v2\/product"}],"about":[{"href":"https:\/\/soydeaqui.ddns.net\/pachuca\/index.php\/wp-json\/wp\/v2\/types\/product"}],"replies":[{"embeddable":true,"href":"https:\/\/soydeaqui.ddns.net\/pachuca\/index.php\/wp-json\/wp\/v2\/comments?post=66946"}],"wp:featuredmedia":[{"embeddable":true,"href":"https:\/\/soydeaqui.ddns.net\/pachuca\/index.php\/wp-json\/wp\/v2\/media\/66945"}],"wp:attachment":[{"href":"https:\/\/soydeaqui.ddns.net\/pachuca\/index.php\/wp-json\/wp\/v2\/media?parent=66946"}],"wp:term":[{"taxonomy":"product_brand","embeddable":true,"href":"https:\/\/soydeaqui.ddns.net\/pachuca\/index.php\/wp-json\/wp\/v2\/product_brand?post=66946"},{"taxonomy":"product_cat","embeddable":true,"href":"https:\/\/soydeaqui.ddns.net\/pachuca\/index.php\/wp-json\/wp\/v2\/product_cat?post=66946"},{"taxonomy":"product_tag","embeddable":true,"href":"https:\/\/soydeaqui.ddns.net\/pachuca\/index.php\/wp-json\/wp\/v2\/product_tag?post=66946"}],"curies":[{"name":"wp","href":"https:\/\/api.w.org\/{rel}","templated":true}]}}