{"id":66944,"date":"2026-03-19T09:15:56","date_gmt":"2026-03-19T09:15:56","guid":{"rendered":"https:\/\/soydeaqui.ddns.net\/pachuca\/index.php\/producto\/metro-de-cable-coaxial-rg-58-lmrlw-195-malla-de-aluminio-baja-prdida-de-50-ohms-conductor-de-cobre-slido\/"},"modified":"2026-03-19T09:15:57","modified_gmt":"2026-03-19T09:15:57","slug":"metro-de-cable-coaxial-rg-58-lmrlw-195-malla-de-aluminio-baja-prdida-de-50-ohms-conductor-de-cobre-slido","status":"publish","type":"product","link":"https:\/\/soydeaqui.ddns.net\/pachuca\/index.php\/producto\/metro-de-cable-coaxial-rg-58-lmrlw-195-malla-de-aluminio-baja-prdida-de-50-ohms-conductor-de-cobre-slido\/","title":{"rendered":"Metro de Cable Coaxial RG-58 LMRLW-195, Malla de Aluminio, Baja P?rdida de 50 Ohms, Conductor de Cobre S?lido"},"content":{"rendered":"<div style='width: 100%; max-width: 1200px; margin: 0 auto; font-family: sans-serif; line-height: 1.6; color: inherit; background-color: transparent;'> <!-- Secci\u00f3n de descripci\u00f3n --> <\/p>\n<div style='margin-bottom: 30px;'>\n<p style='margin: 0 0 20px 0; font-size: 15px; color: inherit;'> Cable coaxial Times LMR de alto desempe\u00f1o. Dise\u00f1o superior con gran flexibilidad y baja p\u00e9rdida&comma; recomendado para una gran variedad de aplicaciones que requieran un cable RF de baja p\u00e9rdida y de f\u00e1cil instalaci\u00f3n. <\/p>\n<\/p><\/div>\n<p> <!-- Secci\u00f3n de ventajas --> <\/p>\n<div style='display: flex; flex-wrap: wrap; gap: 30px; margin-bottom: 30px;'>\n<div style='flex: 1 1 300px; min-width: 280px;'>\n<h3 style='font-size: 22px; border-bottom: 2px solid currentColor; padding-bottom: 5px; margin-top: 0; color: inherit; opacity: 0.8;'>Ventajas<\/h3>\n<ul style='padding-left: 20px; font-size: 15px; color: inherit; list-style-type: disc;'>\n<li style='margin-bottom: 5px;'>Reemplazo directo de modelos RG-58 y RG-142<\/li>\n<li style='margin-bottom: 5px;'><strong style='color: inherit;'>Reducci\u00f3n de costos y peso gracias a su enmallado de aluminio<\/strong><\/li>\n<li style='margin-bottom: 5px;'>Desempe\u00f1o similar al ofrecido por cables de cobre corrugado<\/li>\n<li style='margin-bottom: 5px;'>Flexibilidad superior<\/li>\n<li style='margin-bottom: 5px;'>Mayor facilidad y rapidez de instalaci\u00f3n<\/li>\n<li style='margin-bottom: 5px;'>Mejor blindaje y menor p\u00e9rdida comparado con otros cables del tipo RG<\/li>\n<\/ul><\/div>\n<p> <!-- Secci\u00f3n de aplicaciones --> <\/p>\n<div style='flex: 1 1 300px; min-width: 280px;'>\n<h3 style='font-size: 22px; border-bottom: 2px solid currentColor; padding-bottom: 5px; margin-top: 0; color: inherit; opacity: 0.8;'>Aplicaciones<\/h3>\n<ul style='padding-left: 20px; font-size: 15px; color: inherit; list-style-type: disc;'>\n<li style='margin-bottom: 5px;'>Instalaciones cortas de cable<\/li>\n<li style='margin-bottom: 5px;'>Jumpers para sistemas de comunicaci\u00f3n<\/li>\n<li style='margin-bottom: 5px;'>Cualquier aplicaci\u00f3n como: sistemas de comunicaci\u00f3n v\u00eda radio&comma; GPS&comma; WiMax&comma; Satelital&comma; RF ID&comma; Sistemas DAS&comma; Etc.<\/li>\n<\/ul><\/div>\n<\/p><\/div>\n<p> <!-- Secci\u00f3n de especificaciones --> <\/p>\n<div style='display: flex; flex-wrap: wrap; gap: 20px; margin-bottom: 30px;'>\n<div style='flex: 1 1 250px; border: 1px solid rgba(150&comma; 150&comma; 150&comma; 0.4); border-radius: 8px; overflow: hidden; display: flex; flex-direction: column;'>\n<div style='padding: 15px; border-bottom: 1px solid rgba(150&comma; 150&comma; 150&comma; 0.2); font-weight: bold; font-size: 18px; color: inherit;'>Especificaciones T\u00e9cnicas<\/div>\n<div style='padding: 15px; color: inherit;'>\n<ul style='padding-left: 20px; margin: 0; font-size: 14px; list-style-type: disc;'>\n<li style='margin-bottom: 5px;'><strong style='color: inherit;'>Impedancia:<\/strong> 50 Ohm<\/li>\n<li style='margin-bottom: 5px;'><strong style='color: inherit;'>Atenuaci\u00f3n en 30 mts. a 150 MHz:<\/strong> 4.4 dB<\/li>\n<li style='margin-bottom: 5px;'><strong style='color: inherit;'>Atenuaci\u00f3n en 30 mts. a 450 MHz:<\/strong> 7.8 dB<\/li>\n<li style='margin-bottom: 5px;'><strong style='color: inherit;'>Efectividad de Blindaje:<\/strong> mayor a 90 dB<\/li>\n<li style='margin-bottom: 5px;'><strong style='color: inherit;'>Factor de Velocidad:<\/strong> 80%<\/li>\n<li style='margin-bottom: 5px;'><strong style='color: inherit;'>Potencia Nominal:<\/strong> 0.22 kW a 450 MHz<\/li>\n<\/ul><\/div>\n<\/p><\/div>\n<p> <!-- Secci\u00f3n de construcci\u00f3n --> <\/p>\n<div style='flex: 1 1 250px; border: 1px solid rgba(150&comma; 150&comma; 150&comma; 0.4); border-radius: 8px; overflow: hidden; display: flex; flex-direction: column;'>\n<div style='padding: 15px; border-bottom: 1px solid rgba(150&comma; 150&comma; 150&comma; 0.2); font-weight: bold; font-size: 18px; color: inherit;'>Especificaciones de Construcci\u00f3n<\/div>\n<div style='padding: 15px; color: inherit;'>\n<ul style='padding-left: 20px; margin: 0; font-size: 14px; list-style-type: disc;'>\n<li style='margin-bottom: 5px;'><strong style='color: inherit;'>Material del Conductor Central:<\/strong> Cobre s\u00f3lido<\/li>\n<li style='margin-bottom: 5px;'><strong style='color: inherit;'>Di\u00e1metro Exterior del Cable:<\/strong> 4.95 mm (0.195 In)<\/li>\n<li style='margin-bottom: 5px;'><strong style='color: inherit;'>Di\u00e1metro del Conductor Interno:<\/strong> 0.94 mm (0.037 In)<\/li>\n<li style='margin-bottom: 5px;'><strong style='color: inherit;'>Blindaje:<\/strong> Malla de Aluminio + Cinta de aluminio<\/li>\n<li style='margin-bottom: 5px;'><strong style='color: inherit;'>Aislamiento Diel\u00e9ctrico:<\/strong> Espuma de polietileno<\/li>\n<\/ul><\/div>\n<\/p><\/div>\n<\/p><\/div>\n<p> <!-- Separador --> <\/p>\n<hr style='border: 0; border-top: 1px solid rgba(150&comma; 150&comma; 150&comma; 0.3); margin: 30px 0;'> <\/div>\n","protected":false},"excerpt":{"rendered":"<p>Metro de Cable Coaxial RG-58 LMRLW-195, Malla de Aluminio, Baja P?rdida de 50 Ohms, Conductor de Cobre S?lido<\/p>\n","protected":false},"featured_media":66943,"comment_status":"open","ping_status":"closed","template":"","meta":[],"product_brand":[],"product_cat":[1558],"product_tag":[138,1559,1306],"class_list":{"0":"post-66944","1":"product","2":"type-product","3":"status-publish","4":"has-post-thumbnail","6":"product_cat-coaxiales","7":"product_tag-cables","8":"product_tag-coaxiales","9":"product_tag-times-microwave","11":"first","12":"instock","13":"sale","14":"shipping-taxable","15":"purchasable","16":"product-type-simple"},"_links":{"self":[{"href":"https:\/\/soydeaqui.ddns.net\/pachuca\/index.php\/wp-json\/wp\/v2\/product\/66944","targetHints":{"allow":["GET"]}}],"collection":[{"href":"https:\/\/soydeaqui.ddns.net\/pachuca\/index.php\/wp-json\/wp\/v2\/product"}],"about":[{"href":"https:\/\/soydeaqui.ddns.net\/pachuca\/index.php\/wp-json\/wp\/v2\/types\/product"}],"replies":[{"embeddable":true,"href":"https:\/\/soydeaqui.ddns.net\/pachuca\/index.php\/wp-json\/wp\/v2\/comments?post=66944"}],"wp:featuredmedia":[{"embeddable":true,"href":"https:\/\/soydeaqui.ddns.net\/pachuca\/index.php\/wp-json\/wp\/v2\/media\/66943"}],"wp:attachment":[{"href":"https:\/\/soydeaqui.ddns.net\/pachuca\/index.php\/wp-json\/wp\/v2\/media?parent=66944"}],"wp:term":[{"taxonomy":"product_brand","embeddable":true,"href":"https:\/\/soydeaqui.ddns.net\/pachuca\/index.php\/wp-json\/wp\/v2\/product_brand?post=66944"},{"taxonomy":"product_cat","embeddable":true,"href":"https:\/\/soydeaqui.ddns.net\/pachuca\/index.php\/wp-json\/wp\/v2\/product_cat?post=66944"},{"taxonomy":"product_tag","embeddable":true,"href":"https:\/\/soydeaqui.ddns.net\/pachuca\/index.php\/wp-json\/wp\/v2\/product_tag?post=66944"}],"curies":[{"name":"wp","href":"https:\/\/api.w.org\/{rel}","templated":true}]}}